{"id":22275,"date":"2022-12-02T08:10:56","date_gmt":"2022-12-02T08:10:56","guid":{"rendered":"https:\/\/fipmed.co\/vat-fip-eller-torr-fip-typer-av-katt-fip\/"},"modified":"2022-12-02T08:10:56","modified_gmt":"2022-12-02T08:10:56","slug":"vat-fip-eller-torr-fip-typer-av-katt-fip","status":"publish","type":"page","link":"https:\/\/fipmed.co\/no\/vat-fip-eller-torr-fip-typer-av-katt-fip\/","title":{"rendered":"4 typer FIP hos katt: v\u00e5t FIP, t\u00f8rr FIP, okul\u00e6r FIP og nevrologisk FIP"},"content":{"rendered":"<p>Felin infeksi\u00f8s peritonitt (FIP) er en vanlig og d\u00f8delig sykdom for katter.<br \/>\nIkke bare det, men den har ogs\u00e5 mer enn \u00e9n variant og kan p\u00e5virke en katt p\u00e5 forskjellige m\u00e5ter.<br \/>\nI denne artikkelen vil vi snakke om de forskjellige typene FIP som kan manifestere seg.    <\/p>\n<h2><strong>Typer av FIP hos katt<\/strong><\/h2>\n<p>  FIP kan manifestere seg p\u00e5 tre forskjellige m\u00e5ter: en v\u00e5t, effusiv, eksudativ form; en t\u00f8rr, granulomat\u00f8s, parenkymat\u00f8s, ikke-effusiv form; og en blandingsform.<br \/>\nDen f\u00f8rste formen kjennetegnes av fibrin\u00f8s peritonitt, pleuritt eller perikarditt med effusjoner i henholdsvis abdomen, thorax og\/eller perikard.<br \/>\nCNS og andre organer, inkludert \u00f8ynene, viser granulomat\u00f8se forandringer i den andre varianten, som mangler tydelige effusjoner.<br \/>\nSiden hver katt med FIP har effusjon i varierende grad sammen med mer eller mindre granulomat\u00f8se organforandringer, er det fastsl\u00e5tt at det ikke er nyttig \u00e5 skille mellom disse typene (og kun nyttig for diagnostikken).<br \/>\nFormene kan ogs\u00e5 g\u00e5 over i hverandre.<br \/>\nFIP kan alts\u00e5 v\u00e6re mer eller mindre produktiv eller eksudativ hos en bestemt katt p\u00e5 et bestemt tidspunkt.       <\/p>\n<h2><strong>Forskjeller mellom t\u00f8rr og v\u00e5t FIP<\/strong><\/h2>\n<p><strong>Ikke-effusiv<\/strong> &laquo;t\u00f8rr&raquo; FIP Det er liten eller ingen v\u00e6skeansamling ved &laquo;t\u00f8rr&raquo; eller ikke-effusiv FIP hos noen kattedyr.<br \/>\nVed den t\u00f8rre formen er \u00f8ynene, hjernen, leveren, tarmen eller andre organer ofte alvorlig betent, noe som kan for\u00e5rsake en rekke kliniske symptomer.<br \/>\nFor mange katter med ikke-effusive FIP er \u00f8yeproblemer det eneste kliniske symptomet.<br \/>\nN\u00e5r sykdommen f\u00e5r fotfeste, blir de fleste raskt d\u00e5rligere, men noen katter kan fungere normalt i noen uker.<br \/>\nDessverre vil nesten alle tilfeller av sykdommen f\u00f8re til d\u00f8den.<br \/>\nBare en liten del av kattene som eksponeres for kattekoronavirus, selv de som har potensial til \u00e5 <a href=\"\/?page_id=13322\" target=\"_blank\" rel=\"noopener\">for\u00e5rsake FIP<\/a>, er i stand til \u00e5 forsvare seg mot det, noe som f\u00f8rer til klinisk sykdom hos de fleste smittede katter.<br \/>\nMen som allerede nevnt, d\u00f8r de som blir syke nesten alltid. V\u00e6skeansamling i brystet eller magen, som kan gj\u00f8re det vanskelig \u00e5 puste, er det definerende kliniske symptomet p\u00e5 <strong>effusiv<\/strong> FIP.<br \/>\nMangel p\u00e5 appetitt, feber, vekttap, gulsott og diar\u00e9 er andre symptomer.         <\/p>\n<h2><strong>DIAGNOSE AV V\u00c5T OG T\u00d8RR FIP  <\/strong><\/h2>\n<p><strong>Diagnostisering av effusiv FIP<\/strong> Den effusive typen av sykdommen er n\u00e5 lettere \u00e5 diagnostisere enn den en gang var.<br \/>\nEffusiv FIP kan diagnostiseres hvis man finner virus-RNA i en pr\u00f8ve av effusjonen (v\u00e6ske som dreneres fra kroppen), for eksempel ved hjelp av en revers transkripsjonspolymerasekjedereaksjon (RT-PCR).<br \/>\nDette krever imidlertid at pr\u00f8ven sendes til et eksternt veterin\u00e6rlaboratorium.<br \/>\nFlere diagnostiske metoder som er tilgjengelige p\u00e5 veterin\u00e6rsykehuset, kan raskt utelukke en sprudlende FIP-diagnose, blant annet     <\/p>\n<ol>\n<li>Sjekk effusjonens totale proteininnhold; hvis det er mindre enn 35 g\/l, er FIP sv\u00e6rt usannsynlig.<\/li>\n<li>Bestem forholdet mellom albumin og globulin i effusjonen; hvis det er st\u00f8rre enn 0,8, er FIP utelukket; hvis det er mindre enn 0,4, er FIP en potensielt diagnostiserbar, men usikker tilstand.<\/li>\n<li>Unders\u00f8k cellene i effusjonen; hvis majoriteten av dem er lymfocytter (en type hvite blodlegemer), er FIP utelukket som diagnose.<\/li>\n<\/ol>\n<p><strong>Diagnostisering<\/strong> av ikke-effusiv FIP Fordi de kliniske indikasjonene p\u00e5 ikke-effusiv FIP har en tendens til \u00e5 v\u00e6re mer tvetydige og variable enn ved effusiv FIP, er listen over differensialdiagnoser vesentlig lengre. N\u00e5r f\u00f8lgende betingelser er oppfylt, b\u00f8r diagnosen ikke-effusive FIP tas i betraktning..:  <\/p>\n<ol>\n<li>Bakgrunn: Katten er ung (under 2 \u00e5r) og renraset; rasekattunger utgj\u00f8r nesten 70 % av FIP-tilfellene.<\/li>\n<li>Tidligere hendelser: Katten var under stress p\u00e5 grunn av nylig kastrering eller vaksinering<\/li>\n<li>Tidligere: Katten kan ha hatt en sjanse til \u00e5 f\u00e5 FCoV p\u00e5 grunn av faktorer som at den har kommet fra et avls- eller omplasseringsoppdrett eller nylig har blitt introdusert for en renraset kattunge eller katt.<\/li>\n<li>Kliniske indikatorer inkluderer intraokul\u00e6re tegn, anoreksi, spise mindre enn vanlig, ikke legge p\u00e5 seg, ikke g\u00e5 opp i vekt, bli anorektisk og gulsott.<\/li>\n<li>Hypergammaglobulinemi; forh\u00f8yet bilirubin uten forh\u00f8yede leverenzymer.<\/li>\n<li>Lymfopeni med ikke-regenerativ, typisk moderat, anemi.<\/li>\n<li>Serologi: P\u00e5 grunn av den h\u00f8ye forekomsten av FCoV i avls- og omplasseringskatter, b\u00f8r denne parameteren brukes med forsiktighet.<br \/>\nKatten viser en h\u00f8y antistofftiter mot FCoV. <\/li>\n<\/ol>\n<p>  Hvis katten er seronegativ, kan ikke-effusiv FIP utelukkes som diagnose hvis antistofftesten har h\u00f8y sensitivitet.<br \/>\nFCoV Immunocomb (Biogal), Speed F-Corona rapid immunochromatographic (RIM) test (Virbac) og den raskeste RIM-testen for felin infeksi\u00f8s peritonitt (MegaCor Diagnostic) viste seg alle \u00e5 ha 100 % sensitivitet i en studie som unders\u00f8kte flere kommersielt tilgjengelige FCoV-antistofftester som ble utf\u00f8rt internt.<br \/>\nMed to forskjellige hovedtyper av FIP b\u00f8r katteeiere ha mer kunnskap om dette emnet, slik at de vet hvordan de skal behandle kattene sine i verste fall.<br \/>\nHvis de ikke setter seg godt nok inn i de ulike typene FIP, kan de r\u00e5df\u00f8re seg med veterin\u00e6ren sin for \u00e5 finne en riktig m\u00e5te \u00e5 behandle kattens <a href=\"\/?page_id=883\" target=\"_blank\" rel=\"noopener\">FIP<\/a> p\u00e5.     <\/p>\n<h1><strong>Okul\u00e6r FIP<\/strong><\/h1>\n<p>  Denne typen FIP kan for\u00e5rsake alvorlige komplikasjoner hos katter, ettersom den ogs\u00e5 trenger gjennom blod-\u00f8ye-barrieren.  &nbsp;<\/p>\n<p><strong>Blod-\u00f8ye-barrieren<\/strong> Blod-\u00f8ye-barrieren hos katter er en viktig beskyttende barriere mot spredning av FIP.<br \/>\nDenne barrieren best\u00e5r av celler som omkranser det fremre \u00f8yekammeret, og disse cellene hindrer patogener i \u00e5 trenge inn og for\u00e5rsake betennelse i dette f\u00f8lsomme omr\u00e5det.<br \/>\nSelv om dette gj\u00f8r det vanskelig for et virus som FCoV \u00e5 f\u00e5 tilgang til okul\u00e6re strukturer, kan det oppst\u00e5 lesjoner p\u00e5 grunn av at barrieren brytes ned n\u00e5r det oppst\u00e5r kronisk betennelse.<br \/>\nProteasehemmere som GC376 har heller ikke vist seg \u00e5 v\u00e6re effektive n\u00e5r det gjelder \u00e5 krysse blod-til-\u00f8ye-barrieren, noe som gj\u00f8r dem mindre nyttige i behandling av tilfeller der \u00f8yestrukturer kan v\u00e6re p\u00e5virket av FIP.<br \/>\nFor at makrofager med viruspartikler skal komme inn i \u00f8yestrukturer, m\u00e5 de f\u00f8rst bryte gjennom dette laget; uten vellykket passering gjennom hvert p\u00e5f\u00f8lgende lag kan ikke sykdommen overf\u00f8res. &nbsp;<strong>Hvordan t\u00f8rr FIP utvikler seg til okul\u00e6r FIP T\u00f8rr<\/strong> FIP er den mest d\u00f8delige formen av sykdommen, og kan potensielt utvikle seg til okul\u00e6r FIP hos omtrent en tredjedel av kattene som lider av denne typen.<br \/>\nVed okul\u00e6r FIP, eller uveitt, utvikles \u00f8yeskader som f\u00f8lge av at blod-\u00f8ye-barrieren svekkes p\u00e5 grunn av viruset.<br \/>\nDette f\u00f8rer til \u00f8kte glukoseniv\u00e5er som for\u00e5rsaker hevelse og betennelse i \u00f8ynene.        &nbsp;<\/p>\n<h1><strong>Nevrologisk FIP<\/strong><\/h1>\n<p>  T\u00f8rr FIP kan ogs\u00e5 utvikle seg til den farligste formen for FIP, nevrologisk FIP.  &nbsp;<\/p>\n<p><strong>Blod-hjerne-barrieren<\/strong> Blod-hjerne-barrieren (BBB) er et viktig beskyttende lag som dannes av spesielle celler som kler veggene i de sm\u00e5 blod\u00e5rene i og rundt hjernen.<br \/>\nDenne ekstremt tette barrieren spiller en viktig rolle i \u00e5 beskytte sentralnervesystemet mot skade ved \u00e5 blokkere potensielt giftige stoffer som sirkulerer gjennom blodbanen, inkludert systemiske giftstoffer.<br \/>\nDet er derfor ikke overraskende at n\u00e5r denne barrieren er svekket p\u00e5 grunn av ulike tilstander eller infeksi\u00f8se stoffer, kan man oppleve nevrologiske forstyrrelser, slik som det som kan oppst\u00e5 som f\u00f8lge av FIP.<br \/>\nFIPV, som for\u00e5rsaker en intens betennelsesreaksjon rundt blod\u00e5rene i ulike vev, inkludert hjernen, er en vanlig \u00e5rsak som er ansvarlig for 45-50 % av alle tilfeller av infeksjonsinduserte nevrologiske sykdommer hos katter.<br \/>\nMed andre ord kan det \u00e5 miste dette viktige skjoldet \u00f8ke risikoen for \u00e5 utvikle nevrologiske komplikasjoner som f\u00f8lge av FIPV-infeksjon, og det vil ha alvorlige konsekvenser for terapeutiske inngrep. &nbsp;<strong>Hvordan t\u00f8rr FIP utvikler seg til nevrologisk<\/strong> FIP T\u00f8rr FIP kan i noen tilfeller utvikle seg til det neste stadiet av nevrologisk FIP.<br \/>\nTettheten og proliferasjonen av sirkulerende hvite blodlegemer og monocytter \u00f8ker etter hvert som t\u00f8rr FIP utvikler seg.<br \/>\nDisse cellene blir v\u00e6rende i cerebrospinalv\u00e6sken til det oppst\u00e5r en betennelsestilstand som resulterer i nevrologiske skader.<br \/>\nNevrologisk FIP p\u00e5virker f\u00f8rst og fremst kattens nervesystem, og de vanligste symptomene er skjelvinger, gangvansker (ataksi), mental forvirring og aggressiv atferd.<\/p>\n","protected":false},"excerpt":{"rendered":"<p>Felin infeksi\u00f8s peritonitt (FIP) er en vanlig og d\u00f8delig sykdom for katter. Ikke bare det, men den har ogs\u00e5 mer enn \u00e9n variant og kan p\u00e5virke en katt p\u00e5 forskjellige m\u00e5ter. I denne artikkelen vil vi snakke om de forskjellige typene FIP som kan manifestere seg. Typer av FIP hos katt FIP kan manifestere seg [&hellip;]<\/p>\n","protected":false},"author":11,"featured_media":22276,"parent":0,"menu_order":0,"comment_status":"closed","ping_status":"closed","template":"","meta":{"_glsr_average":0,"_glsr_ranking":0,"_glsr_reviews":0,"footnotes":""},"categories":[855],"tags":[856,857],"_links":{"self":[{"href":"https:\/\/fipmed.co\/no\/wp-json\/wp\/v2\/pages\/22275"}],"collection":[{"href":"https:\/\/fipmed.co\/no\/wp-json\/wp\/v2\/pages"}],"about":[{"href":"https:\/\/fipmed.co\/no\/wp-json\/wp\/v2\/types\/page"}],"author":[{"embeddable":true,"href":"https:\/\/fipmed.co\/no\/wp-json\/wp\/v2\/users\/11"}],"replies":[{"embeddable":true,"href":"https:\/\/fipmed.co\/no\/wp-json\/wp\/v2\/comments?post=22275"}],"version-history":[{"count":0,"href":"https:\/\/fipmed.co\/no\/wp-json\/wp\/v2\/pages\/22275\/revisions"}],"wp:featuredmedia":[{"embeddable":true,"href":"https:\/\/fipmed.co\/no\/wp-json\/wp\/v2\/media\/22276"}],"wp:attachment":[{"href":"https:\/\/fipmed.co\/no\/wp-json\/wp\/v2\/media?parent=22275"}],"wp:term":[{"taxonomy":"category","embeddable":true,"href":"https:\/\/fipmed.co\/no\/wp-json\/wp\/v2\/categories?post=22275"},{"taxonomy":"post_tag","embeddable":true,"href":"https:\/\/fipmed.co\/no\/wp-json\/wp\/v2\/tags?post=22275"}],"curies":[{"name":"wp","href":"https:\/\/api.w.org\/{rel}","templated":true}]}}