{"id":22283,"date":"2024-03-25T06:01:34","date_gmt":"2024-03-25T06:01:34","guid":{"rendered":"https:\/\/fipmed.co\/8-sykdommer-som-likner-fip-som-kan-forveksles-med-feline-infeksios-peritonitt-fip\/"},"modified":"2024-03-25T06:01:34","modified_gmt":"2024-03-25T06:01:34","slug":"8-sykdommer-som-likner-fip-som-kan-forveksles-med-feline-infeksios-peritonitt-fip","status":"publish","type":"page","link":"https:\/\/fipmed.co\/no\/8-sykdommer-som-likner-fip-som-kan-forveksles-med-feline-infeksios-peritonitt-fip\/","title":{"rendered":"8 sykdommer som ligner p\u00e5 FIP, men som kan forveksles med Felin infeksi\u00f8s peritonitt (FIP)"},"content":{"rendered":"<p><strong>FIP har sv\u00e6rt like symptomer som mange andre sykdommer<\/strong> Diagnostisering av felin infeksi\u00f8s bukhinnebetennelse (FIP) kan v\u00e6re sv\u00e6rt utfordrende, da mange av symptomene deles med sykdommer som ligner p\u00e5 FIP og som kan forveksles med felin infeksi\u00f8s bukhinnebetennelse.<br \/>\nDette inkluderer vekttap, svakhet, slapphet, feber, anoreksi og okul\u00e6re lesjoner.<br \/>\nSiden disse tilstandene er s\u00e5 like, er det viktig \u00e5 konsultere en veterin\u00e6r for \u00e5 stille riktig diagnose.<br \/>\nI tillegg finnes det feline koronaviruset (FCoV), som har blitt koblet til FIP, generelt hos katter, selv hos friske katter.<br \/>\nEn annen utfordring med diagnosen er de systemiske effektene av viruset.<br \/>\nDet kan f\u00f8re til betennelse i hele kroppen og p\u00e5virke flere organer.<br \/>\nViruset angriper ulike deler av kattens immunsystem, inkludert lymfevev, blod\u00e5rer og celler i flere organer.<br \/>\nDette f\u00f8rer til systemisk betennelse som p\u00e5virker mange omr\u00e5der av kroppen.<br \/>\nDenne multiorganp\u00e5virkningen kan for\u00e5rsake mange tegn og symptomer, inkludert forst\u00f8rrede lymfeknuter eller mage, tap av appetitt, redusert aktivitetsniv\u00e5 eller feber, noe som gj\u00f8r det ekstremt vanskelig \u00e5 stille en n\u00f8yaktig diagnose.<br \/>\nEn feil diagnose kan f\u00f8re til feilbehandling og for\u00e5rsake ytterligere helsekomplikasjoner.<br \/>\nI noen tilfeller kan katter til og med ikke vise noen kliniske tegn f\u00f8r de g\u00e5r inn i mer avanserte stadier av FIP, og derfor vil en rutinemessig fysisk unders\u00f8kelse ikke v\u00e6re nok til \u00e5 identifisere sykdommen i de innledende stadiene. &nbsp;<strong>FCoV-viruset<\/strong> finnes hos<strong>nesten alle<\/strong> katter Felint koronavirus (FCoV) er et vanlig virus som finnes hos katter over hele verden, selv om det kan forekomme i ulik grad avhengig av milj\u00f8et.<br \/>\nDet ansl\u00e5s at opptil 80 % av kattene har blitt eksponert for FCoV og kan v\u00e6re b\u00e6rere av viruset uten \u00e5 vise noen kliniske tegn eller symptomer.<br \/>\nN\u00e5r det forekommer i store mengder, kan det imidlertid for\u00e5rsake infeksjoner som FIP.<br \/>\nDerfor er ekspertene enige om at det er viktig med n\u00f8ye overv\u00e5king og sporing av dette viruset for katteeiere som har flere katter &#8211; spesielt i katterier eller dyrehjem, der smittefaren raskt kan bli h\u00f8y.<br \/>\nI tillegg er det verdt \u00e5 merke seg at villkatter ogs\u00e5 er b\u00e6rere av FCoV, noe som tyder p\u00e5 at det spres globalt, enten gjennom direkte kontakt mellom arter eller milj\u00f8smitte fra avf\u00f8ring eller infiserte st\u00f8vpartikler som spores av fugler og sm\u00e5 pattedyr som lever i lignende omr\u00e5der. &nbsp;<strong>Komorbiditet med FIP er ogs\u00e5 sv\u00e6rt vanlig<\/strong> Vanlig komorbiditet med FIP inkluderer toksoplasmose, FELV, FIV, FPV, inflammatorisk tarmsykdom, kreft, felin hemotrofisk mykoplasmainfeksjon, lymfom, hjerteproblemer og leverbetennelse.<br \/>\nEttersom komorbiditet ved FIP kan forekomme sammen med andre infeksjonssykdommer, kompliserer dette arbeidet med \u00e5 stille en n\u00f8yaktig diagnose ytterligere.<br \/>\nHer er sykdommene som gir lignende symptomer som FIP, og som ofte blir forvekslet med FIP.                  <\/p>\n<h3><\/h3>\n<h3>Toksoplasmose<\/h3>\n<p>  Toxoplasmose for\u00e5rsakes av parasitten Toxoplasma gondii, som kan infisere b\u00e5de mennesker og katter.<br \/>\nDette viruset er like vanlig som FCoV hos katter.<br \/>\nDenne sykdommen kan gi generelle symptomer som feber, appetittl\u00f8shet og slapphet, og kan ogs\u00e5 forekomme ved FIP.<br \/>\nKatter kan ogs\u00e5 vise nevrologiske manifestasjoner som ligner p\u00e5 FIP.<br \/>\nToxoplasmose blir ofte feildiagnostisert som FIP p\u00e5 grunn av likheten i symptomene.<br \/>\nLatent reaktivering av toksoplasmose hos katter kan komplisere diagnosen ytterligere.       <\/p>\n<h3><\/h3>\n<h3>FELV<\/h3>\n<p>  Felint leukemivirus er et retrovirus som kan f\u00f8re til immunsuppresjon hos katter, mens FIP er en immunmediert sykdom for\u00e5rsaket av en mutert form av det feline koronaviruset.<br \/>\nFeLV kan predisponere katter for mange andre sykdommer, inkludert FIP.<br \/>\nFor begge sykdommene utsondres virusene i spytt, nesesekret, urin, avf\u00f8ring og melk fra infiserte katter.<br \/>\nOverf\u00f8ring av viruset fra katt til katt kan skje fra et bitt, under gjensidig pelsstell og gjennom felles bruk av kattebakker og matsk\u00e5ler.<br \/>\nKatter med FeLV kan leve normale liv i lengre perioder.<br \/>\nMedian overlevelsestid for katter etter at FeLV er diagnostisert, er 2,5 \u00e5r, mens FIP utvikler seg mye raskere uten behandling.       <\/p>\n<h3><\/h3>\n<h3>FIV<\/h3>\n<p>  FIV er for\u00e5rsaket av Feline Immunodeficiency Virus, som p\u00e5virker kattens immunsystem.<br \/>\nDet ligner p\u00e5 mange m\u00e5ter p\u00e5 HIV hos mennesker.<br \/>\nFIV gj\u00f8r dem mer mottakelige for andre infeksjoner, og smitter f\u00f8rst og fremst gjennom bitt og n\u00e6rkontakt med smittede katter.<br \/>\nBegge sykdommene p\u00e5virker katten systemisk.<br \/>\nFIV svekker kattens immunforsvar, mens FIP angriper kroppen via betennelse.<br \/>\nBegge sykdommene er ogs\u00e5 smittsomme.<br \/>\nMens FIV ikke kan kureres, kan FIP kureres med GS441524.        <\/p>\n<h3><\/h3>\n<h3>FPV<\/h3>\n<p>  Felint panleukopenivirus (FPV) og felin infeksi\u00f8s peritonitt (FIP) er begge virussykdommer som kan ramme katter.<br \/>\nDe kliniske symptomene kan derfor ogs\u00e5 v\u00e6re like.<br \/>\nSymptomer forbundet med en FPV-infeksjon kan omfatte feber, slapphet, oppkast eller diar\u00e9, i likhet med FIP.<br \/>\nSmittem\u00e5ten for hvert virus er imidlertid forskjellig.<br \/>\nFPV kan bare overf\u00f8res gjennom kontakt med kontaminert avf\u00f8ring, mens infeksjoner relatert til FIP ser ut til \u00e5 kreve direkte kontakt mellom katter eller indirekte overf\u00f8ring via str\u00f8 eller matsk\u00e5ler.      <\/p>\n<h3><\/h3>\n<h3>Inflammatorisk tarmsykdom<\/h3>\n<p>  Inflammatorisk tarmsykdom (IBD) og FIP er begge alvorlige tilstander hos katter som kan ha lignende symptomer, men som skiller seg fra hverandre n\u00e5r det gjelder \u00e5rsak, diagnose og behandling.<br \/>\nIBD er en kronisk lidelse med betennelse i ford\u00f8yelseskanalen for\u00e5rsaket av en immunmediert prosess.<br \/>\nDen for\u00e5rsaker malabsorpsjon, oppkast, diar\u00e9 og vekttap p\u00e5 grunn av skade eller irritasjon i tynntarmens slimhinne.<br \/>\nP\u00e5 den annen side er FIP for\u00e5rsaket av infeksjon med visse stammer av felint koronavirus, som FeCV.<br \/>\nFIP for\u00e5rsaker ogs\u00e5 ford\u00f8yelsesproblemer langs tarmomr\u00e5det, og gir dermed lignende symptomer som IBD.      <\/p>\n<h3><\/h3>\n<h3>Kreft<\/h3>\n<p>  Kreft hos katter skyldes ukontrollert vekst av unormale celler, i motsetning til FIP, som skyldes en mutasjon av det feline koronaviruset.<br \/>\nSymptomene p\u00e5 kreft kan variere fra en type til en annen og kan for\u00e5rsake synlige klumper, lesjoner eller utflod, mens FIP p\u00e5virker flere deler p\u00e5 grunn av betennelse i hele kroppen, noe som kan for\u00e5rsake anoreksi, feber, pusteproblemer og v\u00e6skeansamling i noen tilfeller.   <\/p>\n<h3><\/h3>\n<h3>Hemotrofisk mykoplasmose hos katt<\/h3>\n<p>  Felin hemotrofisk mykoplasmose (FHM) og FIP er to sykdommer som rammer katter under lignende forhold.<br \/>\nBegge kan for\u00e5rsake betennelse i kroppen, noe som f\u00f8rer til svakhet, vekttap, feber, gulsott, dehydrering og generell sykdomsf\u00f8lelse.<br \/>\nFIP er imidlertid for\u00e5rsaket av en infeksjon med et kattekoronavirus kjent som FCoV, mens FHM skyldes en smittsom bakterie kjent som mykoplasma, som finnes naturlig i mange katters hals.    <\/p>\n<h3><\/h3>\n<h3>Lymfom<\/h3>\n<p>  Lymfom og FIP er to sykdommer som ofte forekommer hos katter, og som kan se sv\u00e6rt like ut n\u00e5r det gjelder symptomer, da begge for\u00e5rsaker betennelse i flere kroppsdeler.<br \/>\nLymfom er en type kreft som oppst\u00e5r i lymfesystemet for\u00e5rsaket av en ondartet mutasjon, mens FIP er en immunologisk sykdom forbundet med koronavirus som f\u00f8rer til en lekkasje i bukhinnen.<br \/>\nBehandlingene varierer sterkt avhengig av om det er lymfom eller FIP.    <\/p>\n<h3><\/h3>\n<h3>Hjerteproblemer<\/h3>\n<p>  N\u00e5r det gjelder katter, b\u00f8r man ikke ignorere hjertehelsen, da disse dyrene kan lide av flere kardiovaskul\u00e6re problemer.<br \/>\nFordi FIP vanligvis for\u00e5rsaker systemisk betennelse i kroppen, kan det p\u00e5virke hjertet indirekte slik andre hjertesykdommer gj\u00f8r, for eksempel hypertrofisk kardiomyopati eller kongestiv hjertesvikt.<br \/>\nDet er viktig \u00e5 v\u00e6re klar over at selv om begge sykdommene har noen felles symptomer &#8211; inkludert appetittl\u00f8shet, vekttap og feber &#8211; er de s\u00e5pass forskjellige at det kreves ulike diagnostiske tester for \u00e5 kunne stille en sikker diagnose for begge tilstandene.<br \/>\nDet kan ogs\u00e5 v\u00e6re n\u00f8dvendig med en rekke tilleggstester n\u00e5r man har \u00e5 gj\u00f8re med et potensielt hjerteproblem, inkludert r\u00f8ntgen og elektrokardiogram.     <\/p>\n<h3><\/h3>\n<h3>Leverbetennelse<\/h3>\n<p>  Leverbetennelse er kroppens naturlige forsvarsmekanisme mot sykdommer og virus som kan f\u00f8re til komplikasjoner p\u00e5 lengre sikt.<br \/>\nDet er viktig for katteeiere \u00e5 v\u00e6re oppmerksomme p\u00e5 leverbetennelse kontra FIP, da de ofte viser seg med lignende symptomer, inkludert d\u00e5rlig appetitt, slapphet, gulsott og redusert energiniv\u00e5.<br \/>\nFIP resulterer ogs\u00e5 i betent lever, i tillegg til \u00e5 for\u00e5rsake leverproblemer.<br \/>\nDet er for lett \u00e5 tro at det bare er et leverproblem, selv om det ikke er det.     <\/p>\n<h3><\/h3>\n<h3>Bakteriell peritonitt<\/h3>\n<p>  I likhet med FIP er bakteriell peritonitt en alvorlig og potensielt livstruende tilstand hos katter.<br \/>\nDet er en betennelse i bukslimhinnen for\u00e5rsaket av bakterier, med symptomer som kan v\u00e6re sv\u00e6rt like FIP, avhengig av hvor langt fremskreden sykdommen har blitt.<br \/>\nBakteriell peritonitt for\u00e5rsakes oftest av tarmbakterier som E. coli eller salmonella som kommer inn i tarmen eller blodbanen p\u00e5 grunn av kreft, leversykdom, skade p\u00e5 beskyttende lag i kroppen, for eksempel etter traumer (f.eks. bilulykker), parasitter, kostholdsproblemer som matallergi eller intoleranse og andre infeksjoner med virus (inkludert felint immunsviktvirus) som tidligere kan ha svekket immunforsvaret hos katter.    <\/p>\n<h3><\/h3>\n<h3>Bakteriell pleuritt<\/h3>\n<p>  Bakteriell pleuritt er en infeksjon i pleura, som er et tynt lag med vev som danner en sekk rundt hver lunge.<br \/>\nDen kan gi lignende symptomer som FIP.<br \/>\nBegge sykdommene for\u00e5rsaker hoste, pustevansker eller til og med kollaps n\u00e5r de ikke behandles.<br \/>\nMen mens FIP vanligvis f\u00f8rer til betennelse i flere organer samtidig, er bakteriell pleuritt spesifikt rettet mot de nedre luftveiene og kan v\u00e6re sv\u00e6rt lokalisert, selv om den krever rask behandling p\u00e5 grunn av sin aggressive natur.<br \/>\nDiagnosen av denne infeksjonen inneb\u00e6rer vanligvis at det tas en v\u00e6skepr\u00f8ve enten fra overgangen mellom lungene og kroppens hulrom eller fra vevspr\u00f8ver som er tatt under en operasjon.<br \/>\nBehandlingen av bakteriell pleuritt best\u00e5r ofte av antibiotika som gis intraven\u00f8st hvis det er mulig, i tillegg til supplerende oksygenbehandling og andre st\u00f8ttende behandlinger avhengig av pasientens alvorlighetsgrad.       <\/p>\n<h3><\/h3>\n<h3>Kryptokokkose<\/h3>\n<p>  Kryptokokkose, eller kryptokokksykdom, er en soppinfeksjon som for\u00e5rsakes av sopparten Cryptococcus neoformans, som finnes i jord og fugleskitt.<br \/>\nSymptomene p\u00e5 begge sykdommene er ganske like, inkludert vekttap, feber, anoreksi og slapphet.<br \/>\nTegn p\u00e5 nevrologiske problemer som hodeskjevhet og ataksi kan ogs\u00e5 forekomme ved Cryptococcosis.<\/p>\n","protected":false},"excerpt":{"rendered":"<p>FIP har sv\u00e6rt like symptomer som mange andre sykdommer Diagnostisering av felin infeksi\u00f8s bukhinnebetennelse (FIP) kan v\u00e6re sv\u00e6rt utfordrende, da mange av symptomene deles med sykdommer som ligner p\u00e5 FIP og som kan forveksles med felin infeksi\u00f8s bukhinnebetennelse. Dette inkluderer vekttap, svakhet, slapphet, feber, anoreksi og okul\u00e6re lesjoner. Siden disse tilstandene er s\u00e5 like, er [&hellip;]<\/p>\n","protected":false},"author":1,"featured_media":22284,"parent":0,"menu_order":0,"comment_status":"closed","ping_status":"closed","template":"","meta":{"_glsr_average":0,"_glsr_ranking":0,"_glsr_reviews":0,"footnotes":""},"categories":[863],"tags":[],"_links":{"self":[{"href":"https:\/\/fipmed.co\/no\/wp-json\/wp\/v2\/pages\/22283"}],"collection":[{"href":"https:\/\/fipmed.co\/no\/wp-json\/wp\/v2\/pages"}],"about":[{"href":"https:\/\/fipmed.co\/no\/wp-json\/wp\/v2\/types\/page"}],"author":[{"embeddable":true,"href":"https:\/\/fipmed.co\/no\/wp-json\/wp\/v2\/users\/1"}],"replies":[{"embeddable":true,"href":"https:\/\/fipmed.co\/no\/wp-json\/wp\/v2\/comments?post=22283"}],"version-history":[{"count":0,"href":"https:\/\/fipmed.co\/no\/wp-json\/wp\/v2\/pages\/22283\/revisions"}],"wp:featuredmedia":[{"embeddable":true,"href":"https:\/\/fipmed.co\/no\/wp-json\/wp\/v2\/media\/22284"}],"wp:attachment":[{"href":"https:\/\/fipmed.co\/no\/wp-json\/wp\/v2\/media?parent=22283"}],"wp:term":[{"taxonomy":"category","embeddable":true,"href":"https:\/\/fipmed.co\/no\/wp-json\/wp\/v2\/categories?post=22283"},{"taxonomy":"post_tag","embeddable":true,"href":"https:\/\/fipmed.co\/no\/wp-json\/wp\/v2\/tags?post=22283"}],"curies":[{"name":"wp","href":"https:\/\/api.w.org\/{rel}","templated":true}]}}