{"id":22293,"date":"2024-03-25T07:31:47","date_gmt":"2024-03-25T07:31:47","guid":{"rendered":"https:\/\/fipmed.co\/vanlige-fip-komorbiditeter\/"},"modified":"2024-03-25T07:31:47","modified_gmt":"2024-03-25T07:31:47","slug":"vanlige-fip-komorbiditeter","status":"publish","type":"page","link":"https:\/\/fipmed.co\/no\/vanlige-fip-komorbiditeter\/","title":{"rendered":"9 vanlige komorbiditeter ved FIP"},"content":{"rendered":"<h2>Hvorfor forekommer FIP ofte sammen med andre sykdommer?<\/h2>\n<p>  Katter med andre tilstander enn FIP er ofte tilfeldigvis positive for FCoV-antistoffer eller viruset.<br \/>\nHer er 9 vanlige komorbiditeter ved FIP.<br \/>\nFIP kan v\u00e6re et resultat av at immunforsvaret er svekket p\u00e5 grunn av allerede eksisterende tilstander, virusmutasjon eller opprinnelig sykdom som for\u00e5rsaker ytterligere komplikasjoner.    <\/p>\n<h3>Eksisterende tilstand<\/h3>\n<p>  \u00c5 ha en eksisterende tilstand kan gj\u00f8re katter mer mottakelige for FIP &#8211; noe som p\u00e5virker deres generelle helse og livskvalitet.<br \/>\nDette skyldes at andre sykdommer eller svekket immunforsvar kan v\u00e6re en \u00e5rsak til mutasjonen i viruset som for\u00e5rsaker FIP.<br \/>\nDet er ikke alltid at eksisterende tilstander er \u00e5penbare, men noen vanlige tegn kan v\u00e6re feber, vekttap, slapphet, anoreksi og dehydrering &#8211; som alle er indikatorer p\u00e5 bakterielle infeksjoner.<br \/>\nHvis det oppdages tidlig, kan antibiotika eller ekstra ern\u00e6ring bidra til \u00e5 redusere ytterligere skade p\u00e5 kattens allerede svekkede tilstand.<br \/>\nI tillegg er det viktig \u00e5 holde immuniseringen oppdatert, da dette ogs\u00e5 kan fungere som beskyttelse mot potensielle sekund\u00e6re utviklinger for\u00e5rsaket av allerede eksisterende sykdommer som FIP.      <\/p>\n<h3>Mutasjon av virus<\/h3>\n<p>  Mutasjoner i virusets spike-protein, som er en viktig del av det feline koronaviruset, kan f\u00f8re til endringer i hvordan viruset sprer og replikerer seg.<br \/>\nN\u00e5r det finnes mutasjoner i dette proteinet, \u00f8ker det FIPs evne til \u00e5 infisere katter, samtidig som det \u00f8ker alvorlighetsgraden av sykdommen n\u00e5r den oppst\u00e5r.<br \/>\nI tillegg kan disse endringene forstyrre andre prosesser som vanligvis er forbundet med immunsystemets cellefunksjon, noe som kan f\u00f8re til unormale utfall av den vanlige sykdomsutviklingen.<br \/>\nSom et resultat av dette kan ulike komorbiditeter knyttet til FIP, som lungebetennelse, kronisk nyresykdom (CKD), felint leukemivirus (FeLV), kreft eller autoimmune sykdommer, utvikle seg raskere enn forventet p\u00e5 grunn av svekket immunrespons for\u00e5rsaket av de nevnte virusmutasjonene som allerede finnes i cellene.     <\/p>\n<h3>Opprinnelig sykdom for\u00e5rsaket svakt immunforsvar<\/h3>\n<p>  N\u00e5r en katt har en underliggende infeksjon, kan immunforsvaret svekkes.<br \/>\nDenne svekkede immuniteten f\u00f8rer til en h\u00f8yere risiko for \u00e5 utvikle FIP.<br \/>\nMilj\u00f8messige p\u00e5kjenninger kan ogs\u00e5 svekke immunforsvaret og \u00f8ke mottakeligheten for FIPV-infeksjoner.<br \/>\nSpesielt katter med FeLV-infeksjoner (Felint leukemivirus) er mer mottakelige for FIP-virus enn andre friske katter, ettersom det svekkede immunforsvaret deres ikke effektivt kan bekjempe nye virus.<br \/>\nUnge katter og katter som allerede har nedsatt immunforsvar, kan ha problemer med \u00e5 bekjempe katastrofale virusinfeksjoner som FIPV.      &nbsp;<\/p>\n<h2>Har lungebetennelse og FIP<\/h2>\n<p>  Lungebetennelse er en vanlig komorbiditet forbundet med FIP hos katter.<br \/>\nDette betyr at hvis katten din har FIP, vil den sannsynligvis ogs\u00e5 ha lungebetennelse som en del av infeksjonen.<br \/>\nLungebetennelse oppst\u00e5r n\u00e5r betennelse blokkerer luftveiene som f\u00f8rer til lungene, og kan ramme katter i alle aldre og av alle raser.<br \/>\nKatter med FIP kan utvikle lungebetennelse fordi viruspartikler fra FCoV for\u00e5rsaker en betennelsesreaksjon som kan f\u00f8re til pustevansker og hoste p\u00e5 grunn av v\u00e6skeopphopning i henholdsvis lungene og pleura- eller bukhulen.<br \/>\nSymptomene p\u00e5 lungebetennelse oppst\u00e5r vanligvis innen to uker etter eksponering for kattekoronaviruset, og omfatter appetittl\u00f8shet, slapphet, feber, rask pust, \u00f8kt hjerterytme, tungpustethet (kjent som dyspn\u00e9), vekttap og hoste opp blodig slim.      <\/p>\n<h2><strong>\u00c5 ha CKD og FIP<\/strong><\/h2>\n<p>  Katter med kronisk nyresykdom (CKD) har \u00f8kt risiko for \u00e5 utvikle FIP, en potensielt d\u00f8delig virusinfeksjon.<br \/>\nStudier har vist at katter som lider av udiagnostisert eller d\u00e5rlig behandlet kronisk nyresykdom kan ha st\u00f8rre sannsynlighet for \u00e5 f\u00e5 FIP, p\u00e5 grunn av det svekkede immunforsvaret som den tidligere sykdommen har for\u00e5rsaket.<br \/>\nCKD blir faktisk ofte avdekket n\u00e5r FIP dukker opp hos et dyr som er rammet &#8211; noe som indikerer at sykdommen allerede var til stede f\u00f8r den viste tegn p\u00e5 FIP.<br \/>\nDette tyder p\u00e5 en sammenheng mellom de to sykdommene og hvordan de kan p\u00e5virke hverandre negativt.<br \/>\nHeldigvis kan diagnostisering av CKS og FIP p\u00e5 et tidlig stadium gi kattene bedre resultater, siden rask behandling av begge tilstandene kan bremse utviklingen av begge sykdommene og forbedre symptomene som er forbundet med dem, som nyresvikt eller feber.      <\/p>\n<h2>\u00c5 ha FELV og FIP<\/h2>\n<p>  Infeksjon med felint leukemivirus (FeLV) er en vanlig komorbiditet ved FIP.<br \/>\nDe fleste katter som utvikler FIP har en eksisterende tilstand eller infeksjon som FeLV, noe som gj\u00f8r dem mer utsatt for virus og andre smittsomme agens.<br \/>\nMutasjonen av viruset kan f\u00f8re til opportunistiske infeksjoner i et svekket immunsystem, noe som resulterer i sykdomsutvikling.<br \/>\nN\u00e5r FeLV-infeksjon er til stede sammen med FIP, opplever mange infiserte katter dyp panleukopeni &#8211; en reduksjon i hvite blodlegemer som hemmer kattens immunforsvar.<br \/>\nDenne typen anemi f\u00f8rer til en drastisk nedgang i blodplatetallene og \u00f8ker skj\u00f8rheten i blod\u00e5rer og arterier, noe som f\u00f8rer til bl\u00f8dningsproblemer i hele kroppen.<br \/>\nAndre tilstander forbundet med FeLV inkluderer maligniteter, immunsuppresjon og \u00f8kt virusbelastning p\u00e5 de ber\u00f8rte kattene, som alle er faktorer som bidrar til en betydelig forverring av kattens helsetilstand n\u00e5r diagnosen FIP stilles.       <\/p>\n<h2>\u00c5 ha kreft og FIP<\/h2>\n<p>  Katter som utvikler kreft, eller felin neoplasi, kan v\u00e6re like utsatt for \u00e5 f\u00e5 andre samtidige sykdommer som FIP.<br \/>\nSelv om det ikke finnes bevis som tyder p\u00e5 en direkte sammenheng mellom kreft og FIP hos katter, anerkjenner eksperter en \u00f8kt s\u00e5rbarhet for noen katter med kreft som ogs\u00e5 f\u00e5r FIP.<br \/>\nDet svakere immunforsvaret til de som er smittet av en av sykdommene, er sannsynligvis en medvirkende \u00e5rsak til at begge sykdommene oppst\u00e5r samtidig.<br \/>\nSymptomene kan overlappe hverandre noe, avhengig av krefttypen og virusstammen som er involvert i FIP, for eksempel kronisk vekttap\/vekt\u00f8kning, slapphet, generelt d\u00e5rlig helse, tilbakevendende feberepisoder eller luftveisproblemer, som man ser hos katter som rammes av begge tilstandene samtidig.<br \/>\nP\u00e5 grunn av det faktum at disse to sykdommene har noen felles indikatorer, krever en sikker diagnose vanligvis en fullstendig blodpanelscreening som gj\u00f8r det mulig for veterin\u00e6rer \u00e5 analysere infeksjonens art og omfang bedre.      <\/p>\n<h2>\u00c5 ha autoimmune sykdommer og FIP<\/h2>\n<p>  Katteeiere m\u00e5 v\u00e6re oppmerksomme p\u00e5 de potensielle risikofaktorene som er forbundet med FIP, og en av disse kan v\u00e6re autoimmune sykdommer.<br \/>\nAutoimmune sykdommer oppst\u00e5r hos katter n\u00e5r kroppens antistoffer angriper eget vev og organer i stedet for fremmede stoffer som bakterier og virus.<br \/>\nDenne svekkelsen av immunforsvaret gj\u00f8r katten mer s\u00e5rbar for infeksjoner som FIP.<br \/>\nI tillegg kan allerede eksisterende tilstander som f\u00f8lge av autoimmune lidelser skape et milj\u00f8 for mutasjoner i koronavirus som i utgangspunktet er ufarlige, men som kan utvikle seg til FIP og for\u00e5rsake skade p\u00e5 celler i vitale organer.<br \/>\nP\u00e5 grunn av at FIP er en luftb\u00e5ren sykdom, kan selv friske katter uten noen eksisterende sykdom likevel v\u00e6re i faresonen hvis de har blitt eksponert for en smittet katt som har kl\u00f8pet seg p\u00e5 nesen eller nyst i n\u00e6rheten.      <\/p>\n<h2>Bakterieinfeksjon og FIP<\/h2>\n<p>  Katteeiere b\u00f8r v\u00e6re oppmerksomme p\u00e5 at bakterielle infeksjoner kan spille en rolle i utviklingen og utviklingen av FIP.<br \/>\nI tillegg kan en ubehandlet bakterieinfeksjon svekke kattens immunforsvar ytterligere, noe som kan f\u00f8re til at katten bukker under raskere for FIP hvis den er smittet.   <\/p>\n<h2>\u00c5 ha FHV og FIP<\/h2>\n<p>  N\u00e5r en katt er smittet med b\u00e5de Felint herpesvirus (FHV) og FIP, kan dette v\u00e6re et spesielt alvorlig tilfelle.<br \/>\nFHV svekker kroppens evne til \u00e5 bekjempe andre sykdommer, noe som gj\u00f8r katter mer utsatt for \u00e5 bli syke av andre infeksjoner som FIP.<br \/>\nVidere kan tegn p\u00e5 sykdom utvikle seg raskere p\u00e5 grunn av svekket immunforsvar.<br \/>\nDette skyldes at hvis to agens, som FHV og FIP i dette tilfellet, er til stede samtidig, avhengig av hvilken stamme som er valgt ved genmutasjon, bidrar de samtidig til betennelse og for\u00e5rsaker ytterligere skadelige direkte effekter av sine egne replikasjonssykluser inne i cellene.     <\/p>\n<h2>Har FIV og FIP<\/h2>\n<p>  \u00c5 ha b\u00e5de FIV (Felint immunsviktvirus) og FIP kan \u00f8ke helserisikoen for katter betydelig, ettersom det er en sjanse for dobbeltinfeksjon.<br \/>\nDette \u00f8ker dessverre risikoen for alvorlige komplikasjoner som organsvikt, vekttap og til og med d\u00f8d.<br \/>\nDerfor er det viktig for katteeiere \u00e5 f\u00e5 kj\u00e6ledyret sitt testet hvis de mistenker en av sykdommene.<br \/>\nHovedproblemet med \u00e5 ha b\u00e5de FIV og FPV hos katter er at det svekker dyrets immunsystem betydelig, noe som gj\u00f8r dem mer mottakelige for sykdommer eller infeksjoner fra bakterier eller virus.<br \/>\nN\u00e5r katter er smittet av to sykdommer samtidig, kan det forverre symptomene og ogs\u00e5 komplisere behandlingsalternativene.<br \/>\nI noen tilfeller kan en katt f\u00f8rst bare vise tegn p\u00e5 \u00e9n av sykdommene &#8211; men senere utvikle begge samtidig p\u00e5 grunn av svekket immunforsvar over tid &#8211; s\u00e5 det er viktig \u00e5 v\u00e6re oppmerksom p\u00e5 tidlige advarselstegn som feber, tretthet og \u00f8kt respirasjonsfrekvens.       <\/p>\n<h2>\u00c5 ha FIP under svangerskapet<\/h2>\n<p>  FIP under drektighet er spesielt bekymringsfullt for katten og kattungene hennes.<br \/>\nFIP kan forekomme hos et lite antall drektige katter, noe som f\u00f8rer til en alvorlig d\u00f8delighet b\u00e5de hos moren og hos kullet med uf\u00f8dte kattunger.<br \/>\nSykdommen utvikler seg raskt, og det er liten sjanse for \u00e5 bli frisk, ettersom katter som er smittet av dette viruset f\u00e5r v\u00e6skeansamlinger i hulrommene, ubevegelig tarm, nyresvikt, leverskade eller andre organbetennelser.<br \/>\nFor \u00e5 gj\u00f8re vondt verre, selv om et foster fortsatt er i live mot slutten av svangerskapet n\u00e5r moren f\u00e5r FIP, kan det likevel bukke under p\u00e5 grunn av mangel p\u00e5 riktig ern\u00e6ring for\u00e5rsaket av morens svekkede tilstand.<br \/>\nMed tanke p\u00e5 hvor kritisk en FIP-infeksjon under svangerskapet kan v\u00e6re for b\u00e5de mor og barn som rammes, b\u00f8r eiere opps\u00f8ke lege raskt hvis de oppdager symptomer relatert til denne sykdommen mens katten er drektig.<\/p>\n","protected":false},"excerpt":{"rendered":"<p>Hvorfor forekommer FIP ofte sammen med andre sykdommer? Katter med andre tilstander enn FIP er ofte tilfeldigvis positive for FCoV-antistoffer eller viruset. Her er 9 vanlige komorbiditeter ved FIP. FIP kan v\u00e6re et resultat av at immunforsvaret er svekket p\u00e5 grunn av allerede eksisterende tilstander, virusmutasjon eller opprinnelig sykdom som for\u00e5rsaker ytterligere komplikasjoner. Eksisterende tilstand [&hellip;]<\/p>\n","protected":false},"author":1,"featured_media":22294,"parent":0,"menu_order":0,"comment_status":"closed","ping_status":"closed","template":"","meta":{"_glsr_average":0,"_glsr_ranking":0,"_glsr_reviews":0,"footnotes":""},"categories":[863],"tags":[],"_links":{"self":[{"href":"https:\/\/fipmed.co\/no\/wp-json\/wp\/v2\/pages\/22293"}],"collection":[{"href":"https:\/\/fipmed.co\/no\/wp-json\/wp\/v2\/pages"}],"about":[{"href":"https:\/\/fipmed.co\/no\/wp-json\/wp\/v2\/types\/page"}],"author":[{"embeddable":true,"href":"https:\/\/fipmed.co\/no\/wp-json\/wp\/v2\/users\/1"}],"replies":[{"embeddable":true,"href":"https:\/\/fipmed.co\/no\/wp-json\/wp\/v2\/comments?post=22293"}],"version-history":[{"count":0,"href":"https:\/\/fipmed.co\/no\/wp-json\/wp\/v2\/pages\/22293\/revisions"}],"wp:featuredmedia":[{"embeddable":true,"href":"https:\/\/fipmed.co\/no\/wp-json\/wp\/v2\/media\/22294"}],"wp:attachment":[{"href":"https:\/\/fipmed.co\/no\/wp-json\/wp\/v2\/media?parent=22293"}],"wp:term":[{"taxonomy":"category","embeddable":true,"href":"https:\/\/fipmed.co\/no\/wp-json\/wp\/v2\/categories?post=22293"},{"taxonomy":"post_tag","embeddable":true,"href":"https:\/\/fipmed.co\/no\/wp-json\/wp\/v2\/tags?post=22293"}],"curies":[{"name":"wp","href":"https:\/\/api.w.org\/{rel}","templated":true}]}}