{"id":22315,"date":"2024-03-25T07:24:09","date_gmt":"2024-03-25T07:24:09","guid":{"rendered":"https:\/\/fipmed.co\/alt-om-fip-tilbakefall-forebygging-arsaker-og-behandling\/"},"modified":"2024-03-25T07:24:09","modified_gmt":"2024-03-25T07:24:09","slug":"alt-om-fip-tilbakefall-forebygging-arsaker-og-behandling","status":"publish","type":"page","link":"https:\/\/fipmed.co\/no\/alt-om-fip-tilbakefall-forebygging-arsaker-og-behandling\/","title":{"rendered":"Alt om tilbakefall av FIP: Forebygging, \u00e5rsaker og behandling"},"content":{"rendered":"<p>&nbsp;<\/p>\n<h2>Hvorfor f\u00e5r man tilbakefall av FIP?<\/h2>\n<p>  FIP for\u00e5rsakes av et virus, s\u00e5 sykdommen kan forbli latent (inaktiv) i en infisert katts system i noen tid etter den f\u00f8rste behandlingen.<br \/>\nEt tilbakefall av FIP kan oppst\u00e5 selv m\u00e5neder eller uker etter avsluttet behandling hvis viruset reaktiverer seg selv.<br \/>\nI tillegg har det vist seg at tilbakefall er vanligere hos katter med nevrologiske FIP-symptomer enn hos katter med andre former for sykdommen, noe som gj\u00f8r dem spesielt s\u00e5rbare for dette problemet.<br \/>\nFor veletablerte tilfeller som involverer infeksjoner i \u00f8yne, hjerne og ryggrad, kan det v\u00e6re n\u00f8dvendig med en behandlingskur p\u00e5 minst 12 uker for \u00e5 bli helt frisk fra FIP.     <\/p>\n<h2>Hvordan forebygge tilbakefall av FIP ved behandling med GS441524?<\/h2>\n<h3>Ikke bruk immunsuppressiva<\/h3>\n<p>  Immunsuppressiva er legemidler som vanligvis foreskrives for \u00e5 redusere skader fra betennelse ved behandling av infeksi\u00f8s peritonitt hos katt (FIP) i den f\u00f8rste perioden.<br \/>\nImmunsuppressive legemidler kan forstyrre kroppens evne til \u00e5 komme seg etter FIP, ettersom de svekker det naturlige forsvarssystemet ved \u00e5 redusere betennelse og undertrykke immuniteten.<br \/>\nDette kan f\u00f8re til \u00f8kt risiko for tilbakefall eller ytterligere komplikasjoner som for eksempel infeksjon.    <\/p>\n<h3>Fortsett behandlingen i minst 84 dager<\/h3>\n<p>  Anbefalingen om \u00e5 behandle katter med tilbakefall av FIP med GS441524 i 84 dager st\u00f8ttes av forskning, som viser at det \u00f8ker effekten av behandlingen.<br \/>\nAv 393 pasienter oppn\u00e5dde 90 % et vellykket forl\u00f8p ved administrering av GS441524 over 12 uker, og 11,4 % forlenget behandlingen utover 84 dager med enda bedre resultater.<br \/>\nDette understreker viktigheten av \u00e5 fullf\u00f8re hele den anbefalte dosen for \u00e5 optimalisere suksessraten.<br \/>\nUnderdosering av GS441524 \u00f8ker risikoen for tilbakefall og legemiddelresistens, noe som til slutt kan resultere i en mislykket behandling for katten din.     <\/p>\n<h3>Tilstrekkelig hydrering og ern\u00e6ringsst\u00f8tte<\/h3>\n<p>  Det er viktig \u00e5 s\u00f8rge for tilstrekkelig hydrering og ern\u00e6ringsmessig st\u00f8tte under behandlingen av tilbakefall av FIP.<br \/>\nHydrering er sv\u00e6rt viktig n\u00e5r man behandler katter med FIP, da det bidrar til \u00e5 opprettholde normal organfunksjon og st\u00f8tter immunsystemets respons mot viruset.<br \/>\nI tillegg kan det bidra til \u00e5 redusere noen av blodproppsproblemene som er forbundet med denne sykdommen.<br \/>\nI mellomtiden spiller riktig ern\u00e6ring en viktig rolle i \u00e5 st\u00f8tte helbredelse og restitusjon.<br \/>\nTilstrekkelig proteininntak er n\u00f8dvendig for \u00e5 bygge opp muskler som er p\u00e5virket av infeksjonen og gjenopprette tapte energiniv\u00e5er p\u00e5 grunn av en svekket tilstand eller bivirkninger av medisiner, mens visse kosttilskudd kan bidra til \u00e5 styrke kattens immunforsvar ytterligere i kampen mot viruset.      <\/p>\n<h2>Hvordan behandle et tilbakefall hvis det oppst\u00e5r?<\/h2>\n<h3>\u00d8k doseringen av GS441524<\/h3>\n<p>  Hvis det oppst\u00e5r tilbakefall etter behandling av FIP hos katt, er det n\u00f8dvendig \u00e5 \u00f8ke dosen av GS441524 med 50 %.<br \/>\nEn h\u00f8yere dose kan ha bedre effekt ved behandling av tilbakefall av FIP.<br \/>\nHvis katten din har utviklet h\u00f8y resistens mot GS441524, kan du kombinere behandlingen med GC376.<br \/>\nN\u00e5r tilbakefall oppst\u00e5r, er imidlertid sjansene for at katten overlever vanligvis sm\u00e5.<\/p>\n","protected":false},"excerpt":{"rendered":"<p>&nbsp; Hvorfor f\u00e5r man tilbakefall av FIP? FIP for\u00e5rsakes av et virus, s\u00e5 sykdommen kan forbli latent (inaktiv) i en infisert katts system i noen tid etter den f\u00f8rste behandlingen. Et tilbakefall av FIP kan oppst\u00e5 selv m\u00e5neder eller uker etter avsluttet behandling hvis viruset reaktiverer seg selv. I tillegg har det vist seg at [&hellip;]<\/p>\n","protected":false},"author":1,"featured_media":22316,"parent":0,"menu_order":0,"comment_status":"closed","ping_status":"closed","template":"","meta":{"_glsr_average":0,"_glsr_ranking":0,"_glsr_reviews":0,"footnotes":""},"categories":[863],"tags":[],"_links":{"self":[{"href":"https:\/\/fipmed.co\/no\/wp-json\/wp\/v2\/pages\/22315"}],"collection":[{"href":"https:\/\/fipmed.co\/no\/wp-json\/wp\/v2\/pages"}],"about":[{"href":"https:\/\/fipmed.co\/no\/wp-json\/wp\/v2\/types\/page"}],"author":[{"embeddable":true,"href":"https:\/\/fipmed.co\/no\/wp-json\/wp\/v2\/users\/1"}],"replies":[{"embeddable":true,"href":"https:\/\/fipmed.co\/no\/wp-json\/wp\/v2\/comments?post=22315"}],"version-history":[{"count":0,"href":"https:\/\/fipmed.co\/no\/wp-json\/wp\/v2\/pages\/22315\/revisions"}],"wp:featuredmedia":[{"embeddable":true,"href":"https:\/\/fipmed.co\/no\/wp-json\/wp\/v2\/media\/22316"}],"wp:attachment":[{"href":"https:\/\/fipmed.co\/no\/wp-json\/wp\/v2\/media?parent=22315"}],"wp:term":[{"taxonomy":"category","embeddable":true,"href":"https:\/\/fipmed.co\/no\/wp-json\/wp\/v2\/categories?post=22315"},{"taxonomy":"post_tag","embeddable":true,"href":"https:\/\/fipmed.co\/no\/wp-json\/wp\/v2\/tags?post=22315"}],"curies":[{"name":"wp","href":"https:\/\/api.w.org\/{rel}","templated":true}]}}