{"id":22327,"date":"2024-03-28T05:15:08","date_gmt":"2024-03-28T05:15:08","guid":{"rendered":"https:\/\/fipmed.co\/beste-orale-medisin-for-fip-fip-tabletter-og-kapsler\/"},"modified":"2024-03-28T05:15:08","modified_gmt":"2024-03-28T05:15:08","slug":"beste-orale-medisin-for-fip-fip-tabletter-og-kapsler","status":"publish","type":"page","link":"https:\/\/fipmed.co\/no\/beste-orale-medisin-for-fip-fip-tabletter-og-kapsler\/","title":{"rendered":"Beste orale medisinering for FIP &#8211; FIP-tabletter og -kapsler"},"content":{"rendered":"<p>Selv om injeksjoner generelt anses som mer p\u00e5litelige enn den orale formen av GS-441524 for behandling av FIP, er det mange katteeiere som velger det orale alternativet for \u00e5 unng\u00e5 potensielt ubehag som kan f\u00f8lge med injeksjoner.<br \/>\nEnkelte katter kan f\u00f8le ubehag eller utvikle en motvilje mot injeksjoner etter en lengre behandlingsperiode, og det finnes de som kan v\u00e6re sterkt imot prosedyren.<br \/>\nI tillegg er det en mulighet for at det oppst\u00e5r s\u00e5r p\u00e5 injeksjonsstedet som f\u00f8lge av stoffets surhetsgrad.<br \/>\nI slike situasjoner kan orale kapsler eller FIP-tabletter brukes som erstatning for injeksjoner.<br \/>\nDet er ingen grunn til \u00e5 bekymre seg for resistens n\u00e5r det gjelder oral administrering.<br \/>\nEffekten av GS-441524 ved behandling av b\u00e5de v\u00e5t og t\u00f8rr FIP er konsistent, uavhengig av hvilken form det tas i.<br \/>\nI de f\u00f8rste testene av GS-441524 for behandling av FIP i felt ble det injisert under huden.<br \/>\nB\u00e5de intraven\u00f8se og subkutane injeksjoner ga h\u00f8ye blodniv\u00e5er som holdt seg p\u00e5 niv\u00e5er som stoppet viruset i mer enn 24 timer.<br \/>\nForskerne fant ogs\u00e5 ut at det \u00e5 gi medisinen gjennom munnen \u00f8kte blodniv\u00e5ene, men det skjedde litt senere og bare med omtrent 40 % av toppniv\u00e5ene som ble sett ved subkutan og intraven\u00f8s administrering (Pedersen NC, private data, 2018).<br \/>\nHunder med lengre tarmer som er utviklet for \u00e5 spise b\u00e5de kj\u00f8tt og planter, kan imidlertid f\u00e5 i seg opptil 85 % av GS441524 gjennom maten [1, 5].<br \/>\nI studier av absorpsjon gjennom munnen har man ofte brukt hunder som stand-ins for mennesker.<br \/>\nDette betyr at absorpsjonen gjennom munnen hos mennesker sannsynligvis ogs\u00e5 er h\u00f8yere enn hos katter.<br \/>\nDerfor ble den subkutane metoden valgt for tester i felt p\u00e5 katter fordi den var enkel \u00e5 bruke og ga h\u00f8ye blodniv\u00e5er.<br \/>\nKinesiske selgere av GS-441524 kopierte det publiserte feltfors\u00f8kets fortynningsmiddel, legemiddelkonsentrasjon og subkutane administrasjonsmetode.<br \/>\nDeretter studerte de legemiddelet og tilb\u00f8d det i pilleform.<br \/>\nForskere i Kina oppdaget at de kunne oppn\u00e5 effektive blodniv\u00e5er av GS-441524 ved \u00e5 tilsette mer av legemiddelet i de orale versjonene.<br \/>\nEtter det kom andre selskaper med sine egne versjoner av GS-441524 som kunne tas gjennom munnen.<br \/>\nForbrukerne kan kj\u00f8pe kapsler og tabletter n\u00e5.<br \/>\nP\u00e5 etikettene st\u00e5r det en rekke popul\u00e6re, trygge kjemikalier og medisinske urter som ingredienser, men GS-441524 er ikke en av dem.<br \/>\nTollvesenet ser sannsynligvis ikke s\u00e5 n\u00f8ye p\u00e5 dette.<br \/>\nGS-441524 er virkestoffet i alle orale varer, uansett hva som ellers er i dem.<br \/>\nSelskapene som selger sublinguale varer, sier ikke hvor mye GS-441524 det er i dem, men det er klart at det er mye mer enn det som ville v\u00e6rt n\u00f8dvendig hvis legemidlet ble gitt under huden.<br \/>\nDet ser ut til at stadig flere dyreeiere og veterin\u00e6rer bruker oral GS-441524 som en del av eller hele behandlingen.<br \/>\nI l\u00f8pet av de siste to \u00e5rene har kvaliteten p\u00e5 orale GS-441524-produkter \u00f8kt, mens prisen sakte har g\u00e5tt ned.<br \/>\nP\u00e5 grunn av problemet med reaksjoner p\u00e5 injeksjonsstedet og det faktum at orale preparater av GS-441524 fungerer bedre, har munnbehandling blitt mer popul\u00e6rt.<br \/>\nStadig flere katter behandles med legemidler som de tar gjennom munnen, enten for hele eller deler av behandlingen.                           <\/p>\n<h1>FIP tabletter vs kapsler: Sammensetning og dosering<\/h1>\n<p>  GS-441524 til oral bruk inneholder mye mer GS441524 som virkestoff for \u00e5 kompensere for tapet i absorpsjon.<br \/>\nAlle de velkjente orale produktene er piller.<br \/>\nMen FIPMeds tabletter er mindre slik at de er lettere \u00e5 innta.<br \/>\nNoen orale medisiner er FIP-kapsler som ogs\u00e5 er fylt med v\u00e6ske eller pulver, og hvis katter biter p\u00e5 dem, kan de miste medisinen inni.<br \/>\nN\u00e5r katter bryter opp pillene, har de v\u00e6rt kjent for \u00e5 f\u00e5 d\u00e5rlige reaksjoner.<br \/>\nAnvisningene for inntak av piller eller tabletter er de samme for alle orale typer.<br \/>\nDet er vanligvis best \u00e5 ikke spise eller drikke noe i 30 minutter f\u00f8r og etter at du gir medisinen.<br \/>\nNoen katter kan v\u00e6re villige til \u00e5 ta dem hvis du gir dem en liten godbit, og mange katter vil spise dem hvis du legger dem p\u00e5 en tallerken sammen med en godbit som dekker (som Churu).<br \/>\nSelv om b\u00e5de orale kapsler og piller er like effektive, er det generelt vanskeligere \u00e5 administrere kapsler enn piller.<br \/>\nKapsler er st\u00f8rre, noe som gj\u00f8r det vanskelig for katter \u00e5 svelge dem uten problemer.<br \/>\nDet kreves st\u00f8rre produksjonskapasitet for \u00e5 komprimere pulverformen til tabletter, mens det i amat\u00f8rproduksjonen brukes menneskelig arbeidskraft til \u00e5 pakke pulveret inn i kapsler.<br \/>\nFIPMED orale piller er mindre sammenlignet med de som finnes p\u00e5 markedet, men inneholder likevel en h\u00f8y absorberbar mengde GS441524.<br \/>\nDe selges i 30 mg og 40 mg konsentrasjoner, ikke som de 5 mg p\u00e5 markedet, som du trenger \u00e5 gi flere tabletter for samme effekt.<br \/>\nDe er kompakte og kan enkelt administreres i de fleste situasjoner.               <\/p>\n<h1>Kostnad for FIP-tabletter<\/h1>\n<p>  I l\u00f8pet av det siste \u00e5ret har prisen p\u00e5 oral GS g\u00e5tt mye ned.<br \/>\nN\u00e5r vi snakker om priser, er oral GS-441524 20-40 % dyrere enn den injiserbare motstykket, men FIPMeds tabletter er de rimeligste p\u00e5 markedet og koster nesten like mye som de injiserbare.   <\/p>\n<h1>Hva er forskjellen mellom munn og skudd?<\/h1>\n<p>  Oralt GS-441524 er vanligvis ikke en god id\u00e9 for katter som allerede kaster opp eller gulper opp og har diar\u00e9.<br \/>\nFolk gir ofte katter med store ford\u00f8yelsesproblemer injeksjoner til problemene forsvinner.<br \/>\nSubkutan administrering av GS-441524 er ogs\u00e5 mer p\u00e5litelig enn oral administrering.<br \/>\nDette er ofte en sv\u00e6rt viktig faktor i den f\u00f8rste behandlingen av katter som er sv\u00e6rt syke og ustabile.<br \/>\nN\u00e5r man skal avgj\u00f8re om man skal fortsette \u00e5 gi injiserbar GS-441524 til en katt, avhenger det ofte av hvor godt eieren kan ta injeksjonene, hvor klar katten er til \u00e5 venne seg til smertene og hvor ofte det oppst\u00e5r s\u00e5r p\u00e5 injeksjonsstedet.<br \/>\nN\u00e5r dette skjer, er oral medisin ofte et godt avbrekk for b\u00e5de eier og katt.       <\/p>\n<h1>Hvor effektiv er oral GS-441524 som behandling av FIP?<\/h1>\n<p>  N\u00e5r den administreres p\u00e5 riktig tidspunkt og i riktig dose, kan oral FIP-behandling v\u00e6re like effektiv som subkutane injeksjoner i behandlingen av infeksi\u00f8s peritonitt hos katt.<br \/>\nP\u00e5 den annen side er eksperter p\u00e5 FIP-behandling generelt enige om at katter som behandles oralt har st\u00f8rre sjanse for tilbakefall sammenlignet med katter som behandles med injeksjoner gjennom hele behandlingsforl\u00f8pet.<br \/>\nOrale kapsler og piller gir kanskje ikke optimal behandling for katter med nevrologiske former for FIP eller katter som opplever hyppig oppkast eller diar\u00e9.<br \/>\nForel\u00f8pig er det ikke rapportert noen bivirkninger knyttet til verken injeksjons- eller oral FIP-behandling.<br \/>\nNoen katter har ikke reagert godt p\u00e5 \u00e5 ta GS-441524 gjennom munnen som f\u00f8rste behandling, eller de har f\u00e5tt tilbakefall n\u00e5r de har byttet fra spr\u00f8yter til piller.<br \/>\nI andre tilfeller har det \u00e5 gi kattene samme mengde GS-441524 gjennom munnen kurert sykdommer som ikke responderte godt p\u00e5 spr\u00f8yter.<br \/>\nVi anbefaler injiserbar form av GS-441524, som kan n\u00e5 de n\u00f8yaktige mengdene som trengs for \u00e5 behandle Neuro FIP-sykdommen, spesielt n\u00e5r viruset har blitt resistent mot ulike legemidler.        &nbsp;  Refererte studier om GI-absorpsjon av nukleosider relatert til GS-441524 og GS-441524 1. Thomas L. A precursor to remdesivir shows therapeutic potential for COVID-19. https:\/\/www.news-medical.net\/news\/20210209\/A-precursor-to-remdesivir-showstherapeuticpotential-for-COVID-19.aspx. 2. Painter GR, Bowen RA, Bluemling GR, et al. Den profylaktiske og terapeutiske aktiviteten til en bredt aktiv ribonukleosidanalog i en murin modell av intranasal venezuelansk hesteencefalittvirusinfeksjon. Antiviral Res. 2019;171:104597. doi:10.1016\/j.antiviral.2019.104597 Etter oral administrering absorberes EIDD-1931 raskt, noe som fremg\u00e5r av T-max-verdier i plasma som varierer mellom 0,5 og 1,0 timer. Eksponeringen er h\u00f8y (C-ma-x-verdier varierer mellom 30 og 40 \u03bcM) og er doseavhengig, men betydelig mindre enn doseproporsjonal. Observasjonen av avtagende biotilgjengelighet med \u00f8kende dose kan indikere kapasitetsbegrenset absorpsjon, et fenomen som har blitt rapportert for andre nukleosider (de Miranda et al., 1981). EIDD-1931 er, i likhet med de fleste endogene nukleosider og xenobiotiske nukleosidanaloger, et sv\u00e6rt pol\u00e6rt, hydrofilt molekyl (cLog P =-2,2) og krever derfor sannsynligvis funksjonelle transport\u00f8rer for \u00e5 krysse cellemembranene. Denne avhengigheten kan forklare det kapasitetsbegrensede opptaket som ble sett i de farmakokinetiske studiene som ble utf\u00f8rt med CD-1-mus. Tidligere rapporter har ogs\u00e5 indikert at nukleosidopptaket i tarmepitelceller hos mus prim\u00e6rt formidles av natriumavhengige konsentrative nukleosidtransport\u00f8rer (Cass et al., 1999; Vijayalakshmi og Belt, 1988). 3. Cass, C.E., Young, J.D., Baldwin, S.A., Cabrita, M.A., Graham, K.A., Griffiths, M., Jennings, L.L., Mackey, J.R., Ng, A.M., Ritzel, M.W., Vickers, M.F., Yao, S.Y., 1999.Nucleoside transporters of mammalian cells. Pharm. Biotechnol. 12313-12352 4. de Miranda, P., Krasny, H.C., Page, D.A., Elion, G.B., 1981. Disponeringen av acyclovir indifferente arter. J. Pharmacol. Exp. Ther. 219 (2), 309-315 5. Vijayalakshmi, D., Belt, J.A., 1988. Natriumavhengig nukleosidtransport i tarmepitelceller fra mus. To transportsystemer med forskjellige substratspesifisiteter. Biol. Chem. 263 (36), 19419-19423. 6. Yan VC, Khadka S, Arthur K, Ackroyd JJ, Georgiou DK, Muller FL. Pharmacokinetics of Orally Administered GS-441524 in Dogs. bioRxiv, doi: https:\/\/doi.org\/10.1101\/2021.02.04.429674 7. https:\/\/ccah.vetmed.ucdavis.edu\/<\/p>\n","protected":false},"excerpt":{"rendered":"<p>Selv om injeksjoner generelt anses som mer p\u00e5litelige enn den orale formen av GS-441524 for behandling av FIP, er det mange katteeiere som velger det orale alternativet for \u00e5 unng\u00e5 potensielt ubehag som kan f\u00f8lge med injeksjoner. Enkelte katter kan f\u00f8le ubehag eller utvikle en motvilje mot injeksjoner etter en lengre behandlingsperiode, og det finnes [&hellip;]<\/p>\n","protected":false},"author":1,"featured_media":22328,"parent":0,"menu_order":0,"comment_status":"closed","ping_status":"closed","template":"","meta":{"_glsr_average":0,"_glsr_ranking":0,"_glsr_reviews":0,"footnotes":""},"categories":[855],"tags":[],"_links":{"self":[{"href":"https:\/\/fipmed.co\/no\/wp-json\/wp\/v2\/pages\/22327"}],"collection":[{"href":"https:\/\/fipmed.co\/no\/wp-json\/wp\/v2\/pages"}],"about":[{"href":"https:\/\/fipmed.co\/no\/wp-json\/wp\/v2\/types\/page"}],"author":[{"embeddable":true,"href":"https:\/\/fipmed.co\/no\/wp-json\/wp\/v2\/users\/1"}],"replies":[{"embeddable":true,"href":"https:\/\/fipmed.co\/no\/wp-json\/wp\/v2\/comments?post=22327"}],"version-history":[{"count":0,"href":"https:\/\/fipmed.co\/no\/wp-json\/wp\/v2\/pages\/22327\/revisions"}],"wp:featuredmedia":[{"embeddable":true,"href":"https:\/\/fipmed.co\/no\/wp-json\/wp\/v2\/media\/22328"}],"wp:attachment":[{"href":"https:\/\/fipmed.co\/no\/wp-json\/wp\/v2\/media?parent=22327"}],"wp:term":[{"taxonomy":"category","embeddable":true,"href":"https:\/\/fipmed.co\/no\/wp-json\/wp\/v2\/categories?post=22327"},{"taxonomy":"post_tag","embeddable":true,"href":"https:\/\/fipmed.co\/no\/wp-json\/wp\/v2\/tags?post=22327"}],"curies":[{"name":"wp","href":"https:\/\/api.w.org\/{rel}","templated":true}]}}