{"id":22339,"date":"2022-12-02T08:18:10","date_gmt":"2022-12-02T08:18:10","guid":{"rendered":"https:\/\/fipmed.co\/b12-vitaminer-for-katter-med-fip-er-viktig-for-tilfriskning\/"},"modified":"2022-12-02T08:18:10","modified_gmt":"2022-12-02T08:18:10","slug":"b12-vitaminer-for-katter-med-fip-er-viktig-for-tilfriskning","status":"publish","type":"page","link":"https:\/\/fipmed.co\/no\/b12-vitaminer-for-katter-med-fip-er-viktig-for-tilfriskning\/","title":{"rendered":"B12-vitaminer for katter med FIP er viktig for \u00e5 bli frisk"},"content":{"rendered":"<p>N\u00e5r man tar vare p\u00e5 en katt som er rammet av Felin Infeksi\u00f8s Peritonitt (FIP), er det sv\u00e6rt viktig \u00e5 ta vare p\u00e5 kattens helse.<br \/>\nDette gjelder ogs\u00e5 vitaminer for katter, og et viktig vitamin som katter ogs\u00e5 har, er vitamin B12.<br \/>\nI denne artikkelen vil vi forklare viktigheten av B12-vitamin for katter.    <\/p>\n<h2><strong>Hva er B12?<\/strong><\/h2>\n<p>  Kobalamin er en annen betegnelse for vitamin B12, som er en samlebetegnelse for en klasse stoffer med vitamin B12-virkning.<br \/>\nDisse stoffene skiller seg ut p\u00e5 grunn av koboltkonsentrasjonen p\u00e5 4,5 %, noe som har gitt dem navnet &laquo;kobalamin&raquo; (kobolt + vitamin).   <\/p>\n<h2><strong>Hvor kommer det fra?<\/strong><\/h2>\n<p>  Mat av animalsk opprinnelse, som kj\u00f8tt, fisk, egg og lever, er kilder til B12.<br \/>\nEn <a href=\"\/?page_id=893\">katt med FIP trenger<\/a> imidlertid <a href=\"\/?page_id=893\">sannsynligvis kosttilskudd<\/a>.   <\/p>\n<h2><strong>Hva gj\u00f8r B12?<\/strong><\/h2>\n<p>  B12 har en rekke funksjoner som alle er avgj\u00f8rende for et sterkt immunforsvar:  <\/p>\n<ul>\n<li>B12 fremmer produksjonen av r\u00f8de blodlegemer (utvikling og vedlikehold av r\u00f8de blodlegemer).<br \/>\nB12-niv\u00e5ene m\u00e5 v\u00e6re tilstrekkelige for \u00e5 stoppe anemi. <\/li>\n<li>B12 opprettholder nervesystemets helse (nerveceller og normal myelinisering &#8211; fettskjedene som dekker og beskytter nerveendene).<br \/>\nDet er avgj\u00f8rende for nerve- og kognitive prosesser. <\/li>\n<li>B12 opprettholder tarmens helse for \u00e5 sikre tilstrekkelig ford\u00f8yelse og absorpsjon av mat, samt metabolismen av fett og karbohydrater.<br \/>\nTarmene trenger B12 for \u00e5 fungere optimalt, men de kan ikke absorbere det (fra maten) hvis de er skadet eller syke, s\u00e5 det skaper litt av en catch-22. <\/li>\n<\/ul>\n<h2><strong>Hva er tegnene p\u00e5 B12-mangel?<\/strong><\/h2>\n<p>  Kliniske symptomer p\u00e5 B12-mangel inkluderer diar\u00e9, ubehag i magen, kvalme, oppkast, appetittl\u00f8shet, malabsorpsjonssyndrom, forstoppelse, luft i magen, vekttap, utmattelse og slapphet.<br \/>\nNoen av symptomene som er listet opp her, er ganske vanlige bivirkninger av FIP og er sv\u00e6rt velkjente.<br \/>\nKattens helse kan forbedres hvis den f\u00e5r i seg nok B12.<br \/>\nI tillegg er kognitiv svekkelse og svakhet i lemmer knyttet til B12-mangel.<br \/>\nIgjen, n\u00e5r FIP p\u00e5virker det nevrologiske systemet, ser man vanligvis lignende symptomer.      <\/p>\n<ol>\n<li><strong>Utarmingens syklus.<\/strong><\/li>\n<\/ol>\n<p>  Mage-tarmkanalen er en av kroppens mange prosesser som rammes av den inflammatoriske sykdommen FIP.<br \/>\nBukspyttkjertelen, milten og leveren blir ofte p\u00e5virket.<br \/>\nLeverens B12-forr\u00e5d vil raskt t\u00f8mmes hvis immunforsvaret er svekket.<br \/>\nEn syklus av forverret B12-mangel er resultatet av B12-mangel i leveren, noe som ogs\u00e5 f\u00f8rer til krymping av tarmceller og tap av n\u00e6ringsstoffer (inkludert B12 i seg selv).<br \/>\nDet er dette dilemmaet vi var inne p\u00e5 tidligere i artikkelen.      <\/p>\n<ol start=\"2\">\n<li><strong>Den overhengende risikoen for anemi.<\/strong><\/li>\n<\/ol>\n<p>  Kattens produksjon av r\u00f8de blodlegemer hemmes, noe som f\u00f8rer til anemi.<br \/>\nMangel p\u00e5 B12 hemmer og reduserer kroppens evne til \u00e5 lage blod og \u00f8ker apoptosen av blodceller.<br \/>\nMed andre ord blir katten din anemisk n\u00e5r B12-niv\u00e5ene synker.<br \/>\nKattens evne til \u00e5 motst\u00e5 sykdom (eller noe annet) reduseres betydelig n\u00e5r den f\u00e5r anemi.     <\/p>\n<ol start=\"3\">\n<li><strong>Ytterligere svekkelse av immunforsvaret mot FIP.<\/strong><\/li>\n<\/ol>\n<p>  Det er viktig \u00e5 understreke at lave niv\u00e5er av vitamin B12 gj\u00f8r mennesker mer mottakelige for infeksjoner og sykdommer og er sv\u00e6rt d\u00e5rlig for nervesystemet, noe som kan f\u00f8re til nevrologiske problemer og alvorlige og kanskje irreversible nerveskader.<br \/>\nI virkeligheten er kobalaminmangel en hyppig \u00e5rsak til metabolsk encefalopati, en av flere typer encefalopati knyttet til en prim\u00e6rsykdom (for eksempel FIP) som svekker blod-hjerne-barriereprosesser og normal hjernefunksjon.<br \/>\nSl\u00f8vhet, tristhet, ataksi, anoreksi og sporadisk oppkast er noen av de vage kliniske indikasjonene som i alvorlige tilfeller kan f\u00f8re til nevrologisk sykdom og blindhet hos katter.<br \/>\nDet er allment kjent at FIP-katter ofte har anemi eller er p\u00e5 grensen til \u00e5 f\u00e5 anemi, og noen viser nevrologiske symptomer p\u00e5 tilstanden.<br \/>\nEn annen komponent i catch-22-situasjonen er at katten din kan v\u00e6re mindre i stand til \u00e5 lagre tilstrekkelige mengder B12 som f\u00f8lge av FIP, noe som kan forverre symptomene p\u00e5 tilstanden.<br \/>\nMed mindre du stopper denne syklusen og tilf\u00f8rer de kritiske vitaminene, er det ingen m\u00e5te \u00e5 vinne p\u00e5.       <\/p>\n<h2><strong>M\u00e5ter katten kan f\u00e5 B12 p\u00e5 kunstig vis<\/strong><\/h2>\n<p><strong>B12-injeksjoner.<\/strong>  I de fleste land er kobalamin lett tilgjengelig uten resept.<br \/>\nFor katter opp til 5 kg kroppsvekt anbefales en subkutan injeksjon av 250 g kobalamin.<br \/>\nVi anbefaler ukentlige injeksjoner til FIP-katter inntil anemien forsvinner og RBC-verdiene stabiliserer seg.<br \/>\nI tillegg kan B12 gis gjennom subkutan v\u00e6skebehandling.<br \/>\nKatten din vil kanskje synes at denne prosedyren er mer behagelig fordi B12-injeksjoner gj\u00f8r vondt!      <strong>B12 orale kosttilskudd.<\/strong>  Metylkobalamin b\u00f8r tas siden det forbedrer leverens ytelse betydelig.<br \/>\nKatter kan ta B12-tilskudd som er markedsf\u00f8rt for mennesker.<br \/>\n500 mcg (0,5 mg) per dag er en utmerket startdose, men du kan gi opptil dobbelt s\u00e5 mye.<br \/>\nSelv om det kan virke h\u00f8yt, er det bare en liten del som faktisk absorberes.<br \/>\nTenk p\u00e5 \u00e5 ta et multivitamintilskudd som er utviklet for katter, og som ogs\u00e5 inneholder jern (mot anemi).      <strong>Ern\u00e6ring.<\/strong>  Ikke undervurder naturlige kilder til B12; hvis du kan, b\u00f8r du gi katten din omtrent en skje ferskt kj\u00f8tt, lever eller fisk hver dag.<br \/>\nKatten kan til og med nyte snacksen, og litt er nok til mye.   <\/p>\n<h2><strong>Fordeler med B12: vitaminer for katter<\/strong><\/h2>\n<p>  B12 bidrar til dannelsen av r\u00f8de blodlegemer (utvikling og vedlikehold av r\u00f8de blodlegemer).<br \/>\nB12-niv\u00e5ene m\u00e5 v\u00e6re tilstrekkelige for \u00e5 stoppe anemi.<br \/>\nB12 opprettholder helsen til det nevrologiske systemet (nerveceller og normal myelinisering &#8211; fettskjedene som dekker og beskytter nerveendene).<br \/>\nDet er avgj\u00f8rende for nerve- og kognitive prosesser.<br \/>\nB12 bidrar til god tarmhelse for bedre ford\u00f8yelse og absorpsjon av mat, samt bedre metabolisme av fett og karbohydrater.      <\/p>\n<h2><strong>10 tegn p\u00e5 B12-mangel<\/strong><\/h2>\n<ol>\n<li>Kvalme<\/li>\n<li>Oppkast<\/li>\n<li>Mangel p\u00e5 appetitt<\/li>\n<li>Problemer med absorpsjon av mat<\/li>\n<li>Forstoppelse<\/li>\n<li>Gass<\/li>\n<li>Vekttap<\/li>\n<li>Tretthet\/ slapphet<\/li>\n<li>Magesmerter<\/li>\n<li>Diar\u00e9<\/li>\n<\/ol>\n<h2><strong>Dosering av B12-vitaminer til katter under FIP-behandling<\/strong><\/h2>\n<p>  Hver uke, opptil 250-500 mikrogram (mcg) for voksne katter som ikke er anemiske.<br \/>\nR\u00e5df\u00f8r deg med veterin\u00e6ren din om riktig dosering for kattunger.<br \/>\nDet kan v\u00e6re n\u00f8dvendig \u00e5 gi katter med alvorlig anemi opptil 1000 mikrogram hver uke.<br \/>\nGS-441524 med vitamin B12 alene kan v\u00e6re utilstrekkelig i tilfeller av alvorlig anemi.<br \/>\nDet kan v\u00e6re n\u00f8dvendig \u00e5 gi flere ukentlige B12-injeksjoner.<br \/>\nSnakk med veterin\u00e6ren din.       <\/p>\n<h2><strong>Doseringsberegning ved bruk av GS-441524 + B12<\/strong><\/h2>\n<p>  Doseringen for GS-441524 er den samme med eller uten vitamin B12.<br \/>\n<strong>Eksempel: En katt p\u00e5 3 kg som har f\u00e5tt diagnosen <a href=\"\/?page_id=897\">V\u00c5T form<\/a> av FIP. <\/strong> Dosen for FIP i v\u00e5t form er 6 mg\/kg.<br \/>\nDaglig injeksjon av 0,9 ml GS-441524 tilsvarer 3 kg x 6 mg\/kg 20 mg\/ml.<br \/>\nDen anbefalte daglige dosen av vitamin B12 er 45 mcg (0,9 ml x 50 mcg\/ml).<br \/>\nDenne katten vil f\u00e5 315 mcg vitamin B12 hver uke.      <\/p>\n<h2><strong>Hvorfor katter med FIP trenger vitamin B12  <\/strong><\/h2>\n<p><strong>H\u00f8y risiko for anemi.<\/strong>  Under en FIP-sykdom utvikler katter ofte anemi.<br \/>\nB12-mangel fremskynder nedbrytningen av blodceller og begrenser kroppens naturlige evne til \u00e5 danne nytt blod.<br \/>\nKatter som har lave B12-niv\u00e5er blir anemiske.<br \/>\nKattens evne til \u00e5 motst\u00e5 FIP-viruset og andre infeksjoner er betydelig redusert n\u00e5r de f\u00e5r anemi.     <strong>Svekket immunforsvar.<\/strong>  Utilstrekkelige B12-niv\u00e5er \u00f8ker kroppens s\u00e5rbarhet for infeksjoner og sykdommer, og er spesielt skadelig for nervesystemet hos katter.<br \/>\nDette f\u00f8rer til at nevrologiske symptomer manifesterer seg raskere og kan resultere i alvorlige eller uopprettelige nerveskader.<br \/>\nEn prim\u00e6r sykdom (som FIP) som forstyrrer hjernens normale funksjon og blod-hjerne-barrieresystemet, er en vanlig \u00e5rsak til encefalopati, som inkluderer metabolsk encefalopati, en av flere typer encefalopati.<br \/>\nB12-mangel er en viktig \u00e5rsak til denne encefalopatien.<br \/>\nSl\u00f8vhet, tristhet, ataksi, anoreksi og sporadisk oppkast er noen av de vage kliniske symptomene som i alvorlige situasjoner kan f\u00f8re til nevrologisk sykdom og blindhet hos katter.<br \/>\nDet er godt dokumentert at FIPV-infiserte katter ofte har anemi eller anemilignende symptomer.<br \/>\nMange mennesker har nevrologiske tegn.<br \/>\nDette er et eksempel p\u00e5 en klassisk negativ feedback-loop: FIP-infeksjon utvikler seg raskere n\u00e5r B12-niv\u00e5ene er utilstrekkelige.<br \/>\nFIP gj\u00f8r det vanskeligere for kattene \u00e5 opprettholde nok B12 i kroppen. <strong>Rask utt\u00f8mming av n\u00e6ringsstoffer<\/strong> Siden FIP er en betennelsestilstand, kan den skade leveren, mage-tarmkanalen, bukspyttkjertelen og milten n\u00e5r en katt blir diagnostisert med den.<br \/>\nLeveren bruker raskt opp B12-lagrene sine n\u00e5r immunforsvaret er svekket.<br \/>\nN\u00e5r B12-niv\u00e5ene i leveren er lave, vil tarmcellene krympe og kroppen vil f\u00e5 problemer med \u00e5 absorbere n\u00e6ring.<br \/>\nDette vil sette i gang en sirkel som gj\u00f8r B12-mangelen verre.             <\/p>\n<h2><strong>OFTE STILTE SP\u00d8RSM\u00c5L<\/strong><\/h2>\n<p><strong>Hvordan kan B12 forbedre kattens generelle velv\u00e6re?<\/strong>  Hematologi, kjemi og\/eller blodpr\u00f8ver kan brukes til \u00e5 m\u00e5le kattens helsefremgang.<br \/>\nDu b\u00f8r imidlertid observere endringer i kattens atferd, som for eksempel mer energi, mindre sl\u00f8vhet og \u00f8kt sultf\u00f8lelse.<br \/>\nDet er viktig \u00e5 huske p\u00e5 at katter ikke kan forst\u00e5 sykdommen sin eller \u00e5rsakene til den.<br \/>\nAlt de er klar over, er en generell f\u00f8lelse av \u00e5 v\u00e6re syk.<br \/>\nBehandlingsregimet deres kan ha nytte av \u00e5 bruke B12 for \u00e5 redusere lidelsen og forbedre livskvaliteten.      <strong>Kan B12 bidra til \u00e5 kurere FIP?<\/strong>  Nei, det er det ikke.<br \/>\nDet er det ikke.<br \/>\nB12 er IKKE en <a href=\"https:\/\/fipmed.co\/\">FIP-behandling<\/a>.<br \/>\nMen det hjelper kattens immunsystem med \u00e5 utf\u00f8re viktige oppgaver.<br \/>\nDu trenger all den hjelpen du kan f\u00e5 hvis du vil gi katten din en sjanse til \u00e5 bekjempe viruset.<br \/>\nHvis du ikke tar alle forholdsregler for \u00e5 \u00f8ke sjansene for \u00e5 lykkes, kan du ikke forvente \u00e5 n\u00e5 m\u00e5lene dine med den prim\u00e6re behandlingen.<br \/>\nKonklusjonen er at behandling av FIP inneb\u00e6rer mer enn bare \u00e5 gi en prim\u00e6rbehandling, som PI, FOI osv.<br \/>\nSom kattens foresatte er det ditt ansvar \u00e5 opprettholde og forbedre immunforsvaret for \u00e5 gi katten den beste sjansen til \u00e5 overleve.<br \/>\nDet er ikke en lett oppgave med tanke p\u00e5 st\u00f8rrelsen og alvorlighetsgraden av FIP.<br \/>\nAlt vi eiere kan gj\u00f8re er \u00e5 bruke alle v\u00e5pen vi har til r\u00e5dighet for \u00e5 kjempe s\u00e5 lenge og s\u00e5 hardt vi kan.<br \/>\nI denne konflikten teller hver eneste fordel, og B12 er et avgj\u00f8rende v\u00e5pen.<br \/>\nMan vet aldri hvilke tilsynelatende ubetydelige, men til syvende og sist viktige tiltak som til slutt kan utgj\u00f8re en vesentlig forskjell.<br \/>\nGi katten din en sjanse til \u00e5 lykkes.              <strong>Hvorfor kan en kattunge trenge en B12-injeksjon?<\/strong>  Katter f\u00e5r i seg vitamin B12 naturlig gjennom maten.<br \/>\nDessverre har mange kattunger problemer med \u00e5 absorbere n\u00e6ringsstoffene riktig i tarmen, og kan raskt f\u00e5 B12-mangel.<br \/>\nP\u00e5 grunn av dette er det ikke sikkert at kattunger har nytte av orale kosttilskudd; i stedet vil et injiserbart vitamin v\u00e6re en mer p\u00e5litelig m\u00e5te \u00e5 garantere dette p\u00e5.<br \/>\nEn injeksjon av vitamin B12 kan v\u00e6re gunstig for kattunger med tilstandene som er listet opp nedenfor, som en del av den st\u00f8ttende behandlingen:     <\/p>\n<ul>\n<li>Ubehag i magen<\/li>\n<li>Malabsorpsjon<\/li>\n<li>Inappetitt<\/li>\n<li>Diar\u00e9<\/li>\n<li>Forstoppelse<\/li>\n<li>Sl\u00f8v tilstand<\/li>\n<li>Vektnedgang<\/li>\n<li>Oppkast<\/li>\n<li>Anemi<\/li>\n<li>FIP<\/li>\n<li>Panleukopeni<\/li>\n<\/ul>\n<p>  Selv om B12 ikke kan l\u00f8se disse problemene alene, kan det bidra til \u00e5 opprettholde kattungens immunsystem og ford\u00f8yelsessystem mens den gjennomg\u00e5r behandling og rekonvalesens.  <strong>N\u00f8dvendige forsyninger<\/strong><\/p>\n<ul>\n<li>Injiserbar B12 gitt av veterin\u00e6r<\/li>\n<li>Sterilez 1cc-spr\u00f8yte<\/li>\n<li>25 g n\u00e5ler<\/li>\n<li>Dispenser for skarpe gjenstander<\/li>\n<\/ul>\n<p>  Selv om B12 ikke direkte hjelper katten med \u00e5 bli frisk fra FIP-tilstanden, kan det hjelpe ved \u00e5 st\u00f8tte kattens immunsystem, og kan indirekte hjelpe katten med \u00e5 bli frisk fra den syke tilstanden.<br \/>\nDerfor b\u00f8r flere katteeiere kjenne til dette og ofte gi katten B12 for \u00e5 forbedre kattens tilstand, enten den er frisk eller syk.<\/p>\n","protected":false},"excerpt":{"rendered":"<p>N\u00e5r man tar vare p\u00e5 en katt som er rammet av Felin Infeksi\u00f8s Peritonitt (FIP), er det sv\u00e6rt viktig \u00e5 ta vare p\u00e5 kattens helse. Dette gjelder ogs\u00e5 vitaminer for katter, og et viktig vitamin som katter ogs\u00e5 har, er vitamin B12. I denne artikkelen vil vi forklare viktigheten av B12-vitamin for katter. Hva er [&hellip;]<\/p>\n","protected":false},"author":11,"featured_media":22340,"parent":0,"menu_order":0,"comment_status":"closed","ping_status":"closed","template":"","meta":{"_glsr_average":0,"_glsr_ranking":0,"_glsr_reviews":0,"footnotes":""},"categories":[855],"tags":[856,886,884,885,883],"_links":{"self":[{"href":"https:\/\/fipmed.co\/no\/wp-json\/wp\/v2\/pages\/22339"}],"collection":[{"href":"https:\/\/fipmed.co\/no\/wp-json\/wp\/v2\/pages"}],"about":[{"href":"https:\/\/fipmed.co\/no\/wp-json\/wp\/v2\/types\/page"}],"author":[{"embeddable":true,"href":"https:\/\/fipmed.co\/no\/wp-json\/wp\/v2\/users\/11"}],"replies":[{"embeddable":true,"href":"https:\/\/fipmed.co\/no\/wp-json\/wp\/v2\/comments?post=22339"}],"version-history":[{"count":0,"href":"https:\/\/fipmed.co\/no\/wp-json\/wp\/v2\/pages\/22339\/revisions"}],"wp:featuredmedia":[{"embeddable":true,"href":"https:\/\/fipmed.co\/no\/wp-json\/wp\/v2\/media\/22340"}],"wp:attachment":[{"href":"https:\/\/fipmed.co\/no\/wp-json\/wp\/v2\/media?parent=22339"}],"wp:term":[{"taxonomy":"category","embeddable":true,"href":"https:\/\/fipmed.co\/no\/wp-json\/wp\/v2\/categories?post=22339"},{"taxonomy":"post_tag","embeddable":true,"href":"https:\/\/fipmed.co\/no\/wp-json\/wp\/v2\/tags?post=22339"}],"curies":[{"name":"wp","href":"https:\/\/api.w.org\/{rel}","templated":true}]}}