{"id":22351,"date":"2022-12-02T07:59:53","date_gmt":"2022-12-02T07:59:53","guid":{"rendered":"https:\/\/fipmed.co\/katt-fip-10-ting-a-gjore-nar-katten-din-er-diagnostisert-som-en-fip-katt\/"},"modified":"2022-12-02T07:59:53","modified_gmt":"2022-12-02T07:59:53","slug":"katt-fip-10-ting-a-gjore-nar-katten-din-er-diagnostisert-som-en-fip-katt","status":"publish","type":"page","link":"https:\/\/fipmed.co\/no\/katt-fip-10-ting-a-gjore-nar-katten-din-er-diagnostisert-som-en-fip-katt\/","title":{"rendered":"FIP hos katt: 10 ting du m\u00e5 gj\u00f8re med en gang katten din f\u00e5r diagnosen FIP-katt"},"content":{"rendered":"<p>Det kan v\u00e6re skremmende hvis du nettopp har funnet ut at katten din har FIP.<br \/>\nHvis det er deg, forst\u00e5r vi det, men vi er her for \u00e5 hjelpe.<br \/>\nHvis katten din har f\u00e5tt diagnosen FIP, er det 10 ting du kan gj\u00f8re.    <\/p>\n<h2>1. S\u00f8k r\u00e5d hos en FIP-ekspert hos katteveterin\u00e6ren<\/h2>\n<p>  For katteeiere kan diagnosen FIP v\u00e6re skremmende.<br \/>\nSelv om denne tilstanden er kompleks og alvorlig, kan rask behandling og eksperthjelp utgj\u00f8re en stor forskjell for ditt kj\u00e6re kj\u00e6ledyrs velv\u00e6re.<br \/>\nVeterin\u00e6ren din vil kunne fortelle deg hvordan du kan sikre at katten din har best mulig sjanse til \u00e5 overleve.<br \/>\nSelv med riktig behandling er det mange ting du kan gj\u00f8re for \u00e5 forbedre kattens overlevelsessjanser.<br \/>\nNoen katter vil klare seg fint hjemme hos deg, mens mer alvorlige tilfeller kan trenge sykehusinnleggelse for bedre medisinsk behandling.      <\/p>\n<h2>2. Begynn behandling med GS441524<\/h2>\n<p>  Behandling av felin infeksi\u00f8s peritonitt (FIP) med GS441524 er det f\u00f8rste skrittet for \u00e5 hjelpe kattene til \u00e5 overleve.<br \/>\nGS441524 er en oral antiviral <a href=\"\/de?page_id=887\" target=\"_blank\" rel=\"noopener\">behandling for FIP<\/a> som har vist seg \u00e5 v\u00e6re sv\u00e6rt effektiv og bemerkelsesverdig trygg for katter som sliter med denne alvorlige tilstanden.<br \/>\nN\u00e5r behandlingen startes raskt og i henhold til legens instruksjoner, kan <a href=\"\/de?page_id=6163\" target=\"_blank\" rel=\"noopener\">GS 44151524<\/a> vise seg \u00e5 v\u00e6re livreddende; studier viser en suksessrate p\u00e5 90 %.<br \/>\nDe potensielle bivirkningene er relativt lave, men omfatter endringer i appetitt, diettpreferanser og atferd, samt forbig\u00e5ende diar\u00e9 eller oppkast i l\u00f8pet av de f\u00f8rste dagene av behandlingen &#8211; alt dette er lett \u00e5 h\u00e5ndtere under n\u00f8ye tilsyn av en veterin\u00e6r.<br \/>\nPrioritering av behandling med autoinjiserbare kortikosteroider b\u00f8r ledsage p\u00e5begynt langtids oral behandling i alvorlige tilfeller, samtidig som man opprettholder optimal symptomatisk st\u00f8tte, for eksempel ern\u00e6ringsst\u00f8tte og n\u00f8ye hygieneprotokoller under hele behandlingen, noe som vil hjelpe kattens bedring betydelig.      <\/p>\n<h2>3. H\u00e5ndtere symptomer og lindre smerte ved FIP hos katt<\/h2>\n<p>  N\u00e5r en katt har f\u00e5tt diagnosen FIP, er det viktig \u00e5 iverksette umiddelbare tiltak for \u00e5 h\u00e5ndtere symptomene og lindre smertene.<br \/>\nFIP er en kompleks sykdom som kan for\u00e5rsake ubehag hos katter, og derfor er symptombehandling viktig for \u00e5 h\u00e5ndtere den kroniske tilstanden.<br \/>\nBruk av smertestillende midler er noen ganger n\u00f8dvendig hvis katten din ser ut til \u00e5 v\u00e6re ukomfortabel og ha smerter.<br \/>\nAntibiotika kan ogs\u00e5 hjelpe mot bakterielle infeksjoner som kan v\u00e6re for\u00e5rsaket av FIP-tilstanden.<br \/>\nI noen tilfeller, n\u00e5r <a href=\"\/de?page_id=903\" target=\"_blank\" rel=\"noopener\">katten har<\/a> en fremskreden FIP, kan det v\u00e6re n\u00f8dvendig med steroider for \u00e5 redusere betennelsen i begynnelsen.<br \/>\nSteroider m\u00e5 imidlertid stoppes umiddelbart n\u00e5r katten har stabilisert seg, da det forstyrrer den antivirale behandlingen mot FIP.       <\/p>\n<h2>4. Tilf\u00f8r v\u00e6ske under huden<\/h2>\n<p>  Felin infeksi\u00f8s peritonitt (FIP) er en alvorlig og ofte d\u00f8delig tilstand.<br \/>\nSom en del av behandlingsplanen kan subkutan v\u00e6sketilf\u00f8rsel bli anbefalt for \u00e5 hjelpe til med \u00e5 h\u00e5ndtere en FIP-katts tilstand.<br \/>\nDette inneb\u00e6rer \u00e5 gi v\u00e6ske under huden for langsom absorpsjon i blodoml\u00f8pet og kroppen for \u00e5 sikre tilstrekkelige hydreringsniv\u00e5er og forbedre den generelle helsen.<br \/>\nV\u00e6skebehandling i hjemmet kan v\u00e6re nyttig fordi det hjelper katter med medisinske tilstander som krever ekstra v\u00e6ske &#8211; slik som FIP &#8211; med \u00e5 holde seg hydrert uten \u00e5 m\u00e5tte dra til veterin\u00e6ren ofte for intraven\u00f8s behandling.<br \/>\nSubkutane v\u00e6sketilf\u00f8rsler (SQF) b\u00f8r gis fortl\u00f8pende, men det finnes noen retningslinjer for hvor ofte de b\u00f8r gis.<br \/>\nDe fleste katter trenger rutinemessig SQF mellom \u00e9n gang i uken og opptil daglig, avhengig av kattens generelle helsetilstand, n\u00e5v\u00e6rende dehydreringsniv\u00e5 og andre faktorer som veterin\u00e6ren eller dyrehelseteamet ditt bestemmer.<br \/>\nFor \u00e5 avgj\u00f8re om SQF er n\u00f8dvendig eller ikke, og hvor ofte de b\u00f8r utf\u00f8res, b\u00f8r du diskutere dette direkte med veterin\u00e6ren din for \u00e5 f\u00e5 riktig veiledning f\u00f8r du begynner med hjemmebehandling hjemme.<br \/>\nHvis det gj\u00f8res p\u00e5 riktig m\u00e5te med sterile n\u00e5ler og utstyr i henhold til veterin\u00e6rens anvisninger, kan hjemmebehandling med SQF gi s\u00e5rbehandling som er s\u00e5rt tiltrengt, samtidig som man unng\u00e5r un\u00f8dvendig stress i forbindelse med regelmessige kontroller hos veterin\u00e6ren p\u00e5 grunn av sporadiske sykdommer som <a href=\"\/de?page_id=6094\" target=\"_blank\" rel=\"noopener\">FIP hos katter og kattunger<\/a>.         &nbsp;<\/p>\n<h2>5. Ern\u00e6ringsmessig st\u00f8tte for FIP hos katt<\/h2>\n<p><a href=\"\/de?page_id=893\" target=\"_blank\" rel=\"noopener\">Ern\u00e6ringsmessig st\u00f8tte<\/a> er en viktig del av behandlingen av FIP hos katter.<br \/>\nN\u00e6ringsstoffer spiller en viktig rolle i \u00e5 st\u00f8tte kattens generelle helse og bidra til \u00e5 bekjempe viruset som for\u00e5rsaker sykdommen.<br \/>\nN\u00e5r det gjelder FIP hos katt, er det spesifikke kostholdsbehov som m\u00e5 tas hensyn til for kattens velv\u00e6re.<br \/>\nNoen katter har faktisk utviklet FIP p\u00e5 grunn av d\u00e5rlig ern\u00e6ring, noe som bidrar til et svakt immunsystem.<br \/>\nImmunforsvaret spiller en viktig rolle i \u00e5 kontrollere og bekjempe infeksjoner for\u00e5rsaket av FIP, s\u00e5 riktig ern\u00e6ring er n\u00f8kkelen til \u00e5 fremme optimal helse og minimere tilbakefall eller utbrudd av denne komplekse sykdommen.<br \/>\nEndre kattens kosthold til en r\u00e5 oksekj\u00f8ttdiett, og gi den mer v\u00e6ske i form av benbuljong.<br \/>\nDu kan ogs\u00e5 supplere med disse vitaminene: <strong>Omega-3 fettsyrer:<\/strong> Omega-3-fettsyrer, som er vanlige i fiskeoljetilskudd, kan bidra til \u00e5 redusere betennelse og forbedre kattens generelle helse.<br \/>\nDe kan hjelpe mot FIP-relaterte problemer som v\u00e6skeansamlinger og betennelser. <strong>Antioksidanter<\/strong>: som vitamin C og E, kan bidra til \u00e5 redusere oksidativt stress og st\u00f8tte immunforsvaret.<br \/>\nVeterin\u00e6ren din kan gi deg r\u00e5d om den beste dosen for katten din. <strong>Probiotika:<\/strong> Probiotika kan hjelpe kattens mage- og tarmhelse og immunsystem.<br \/>\nFordi FIP kan ha innvirkning p\u00e5 ford\u00f8yelseskanalen, kan probiotika v\u00e6re nyttig. <strong>St\u00f8tte til immunforsvaret:<\/strong> I samarbeid med veterin\u00e6ren din kan du vurdere tilskudd til immunforsvaret, for eksempel betaglukaner eller immunmodulatorer. <strong>B-vitaminer:<\/strong> B-vitaminer, spesielt B-12, er gunstig for den generelle helsen og velv\u00e6ret.<br \/>\nI sjeldne tilfeller kan et tilskudd av vitamin B-komplekser anbefales. <strong>Unng\u00e5 L-Lysin:<\/strong> Lysin er en aminosyre som kan hjelpe mot \u00f8vre luftveissymptomer for\u00e5rsaket av FIP, men det kan ikke behandle tilstanden direkte.<br \/>\nDet hindrer ogs\u00e5 <a href=\"\/de?page_id=895\" target=\"_blank\" rel=\"noopener\">behandling<\/a> av FIP.             &nbsp;<\/p>\n<h2>6. Skap et komfortabelt og rent milj\u00f8<\/h2>\n<p>  \u00c5 skape og opprettholde et komfortabelt og rent milj\u00f8 for katter med FIP er avgj\u00f8rende for kattens generelle helse.<br \/>\nEt rent oppholdsrom kan bidra til \u00e5 redusere symptomer p\u00e5 ubehag for\u00e5rsaket av betennelse og redusere alvorlighetsgraden av immunsuppresjonen forbundet med FIP.<br \/>\nEn m\u00e5te katteeiere kan skape en slik atmosf\u00e6re p\u00e5, er ved \u00e5 holde kattetoaletter, vannsk\u00e5ler og matsk\u00e5ler fri for rusk og rask som kan v\u00e6re en ekstra belastning for kattens svekkede immunsystem.<br \/>\nI tillegg er det viktig \u00e5 forhindre overbefolkning i hjemmet, da dette kan bidra til ytterligere infeksjoner blant katter.<br \/>\nDette kan ytterligere \u00f8ke risikoen for \u00e5 utvikle FIP hos katter eller forverre eksisterende tilstander som gastrointestinale problemer knyttet til koronavirusinfeksjon.      &nbsp;<\/p>\n<h2>7. Gjennomf\u00f8r strenge hygienetiltak<\/h2>\n<p>  N\u00e5r en katt f\u00e5r diagnosen FIP, m\u00e5 eierne handle raskt for \u00e5 beskytte de andre kattene og <a href=\"\/de?page_id=891\" target=\"_blank\" rel=\"noopener\">forhindre<\/a> spredning av sykdommen.<br \/>\nDet er viktig \u00e5 iverksette strenge hygienetiltak, inkludert \u00e5 isolere den <a href=\"\/de?page_id=899\" target=\"_blank\" rel=\"noopener\">smittede<\/a> katten, rengj\u00f8re og desinfisere omgivelsene, minimere kontakt mellom katter og vaske hendene etter h\u00e5ndtering av et smittet dyr.<br \/>\nM\u00e5let med \u00e5 implementere disse rutinene er todelt; for det f\u00f8rste reduserer det risikoen ved \u00e5 forhindre videre overf\u00f8ring av FIP i eller utenfor husholdningen.<br \/>\nFor det andre bidrar det til \u00e5 skape en behagelig atmosf\u00e6re for de smittede kattene, samtidig som det reduserer ubehaget de kan f\u00f8le p\u00e5 grunn av fysiske symptomer som feber eller ford\u00f8yelsesproblemer.<br \/>\nAlle overflater i husholdningen b\u00f8r rengj\u00f8res regelmessig med desinfeksjonsmidler som er godkjent av veterin\u00e6rmedisinsk fagpersonell i minst 10 minutter daglig for \u00e5 redusere bakteriekontaminering for\u00e5rsaket av aerosoldr\u00e5per som produseres n\u00e5r katter hoster eller nyser.<br \/>\nI tillegg reduserer god h\u00e5ndhygiene &#8211; grundig h\u00e5ndvask umiddelbart etter kontakt med et smittet dyr &#8211; risikoen for smitteoverf\u00f8ring fra person til person betydelig.<br \/>\nKatteeiere anbefales ikke bare \u00e5 bruke hansker n\u00e5r det er n\u00f8dvendig, men ogs\u00e5 \u00e5 s\u00f8rge for regelmessig klesvask for \u00e5 begrense eksponeringen.<br \/>\nVed \u00e5 ta hvert trinn p\u00e5 alvor i diagnostiserings- og implementeringsfasene som ekspertene anbefaler, vil kj\u00e6ledyrforeldre gj\u00f8re alt de kan for \u00e5 forbedre livskvaliteten for kj\u00e6ledyr som lever med denne tilstanden.         &nbsp;<\/p>\n<h2>8. H\u00e5ndhev FIP-isolasjonsprotokoller for katter i husholdninger med flere katter<\/h2>\n<p>  N\u00e5r en <a href=\"\/de?page_id=870\" target=\"_blank\" rel=\"noopener\">katt diagnostiseres med felin infeksi\u00f8s peritonitt<\/a> (FIP) i en husholdning med flere katter, er det viktig \u00e5 isolere den ber\u00f8rte FIP-katten fra andre katter for \u00e5 forhindre videre spredning og beskytte andre katter.<br \/>\nSelv om det er vanskelig \u00e5 fullstendig forhindre at kj\u00e6ledyret ditt omg\u00e5s andre katter, finnes det tiltak du kan iverksette for \u00e5 redusere smitterisikoen betydelig.<br \/>\nFIP spres f\u00f8rst og fremst gjennom kontakt med infisert avf\u00f8ring i felles kattebakker eller p\u00e5 overflater.<br \/>\nN\u00e5r katter kommer tett innp\u00e5 hverandre eller leker r\u00f8ft, kan de potensielt overf\u00f8re sykdommer som FIP, s\u00e5 det \u00e5 redusere disse aktivitetene b\u00f8r v\u00e6re en topp prioritet for eiere av katter som har f\u00e5tt diagnosen.<br \/>\nDet er ogs\u00e5 viktig \u00e5 v\u00e6re oppmerksom p\u00e5 delte sk\u00e5ler og senget\u00f8y, og unng\u00e5 direkte kontakt mellom flere katter n\u00e5r det er mulig.<br \/>\nFIPV spres via avf\u00f8ring, s\u00e5 ideelt sett b\u00f8r du ha separate kattedoer for hver katt.<br \/>\nLag morsomme leker, kl\u00f8ebrett og gjemmesteder spesielt for din egen katt med noen ukers mellomrom, slik at de ikke blir sjalu p\u00e5 det som tilh\u00f8rer andre.<br \/>\nHvis det er mulig, b\u00f8r du dessuten holde hvert dyr for seg &#8211; \u00e5 holde dem i forskjellige rom i hjemmet reduserer ikke bare stress, men holder ogs\u00e5 sykdommer i sjakk!<br \/>\nVed \u00e5 implementere hensiktsmessige isolasjonsprotokoller kan du redusere risikoen for overf\u00f8ring av felint koronavirus til uvaksinerte eller immunsvekkede FIP-katter.<br \/>\nDet inkluderer ogs\u00e5 \u00e5 avskj\u00e6re felles uteomr\u00e5der, matsk\u00e5ler og kl\u00e6r som kan spre bakterier gjennom spytt, pels osv.<br \/>\nDu b\u00f8r ogs\u00e5 vurdere \u00e5 anbefale at alle friske katter som bor i samme husholdning vaksineres mot FIV\/FeLV-komplekse virussykdommer som FIP minst to ganger i \u00e5ret.<br \/>\nHvis du oppdager tegn p\u00e5 smittsom sykdom, eller hvis testresultatene er positive for FeLV, b\u00f8r du holde disse dyrene borte fra karanteneomr\u00e5det ditt &#8211; ikke bare kan disse virusene f\u00f8re til alvorlig sykdom, men kontinuerlig eksponering kan ogs\u00e5 introdusere nye infeksjoner i et isolert milj\u00f8, noe som kan forverre kj\u00e6ledyrets tilstand raskere f\u00f8r behandlingen begynner.             &nbsp;<\/p>\n<h2>9. Overv\u00e5k kattens tilstand<\/h2>\n<p>  Det er sv\u00e6rt viktig \u00e5 f\u00f8lge n\u00f8ye med p\u00e5 kattens tilstand og opps\u00f8ke veterin\u00e6r umiddelbart hvis FIP har blitt diagnostisert. Symptomene p\u00e5 FIP kan variere betydelig fra et tilfelle til et annet, og eventuelle endringer i kattens atferd eller helse b\u00f8r diskuteres med erfarne fagfolk, for eksempel en veterin\u00e6r, umiddelbart. Regelmessige veterin\u00e6rkontroller er avgj\u00f8rende for tidlig diagnostisering og behandling av viruset; dette gir mulighet for effektive behandlingsstrategier, symptomlindring og forlengelse av kj\u00e6ledyrets liv. Hvis du har en husholdning med flere katter innend\u00f8rs, der kattene kan komme i kontakt med hverandre, anbefales det at du iverksetter isolasjonsprotokoller inntil den infiserte kattens sykdomsutvikling kan overv\u00e5kes av en profesjonell veterin\u00e6r. Advarselstegn inkluderer drastisk vekttap, ekstrem tretthet\/letargi, feber, forvirring eller desorientering &#8211; som alle krever \u00f8yeblikkelig legehjelp.  <\/p>\n<h2>10. Begrens eksponeringen for andre katter<\/h2>\n<p>  Til slutt b\u00f8r man ogs\u00e5 begrense tilgangen til utend\u00f8rsarealer, da ville dyr kan b\u00e6re p\u00e5 sykdommer som kan sette din FIP-positive katt i ytterligere fare &#8211; \u00e5 beskytte den mot slike tilfeller ved \u00e5 unng\u00e5 barberte omr\u00e5der utend\u00f8rs der fugler og andre dyr lett kan vandre inn, vil i stor grad redusere sjansene for \u00e5 bli smittet av noe ekstra utover den eksisterende diagnosen.<br \/>\nVed \u00e5 redusere den fysiske interaksjonen som er hoved\u00e5rsaken til smitten, kan man sikre maksimal sikkerhet ved \u00e5 ta de n\u00f8dvendige forholdsreglene i h\u00e5ndteringen av Felin infeksi\u00f8s peritonitt (FIP).<br \/>\n\u00c5 ta ryddige skritt mot sikkerhet, for eksempel \u00e5 f\u00f8lge n\u00f8ye med p\u00e5 personlige hygienetiltak mens du er klar over \u00e5 utsette forurensede milj\u00f8er, vil gi viktig beskyttelse mot potensiell spredning av koronavirus assosiert under lignende omstendigheter, spesielt med flere kattehusholdninger mer drastisk &#8211; Uunnv\u00e6rlig praksis rent st\u00f8ttet av medisinsk forskning gang p\u00e5 gang uten \u00e5 mislykkes, spesielt under denne spesifikke sykdommens kontekst effektivt.<\/p>\n","protected":false},"excerpt":{"rendered":"<p>Det kan v\u00e6re skremmende hvis du nettopp har funnet ut at katten din har FIP. Hvis det er deg, forst\u00e5r vi det, men vi er her for \u00e5 hjelpe. Hvis katten din har f\u00e5tt diagnosen FIP, er det 10 ting du kan gj\u00f8re. 1. S\u00f8k r\u00e5d hos en FIP-ekspert hos katteveterin\u00e6ren For katteeiere kan diagnosen [&hellip;]<\/p>\n","protected":false},"author":11,"featured_media":22357,"parent":0,"menu_order":0,"comment_status":"closed","ping_status":"closed","template":"","meta":{"_glsr_average":0,"_glsr_ranking":0,"_glsr_reviews":0,"footnotes":""},"categories":[855],"tags":[856,892],"_links":{"self":[{"href":"https:\/\/fipmed.co\/no\/wp-json\/wp\/v2\/pages\/22351"}],"collection":[{"href":"https:\/\/fipmed.co\/no\/wp-json\/wp\/v2\/pages"}],"about":[{"href":"https:\/\/fipmed.co\/no\/wp-json\/wp\/v2\/types\/page"}],"author":[{"embeddable":true,"href":"https:\/\/fipmed.co\/no\/wp-json\/wp\/v2\/users\/11"}],"replies":[{"embeddable":true,"href":"https:\/\/fipmed.co\/no\/wp-json\/wp\/v2\/comments?post=22351"}],"version-history":[{"count":0,"href":"https:\/\/fipmed.co\/no\/wp-json\/wp\/v2\/pages\/22351\/revisions"}],"wp:featuredmedia":[{"embeddable":true,"href":"https:\/\/fipmed.co\/no\/wp-json\/wp\/v2\/media\/22357"}],"wp:attachment":[{"href":"https:\/\/fipmed.co\/no\/wp-json\/wp\/v2\/media?parent=22351"}],"wp:term":[{"taxonomy":"category","embeddable":true,"href":"https:\/\/fipmed.co\/no\/wp-json\/wp\/v2\/categories?post=22351"},{"taxonomy":"post_tag","embeddable":true,"href":"https:\/\/fipmed.co\/no\/wp-json\/wp\/v2\/tags?post=22351"}],"curies":[{"name":"wp","href":"https:\/\/api.w.org\/{rel}","templated":true}]}}