{"id":22352,"date":"2022-12-02T08:05:01","date_gmt":"2022-12-02T08:05:01","guid":{"rendered":"https:\/\/fipmed.co\/katt-fip-behandling-medisinsk-fremgang-for-fip-redder-katter\/"},"modified":"2022-12-02T08:05:01","modified_gmt":"2022-12-02T08:05:01","slug":"katt-fip-behandling-medisinsk-fremgang-for-fip-redder-katter","status":"publish","type":"page","link":"https:\/\/fipmed.co\/no\/katt-fip-behandling-medisinsk-fremgang-for-fip-redder-katter\/","title":{"rendered":"Behandling av FIP hos katt: Medisinske fremskritt for FIP redder katter"},"content":{"rendered":"<p>Det finnes allerede en velpr\u00f8vd FIP-behandling for katter.<br \/>\nP\u00e5 grunn av manglende \u00f8konomisk motivasjon finnes det imidlertid ingen offisielt godkjente medisiner mot <a href=\"\/?page_id=883\" target=\"_blank\" rel=\"noopener\">FIP hos<\/a> katt.<br \/>\nUnderst\u00f8ttende behandling kan lindre ubehaget, men vil ikke \u00f8ke overlevelsesraten, for eksempel betennelsesdempende medisiner og v\u00e6skedrenasje fra bryst og buk.<br \/>\nAvliving har tidligere v\u00e6rt det beste alternativet p\u00e5 grunn av sykdommens raske og h\u00f8ye d\u00f8delighet, men i dag kan behandling gis med h\u00f8y suksessrate.<br \/>\nDet finnes noen f\u00e5 legemidler som er under utpr\u00f8ving, blant annet GS441524, GC376, CL-Pro og Remdesivir.<br \/>\nDisse medisinene er for \u00f8yeblikket ikke lovlig tilgjengelige for klinisk bruk til katter.       <\/p>\n<h2><\/h2>\n<p><strong>ANTIVIRALER (proteasehemmere, polymerasehemmere, nukleosidanaloger<\/strong> ) De eneste <a href=\"https:\/\/fipmed.co\/\" target=\"_blank\" rel=\"noopener\">behandlingene som n\u00e5 gir h\u00e5p for katter med FIP<\/a>, er GS441524, som er en nukleosidanalog, og GC376, en proteasehemmer.<br \/>\nGS441524 er fortsatt det beste alternativet for behandling av FIP p\u00e5 grunn av den lavere tilbakefallsraten sammenlignet med GC376.<br \/>\nDet virker ogs\u00e5 raskere enn Remdesivir.<br \/>\nRemdesivir er faktisk en forl\u00f8per til GS441524, s\u00e5 det kreves et ekstra trinn for at Remdesivir skal omdannes til GS441524 for at det skal virke. &nbsp;<strong>GS-441524<\/strong> Det er dokumentert at denne medisinen fungerer godt i mange situasjoner.<br \/>\nDet har v\u00e6rt vanskelig \u00e5 f\u00e5 tak i den.<br \/>\nRemdesivir er, som tidligere nevnt, protid eller prodrug som kroppen deretter omdanner til GS-441524.<br \/>\nVed \u00e5 gi medisinen i protid- eller prodrugform blir det lettere \u00e5 f\u00e5 den inn i immunsystemets celler som inneholder immunsuppressive koronavirus.<br \/>\nI noen kattetester ble GS-441524 gitt i sin opprinnelige formulering, uten at det ble sett noen vellykket kurering av FIP.         &nbsp;  GS441524 er fortsatt v\u00e5rt beste behandlingsalternativ for \u00f8yeblikket.<br \/>\nMen p\u00e5 grunn av de h\u00f8ye kostnadene og den manglende tilgangen til denne medisinen, b\u00f8r katteeiere v\u00e6re mer opptatt av \u00e5 forhindre at katten deres f\u00e5r sykdommen i utgangspunktet. &nbsp;<strong>GC376<\/strong> GC376 kan betraktes som et bredspektret antiviralt legemiddel som hemmer <sup>Mpro<\/sup> av flere virus, inkludert koronavirus som FCoV, porcint epidemisk diar\u00e9virus (PEDV), SARS-CoV, MERS-CoV, SARS-CoV-2, ilder- og minkkoronavirus.<br \/>\nGC376 er en prodrug av GC373, en annen dipeptidbasert proteasehemmer.<br \/>\nBehandling av FIP hos katter med GC376 var forbundet med bivirkninger som forbig\u00e5ende svie p\u00e5 injeksjonsstedene, subkutan fibrose, h\u00e5ravfall og unormal frembrudd av permanente tenner hos unge katter<span class=\"anchor-text\">[4<\/span>].<br \/>\nDerfor er det n\u00f8dvendig med ytterligere studier for \u00e5 evaluere de mulige bivirkningene forbundet med bruk av GC376 i dyremodeller, f\u00f8r det tas i bruk i kliniske studier.<br \/>\nGC376 forhindrer replikasjon av FCoV-virus med en annen mekanisme.<br \/>\nImidlertid er tilbakefallsraten hos katter som behandles med GC376, betydelig h\u00f8yere enn for GS441524.<br \/>\nGC376 kommer til sin rett n\u00e5r katter har utviklet resistens mot GS441524, spesielt i tilbakefallstilfeller.<br \/>\nDa anbefales det \u00e5 bruke GC376 i stedet.<br \/>\nDet finnes ogs\u00e5 forskningsstudier som viser at en kombinasjon av b\u00e5de GS441524 og GC376 gir bedre resultater, og som ogs\u00e5 muliggj\u00f8r en kortere behandlingstid p\u00e5 6 uker i stedet for de vanlige 12 ukene.           &nbsp;<\/p>\n<p class=\"p1\"><b>Interferon for katter<\/b><\/p>\n<p>  Interferon er det kroppen naturlig produserer som svar p\u00e5 en virusinfeksjon.<br \/>\nDet finnes to typer interferoner som er tilgjengelige for veterin\u00e6rer: interferon omega for katt (Virbagen Omega,\u00ae produsert av Virbac i Frankrike) og interferon alfa for mennesker, som finnes under flere merkenavn.<br \/>\nDet er \u00e5 foretrekke \u00e5 bruke interferon for katt, fordi interferoner er artsspesifikke: De virker best hos den arten de kommer fra.<br \/>\nInterferon-omega er en injeksjon som markedsf\u00f8res for katter med FIP.<br \/>\nEn liten, tidlig studie viste lovende resultater, og i en kort periode ble det derfor en del av standardbehandlingen.<br \/>\nDet var en av de tidligste <a href=\"\/?page_id=887\" target=\"_blank\" rel=\"noopener\">tilgjengelige behandlingene<\/a> for FIP, men suksessraten var lav.<br \/>\nEn st\u00f8rre dobbeltblindet placebokontrollert studie viste at interferon ikke hadde noen effekt.<br \/>\nDet burde ha v\u00e6rt slutten p\u00e5 saken, men medikamentet er fortsatt tilgjengelig, og folk bruker fortsatt den tidligere artikkelen uten \u00e5 referere til den senere.         &nbsp;<\/p>\n<p><strong>KORTIKOSTEROIDER (KUN FOR PALLIALITIVE)<\/strong><\/p>\n<p class=\"p1\"><span class=\"s1\">I den tidlige fasen av sykdommen kan det v\u00e6re n\u00f8dvendig med st\u00f8ttende (symptomatisk) medisinering for \u00e5 holde kattene i live lenge nok til at antivirale midler kan virke.<br \/>\nBetennelsesdempende midler (kortikosteroider, NSAIDS) er ofte inkludert i medisineringen.<br \/>\nDet er \u00e5 foretrekke \u00e5 unng\u00e5 overdreven bruk av disse medikamentene, med mindre det er kortvarig og bare hvis det er en overbevisende begrunnelse for \u00e5 gj\u00f8re det, spesielt hos katter som er sv\u00e6rt syke de f\u00f8rste dagene.  <\/span><\/p>\n<p class=\"p1\"><span class=\"s1\">Det prim\u00e6re m\u00e5let med behandling av FIP er \u00e5 forhindre virusreplikasjon i makrofager, noe som umiddelbart vil stoppe dannelsen av de ulike inflammatoriske og immunsuppressive cytokinene som gir FIP-symptomer.<br \/>\nMens visse medisiner, som kortikosteroider (prednisolon) og NSAIDS (meloksikam), kan redusere inflammatoriske cytokiner, blokkerer GS-441524 disse skadelige cytokinene fullstendig.<br \/>\nI l\u00f8pet av 24-48 timer vil FipMed f\u00f8re til betydelige forbedringer i temperatur, aktivitet, sult og andre symptomer.<br \/>\nDenne forbedringen vil v\u00e6re betydelig st\u00f8rre enn noe annet legemiddel kan gi.<br \/>\nMed mindre det er en tvingende grunn til \u00e5 fortsette \u00e5 bruke andre medisiner, b\u00f8r de derfor seponeres s\u00e5 snart det er en merkbar og konsekvent forbedring av <a href=\"\/?page_id=899\" target=\"_blank\" rel=\"noopener\">FIP-symptomene<\/a>.    <\/span><\/p>\n<p class=\"p1\"><span class=\"s1\">I tillegg til \u00e5 maskere FIP-relaterte symptomer, kan steroider forstyrre distribusjonen av GS-441524 gjennom blod-hjerne-barrieren.<br \/>\nFlere unders\u00f8kelser har vist at steroider kan redusere permeabiliteten over blod-hjerne-barrieren.<br \/>\nHos katter kan redusert permeabilitet redusere effektiviteten av GS-441524 og \u00f8ke sannsynligheten for tilbakefall.  <\/span><\/p>\n<p>&nbsp;<\/p>\n<p class=\"p1\"><span class=\"s1\"><b><a href=\"\/?page_id=6163\" target=\"_blank\" rel=\"noopener\">GS 441524<\/a> Sikkerhet som FIP-behandling<\/b><\/span><\/p>\n<p class=\"p1\"><span class=\"s1\">GS-441524 har vist seg \u00e5 v\u00e6re et trygt og effektivt behandlingsalternativ.<br \/>\nLegemidlet ble opprinnelig utviklet som en antiviral behandling for mennesker, men har siden blitt tilpasset til bruk hos katter. <span class=\"Apple-converted-space\"> <\/span><\/span><\/p>\n<p class=\"p1\"><span class=\"s1\">Flere studier har vist at legemidlet ikke for\u00e5rsaker vesentlige bivirkninger eller toksisitet n\u00e5r det administreres som anvist.<\/span><\/p>\n<p class=\"p1\"><span class=\"s1\">Noen katter kan oppleve milde bivirkninger som kvalme eller slapphet under behandlingen.<br \/>\nDisse symptomene forsvinner vanligvis raskt og krever ikke inngrep fra en veterin\u00e6r. <span class=\"Apple-converted-space\"> <\/span><\/span><\/p>\n<p>&nbsp;<\/p>\n","protected":false},"excerpt":{"rendered":"<p>Det finnes allerede en velpr\u00f8vd FIP-behandling for katter. P\u00e5 grunn av manglende \u00f8konomisk motivasjon finnes det imidlertid ingen offisielt godkjente medisiner mot FIP hos katt. Underst\u00f8ttende behandling kan lindre ubehaget, men vil ikke \u00f8ke overlevelsesraten, for eksempel betennelsesdempende medisiner og v\u00e6skedrenasje fra bryst og buk. Avliving har tidligere v\u00e6rt det beste alternativet p\u00e5 grunn av [&hellip;]<\/p>\n","protected":false},"author":11,"featured_media":22355,"parent":0,"menu_order":0,"comment_status":"closed","ping_status":"closed","template":"","meta":{"_glsr_average":0,"_glsr_ranking":0,"_glsr_reviews":0,"footnotes":""},"categories":[855],"tags":[856,891],"_links":{"self":[{"href":"https:\/\/fipmed.co\/no\/wp-json\/wp\/v2\/pages\/22352"}],"collection":[{"href":"https:\/\/fipmed.co\/no\/wp-json\/wp\/v2\/pages"}],"about":[{"href":"https:\/\/fipmed.co\/no\/wp-json\/wp\/v2\/types\/page"}],"author":[{"embeddable":true,"href":"https:\/\/fipmed.co\/no\/wp-json\/wp\/v2\/users\/11"}],"replies":[{"embeddable":true,"href":"https:\/\/fipmed.co\/no\/wp-json\/wp\/v2\/comments?post=22352"}],"version-history":[{"count":0,"href":"https:\/\/fipmed.co\/no\/wp-json\/wp\/v2\/pages\/22352\/revisions"}],"wp:featuredmedia":[{"embeddable":true,"href":"https:\/\/fipmed.co\/no\/wp-json\/wp\/v2\/media\/22355"}],"wp:attachment":[{"href":"https:\/\/fipmed.co\/no\/wp-json\/wp\/v2\/media?parent=22352"}],"wp:term":[{"taxonomy":"category","embeddable":true,"href":"https:\/\/fipmed.co\/no\/wp-json\/wp\/v2\/categories?post=22352"},{"taxonomy":"post_tag","embeddable":true,"href":"https:\/\/fipmed.co\/no\/wp-json\/wp\/v2\/tags?post=22352"}],"curies":[{"name":"wp","href":"https:\/\/api.w.org\/{rel}","templated":true}]}}