{"id":22374,"date":"2024-03-25T05:50:49","date_gmt":"2024-03-25T05:50:49","guid":{"rendered":"https:\/\/fipmed.co\/risikofaktorer-for-infeksios-bukhinnebetennelse-hos-katt\/"},"modified":"2024-03-25T05:50:49","modified_gmt":"2024-03-25T05:50:49","slug":"risikofaktorer-for-infeksios-bukhinnebetennelse-hos-katt","status":"publish","type":"page","link":"https:\/\/fipmed.co\/no\/risikofaktorer-for-infeksios-bukhinnebetennelse-hos-katt\/","title":{"rendered":"Infeksi\u00f8s bukhinnebetennelse hos katt: Risikofaktorer for FIP"},"content":{"rendered":"<p><strong>Hva er noen av risikofaktorene for FIP?<\/strong>  Noen katter er mer utsatt for \u00e5 f\u00e5 FIP enn andre, selv om koronaviruset som er ansvarlig for dette finnes overalt.<br \/>\nNedenfor er noen av risikofaktorene som \u00f8ker risikoen for at en katt f\u00e5r FIP. &nbsp;<strong>Alder<\/strong> 50 % av kattene som utvikler FIP er under 2 \u00e5r gamle, s\u00e5 de ble sannsynligvis smittet som kattunger da immunforsvaret deres var for ungt til \u00e5 h\u00e5ndtere FCoV-infeksjonen.<br \/>\nYngre katter og eldre katter har ofte et umodent eller svekket immunforsvar, noe som kan gj\u00f8re dem mer utsatt for \u00e5 utvikle FIP.<br \/>\nUnge kattunger kan ogs\u00e5 ha blitt eksponert for viruset n\u00e5r de har v\u00e6rt i katterier eller p\u00e5 internat. &nbsp;<strong>Rase som risikofaktor<\/strong> for FIP Enkelte raser, som rasekatter eller katter fra katterier, kan ha h\u00f8yere risiko for FIP.<br \/>\nPerserkatter og beslektede raser ser ut til \u00e5 v\u00e6re mer utsatt.<br \/>\nDet finnes bevis som tyder p\u00e5 at perserkatter b\u00e6rer p\u00e5 &laquo;predisponerende alleler&raquo; for denne tilstanden, noe som gj\u00f8r dem s\u00e5rbare n\u00e5r de utsettes for viruset som for\u00e5rsaker FIP.<br \/>\nKatter fra katterier eller renrasede linjer kan v\u00e6re spesielt utsatt for \u00e5 utvikle FIP.<br \/>\nAbyssinier, bengal, birma, himalayakatt, ragdoll og rex har en betydelig h\u00f8yere risiko for sykdommen sammenlignet med andre katter.<br \/>\nAndre katteraser, inkludert burmeser, eksotisk korth\u00e5r, manx, perser og russisk bl\u00e5, er ogs\u00e5 funnet \u00e5 v\u00e6re mer utsatt for FIP p\u00e5 grunn av genetikk og \u00f8kt eksponering i avlsprogrammer.<br \/>\nDet antas at visse genetiske faktorer knyttet til perserkatter (og tilh\u00f8rende raser) gj\u00f8r dem litt d\u00e5rligere enn andre kattearter til \u00e5 kontrollere viruset som for\u00e5rsaker FIP &#8211; noe som gj\u00f8r dem mer utsatt for infeksjon hvis de kommer i kontakt med det.           &nbsp;<\/p>\n<p><strong>Overfylte boforhold<\/strong><strong> <\/strong>  Katter som lever i overfylte eller stressende milj\u00f8er, for eksempel i husholdninger med flere katter eller p\u00e5 dyrehjem, kan ha en h\u00f8yere risiko for \u00e5 bli utsatt for det feline koronaviruset, noe som kan \u00f8ke sannsynligheten for \u00e5 utvikle FIP.<br \/>\nNoen av risikofaktorene for FIP knyttet til \u00e5 leve i trange forhold inkluderer n\u00e6rhet til andre katter, delte ressurser (som matsk\u00e5ler, kattebakker og senger) og svekket immunforsvar p\u00e5 grunn av stress.<br \/>\nEksponering for andre katter er en viktig faktor for smitteoverf\u00f8ring, siden infiserte katter avgir virus i spytt eller avf\u00f8ring.<br \/>\nTett kontakt mellom katter gj\u00f8r at viruset lettere sprer seg.<br \/>\nI husholdninger med flere katter og p\u00e5 dyrehjem er det viktig \u00e5 redusere sjansene for smitte ved \u00e5 fremme gode hygienepraksiser, som \u00e5 desinfisere overflater med rengj\u00f8ringsmiddel og vaske hendene regelmessig mellom hver gang man klapper ulike katter.<br \/>\nDet er ogs\u00e5 viktig \u00e5 oppmuntre til sunn atferd blant kattene, blant annet ved \u00e5 s\u00f8rge for god plass per katt slik at de ikke sl\u00e5ss om revir.<br \/>\nBruk skadedyrbekjempende tiltak som loppeforebyggende behandling om n\u00f8dvendig, og tilby berikende aktiviteter som leker\/spiserom\/klatret\u00e5rn osv.<br \/>\nS\u00f8rg for at kattene f\u00e5r like mye mat, uten at de trenger \u00e5 &laquo;sl\u00e5ss&raquo; om maten, og s\u00f8rg for komfortable hvileplasser. &nbsp;<strong>Genetikk<\/strong> Noen katter kan ha en genetisk disposisjon som gj\u00f8r dem mer utsatt for \u00e5 utvikle FIP.<br \/>\nDette kan v\u00e6re relatert til immunforsvaret eller evnen til \u00e5 kontrollere det feline koronaviruset.<br \/>\nKattens genetiske sammensetning kan gj\u00f8re dem mer s\u00e5rbare for infeksjon, enten ved \u00e5 gj\u00f8re dem ute av stand til \u00e5 gjenkjenne og bekjempe invaderende viruspartikler eller ved \u00e5 gj\u00f8re cellemembranene deres mindre motstandsdyktige mot viruset.<br \/>\nDe kan ogs\u00e5 gj\u00f8re visse celler hos katter mottakelige for en immunrespons som vil utl\u00f8se betennelse som f\u00f8rer til ytterligere vevsskade.<br \/>\nI tillegg kan noen katter mangle evnen til \u00e5 kontrollere replikasjonen av den farlige koronavirusstammen som er forbundet med FIP, noe som gj\u00f8r dem mer mottakelige for \u00e5 utvikle denne tilstanden. &nbsp;<strong>Stress Stress<\/strong> p\u00e5virker kattens immunsystem negativt, og reduserer kattens evne til \u00e5 bekjempe infeksjoner.<br \/>\nKatter kan bli stresset n\u00e5r de opplever store endringer i omgivelsene eller rutinene sine, for eksempel n\u00e5r de flytter eller blir introdusert for et nytt kj\u00e6ledyr.<br \/>\nN\u00e5r en katt utsettes for stressfaktorer, frigj\u00f8r kroppen hormoner som undertrykker produksjonen og funksjonen til visse immunceller.<br \/>\nDette f\u00f8rer til at kattens generelle immunforsvar svekkes, noe som gj\u00f8r den mer mottakelig, ikke bare for FIP, men ogs\u00e5 for andre sykdommer, for eksempel sykdommer for\u00e5rsaket av parasitter og bakterier.<br \/>\nDe fleste katter som utvikler FIP, har v\u00e6rt stresset noen uker eller m\u00e5neder f\u00f8r FIP oppst\u00e5r.<br \/>\nDerfor kan det \u00e5 gi kj\u00e6ledyrene dine milj\u00f8berikende aktiviteter og minimere potensielle kilder til stress bidra til \u00e5 redusere s\u00e5rbarheten for denne sykdommen.                  &nbsp;<\/p>\n<p><strong>Immunsystemets status<\/strong><strong> <\/strong>  Katter med nedsatt immunforsvar, for eksempel katter med felint leukemivirus (FeLV) eller felint immunsviktvirus (FIV), har h\u00f8yere risiko for \u00e5 utvikle FIP.<br \/>\nFeLV og FIV er virusinfeksjoner som rammer katter, og begge angriper kattens immunsystem.<br \/>\nKatter med svekket immunforsvar p\u00e5 grunn av et av disse virusene har derfor ofte problemer med \u00e5 bekjempe andre sykdommer, inkludert FIP.<br \/>\nKatter med underliggende sykdommer som FeLV eller FIV kan v\u00e6re mindre i stand til \u00e5 sette opp en effektiv respons mot koronavirusinfeksjon n\u00e5r de utsettes for det, og det er mer sannsynlig at de utvikler sykdommen.<br \/>\nDen beste m\u00e5ten for kj\u00e6ledyrforeldre \u00e5 minimere kattens risiko for \u00e5 utvikle FIP p\u00e5, er \u00e5 kjenne til kattens helsehistorie.<br \/>\nRegelmessige bes\u00f8k hos veterin\u00e6ren b\u00f8r inkludere en grundig sjekk av kattens generelle helse, inkludert tester for disse virusene, slik at du kan oppdage eventuelle tegn tidlig og gi katten din riktig pleie og behandling om n\u00f8dvendig.<\/p>\n","protected":false},"excerpt":{"rendered":"<p>Hva er noen av risikofaktorene for FIP? Noen katter er mer utsatt for \u00e5 f\u00e5 FIP enn andre, selv om koronaviruset som er ansvarlig for dette finnes overalt. Nedenfor er noen av risikofaktorene som \u00f8ker risikoen for at en katt f\u00e5r FIP. &nbsp;Alder 50 % av kattene som utvikler FIP er under 2 \u00e5r gamle, [&hellip;]<\/p>\n","protected":false},"author":1,"featured_media":22376,"parent":0,"menu_order":0,"comment_status":"closed","ping_status":"closed","template":"","meta":{"_glsr_average":0,"_glsr_ranking":0,"_glsr_reviews":0,"footnotes":""},"categories":[863],"tags":[],"_links":{"self":[{"href":"https:\/\/fipmed.co\/no\/wp-json\/wp\/v2\/pages\/22374"}],"collection":[{"href":"https:\/\/fipmed.co\/no\/wp-json\/wp\/v2\/pages"}],"about":[{"href":"https:\/\/fipmed.co\/no\/wp-json\/wp\/v2\/types\/page"}],"author":[{"embeddable":true,"href":"https:\/\/fipmed.co\/no\/wp-json\/wp\/v2\/users\/1"}],"replies":[{"embeddable":true,"href":"https:\/\/fipmed.co\/no\/wp-json\/wp\/v2\/comments?post=22374"}],"version-history":[{"count":0,"href":"https:\/\/fipmed.co\/no\/wp-json\/wp\/v2\/pages\/22374\/revisions"}],"wp:featuredmedia":[{"embeddable":true,"href":"https:\/\/fipmed.co\/no\/wp-json\/wp\/v2\/media\/22376"}],"wp:attachment":[{"href":"https:\/\/fipmed.co\/no\/wp-json\/wp\/v2\/media?parent=22374"}],"wp:term":[{"taxonomy":"category","embeddable":true,"href":"https:\/\/fipmed.co\/no\/wp-json\/wp\/v2\/categories?post=22374"},{"taxonomy":"post_tag","embeddable":true,"href":"https:\/\/fipmed.co\/no\/wp-json\/wp\/v2\/tags?post=22374"}],"curies":[{"name":"wp","href":"https:\/\/api.w.org\/{rel}","templated":true}]}}