{"id":22385,"date":"2022-11-25T15:14:53","date_gmt":"2022-11-25T15:14:53","guid":{"rendered":"https:\/\/fipmed.co\/doseringskalkulator\/"},"modified":"2024-11-22T08:57:49","modified_gmt":"2024-11-22T08:57:49","slug":"doseringskalkulator","status":"publish","type":"page","link":"https:\/\/fipmed.co\/no\/doseringskalkulator\/","title":{"rendered":"Doseringskalkulator"},"content":{"rendered":"\t\t<div data-elementor-type=\"wp-page\" data-elementor-id=\"22385\" class=\"elementor elementor-22385 elementor-23\">\n\t\t\t\t\t\t<section class=\"elementor-section elementor-top-section elementor-element elementor-element-eb8087c elementor-section-boxed elementor-section-height-default elementor-section-height-default\" data-id=\"eb8087c\" data-element_type=\"section\">\n\t\t\t\t\t\t<div class=\"elementor-container elementor-column-gap-default\">\n\t\t\t\t\t<div class=\"elementor-column elementor-col-100 elementor-top-column elementor-element elementor-element-f6193ee\" data-id=\"f6193ee\" data-element_type=\"column\">\n\t\t\t<div class=\"elementor-widget-wrap elementor-element-populated\">\n\t\t\t\t\t\t<div class=\"elementor-element elementor-element-e1cee53 elementor-widget elementor-widget-heading\" data-id=\"e1cee53\" data-element_type=\"widget\" data-widget_type=\"heading.default\">\n\t\t\t\t<div class=\"elementor-widget-container\">\n\t\t\t\t\t<h2 class=\"elementor-heading-title elementor-size-default\">Doseringskalkulator<\/h2>\t\t\t\t<\/div>\n\t\t\t\t<\/div>\n\t\t\t\t<div class=\"elementor-element elementor-element-717f075 elementor-widget elementor-widget-text-editor\" data-id=\"717f075\" data-element_type=\"widget\" data-widget_type=\"text-editor.default\">\n\t\t\t\t<div class=\"elementor-widget-container\">\n\t\t\t\t\t\t\t\t\t<p>Vi anbefaler bruk av en 3 ml eller 5 ml spr\u00f8yte, avhengig av \u00f8nsket volum, og en 2,5 cm lang 21 gauge n\u00e5l.<br \/>\nKatten din<br \/>vil g\u00e5 opp i vekt etter hvert som behandlingen skrider frem.<br \/>\nVei katten din ukentlig og juster doseringen deretter.<br \/>\nVIKTIG MERKNAD: Etter hvert som katten<br \/>blir bedre, b\u00f8r du avst\u00e5 fra \u00e5 redusere dosen, da det kan f\u00f8re til tilbakefall.   <\/p>\n\t\t\t\t\t\t\t\t<\/div>\n\t\t\t\t<\/div>\n\t\t\t\t\t<\/div>\n\t\t<\/div>\n\t\t\t\t\t<\/div>\n\t\t<\/section>\n\t\t\t\t<section class=\"elementor-section elementor-top-section elementor-element elementor-element-596af40 elementor-section-boxed elementor-section-height-default elementor-section-height-default\" data-id=\"596af40\" data-element_type=\"section\">\n\t\t\t\t\t\t<div class=\"elementor-container elementor-column-gap-default\">\n\t\t\t\t\t<div class=\"elementor-column elementor-col-100 elementor-top-column elementor-element elementor-element-3b1768a\" data-id=\"3b1768a\" data-element_type=\"column\">\n\t\t\t<div class=\"elementor-widget-wrap elementor-element-populated\">\n\t\t\t\t\t\t<div class=\"elementor-element elementor-element-d310386 elementor-widget elementor-widget-shortcode\" data-id=\"d310386\" data-element_type=\"widget\" data-widget_type=\"shortcode.default\">\n\t\t\t\t<div class=\"elementor-widget-container\">\n\t\t\t\t\t\t\t<div class=\"elementor-shortcode\">\t<div class=\"cwc-container\">\r\n\t\t<div class=\"cwc-wrapper\">\r\n\t\t\t<div class=\"select-section\">\r\n\t\t\t\t<h2 class=\"select-section__title\">Velg injeksjoner eller tabletter<\/h2>\r\n\t\t\t\t<div class=\"select-section__button-group\">\r\n\t\t\t\t\t<button class=\"select-section__button active\" id=\"injection-btn\">\r\n\t\t\t\t\t\t<p class=\"kind\">injeksjoner<\/p>\r\n\t\t\t\t\t\t<img data-opt-id=742975361  fetchpriority=\"high\" decoding=\"async\" src=\"https:\/\/ml9txs9ouv9q.i.optimole.com\/w:auto\/h:auto\/q:mauto\/f:best\/http:\/\/fipmed.co\/wp-content\/uploads\/2023\/10\/injections.png\" alt=\"injection\" class=\"dosage\" \/>\r\n\t\t\t\t\t\t<img data-opt-id=1133396674  data-opt-src=\"https:\/\/ml9txs9ouv9q.i.optimole.com\/w:auto\/h:auto\/q:mauto\/f:best\/http:\/\/fipmed.co\/wp-content\/uploads\/2023\/10\/check_mark.png\"  decoding=\"async\" src=\"data:image/svg+xml,%3Csvg%20viewBox%3D%220%200%20100%%20100%%22%20width%3D%22100%%22%20height%3D%22100%%22%20xmlns%3D%22http%3A%2F%2Fwww.w3.org%2F2000%2Fsvg%22%3E%3Crect%20width%3D%22100%%22%20height%3D%22100%%22%20fill%3D%22transparent%22%2F%3E%3C%2Fsvg%3E\" alt=\"check-mark\" class=\"check-mark\" \/><noscript><img data-opt-id=1133396674  decoding=\"async\" src=\"https:\/\/ml9txs9ouv9q.i.optimole.com\/w:auto\/h:auto\/q:mauto\/f:best\/http:\/\/fipmed.co\/wp-content\/uploads\/2023\/10\/check_mark.png\" alt=\"check-mark\" class=\"check-mark\" \/></noscript>\r\n\t\t\t\t\t\t<p class=\"case\">avanserte saker\n<\/p>\r\n\t\t\t\t\t<\/button>\r\n\t\r\n\t\t\t\t\t<button class=\"select-section__button\" id=\"tablets-btn\">\r\n\t\t\t\t\t\t<p class=\"kind\">tabletter<\/p>\r\n\t\t\t\t\t\t<img data-opt-id=687681235  data-opt-src=\"https:\/\/ml9txs9ouv9q.i.optimole.com\/w:auto\/h:auto\/q:mauto\/f:best\/http:\/\/fipmed.co\/wp-content\/uploads\/2023\/10\/tablets.png\"  decoding=\"async\" src=\"data:image/svg+xml,%3Csvg%20viewBox%3D%220%200%20100%%20100%%22%20width%3D%22100%%22%20height%3D%22100%%22%20xmlns%3D%22http%3A%2F%2Fwww.w3.org%2F2000%2Fsvg%22%3E%3Crect%20width%3D%22100%%22%20height%3D%22100%%22%20fill%3D%22transparent%22%2F%3E%3C%2Fsvg%3E\" alt=\"tablet\" class=\"dosage\" \/><noscript><img data-opt-id=687681235  decoding=\"async\" src=\"https:\/\/ml9txs9ouv9q.i.optimole.com\/w:auto\/h:auto\/q:mauto\/f:best\/http:\/\/fipmed.co\/wp-content\/uploads\/2023\/10\/tablets.png\" alt=\"tablet\" class=\"dosage\" \/></noscript>\r\n\t\t\t\t\t\t<img data-opt-id=1133396674  data-opt-src=\"https:\/\/ml9txs9ouv9q.i.optimole.com\/w:auto\/h:auto\/q:mauto\/f:best\/http:\/\/fipmed.co\/wp-content\/uploads\/2023\/10\/check_mark.png\"  decoding=\"async\" src=\"data:image/svg+xml,%3Csvg%20viewBox%3D%220%200%20100%%20100%%22%20width%3D%22100%%22%20height%3D%22100%%22%20xmlns%3D%22http%3A%2F%2Fwww.w3.org%2F2000%2Fsvg%22%3E%3Crect%20width%3D%22100%%22%20height%3D%22100%%22%20fill%3D%22transparent%22%2F%3E%3C%2Fsvg%3E\" alt=\"check-mark\" class=\"check-mark d-none\" \/><noscript><img data-opt-id=1133396674  decoding=\"async\" src=\"https:\/\/ml9txs9ouv9q.i.optimole.com\/w:auto\/h:auto\/q:mauto\/f:best\/http:\/\/fipmed.co\/wp-content\/uploads\/2023\/10\/check_mark.png\" alt=\"check-mark\" class=\"check-mark d-none\" \/></noscript>\r\n\t\t\t\t\t\t<p class=\"case\">milde tilfeller<\/p>\r\n\t\t\t\t\t<\/button>\r\n\t\t\t\t<\/div>\r\n\t\t\t<\/div>\r\n\r\n\t\t\t<div class=\"calculator\" id=\"injection-calculator\">\r\n\t\t\t\t<h2 class=\"calculator__title\">injeksjoner<\/h2>\r\n\t\t\t\t<p class=\"calculator__subtitle\">for avanserte saker<\/p>\r\n\r\n\t\t\t\t<div class=\"cwc-slider-container\">\r\n\t\t\t\t\t<h3 class=\"cwc-slider__title\">Kattens vekt (kg)<\/h3>\r\n\t\t\t\t\t<div class=\"slider-container\">\r\n\t\t\t\t\t\t<button class=\"slider-btn prev-btn\">-<\/button>\r\n\t\t\t\t\t\t<div class=\"slider-wrapper\">\r\n\t\t\t\t\t\t\t<input type=\"range\" min=\"1\" max=\"8\" step=\"1\" value=\"1\" class=\"slider\" id=\"injection-slider\" \/>\r\n\t\t\t\t\t\t\t<div class=\"slider-values\">\r\n\t\t\t\t\t\t\t\t<span>1<\/span>\r\n\t\t\t\t\t\t\t\t<span>2<\/span>\r\n\t\t\t\t\t\t\t\t<span>3<\/span>\r\n\t\t\t\t\t\t\t\t<span>4<\/span>\r\n\t\t\t\t\t\t\t\t<span>5<\/span>\r\n\t\t\t\t\t\t\t\t<span>6<\/span>\r\n\t\t\t\t\t\t\t\t<span>7<\/span>\r\n\t\t\t\t\t\t\t\t<span>8<\/span>\r\n\t\t\t\t\t\t\t<\/div>\r\n\t\t\t\t\t\t\t<div id=\"injection-tooltip\" class=\"tooltip\"><span>1 kg<\/span><\/div>\r\n\t\t\t\t\t\t<\/div>\r\n\t\t\t\t\t\t<button class=\"slider-btn next-btn\">+<\/button>\r\n\t\t\t\t\t<\/div>\r\n\t\t\t\t\t<p class=\"cwc-slider__comment\">Avrund opp til det st\u00f8rre tallet<\/p>\r\n\t\t\t\t<\/div>\r\n\r\n\t\t\t\t<div class=\"cwc-result-container\">\r\n\t\t\t\t\t<div class=\"cwc-input-wrapper\">\r\n\t\t\t\t\t\t<input type=\"text\" id=\"volume-of-product\" readonly \/>\r\n\t\t\t\t\t\t<label for=\"volume-of-product\">mg\/ml 7ml vial<\/label>\r\n\t\t\t\t\t<\/div>\r\n\t\t\t\t\t<div class=\"cwc-input-wrapper\">\r\n\t\t\t\t\t\t<input type=\"text\" id=\"volume\" readonly \/>\r\n\t\t\t\t\t\t<label for=\"volume\">ml per dag<\/label>\r\n\t\t\t\t\t<\/div>\r\n\t\t\t\t\t<div class=\"cwc-input-wrapper\">\r\n\t\t\t\t\t\t<input type=\"text\" id=\"vials\" readonly \/>\r\n\t\t\t\t\t\t<label for=\"vials\">hetteglass i 30 dager<\/label>\r\n\t\t\t\t\t<\/div>\r\n\t\t\t\t<\/div>\r\n\t\t\t<\/div>\r\n\r\n\t\t\t<div class=\"calculator d-none\" id=\"tablet-calculator\">\r\n\t\t\t\t<h2 class=\"calculator__title\">tabletter<\/h2>\r\n\t\t\t\t<p class=\"calculator__subtitle\">for milde tilfeller<\/p>\r\n\r\n\t\t\t\t<div class=\"cwc-slider-container\">\r\n\t\t\t\t\t<h3 class=\"cwc-slider__title\">Kattens vekt (kg)<\/h3>\r\n\t\t\t\t\t<div class=\"slider-container\">\r\n\t\t\t\t\t\t<button class=\"slider-btn prev-btn\">-<\/button>\r\n\t\t\t\t\t\t<div class=\"slider-wrapper\">\r\n\t\t\t\t\t\t\t<input type=\"range\" min=\"1\" max=\"8\" step=\"1\" value=\"1\" class=\"slider\" id=\"tablet-slider\" \/>\r\n\t\t\t\t\t\t\t<div class=\"slider-values\">\r\n\t\t\t\t\t\t\t\t<span>1<\/span>\r\n\t\t\t\t\t\t\t\t<span>2<\/span>\r\n\t\t\t\t\t\t\t\t<span>3<\/span>\r\n\t\t\t\t\t\t\t\t<span>4<\/span>\r\n\t\t\t\t\t\t\t\t<span>5<\/span>\r\n\t\t\t\t\t\t\t\t<span>6<\/span>\r\n\t\t\t\t\t\t\t\t<span>7<\/span>\r\n\t\t\t\t\t\t\t\t<span>8<\/span>\r\n\t\t\t\t\t\t\t<\/div>\r\n\t\t\t\t\t\t\t<div id=\"tablet-tooltip\" class=\"tooltip\"><span>1 kg<\/span><\/div>\r\n\t\t\t\t\t\t<\/div>\r\n\t\t\t\t\t\t<button class=\"slider-btn next-btn\">+<\/button>\r\n\t\t\t\t\t<\/div>\r\n\t\t\t\t\t<p class=\"cwc-slider__comment\">Avrund opp til det st\u00f8rre tallet<\/p>\r\n\t\t\t\t<\/div>\r\n\r\n\t\t\t\t<div class=\"cwc-result-container\">\r\n\t\t\t\t\t<div class=\"cwc-input-wrapper\">\r\n\t\t\t\t\t\t<input type=\"text\" id=\"mass-per-tablet\" readonly \/>\r\n\t\t\t\t\t\t<label for=\"mass-per-tablet\">mg tablett<\/label>\r\n\t\t\t\t\t<\/div>\r\n\t\t\t\t\t<div class=\"cwc-input-wrapper\">\r\n\t\t\t\t\t\t<input type=\"text\" id=\"tablets-num-per-day\" readonly \/>\r\n\t\t\t\t\t\t<label for=\"tablets-num-per-day\">tablett hver dag<\/label>\r\n\t\t\t\t\t<\/div>\r\n\t\t\t\t\t<div class=\"cwc-input-wrapper\">\r\n\t\t\t\t\t\t<input type=\"text\" id=\"strips-num-to-purchase\" readonly \/>\r\n\t\t\t\t\t\t<label for=\"strips-num-to-purchase\">strimler i 84 dager<\/label>\r\n\t\t\t\t\t<\/div>\r\n\t\t\t\t<\/div>\r\n\t\t\t<\/div>\r\n\t\t\t\r\n\t\t\t<div class=\"cwc-buy-container\">\r\n\t\t\t\t<div class=\"cwc-buy-container__info\" id=\"injection-info\">\r\n\t\t\t\t\t<span>Behandle med injeksjoner i minst 30 dager f\u00f8r du bruker tabletter for resten av de 54 dagene.\n<\/span>\r\n\t\t\t\t<\/div>\r\n\t\t\t\t<div class=\"cwc-buy-container__info d-none\" id=\"tablet-info\">\r\n\t\t\t\t\t<span>Dobbel dosering for Neuro og Ocular FIP. Behandle i minst 84 dager for \u00e5 forhindre fremtidige tilbakefall.\n<\/span>\r\n\t\t\t\t<\/div>\r\n\t\t\t\t<p class=\"cwc-buy-container__subinfo\">For tilbakefall, \u00f8k dosen med 50 %<\/p>\r\n\t\t\t\t<p class=\"cwc-buy-container__subinfo_1\">For alvorlige tilfeller, \u00f8k dosen med 20 %<\/p>\r\n\t\t\t\t<a href=\"https:\/\/www.fipmed.co\/fip-treatment\" class=\"cwc-buy-button\">Klikk for \u00e5 kj\u00f8pe<\/a>\r\n\t\t\t<\/div>\r\n\t\t<\/div>\r\n\t<\/div>\r\n\t <\/div>\n\t\t\t\t\t\t<\/div>\n\t\t\t\t<\/div>\n\t\t\t\t\t<\/div>\n\t\t<\/div>\n\t\t\t\t\t<\/div>\n\t\t<\/section>\n\t\t\t\t<section class=\"elementor-section elementor-top-section elementor-element elementor-element-4ba666e elementor-section-boxed elementor-section-height-default elementor-section-height-default\" data-id=\"4ba666e\" data-element_type=\"section\">\n\t\t\t\t\t\t<div class=\"elementor-container elementor-column-gap-default\">\n\t\t\t\t\t<div class=\"elementor-column elementor-col-100 elementor-top-column elementor-element elementor-element-a8592f3\" data-id=\"a8592f3\" data-element_type=\"column\">\n\t\t\t<div class=\"elementor-widget-wrap elementor-element-populated\">\n\t\t\t\t\t\t<div class=\"elementor-element elementor-element-ca7587e elementor-widget__width-initial elementor-widget elementor-widget-text-editor\" data-id=\"ca7587e\" data-element_type=\"widget\" data-widget_type=\"text-editor.default\">\n\t\t\t\t<div class=\"elementor-widget-container\">\n\t\t\t\t\t\t\t\t\t<p>Riktig dosering er avgj\u00f8rende i behandlingen av FIP.  <span style=\"color: var( --e-global-color-text ); font-weight: var( --e-global-typography-text-font-weight );\">Det er viktig \u00e5 f\u00f8lge den foreskrevne dosen n\u00f8ye og ikke justere den uten \u00e5 r\u00e5df\u00f8re seg med en veterin\u00e6r.<br \/>\nUn\u00f8yaktig dosering kan f\u00f8re til ineffektiv behandling eller til og med negative effekter p\u00e5 kattens helse. <\/span><\/p>\n<p>Dette er den mest brukte <a href=\"https:\/\/fipmed.co\/fip-treatment\/\" target=\"_blank\" rel=\"noopener\">behandlingen mot FIP<\/a>, og ogs\u00e5 den mest dokumenterte. Den er effektiv mot alle former for FIP (med riktig dosering). <\/p>\n<p><b style=\"color: #202020; font-size: 32px; letter-spacing: 0px;\"> <\/b><\/p>\n<p><b style=\"color: #202020; font-size: 32px; letter-spacing: 0px;\">Den typiske protokollen er 12 uker (84 dager) med kontinuerlig behandling:<\/b><\/p>\n<h5> <\/h5>\n<h5><strong>Dosering for injeksjoner:<\/strong><\/h5>\n<p><span style=\"color: var( --e-global-color-text ); font-weight: var( --e-global-typography-text-font-weight );\">6 mg\/kg for <a href=\"https:\/\/fipmed.co\/no\/vat-fip-eller-torr-fip-typer-av-katt-fip\/\" target=\"_blank\" rel=\"noopener\">v\u00e5t og t\u00f8rr FIP<\/a><\/span><\/p>\n<p><span style=\"color: var( --e-global-color-text ); font-weight: var( --e-global-typography-text-font-weight );\">8 mg\/kg for okul\u00e6r FIP<\/span><\/p>\n<p><span style=\"color: var( --e-global-color-text ); font-weight: var( --e-global-typography-text-font-weight );\">10 mg\/kg for nevrologisk FIP<\/span><\/p>\n<p><span style=\"color: var( --e-global-color-text ); font-weight: var( --e-global-typography-text-font-weight );\">Kalkulatoren v\u00e5r er utviklet for \u00e5 hjelpe deg med \u00e5 forenkle beregningene. For en mer n\u00f8yaktig dosering kan du bruke mengdene ovenfor, eller be veterin\u00e6ren din om \u00e5 finne en passende dosering.   <\/span><\/p>\n<h3><b> <\/b><\/h3>\n<h5><strong>Dosering for tabletter:<\/strong><\/h5>\n<h6> <\/h6>\n<h6><span style=\"text-decoration: underline;\"><strong>* For v\u00e5t FIP og t\u00f8rr FIP<\/strong><\/span><\/h6>\n<h6> <\/h6>\n<h6><strong>3 kg<\/strong><\/h6>\n<p>1x 30 mg Fipmed-tablett (med faktisk mengde p\u00e5 45 mg GS441524. Omtrent 75 % absorpsjon etter ford\u00f8yelse)<\/p>\n<h6><strong>4 kg<\/strong><\/h6>\n<p>1x 40 mg Fipmed-tablett (med faktisk mengde p\u00e5 60 mg GS441524. Omtrent 75 % absorpsjon etter ford\u00f8yelse)<\/p>\n<h6><strong>5 kg<\/strong><\/h6>\n<p>1x 50 mg Fipmed-tablett (med faktisk mengde p\u00e5 75 mg GS441524. Omtrent 75 % absorpsjon etter ford\u00f8yelsen)<\/p>\n<h6> <\/h6>\n<h6><span style=\"text-decoration: underline;\"><strong>* Ved okul\u00e6r FIP og nevrologisk FIP, dobler du dosen. Ta to tabletter i stedet for \u00e9n.   <\/strong><\/span><\/h6>\n<h6> <\/h6>\n<h6><strong>* V\u00e6r oppmerksom p\u00e5 at dette er den offisielle anbefalte doseringen for GS441524.<br \/>\nV\u00e6r oppmerksom p\u00e5 eventuelle andre doseringsanvisninger.<br \/>\nHvis en h\u00f8yere dose anbefales, kan det v\u00e6re at legemidlet ikke er GS441524, men EIDD 2801.<br \/>\nEIDD2801 har h\u00f8y toksisitet og har mutagene egenskaper.<br \/>\nDet vil for\u00e5rsake kreft hos katter senere i livet.    <span style=\"color: #000000;\">  EIDD2801 produseres hovedsakelig i kapselformat.  <\/span><\/strong><\/h6>\n<h3> <\/h3>\n<h3><b>Justering av dosering gjennom hele behandlingsforl\u00f8pet<\/b><\/h3>\n<p>Vi anbefaler at dosen tilpasses med ukentlige vektkontroller.<br \/>\nMange av disse kattene kan g\u00e5 mye opp i vekt, enten fordi de er s\u00e5 tynne i starten eller fordi de vokser, eller begge deler.<br \/>\nHvis kattene g\u00e5r noe ned i vekt i l\u00f8pet av de f\u00f8rste ukene av behandlingen, b\u00f8r du ikke redusere dosen.<br \/>\nHvis katten ikke legger p\u00e5 seg en god del under behandlingen, er det et d\u00e5rlig tegn.   <\/p>\n<p>Ikke \u00f8k dosen med mindre det er tvingende grunner til \u00e5 gj\u00f8re det, f.eks. svikt, svak fremgang, lavt aktivitetsniv\u00e5, manglende bedring av de f\u00f8rste kliniske indikatorene eller endring i sykdomsformen til \u00e5 omfatte oftalmiske eller nevrologiske symptomer.<\/p>\n<p>Det er her kunsten kommer inn, siden du ikke \u00f8nsker \u00e5 bli for fokusert p\u00e5 bestemte blodverdier som ikke er helt typiske, og overse kattens generelle helse.<\/p>\n<p>For eksempel kan globulinet fortsatt v\u00e6re litt h\u00f8yt, men andre viktige blodpr\u00f8ver og helsestatus er i orden.<br \/>\nHvis det er vesentlig grunn til \u00e5 \u00f8ke dosen, b\u00f8r det alltid v\u00e6re fra +2 til +5 mg\/kg daglig og i minst 4 uker.<br \/>\nHvis 4 uker forlenger behandlingstiden p\u00e5 12 uker, forlenges behandlingstiden for \u00e5 im\u00f8tekomme dette.  <\/p>\n<p>En positiv respons p\u00e5 enhver \u00f8kning i dosen b\u00f8r forventes, og hvis man ikke ser bedring, tyder det p\u00e5 at dosen fortsatt er utilstrekkelig, at det oppst\u00e5r resistens, at katten ikke har FIP, eller at det er andre sykdommer som kompliserer behandlingen.<\/p>\n<h3><b> <\/b><\/h3>\n<div>\n<h3 style=\"letter-spacing: normal;\"><span style=\"letter-spacing: 0px;\"><span style=\"font-family: Montserrat;\">Hvorfor er behandlingstiden 84 dager?<\/span><\/span><\/h3>\n<h3 style=\"letter-spacing: normal;\"><span style=\"color: #7a7a7a; font-size: 17px; font-weight: 400; letter-spacing: 0px;\">FIPMed er ment \u00e5 stoppe replikasjonen av viruset. Det dreper ikke eksisterende virus i kroppen. Kattens koronavirus kan leve i katten i 90 dager. Derfor er det viktig \u00e5 behandle katten i 84 dager og vente p\u00e5 at alt eksisterende virus d\u00f8r naturlig f\u00f8r behandlingen avsluttes.     <\/span><\/h3>\n<p><span style=\"color: #7a7a7a; font-size: 17px; font-weight: 400; letter-spacing: 0px;\"> <\/span><\/p>\n<\/div>\n<h3><b>\u00c5 vite n\u00e5r katten din er helt frisk etter FIP  <\/b><\/h3>\n<p>En av de vanskeligste beslutningene er \u00e5 velge n\u00e5r behandlingen skal avsluttes.<br \/>\nSelv om noen katter, ofte yngre katter med v\u00e5t FIP, kan kureres p\u00e5 s\u00e5 lite som 8 uker og muligens tidligere, er den vanlige behandlingstiden 12 uker.<br \/>\nNoen katter kan til og med ha behov for doseendringer og forlenget behandlingstid.  <\/p>\n<p>Kritiske blodverdier som hematokrit, totalprotein, albumin og globulinniv\u00e5er, samt totalt antall hvite blodlegemer og absolutte lymfocytter, normaliseres vanligvis hos katter etter 8-10 uker, da det ofte skjer en uventet \u00f8kning i aktivitetsniv\u00e5et.<br \/>\nDet antas, men er ikke bekreftet, at kattens egen immunitet mot viruset utvikler seg mellom 8 og 10 uker. <\/p>\n<p>Dessverre finnes det ingen enkel test som kan fastsl\u00e5 om sykdommen er kurert, og frykten for tilbakefall gj\u00f8r at eiere, behandlingsr\u00e5dgivere og veterin\u00e6rer av og til velger \u00e5 fortsette behandlingen utover 84 dager.<\/p>\n<p>Frykten for tilbakefall vil ogs\u00e5 f\u00f8re til at de som deltar i beslutningsprosessen, blir for forsiktige med enkeltst\u00e5ende blodverdier som er litt unormale, som litt h\u00f8yt globulin eller litt lav A:G-ratio.<\/p>\n<p>Husk at et normalomr\u00e5de for en blodverdi omfatter de fleste dyr, men at det er en klokkeformet kurve, og at noen f\u00e5 unntakstilfeller vil ha verdier i utkanten av disse kurvene.<br \/>\nTenk p\u00e5 graden av patologi som kan oppst\u00e5 i en FIP-syk mage, samt hvordan arrdannelse og andre varige effekter kan p\u00e5virke det normale utseendet hos katter som har blitt behandlet p\u00e5 riktig m\u00e5te.<br \/>\nN\u00e5r slike bekymringer dukker opp, er det bedre \u00e5 unders\u00f8ke hele bildet enn bare ett lite aspekt.  <\/p>\n<p>Det viktigste resultatet av behandlingen er at hunden vender tilbake til normal helse, som har to komponenter &#8211; ytre tegn p\u00e5 helse og indre tegn p\u00e5 helse.<br \/>\nYtre tegn p\u00e5 helse er blant annet at kattens aktivitetsniv\u00e5, appetitt, vekt\u00f8kning og\/eller vekst og pelskvalitet er tilbake til det normale.<br \/>\nSistnevnte er ofte en av de beste indikatorene p\u00e5 kattens helse.  <\/p>\n<p>En av de indre mark\u00f8rene for helse er at visse viktige verdier basert p\u00e5 periodisk fullstendig blodtelling (CBC) og serumkjemiske profiler normaliseres. Hematokrit og det relative og absolutte totale antallet hvite blodlegemer, n\u00f8ytrofile og lymfocytter er de mest relevante variablene i CBC. Serumkjemipanelet (eller serumelektroforesepanelet) er relevante verdier for totalprotein, globulin, albumin og A:G-ratio. Bilirubinniv\u00e5et er ofte forh\u00f8yet hos katter med voldsom FIP og kan brukes til \u00e5 spore graden og varigheten av betennelsen.   <\/p>\n<p>N\u00e5r man st\u00e5r overfor tvetydige usikkerheter fra mange testmetoder, b\u00f8r det endelige valget om \u00e5 avbryte eller forlenge behandlingen alltid baseres p\u00e5 de ytre manifestasjonene av helse snarere enn p\u00e5 resultatene av en enkelt test.<\/p>\n<h3> <\/h3>\n<h3><b>Administrasjonsmetode<\/b><\/h3>\n<p>Den optimale dosen av FIP-medisinen er avgj\u00f8rende for \u00e5 \u00f8ke effekten.<br \/>\nSubkutan, eller under huden, er den anbefalte administrasjonsm\u00e5ten for GS-441524-injeksjoner.<br \/>\nOrale formuleringer, derimot, gis til katter enten ved \u00e5 blande dem i maten eller direkte gjennom en oral spr\u00f8yte.  <\/p>\n<h3><b> <\/b><\/h3>\n<h3><b>Legemidler du b\u00f8r unng\u00e5<\/b><\/h3>\n<p><b>L-lysin: <\/b>Gi aldri L-lysin til en katt med Fe-CoV-infeksjon eller FIP, fordi det er fiendtlig mot arginin, som er n\u00f8dvendig for immunologisk funksjon.<\/p>\n<p><b>Steroider etter stabilisering: <\/b>I den tidlige fasen av sykdommen kan det v\u00e6re n\u00f8dvendig med st\u00f8ttende (symptomatisk) medisinering for \u00e5 holde kattene i live lenge nok til at antivirale midler kan virke. Betennelsesdempende midler (kortikosteroider, NSAIDS) er ofte inkludert i medisineringen. Det er \u00e5 foretrekke \u00e5 unng\u00e5 overdreven bruk av disse medikamentene, med mindre det er kortvarig og bare hvis det er en overbevisende begrunnelse for \u00e5 gj\u00f8re det, spesielt hos katter som er sv\u00e6rt syke de f\u00f8rste dagene.  <\/p>\n<p>Det prim\u00e6re m\u00e5let med behandling av FIP er \u00e5 forhindre virusreplikasjon i makrofager, noe som umiddelbart vil stoppe dannelsen av de ulike inflammatoriske og immunsuppressive cytokinene som gir <a href=\"https:\/\/fipmed.co\/no\/fip-symptomer-tegn-pa-infiserte-katter\/\" target=\"_blank\" rel=\"noopener\">FIP-symptomer<\/a>. Mens visse medisiner, som kortikosteroider og NSAIDS, kan redusere inflammatoriske cytokiner, blokkerer GS-441524 disse skadelige cytokinene fullstendig. I l\u00f8pet av 24-48 timer vil FipMed f\u00f8re til betydelige forbedringer i temperatur, aktivitet, sult og andre symptomer. Denne forbedringen vil v\u00e6re betydelig st\u00f8rre enn noe annet legemiddel kan gi. Med mindre det er en tvingende grunn til \u00e5 fortsette \u00e5 bruke andre medisiner, b\u00f8r de derfor seponeres s\u00e5 snart det er en merkbar og konsekvent forbedring av FIP-symptomene.    <\/p>\n<p>I tillegg til \u00e5 maskere FIP-relaterte symptomer, kan steroider forstyrre distribusjonen av GS-441524 gjennom blod-hjerne-barrieren.<br \/>\nFlere unders\u00f8kelser har vist at steroider kan redusere permeabiliteten over blod-hjerne-barrieren.<br \/>\nHos katter kan redusert permeabilitet redusere effektiviteten av GS-441524 og \u00f8ke sannsynligheten for tilbakefall.  <\/p>\n<p><b>Noen antibiotika: <\/b>Fluorokinolonantibiotika inneholder fluor og kan trenge inn i hjernen\/nervesystemet. P\u00e5 grunn av dette kan bivirkningene for\u00e5rsake nevrologiske symptomer. Siden vi behandler sv\u00e6rt syke katter, vil vi pr\u00f8ve \u00e5 unng\u00e5 \u00e5 legge til nye symptomer som kan forvirre behandlingen n\u00e5r det er mulig. Hvis veterin\u00e6ren din mener at et fluorokinolon-antibiotikum er n\u00f8dvendig, vennligst f\u00f8lg deres r\u00e5d, siden det er noen sykdommer som m\u00e5 ha denne typen medikamenter.   <\/p>\n<p><b>Legemidler som kan p\u00e5virke CNS: <\/b>FIP kan passere gjennom blod-hjerne-barrieren. N\u00e5r sykdommen f\u00f8rst har utviklet seg, kan det v\u00e6re sv\u00e6rt vanskelig \u00e5 kurere katter med nevrologiske og okul\u00e6re tilfeller. Katter som har v\u00e6rt smittet over lengre tid, har st\u00f8rre sannsynlighet for \u00e5 utvikle nevrologiske symptomer, noe som tyder p\u00e5 at viruset har invadert hjernen. Dette gjelder for de aller fleste pasienter med Dry-FIP. Legemidler som p\u00e5virker sentralnervesystemet kan p\u00e5virke permeabiliteten over blod-hjerne-barrieren, noe som kan redusere effekten av FIP-behandling.    <\/p>\n<p>Hvis du vet hvordan du skal administrere FIP-behandlingen p\u00e5 riktig m\u00e5te, kan det bidra til \u00e5 \u00f8ke kattens sjanser til \u00e5 bli frisk og forlenge dens liv. Kontakt oss eller veterin\u00e6ren din for \u00e5 f\u00e5 informasjon om anbefalte doseringsmengder og -hyppighet, og hvis du har sp\u00f8rsm\u00e5l om administreringsteknikker. <\/p>\n\t\t\t\t\t\t\t\t<\/div>\n\t\t\t\t<\/div>\n\t\t\t\t\t<\/div>\n\t\t<\/div>\n\t\t\t\t\t<\/div>\n\t\t<\/section>\n\t\t\t\t<\/div>\n\t\t","protected":false},"excerpt":{"rendered":"<p>Doseringskalkulator Vi anbefaler bruk av en 3 ml eller 5 ml spr\u00f8yte, avhengig av \u00f8nsket volum, og en 2,5 cm lang 21 gauge n\u00e5l. Katten dinvil g\u00e5 opp i vekt etter hvert som behandlingen skrider frem. Vei katten din ukentlig og juster doseringen deretter. VIKTIG MERKNAD: Etter hvert som kattenblir bedre, b\u00f8r du avst\u00e5 fra [&hellip;]<\/p>\n","protected":false},"author":1,"featured_media":0,"parent":0,"menu_order":0,"comment_status":"closed","ping_status":"closed","template":"elementor_header_footer","meta":{"_glsr_average":0,"_glsr_ranking":0,"_glsr_reviews":0,"footnotes":""},"categories":[],"tags":[],"_links":{"self":[{"href":"https:\/\/fipmed.co\/no\/wp-json\/wp\/v2\/pages\/22385"}],"collection":[{"href":"https:\/\/fipmed.co\/no\/wp-json\/wp\/v2\/pages"}],"about":[{"href":"https:\/\/fipmed.co\/no\/wp-json\/wp\/v2\/types\/page"}],"author":[{"embeddable":true,"href":"https:\/\/fipmed.co\/no\/wp-json\/wp\/v2\/users\/1"}],"replies":[{"embeddable":true,"href":"https:\/\/fipmed.co\/no\/wp-json\/wp\/v2\/comments?post=22385"}],"version-history":[{"count":21,"href":"https:\/\/fipmed.co\/no\/wp-json\/wp\/v2\/pages\/22385\/revisions"}],"predecessor-version":[{"id":24949,"href":"https:\/\/fipmed.co\/no\/wp-json\/wp\/v2\/pages\/22385\/revisions\/24949"}],"wp:attachment":[{"href":"https:\/\/fipmed.co\/no\/wp-json\/wp\/v2\/media?parent=22385"}],"wp:term":[{"taxonomy":"category","embeddable":true,"href":"https:\/\/fipmed.co\/no\/wp-json\/wp\/v2\/categories?post=22385"},{"taxonomy":"post_tag","embeddable":true,"href":"https:\/\/fipmed.co\/no\/wp-json\/wp\/v2\/tags?post=22385"}],"curies":[{"name":"wp","href":"https:\/\/api.w.org\/{rel}","templated":true}]}}