{"id":22413,"date":"2024-03-25T07:19:57","date_gmt":"2024-03-25T07:19:57","guid":{"rendered":"https:\/\/fipmed.co\/fip-pa-katter-symptomer-basert-pal-typer-av-fip\/"},"modified":"2024-03-25T07:19:57","modified_gmt":"2024-03-25T07:19:57","slug":"fip-pa-katter-symptomer-basert-pal-typer-av-fip","status":"publish","type":"page","link":"https:\/\/fipmed.co\/no\/fip-pa-katter-symptomer-basert-pal-typer-av-fip\/","title":{"rendered":"FIP hos katt Symptomer basert p\u00e5 typer av FIP"},"content":{"rendered":"<p>Det er lurt \u00e5 se p\u00e5 symptomer p\u00e5 FIP hos katt basert p\u00e5 typer av FIP.<br \/>\nDe er inkludert for en mer n\u00f8yaktig diagnose.<br \/>\n\u00c5 kjenne til typen FIP kan hjelpe deg med \u00e5 forutsi alvorlighetsgraden samt alle de forskjellige formene for FIP som kan oppst\u00e5, slik at du ikke g\u00e5r glipp av noen symptomer i det hele tatt.    &nbsp;<\/p>\n<h1><strong>Kliniske tegn p\u00e5 ikke-effektiv t\u00f8rr FIP<\/strong><\/h1>\n<p>  Typiske symptomer p\u00e5 denne formen for FIP er slapphet, feber, anoreksi, vekttap og gulsott.  &nbsp;<\/p>\n<h2><strong>Sl\u00f8vhet<\/strong><strong> <\/strong><\/h2>\n<p>  Sl\u00f8vhet rapporteres ofte som et av de kliniske tegnene forbundet med Felin infeksi\u00f8s peritonitt.<br \/>\nDet kan forekomme hos katter enten ikke-effusivt, effusivt eller okul\u00e6rt, og kan v\u00e6re et tegn p\u00e5 at noe mer alvorlig er i ferd med \u00e5 skje.<br \/>\nMange katter viser dette apatiske symptomet f\u00f8r andre symptomer oppst\u00e5r, og det er derfor viktig \u00e5 observere sl\u00f8vhet s\u00e5 snart som mulig f\u00f8r andre fremskredne stadier utvikler seg.<br \/>\nEt symptom som forekommer i de fleste tilfeller er overdreven tretthet eller slapphet, som kan inneb\u00e6re at katten holder seg stille i lange perioder eller sover over lengre tid utenfor sine vanlige vaner.<br \/>\nDenne mangelen p\u00e5 energi i kattens aktiviteter kan til slutt f\u00f8re til vekttap til tross for at den har \u00f8kt appetitt p\u00e5 grunn av sin svekkede tilstand &#8211; dette vil ytterligere begrense aktivitetsniv\u00e5et og f\u00f8re til st\u00f8rre tretthet over tid.<br \/>\nEn annen vanlig indikator p\u00e5 FIP er atferdsendringer, for eksempel at katten blir antisosial og unng\u00e5r mennesker fullstendig (selv om de tidligere har v\u00e6rt vennlige).       &nbsp;<\/p>\n<h2><strong>Feber<\/strong><\/h2>\n<p>  Feber er et vanlig klinisk tegn forbundet med FIP, men det er uspesifikt og kan forekomme hos katter som lider av ulike sykdommer.<br \/>\nDet er viktig \u00e5 huske at feber kan v\u00e6re det eneste kliniske symptomet hos katter med ikke-effusiv t\u00f8rr FIP, noe som gj\u00f8r det til et viktig symptom for veterin\u00e6rer \u00e5 ta i betraktning n\u00e5r de vurderer katter for denne sykdommen.<br \/>\nN\u00e5r en katt utvikler feber for\u00e5rsaket av FIP, utvikler sykdommen seg raskt og er nesten alltid d\u00f8delig.<br \/>\nDet kan ogs\u00e5 v\u00e6re utfordrende \u00e5 diagnostisere FIP p\u00e5 grunn av de vage symptomene, ettersom mange andre sykdommer har lignende symptomer, inkludert luftveisinfeksjoner og inflammatoriske lidelser.     &nbsp;<\/p>\n<h2><strong>Anoreksi<\/strong><\/h2>\n<p>  Anoreksi er et av de uspesifikke og ikke-lokaliserende tegnene p\u00e5 FIP som ofte observeres hos katter.<br \/>\nAnoreksi er mangel p\u00e5 eller tap av appetitt, noe som kan skyldes redusert trang til \u00e5 spise p\u00e5 grunn av smerte, sykdom eller skade.<br \/>\nKatter med FIP lider av d\u00e5rlig appetitt og utvikler anemi p\u00e5 grunn av n\u00e6ringsmangel, noe som p\u00e5virker den generelle helsen og hindrer normal funksjon.<br \/>\nSymptomer som slapphet, sl\u00f8vhet, vekttap og feber ledsages ofte av anoreksi hos katter som opplever livstruende virus som FIP.     &nbsp;<\/p>\n<h2><strong>Vekttap<\/strong><\/h2>\n<p>  Vekttap er et vanlig klinisk tegn p\u00e5 FIP, spesielt i tilfeller med t\u00f8rr FIP.<br \/>\nSymptomene forbundet med vekttap kan variere, avhengig av sykdommens alvorlighetsgrad.<br \/>\nTidlige tegn kan inneb\u00e6re redusert matinntak og langsommere vekst enn normalt, mens mer fremskredne stadier kan omfatte betydelig nedgang i kroppsmasse over kort tid, samt redusert energiniv\u00e5 og muskelsvinn.<br \/>\nUforklarlig eller raskt vekttap b\u00f8r ikke ignoreres n\u00e5r det gjelder katter som viser tegn som er forenlige med FIP.<br \/>\nHvis katten din virker tynnere enn vanlig uten noen forklaring, eller ser ut til \u00e5 miste mye pels uten noen p\u00e5viselig grunn, er det viktig at du opps\u00f8ker profesjonell veterin\u00e6rhjelp umiddelbart.      &nbsp;<\/p>\n<h2><strong>Gulsott<\/strong><\/h2>\n<p>  Gulsott er et tegn som observeres hos katter med FIP, vanligvis sammen med andre tegn p\u00e5 leversvikt eller hepatomegali (forst\u00f8rret lever), som slapphet og vekttap.<br \/>\nVed fysisk unders\u00f8kelse kan kattens hud v\u00e6re gulaktig i fargen, noe som kan v\u00e6re spesielt synlig p\u00e5 magen og p\u00e5 \u00f8ynene.<br \/>\nI noen tilfeller kan gulsott dekke hele kattens kropp.<br \/>\nGulsott skyldes en \u00f8kning i bilirubinniv\u00e5et (pigmenterte molekyler som frigj\u00f8res i sirkulasjonen av r\u00f8de blodlegemer som har g\u00e5tt i oppl\u00f8sning), noe som f\u00f8rer til en p\u00e5f\u00f8lgende opphopning.<br \/>\nDet indikerer en forstyrrelse et sted i galleveiene, som inkluderer gallebl\u00e6ren og strukturer mellom leveren og tynntarmen som er n\u00f8dvendige for ford\u00f8yelsen.      &nbsp;<\/p>\n<h1><strong>Kliniske tegn p\u00e5 effusiv v\u00e5t FIP<\/strong><\/h1>\n<p>  Hevelse i thorax, abdomen og skrotum er noen av tegnene som er forbundet med effusiv v\u00e5t FIP.  &nbsp;<\/p>\n<h2><strong>Hevelse i thorax<\/strong><\/h2>\n<p>  Hevelse i brystkassen er et klinisk tegn forbundet med effusiv v\u00e5t FIP, der det oppst\u00e5r v\u00e6skeansamling i brystkassen.<br \/>\nDette kan f\u00f8re til pustevansker og p\u00e5virke normal funksjon av organer som hjertefrekvens, temperaturregulering og gassutveksling.<br \/>\nDerfor er dette en av de effusjonene vi anbefaler \u00e5 t\u00f8mme ut, hvis det er mulig.<br \/>\nHevelse i brystkassen indikerer fremskredne stadier av FIP og viser seg ofte gjennom \u00f8kt respirasjonsfrekvens eller gurglelyder n\u00e5r katten puster.<br \/>\nHvis hevelsen i brystkassen er til stede over lengre tid, kan det f\u00f8re til \u00f8kt trykk p\u00e5 de indre organene, noe som kan f\u00f8re til underern\u00e6ring p\u00e5 grunn av redusert blodgjennomstr\u00f8mning og oksygentilf\u00f8rsel.<br \/>\nUbehandlet kan vedvarende hevelser i brystkassen f\u00f8re til permanent skade p\u00e5 vitale organer, noe som i ytterste konsekvens kan f\u00f8re til at katten d\u00f8r hvis den ikke blir behandlet over lengre tid.       &nbsp;<\/p>\n<h2><strong>Hevelse i buken<\/strong><\/h2>\n<p>  Hevelse i buken er ogs\u00e5 et klinisk tegn forbundet med effusiv FIP.<br \/>\nDenne formen for FIP kjennetegnes ved at det utvikles v\u00e6ske i buken, ogs\u00e5 kjent som abdominal effusjon.<br \/>\nMage-tarmsystemet og dets organer blir omgitt av denne ekstra, unormale v\u00e6sken.<br \/>\nRadiografi, ultralyd og abdominocentese er diagnostiske prosedyrer som brukes for \u00e5 fastsl\u00e5 om det har oppst\u00e5tt v\u00e6skeansamling i buken hos katter med mistanke om FIP.<br \/>\nI tillegg kan v\u00e6skeanalyse gi sv\u00e6rt indikative resultater for \u00e5 diagnostisere abdominal effusjon for\u00e5rsaket av FIP med stor n\u00f8yaktighet.<br \/>\nHevelse i buken er mindre truende for katten, selv om det kan v\u00e6re ubehagelig.<br \/>\nHvis du velger \u00e5 drenere denne effusjonen, b\u00f8r du ikke drenere mer enn 30 % av v\u00e6sken.        &nbsp;<\/p>\n<h2><strong>Hevelse i pungen<\/strong><\/h2>\n<p>  Hevelse i pungen hos hannkatter kan identifiseres av dyreeiere n\u00e5r det skjer en uforklarlig endring i pungens st\u00f8rrelse, spesielt hvis den oppst\u00e5r raskt eller kommer sammen med andre tegn som slapphet og feber.<br \/>\nDenne formen for FIP rammer oftest unge katter, og den debuterer raskt med symptomer som v\u00e6skeansamling i buken, forst\u00f8rret brystkasse, vekttap, gulsott og vedvarende h\u00f8y feber.<br \/>\nHevelse i pungen er et av de viktigste kliniske symptomene som veterin\u00e6rer bruker for \u00e5 identifisere denne tilstanden tidlig, vanligvis f\u00f8r andre tegn dukker opp.    &nbsp;<\/p>\n<h1><strong>Kliniske tegn p\u00e5 okul\u00e6r FIP<\/strong><\/h1>\n<p>  Hold \u00f8ye med tegn p\u00e5 FIP, for eksempel misfarging av iris, synstap, fortykkelse av hornhinnen og hypopyon.  &nbsp;<\/p>\n<h2><strong>Misfarging av iris<\/strong><\/h2>\n<p>  Misfarging av iris er et klinisk tegn som kan tyde p\u00e5 en okul\u00e6r form av FIP.<br \/>\nDet manifesterer seg vanligvis som endring i fargen p\u00e5 iris, unormal uklarhet i \u00f8yet eller flokkulerende utseende (hvite flekker) inne i pupillomr\u00e5det p\u00e5 grunn av betennelse som f\u00f8lge av en infeksjon for\u00e5rsaket av FIP-viruset.<br \/>\nHornhinnen kan ogs\u00e5 bli tykkere og hypopyon kan ogs\u00e5 f\u00f8lge med dette tegnet, som vanligvis, hvis det ikke behandles, kan f\u00f8re til permanent synstap til slutt.<br \/>\nDet er viktig \u00e5 oppdage og diagnostisere denne tilstanden tidlig, slik at man kan starte rask behandling med antiprotozoiske midler som kloramfenikol og tiamfenikol for \u00e5 redusere ytterligere risiko forbundet med den.     &nbsp;<\/p>\n<h2><strong>Tap av synet<\/strong><\/h2>\n<p>  Synstap er et av de mest merkbare tegnene p\u00e5 at katten din kan ha okul\u00e6r FIP.<br \/>\nDet er et avansert symptom og kan indikere at en mer alvorlig form av viruset allerede har v\u00e6rt aktiv hos kj\u00e6ledyret ditt.<br \/>\nPyogranulomat\u00f8s fremre uveitt (betennelse) er en slik manifestasjon som gir tegn som Handlight Sign (gulaktig spredning n\u00e5r \u00f8ynene utsettes for en fokusert lysstr\u00e5le som en lommelykt).<br \/>\nDette syndromet er relatert til betydelig reduksjon av synet sammen med utilstrekkelig innstr\u00f8mning\/utstr\u00f8mning av cystiske strukturer og lesjoner i iris, noe som ogs\u00e5 for\u00e5rsaker \u00f8deleggelse i \u00f8yehulen hvis det ikke behandles over tid.     &nbsp;<\/p>\n<h2><strong>Fortykkelse av hornhinnen<\/strong><\/h2>\n<p>  Denne tilstanden oppst\u00e5r n\u00e5r den ytre delen av \u00f8yet, kjent som hornhinnen, blir tykkere enn normalt p\u00e5 grunn av betennelse.<br \/>\nHos katter kan dette v\u00e6re for\u00e5rsaket av enten et virus eller en bakterie, og det kan ta uker f\u00f8r effekten blir merkbar.<br \/>\nVanligvis er det lettere \u00e5 identifisere dette symptomet hvis andre tegn som uklarhet i synet eller smerter er til stede samtidig.<br \/>\nEn katt som opplever fortykkelse av hornhinnen kan ha problemer med \u00e5 se klart og muligens oppleve ubehag eller smerte p\u00e5 grunn av den reduserte synskvaliteten.     &nbsp;<\/p>\n<h2><strong>Hypopyon<\/strong><\/h2>\n<p>  Hypopyon er et medisinsk begrep som brukes for \u00e5 beskrive en opphopning av hvite blodlegemer i bunnen av hornhinnen, noe som ofte oppst\u00e5r n\u00e5r \u00f8yet rammes av betennelse eller infeksjon.<br \/>\nDet er oftest forbundet med uveitt, en betennelse i \u00f8yet som oppst\u00e5r som f\u00f8lge av FIP hos katter.<br \/>\nHypopyon for\u00e5rsakes av leukocytter (hvite blodlegemer) som kommer inn gjennom iris og samler seg i \u00f8yets indre kammer.<br \/>\nDette f\u00f8rer til direkte observasjoner ved fysisk unders\u00f8kelse, som synlige uklarheter i en eller flere deler av \u00f8yeeplet eller pupillforandringer under lyseksponeringstester utf\u00f8rt av veterin\u00e6rer.     &nbsp;<\/p>\n<h2><strong>Netthinnel\u00f8sning<\/strong><\/h2>\n<p>  Dette er en tilstand som oppst\u00e5r n\u00e5r netthinnen trekker seg bort fra det underliggende st\u00f8ttevevet og blodtilf\u00f8rselen.<br \/>\nDet kan v\u00e6re for\u00e5rsaket av en rekke medisinske tilstander, som h\u00f8yt blodtrykk, overaktiv skjoldbruskkjertel eller nyresykdom.<br \/>\nHos katter med FIP kan det forekomme granulomat\u00f8se forandringer i tillegg til netthinnebl\u00f8dning og netthinneavl\u00f8sning.<br \/>\nDet viktigste symptomet i forbindelse med netthinneavl\u00f8sning er synstap, som kan oppst\u00e5 plutselig eller gradvis, avhengig av skadens omfang og infeksjonens alvorlighetsgrad.<br \/>\nAndre tegn kan v\u00e6re sl\u00f8r eller uklarhet i \u00f8ynene, forstyrrelser eller forvrengning av synsfeltet og vansker med \u00e5 tilpasse seg omgivelser med sterkt lys, inkludert nattblindhet.<br \/>\nNoen katter kan ogs\u00e5 ha flytere som f\u00f8lge av lekkasje av glasslegemev\u00e6ske inn i en hvilken som helst del av \u00f8yestrukturen, noe som f\u00f8rer til forvrengte bilder p\u00e5 grunn av forstyrrelser i det normale synsfeltet.       &nbsp;<\/p>\n<h1><strong>Kliniske tegn p\u00e5 nevrologisk FIP<\/strong><\/h1>\n<p>  Se etter tegn som ubalanse, hodeskjevhet, kramper og atferdsendringer.  &nbsp;<\/p>\n<h2><strong>Ubalanse<\/strong><\/h2>\n<p>  Ubalanse er et vanlig symptom p\u00e5 FIP og er ofte den f\u00f8rste indikasjonen p\u00e5 at noe er galt.<br \/>\nHos katter med FIP kan ubalanse manifestere seg som gangvansker eller tap av koordinasjon &#8211; avhengig av hvor alvorlig tilstanden er.<br \/>\nN\u00e5r katten skifter fra liggende til st\u00e5ende stilling, kan den svaie frem og tilbake fordi den ikke klarer \u00e5 gjenvinne balansen raskt.<br \/>\n\u00c5rsaken til dette symptomet kan variere avhengig av hvilken type FIP katten din har utviklet.<br \/>\nDet kan skyldes nevrologiske skader eller v\u00e6skeansamling i buken eller brysthulen.<br \/>\nUbalanse hos katter b\u00f8r ikke tas lett p\u00e5 og b\u00f8r tas opp med veterin\u00e6ren din, da tidlig diagnose forbedrer prognosen betydelig n\u00e5r det gjelder behandling av denne tilstanden.<br \/>\nVeterin\u00e6ren din vil starte med \u00e5 utf\u00f8re fysiske unders\u00f8kelser som \u00e5 se p\u00e5 motorisk funksjon og reflekser for \u00e5 vurdere om kattens gange virker koordinert.        &nbsp;<\/p>\n<h2><strong>Vippe hodet<\/strong><\/h2>\n<p>  Hodetilting er et viktig klinisk tegn p\u00e5 nevrologisk FIP, da det ofte er en indikasjon p\u00e5 vestibul\u00e6rt syndrom.<br \/>\nVestibul\u00e6rt syndrom oppst\u00e5r n\u00e5r den delen av hjernen som er ansvarlig for balansen ikke fungerer som den skal, noe som f\u00f8rer til ubalanse og koordinasjonsvansker.<br \/>\nHos katter manifesterer dette seg som en uttalt helling av hodet til den ene eller andre siden.<br \/>\nDette kan v\u00e6re ledsaget av \u00f8yne som ikke ser ut til \u00e5 bevege seg normalt sammen.<br \/>\nDet ene kan flakke raskt frem og tilbake mens det andre st\u00e5r stille, samt rullende bevegelser for\u00e5rsaket av tyngdekraften som gj\u00f8r det vanskelig for katten \u00e5 holde seg oppreist.      &nbsp;<\/p>\n<h2><strong>Krampeanfall<\/strong><\/h2>\n<p>  Anfall kan v\u00e6re et klinisk tegn p\u00e5 FIP n\u00e5r nevrologiske forstyrrelser er til stede.<br \/>\nNoen tydelige tegn p\u00e5 at katten din kan ha et anfall p\u00e5 grunn av FIP inkluderer upassende eliminering, demenslignende atferd som sirkling eller aggressivitet, nedsatt koordinasjon og balanse, og merkelige vokaliseringer eller tap av bevissthet.<br \/>\nHver gang katten din f\u00e5r et anfall, b\u00f8r du ta den med til veterin\u00e6ren omg\u00e5ende for videre evaluering og diagnostisering.    &nbsp;<\/p>\n<h2><strong>Atferdsendring<\/strong><\/h2>\n<p>  Endringer i atferd kan v\u00e6re en tidlig indikator p\u00e5 FIP.<br \/>\nEt vanlig symptom som bekymrer eiere, er plutselige endringer i kattens atferdsm\u00f8nster.<br \/>\nKatter kan gjemme seg bort oftere enn vanlig eller vise aggresjon n\u00e5r de normalt ikke ville gjort det.<\/p>\n","protected":false},"excerpt":{"rendered":"<p>Det er lurt \u00e5 se p\u00e5 symptomer p\u00e5 FIP hos katt basert p\u00e5 typer av FIP. De er inkludert for en mer n\u00f8yaktig diagnose. \u00c5 kjenne til typen FIP kan hjelpe deg med \u00e5 forutsi alvorlighetsgraden samt alle de forskjellige formene for FIP som kan oppst\u00e5, slik at du ikke g\u00e5r glipp av noen symptomer [&hellip;]<\/p>\n","protected":false},"author":1,"featured_media":22414,"parent":0,"menu_order":0,"comment_status":"closed","ping_status":"closed","template":"","meta":{"_glsr_average":0,"_glsr_ranking":0,"_glsr_reviews":0,"footnotes":""},"categories":[863],"tags":[],"_links":{"self":[{"href":"https:\/\/fipmed.co\/no\/wp-json\/wp\/v2\/pages\/22413"}],"collection":[{"href":"https:\/\/fipmed.co\/no\/wp-json\/wp\/v2\/pages"}],"about":[{"href":"https:\/\/fipmed.co\/no\/wp-json\/wp\/v2\/types\/page"}],"author":[{"embeddable":true,"href":"https:\/\/fipmed.co\/no\/wp-json\/wp\/v2\/users\/1"}],"replies":[{"embeddable":true,"href":"https:\/\/fipmed.co\/no\/wp-json\/wp\/v2\/comments?post=22413"}],"version-history":[{"count":0,"href":"https:\/\/fipmed.co\/no\/wp-json\/wp\/v2\/pages\/22413\/revisions"}],"wp:featuredmedia":[{"embeddable":true,"href":"https:\/\/fipmed.co\/no\/wp-json\/wp\/v2\/media\/22414"}],"wp:attachment":[{"href":"https:\/\/fipmed.co\/no\/wp-json\/wp\/v2\/media?parent=22413"}],"wp:term":[{"taxonomy":"category","embeddable":true,"href":"https:\/\/fipmed.co\/no\/wp-json\/wp\/v2\/categories?post=22413"},{"taxonomy":"post_tag","embeddable":true,"href":"https:\/\/fipmed.co\/no\/wp-json\/wp\/v2\/tags?post=22413"}],"curies":[{"name":"wp","href":"https:\/\/api.w.org\/{rel}","templated":true}]}}