{"id":22453,"date":"2022-11-25T15:16:05","date_gmt":"2022-11-25T15:16:05","guid":{"rendered":"https:\/\/fipmed.co\/fip-retningslinjer-for-tilbakefall\/"},"modified":"2024-07-28T06:29:36","modified_gmt":"2024-07-28T06:29:36","slug":"fip-retningslinjer-for-tilbakefall","status":"publish","type":"page","link":"https:\/\/fipmed.co\/no\/fip-retningslinjer-for-tilbakefall\/","title":{"rendered":"Retningslinjer for tilbakefall av FIP"},"content":{"rendered":"\t\t<div data-elementor-type=\"wp-page\" data-elementor-id=\"22453\" class=\"elementor elementor-22453 elementor-32\">\n\t\t\t\t\t\t<section class=\"elementor-section elementor-top-section elementor-element elementor-element-672f648 elementor-section-boxed elementor-section-height-default elementor-section-height-default\" data-id=\"672f648\" data-element_type=\"section\">\n\t\t\t\t\t\t<div class=\"elementor-container elementor-column-gap-default\">\n\t\t\t\t\t<div class=\"elementor-column elementor-col-100 elementor-top-column elementor-element elementor-element-6547255\" data-id=\"6547255\" data-element_type=\"column\">\n\t\t\t<div class=\"elementor-widget-wrap elementor-element-populated\">\n\t\t\t\t\t\t<div class=\"elementor-element elementor-element-e63edf4 elementor-widget elementor-widget-text-editor\" data-id=\"e63edf4\" data-element_type=\"widget\" data-widget_type=\"text-editor.default\">\n\t\t\t\t<div class=\"elementor-widget-container\">\n\t\t\t\t\t\t\t\t\t<p class=\"p1\"><span class=\"s1\">Et tilbakefall av FIP forekommer hos ca. 3 % av katter som har gjennomg\u00e5tt FipMeds FIP-behandlingsprogram.<br \/>\nDerfor kan FipMed Relapse Rebate Program dekke dine bekymringer for et tilbakefall. <\/span><\/p>\n<p class=\"p1\"><span style=\"color: #000080;\"><strong><span class=\"s1\">For katter som har fullf\u00f8rt 84 dagers behandling med kun FipMed FIP-injeksjoner eller orale kapsler, gis det 50 % rabatt p\u00e5 tilbakefallsbehandling hvis det oppst\u00e5r et tilbakefall av FIP.<\/span><\/strong><\/span><\/p>\n<p class=\"p1\"><span class=\"s1\">Kravene for \u00e5 kvalifisere seg til dette programmet er blant annet<\/span><\/p>\n<p class=\"p1\"><span class=\"s1\">1. Tilbakefallet skjer innen 12 m\u00e5neder etter at den f\u00f8rste fullstendige behandlingen er fullf\u00f8rt<\/span><\/p>\n<p class=\"p1\"><span class=\"s1\">2. Kattens behandlingsstartdato og sluttdato<\/span><\/p>\n<p class=\"p1\"><span class=\"s1\">3.  <span class=\"Apple-converted-space\">  <\/span>Endelige blodpr\u00f8veresultater ved avslutning av FipMed-behandlingsprogrammet<\/span><\/p>\n<p class=\"p1\"><span class=\"s1\">4.  <span class=\"Apple-converted-space\">  <\/span>Mengden ampuller og piller som ble kj\u00f8pt inn til den f\u00f8rste behandlingen, var tilstrekkelig for 84 dager<\/span><\/p>\n<p class=\"p1\"><span class=\"s1\" style=\"color: #000080;\"><b>For katter som ikke har fullf\u00f8rt 84 dagers behandling, men som utelukkende har brukt FipMed-medisiner, gis det 50 % rabatt p\u00e5 tilbakefallsbehandling hvis det oppst\u00e5r et FIP-tilbakefall.<\/b><\/span><\/p>\n<p class=\"p1\"><span class=\"s1\">Mange katter blir helt friske fra FIP-infeksjoner i l\u00f8pet av 84 dager.<br \/>\nVi setter pris p\u00e5 din og din veterin\u00e6rs beslutning om \u00e5 avbryte behandlingsprogrammet tidlig under disse omstendighetene.<br \/>\nVi gir 50 % rabatt p\u00e5 tilbakefallsbehandling for katter som f\u00e5r tilbakefall innen 6 m\u00e5neder etter at de har avsluttet behandlingsprogrammet og som kun har brukt FipMed-produkter.  <\/span><\/p>\n<p class=\"p1\"><span class=\"s1\">Kravene for \u00e5 kvalifisere seg til dette programmet er blant annet<\/span><\/p>\n<p class=\"p1\"><span class=\"s1\">1. FIP-tilbakefallet inntreffer innen 6 m\u00e5neder etter at den f\u00f8rste fullstendige behandlingen er fullf\u00f8rt<\/span><\/p>\n<p class=\"p1\"><span class=\"s1\">2. Kattens behandlingsstartdato og sluttdato<\/span><\/p>\n<p class=\"p1\"><span class=\"s1\">3.  <span class=\"Apple-converted-space\">  <\/span>Endelige blodpr\u00f8veresultater ved avslutning av FipMed-behandlingsprogrammet.<\/span><\/p>\n<p class=\"p1\"><span class=\"s1\">4.  <span class=\"Apple-converted-space\">  <\/span>Ingen invasive operasjoner som kastrering eller vaksinering innen 84 dager etter FipMed-behandling  <\/span><\/p>\n<p class=\"p1\"><span class=\"s1\">5.  <span class=\"Apple-converted-space\">  <\/span>Mengden ampuller og piller som ble kj\u00f8pt inn til den f\u00f8rste behandlingen, var tilstrekkelig for 45 dager<\/span><\/p>\n<p class=\"p1\"><span class=\"s1\">MERK: Vi gir ikke rabatt til katter som har fullf\u00f8rt v\u00e5rt behandlingsprogram uten f\u00f8rst \u00e5 ha gjennomg\u00e5tt en grundig blodpr\u00f8ve for \u00e5 se om de kritiske parameterne er tilbake i normalomr\u00e5det.<\/span><\/p>\n\t\t\t\t\t\t\t\t<\/div>\n\t\t\t\t<\/div>\n\t\t\t\t\t<\/div>\n\t\t<\/div>\n\t\t\t\t\t<\/div>\n\t\t<\/section>\n\t\t\t\t<\/div>\n\t\t","protected":false},"excerpt":{"rendered":"<p>Et tilbakefall av FIP forekommer hos ca. 3 % av katter som har gjennomg\u00e5tt FipMeds FIP-behandlingsprogram. Derfor kan FipMed Relapse Rebate Program dekke dine bekymringer for et tilbakefall. For katter som har fullf\u00f8rt 84 dagers behandling med kun FipMed FIP-injeksjoner eller orale kapsler, gis det 50 % rabatt p\u00e5 tilbakefallsbehandling hvis det oppst\u00e5r et tilbakefall [&hellip;]<\/p>\n","protected":false},"author":1,"featured_media":0,"parent":0,"menu_order":0,"comment_status":"closed","ping_status":"closed","template":"","meta":{"_glsr_average":0,"_glsr_ranking":0,"_glsr_reviews":0,"footnotes":""},"categories":[],"tags":[],"_links":{"self":[{"href":"https:\/\/fipmed.co\/no\/wp-json\/wp\/v2\/pages\/22453"}],"collection":[{"href":"https:\/\/fipmed.co\/no\/wp-json\/wp\/v2\/pages"}],"about":[{"href":"https:\/\/fipmed.co\/no\/wp-json\/wp\/v2\/types\/page"}],"author":[{"embeddable":true,"href":"https:\/\/fipmed.co\/no\/wp-json\/wp\/v2\/users\/1"}],"replies":[{"embeddable":true,"href":"https:\/\/fipmed.co\/no\/wp-json\/wp\/v2\/comments?post=22453"}],"version-history":[{"count":1,"href":"https:\/\/fipmed.co\/no\/wp-json\/wp\/v2\/pages\/22453\/revisions"}],"predecessor-version":[{"id":22454,"href":"https:\/\/fipmed.co\/no\/wp-json\/wp\/v2\/pages\/22453\/revisions\/22454"}],"wp:attachment":[{"href":"https:\/\/fipmed.co\/no\/wp-json\/wp\/v2\/media?parent=22453"}],"wp:term":[{"taxonomy":"category","embeddable":true,"href":"https:\/\/fipmed.co\/no\/wp-json\/wp\/v2\/categories?post=22453"},{"taxonomy":"post_tag","embeddable":true,"href":"https:\/\/fipmed.co\/no\/wp-json\/wp\/v2\/tags?post=22453"}],"curies":[{"name":"wp","href":"https:\/\/api.w.org\/{rel}","templated":true}]}}