{"id":22474,"date":"2022-11-25T15:15:07","date_gmt":"2022-11-25T15:15:07","guid":{"rendered":"https:\/\/fipmed.co\/fip-suksesshistorier\/"},"modified":"2024-07-28T06:32:47","modified_gmt":"2024-07-28T06:32:47","slug":"fip-suksesshistorier","status":"publish","type":"page","link":"https:\/\/fipmed.co\/no\/fip-suksesshistorier\/","title":{"rendered":"Suksesshistorier om FIP"},"content":{"rendered":"\t\t<div data-elementor-type=\"wp-page\" data-elementor-id=\"22474\" class=\"elementor elementor-22474 elementor-25\">\n\t\t\t\t\t\t<section class=\"elementor-section elementor-top-section elementor-element elementor-element-e3d451c elementor-section-full_width elementor-section-stretched elementor-section-height-default elementor-section-height-default\" data-id=\"e3d451c\" data-element_type=\"section\" data-settings=\"{&quot;stretch_section&quot;:&quot;section-stretched&quot;,&quot;background_background&quot;:&quot;classic&quot;}\">\n\t\t\t\t\t\t<div class=\"elementor-container elementor-column-gap-default\">\n\t\t\t\t\t<div class=\"elementor-column elementor-col-100 elementor-top-column elementor-element elementor-element-a5c9e2c\" data-id=\"a5c9e2c\" data-element_type=\"column\">\n\t\t\t<div class=\"elementor-widget-wrap elementor-element-populated\">\n\t\t\t\t\t\t<div class=\"elementor-element elementor-element-39743ef elementor-widget elementor-widget-heading\" data-id=\"39743ef\" data-element_type=\"widget\" data-widget_type=\"heading.default\">\n\t\t\t\t<div class=\"elementor-widget-container\">\n\t\t\t\t\t<h2 class=\"elementor-heading-title elementor-size-default\">Attester  <\/h2>\t\t\t\t<\/div>\n\t\t\t\t<\/div>\n\t\t\t\t<div class=\"elementor-element elementor-element-85dd8c0 elementor-widget elementor-widget-text-editor\" data-id=\"85dd8c0\" data-element_type=\"widget\" data-widget_type=\"text-editor.default\">\n\t\t\t\t<div class=\"elementor-widget-container\">\n\t\t\t\t\t\t\t\t\t<p>Les de fantastiske suksesshistoriene til disse modige FIP-kattene.<br \/>\nMed FipMed-behandling klarer disse pelsdyrene \u00e5 overleve den mest opprivende kattesykdommen. <\/p>\n\t\t\t\t\t\t\t\t<\/div>\n\t\t\t\t<\/div>\n\t\t\t\t<section class=\"elementor-section elementor-inner-section elementor-element elementor-element-f2ab2ed elementor-section-boxed elementor-section-height-default elementor-section-height-default\" data-id=\"f2ab2ed\" data-element_type=\"section\">\n\t\t\t\t\t\t<div class=\"elementor-container elementor-column-gap-default\">\n\t\t\t\t\t<div class=\"elementor-column elementor-col-50 elementor-inner-column elementor-element elementor-element-d1ef3e3\" data-id=\"d1ef3e3\" data-element_type=\"column\" id=\"was\">\n\t\t\t<div class=\"elementor-widget-wrap elementor-element-populated\">\n\t\t\t\t\t\t<div class=\"elementor-element elementor-element-01ba8e4 elementor-widget elementor-widget-image\" data-id=\"01ba8e4\" data-element_type=\"widget\" data-widget_type=\"image.default\">\n\t\t\t\t<div class=\"elementor-widget-container\">\n\t\t\t\t\t\t\t\t\t\t\t\t\t\t\t<img data-opt-id=1688254356  fetchpriority=\"high\" decoding=\"async\" width=\"600\" height=\"600\" src=\"https:\/\/ml9txs9ouv9q.i.optimole.com\/w:auto\/h:auto\/q:mauto\/f:best\/https:\/\/fipmed.co\/wp-content\/uploads\/2022\/11\/FIP-warrior-6.jpg\" class=\"attachment-large size-large wp-image-795\" alt=\"\" srcset=\"https:\/\/ml9txs9ouv9q.i.optimole.com\/w:600\/h:600\/q:mauto\/f:best\/https:\/\/fipmed.co\/wp-content\/uploads\/2022\/11\/FIP-warrior-6.jpg 600w, https:\/\/ml9txs9ouv9q.i.optimole.com\/w:300\/h:300\/q:mauto\/f:best\/https:\/\/fipmed.co\/wp-content\/uploads\/2022\/11\/FIP-warrior-6.jpg 300w, https:\/\/ml9txs9ouv9q.i.optimole.com\/w:150\/h:150\/q:mauto\/f:best\/https:\/\/fipmed.co\/wp-content\/uploads\/2022\/11\/FIP-warrior-6.jpg 150w, https:\/\/ml9txs9ouv9q.i.optimole.com\/w:100\/h:100\/q:mauto\/f:best\/dpr:2\/https:\/\/fipmed.co\/wp-content\/uploads\/2022\/11\/FIP-warrior-6.jpg 100w\" sizes=\"(max-width: 600px) 100vw, 600px\" \/>\t\t\t\t\t\t\t\t\t\t\t\t\t\t\t<\/div>\n\t\t\t\t<\/div>\n\t\t\t\t<div class=\"elementor-element elementor-element-0d46735 elementor-widget elementor-widget-text-editor\" data-id=\"0d46735\" data-element_type=\"widget\" data-widget_type=\"text-editor.default\">\n\t\t\t\t<div class=\"elementor-widget-container\">\n\t\t\t\t\t\t\t\t\tMartian var bare to m\u00e5neder gammel da han ble smittet med FIP, s\u00e5 det var ganske alarmerende \u00e5 se at han gikk fra \u00e5 v\u00e6re en spretten gutt til \u00e5 bli sl\u00f8v. Det var som om han var besatt av en m\u00f8rk sky.\nJeg er s\u00e5 glad for at FipMed-behandlingen virket, for han hadde et helt liv foran seg!   \t\t\t\t\t\t\t\t<\/div>\n\t\t\t\t<\/div>\n\t\t\t\t\t<\/div>\n\t\t<\/div>\n\t\t\t\t<div class=\"elementor-column elementor-col-50 elementor-inner-column elementor-element elementor-element-7acde6d\" data-id=\"7acde6d\" data-element_type=\"column\" id=\"very\">\n\t\t\t<div class=\"elementor-widget-wrap elementor-element-populated\">\n\t\t\t\t\t\t<div class=\"elementor-element elementor-element-f5d4ec4 elementor-widget elementor-widget-image\" data-id=\"f5d4ec4\" data-element_type=\"widget\" data-widget_type=\"image.default\">\n\t\t\t\t<div class=\"elementor-widget-container\">\n\t\t\t\t\t\t\t\t\t\t\t\t\t\t\t<img data-opt-id=838099782  data-opt-src=\"https:\/\/ml9txs9ouv9q.i.optimole.com\/w:auto\/h:auto\/q:mauto\/f:best\/https:\/\/fipmed.co\/wp-content\/uploads\/2022\/12\/WhatsApp-Image-2022-12-02-at-21.59.18.jpeg\"  decoding=\"async\" width=\"600\" height=\"600\" src=\"data:image/svg+xml,%3Csvg%20viewBox%3D%220%200%20100%%20100%%22%20width%3D%22100%%22%20height%3D%22100%%22%20xmlns%3D%22http%3A%2F%2Fwww.w3.org%2F2000%2Fsvg%22%3E%3Crect%20width%3D%22100%%22%20height%3D%22100%%22%20fill%3D%22transparent%22%2F%3E%3C%2Fsvg%3E\" class=\"attachment-large size-large wp-image-1005\" alt=\"\" old-srcset=\"https:\/\/ml9txs9ouv9q.i.optimole.com\/w:600\/h:600\/q:mauto\/f:best\/https:\/\/fipmed.co\/wp-content\/uploads\/2022\/12\/WhatsApp-Image-2022-12-02-at-21.59.18.jpeg 600w, https:\/\/ml9txs9ouv9q.i.optimole.com\/w:300\/h:300\/q:mauto\/f:best\/https:\/\/fipmed.co\/wp-content\/uploads\/2022\/12\/WhatsApp-Image-2022-12-02-at-21.59.18.jpeg 300w, https:\/\/ml9txs9ouv9q.i.optimole.com\/w:150\/h:150\/q:mauto\/f:best\/https:\/\/fipmed.co\/wp-content\/uploads\/2022\/12\/WhatsApp-Image-2022-12-02-at-21.59.18.jpeg 150w, https:\/\/ml9txs9ouv9q.i.optimole.com\/w:100\/h:100\/q:mauto\/f:best\/dpr:2\/https:\/\/fipmed.co\/wp-content\/uploads\/2022\/12\/WhatsApp-Image-2022-12-02-at-21.59.18.jpeg 100w\" \/><noscript><img data-opt-id=838099782  decoding=\"async\" width=\"600\" height=\"600\" src=\"https:\/\/ml9txs9ouv9q.i.optimole.com\/w:auto\/h:auto\/q:mauto\/f:best\/https:\/\/fipmed.co\/wp-content\/uploads\/2022\/12\/WhatsApp-Image-2022-12-02-at-21.59.18.jpeg\" class=\"attachment-large size-large wp-image-1005\" alt=\"\" srcset=\"https:\/\/ml9txs9ouv9q.i.optimole.com\/w:600\/h:600\/q:mauto\/f:best\/https:\/\/ml9txs9ouv9q.i.optimole.com\/w:auto\/h:auto\/q:mauto\/f:best\/https:\/\/fipmed.co\/wp-content\/uploads\/2022\/12\/WhatsApp-Image-2022-12-02-at-21.59.18.jpeg 600w, https:\/\/ml9txs9ouv9q.i.optimole.com\/w:300\/h:300\/q:mauto\/f:best\/https:\/\/ml9txs9ouv9q.i.optimole.com\/w:auto\/h:auto\/q:mauto\/f:best\/https:\/\/fipmed.co\/wp-content\/uploads\/2022\/12\/WhatsApp-Image-2022-12-02-at-21.59.18.jpeg 300w, https:\/\/ml9txs9ouv9q.i.optimole.com\/w:150\/h:150\/q:mauto\/f:best\/https:\/\/ml9txs9ouv9q.i.optimole.com\/w:auto\/h:auto\/q:mauto\/f:best\/https:\/\/fipmed.co\/wp-content\/uploads\/2022\/12\/WhatsApp-Image-2022-12-02-at-21.59.18.jpeg 150w, https:\/\/ml9txs9ouv9q.i.optimole.com\/w:100\/h:100\/q:mauto\/f:best\/dpr:2\/https:\/\/ml9txs9ouv9q.i.optimole.com\/w:auto\/h:auto\/q:mauto\/f:best\/https:\/\/fipmed.co\/wp-content\/uploads\/2022\/12\/WhatsApp-Image-2022-12-02-at-21.59.18.jpeg 100w\" sizes=\"(max-width: 600px) 100vw, 600px\" \/></noscript>\t\t\t\t\t\t\t\t\t\t\t\t\t\t\t<\/div>\n\t\t\t\t<\/div>\n\t\t\t\t<div class=\"elementor-element elementor-element-b4be713 elementor-widget elementor-widget-text-editor\" data-id=\"b4be713\" data-element_type=\"widget\" data-widget_type=\"text-editor.default\">\n\t\t\t\t<div class=\"elementor-widget-container\">\n\t\t\t\t\t\t\t\t\tJeg er veldig forn\u00f8yd med MJs fremgang.\nHan har n\u00e5 funnet tilbake til sin gamle aktive og lekne natur.\nFor en tid siden la jeg merke til at magen hans ble st\u00f8rre dag for dag.\nF\u00f8rst trodde jeg at han hadde g\u00e5tt opp i vekt.\nMen han ble ogs\u00e5 gradvis svakere.\nHan ville ikke leke med meg lenger, og han hadde ingen appetitt.\nTil slutt fikk han diagnosen v\u00e5t bukhinnebetennelse.\nJeg ble s\u00e5 knust da veterin\u00e6ren forklarte meg hva FIP er.\nHan ga i utgangspunktet babyen min en d\u00f8dsdom!\nJeg sa til veterin\u00e6ren den gangen at uansett hvor vanskelig det var, s\u00e5 ville jeg redde ungen min.\nMedisinen var virkelig effektiv.\nVeterin\u00e6ren kunne ikke tro hvor raskt han ble bedre.\nJeg setter pris p\u00e5 dere alle.\nJeg h\u00e5per dere kan fortsette \u00e5 gj\u00f8re gode ting.             \t\t\t\t\t\t\t\t<\/div>\n\t\t\t\t<\/div>\n\t\t\t\t\t<\/div>\n\t\t<\/div>\n\t\t\t\t\t<\/div>\n\t\t<\/section>\n\t\t\t\t<section class=\"elementor-section elementor-inner-section elementor-element elementor-element-139bf58 elementor-section-boxed elementor-section-height-default elementor-section-height-default\" data-id=\"139bf58\" data-element_type=\"section\">\n\t\t\t\t\t\t<div class=\"elementor-container elementor-column-gap-default\">\n\t\t\t\t\t<div class=\"elementor-column elementor-col-50 elementor-inner-column elementor-element elementor-element-a4af59a\" data-id=\"a4af59a\" data-element_type=\"column\" id=\"badly\">\n\t\t\t<div class=\"elementor-widget-wrap elementor-element-populated\">\n\t\t\t\t\t\t<div class=\"elementor-element elementor-element-1524d74 elementor-widget elementor-widget-image\" data-id=\"1524d74\" data-element_type=\"widget\" id=\"badly\" data-widget_type=\"image.default\">\n\t\t\t\t<div class=\"elementor-widget-container\">\n\t\t\t\t\t\t\t\t\t\t\t\t\t\t\t<img data-opt-id=892877686  data-opt-src=\"https:\/\/ml9txs9ouv9q.i.optimole.com\/w:auto\/h:auto\/q:mauto\/f:best\/https:\/\/fipmed.co\/wp-content\/uploads\/2022\/11\/FIP-Warrior-4-1.jpg\"  decoding=\"async\" width=\"600\" height=\"600\" src=\"data:image/svg+xml,%3Csvg%20viewBox%3D%220%200%20100%%20100%%22%20width%3D%22100%%22%20height%3D%22100%%22%20xmlns%3D%22http%3A%2F%2Fwww.w3.org%2F2000%2Fsvg%22%3E%3Crect%20width%3D%22100%%22%20height%3D%22100%%22%20fill%3D%22transparent%22%2F%3E%3C%2Fsvg%3E\" class=\"attachment-large size-large wp-image-805\" alt=\"\" old-srcset=\"https:\/\/ml9txs9ouv9q.i.optimole.com\/w:600\/h:600\/q:mauto\/f:best\/https:\/\/fipmed.co\/wp-content\/uploads\/2022\/11\/FIP-Warrior-4-1.jpg 600w, https:\/\/ml9txs9ouv9q.i.optimole.com\/w:300\/h:300\/q:mauto\/f:best\/https:\/\/fipmed.co\/wp-content\/uploads\/2022\/11\/FIP-Warrior-4-1.jpg 300w, https:\/\/ml9txs9ouv9q.i.optimole.com\/w:150\/h:150\/q:mauto\/f:best\/https:\/\/fipmed.co\/wp-content\/uploads\/2022\/11\/FIP-Warrior-4-1.jpg 150w, https:\/\/ml9txs9ouv9q.i.optimole.com\/w:100\/h:100\/q:mauto\/f:best\/dpr:2\/https:\/\/fipmed.co\/wp-content\/uploads\/2022\/11\/FIP-Warrior-4-1.jpg 100w\" \/><noscript><img data-opt-id=892877686  decoding=\"async\" width=\"600\" height=\"600\" src=\"https:\/\/ml9txs9ouv9q.i.optimole.com\/w:auto\/h:auto\/q:mauto\/f:best\/https:\/\/fipmed.co\/wp-content\/uploads\/2022\/11\/FIP-Warrior-4-1.jpg\" class=\"attachment-large size-large wp-image-805\" alt=\"\" srcset=\"https:\/\/ml9txs9ouv9q.i.optimole.com\/w:600\/h:600\/q:mauto\/f:best\/https:\/\/ml9txs9ouv9q.i.optimole.com\/w:auto\/h:auto\/q:mauto\/f:best\/https:\/\/fipmed.co\/wp-content\/uploads\/2022\/11\/FIP-Warrior-4-1.jpg 600w, https:\/\/ml9txs9ouv9q.i.optimole.com\/w:300\/h:300\/q:mauto\/f:best\/https:\/\/ml9txs9ouv9q.i.optimole.com\/w:auto\/h:auto\/q:mauto\/f:best\/https:\/\/fipmed.co\/wp-content\/uploads\/2022\/11\/FIP-Warrior-4-1.jpg 300w, https:\/\/ml9txs9ouv9q.i.optimole.com\/w:150\/h:150\/q:mauto\/f:best\/https:\/\/ml9txs9ouv9q.i.optimole.com\/w:auto\/h:auto\/q:mauto\/f:best\/https:\/\/fipmed.co\/wp-content\/uploads\/2022\/11\/FIP-Warrior-4-1.jpg 150w, https:\/\/ml9txs9ouv9q.i.optimole.com\/w:100\/h:100\/q:mauto\/f:best\/dpr:2\/https:\/\/ml9txs9ouv9q.i.optimole.com\/w:auto\/h:auto\/q:mauto\/f:best\/https:\/\/fipmed.co\/wp-content\/uploads\/2022\/11\/FIP-Warrior-4-1.jpg 100w\" sizes=\"(max-width: 600px) 100vw, 600px\" \/></noscript>\t\t\t\t\t\t\t\t\t\t\t\t\t\t\t<\/div>\n\t\t\t\t<\/div>\n\t\t\t\t<div class=\"elementor-element elementor-element-09f4b37 elementor-widget elementor-widget-text-editor\" data-id=\"09f4b37\" data-element_type=\"widget\" data-widget_type=\"text-editor.default\">\n\t\t\t\t<div class=\"elementor-widget-container\">\n\t\t\t\t\t\t\t\t\tJeg s\u00e5 Doudou bli sv\u00e6rt d\u00e5rlig av t\u00f8rr FIP.\nHeldigvis introduserte veterin\u00e6ren v\u00e5r FipMed for oss.\nHan ba oss om \u00e5 ikke gi opp, og det er vi glade for at vi ikke gjorde.\nEtter noen dagers behandling begynte han \u00e5 spise og virket mer som seg selv igjen.\nVi er utrolig takknemlige for at Doudou er reddet&#8230;    \t\t\t\t\t\t\t\t<\/div>\n\t\t\t\t<\/div>\n\t\t\t\t\t<\/div>\n\t\t<\/div>\n\t\t\t\t<div class=\"elementor-column elementor-col-50 elementor-inner-column elementor-element elementor-element-12b36e1\" data-id=\"12b36e1\" data-element_type=\"column\">\n\t\t\t<div class=\"elementor-widget-wrap elementor-element-populated\">\n\t\t\t\t\t\t<div class=\"elementor-element elementor-element-7afbeec elementor-widget elementor-widget-image\" data-id=\"7afbeec\" data-element_type=\"widget\" data-widget_type=\"image.default\">\n\t\t\t\t<div class=\"elementor-widget-container\">\n\t\t\t\t\t\t\t\t\t\t\t\t\t\t\t<img data-opt-id=581899886  data-opt-src=\"https:\/\/ml9txs9ouv9q.i.optimole.com\/w:auto\/h:auto\/q:mauto\/f:best\/https:\/\/fipmed.co\/wp-content\/uploads\/2022\/11\/FIP-Warrior-5.jpg\"  loading=\"lazy\" decoding=\"async\" width=\"600\" height=\"600\" src=\"data:image/svg+xml,%3Csvg%20viewBox%3D%220%200%20100%%20100%%22%20width%3D%22100%%22%20height%3D%22100%%22%20xmlns%3D%22http%3A%2F%2Fwww.w3.org%2F2000%2Fsvg%22%3E%3Crect%20width%3D%22100%%22%20height%3D%22100%%22%20fill%3D%22transparent%22%2F%3E%3C%2Fsvg%3E\" class=\"attachment-large size-large wp-image-794\" alt=\"\" old-srcset=\"https:\/\/ml9txs9ouv9q.i.optimole.com\/w:600\/h:600\/q:mauto\/f:best\/https:\/\/fipmed.co\/wp-content\/uploads\/2022\/11\/FIP-Warrior-5.jpg 600w, https:\/\/ml9txs9ouv9q.i.optimole.com\/w:300\/h:300\/q:mauto\/f:best\/https:\/\/fipmed.co\/wp-content\/uploads\/2022\/11\/FIP-Warrior-5.jpg 300w, https:\/\/ml9txs9ouv9q.i.optimole.com\/w:150\/h:150\/q:mauto\/f:best\/https:\/\/fipmed.co\/wp-content\/uploads\/2022\/11\/FIP-Warrior-5.jpg 150w, https:\/\/ml9txs9ouv9q.i.optimole.com\/w:100\/h:100\/q:mauto\/f:best\/dpr:2\/https:\/\/fipmed.co\/wp-content\/uploads\/2022\/11\/FIP-Warrior-5.jpg 100w\" \/><noscript><img data-opt-id=581899886  loading=\"lazy\" decoding=\"async\" width=\"600\" height=\"600\" src=\"https:\/\/ml9txs9ouv9q.i.optimole.com\/w:auto\/h:auto\/q:mauto\/f:best\/https:\/\/fipmed.co\/wp-content\/uploads\/2022\/11\/FIP-Warrior-5.jpg\" class=\"attachment-large size-large wp-image-794\" alt=\"\" srcset=\"https:\/\/ml9txs9ouv9q.i.optimole.com\/w:600\/h:600\/q:mauto\/f:best\/https:\/\/ml9txs9ouv9q.i.optimole.com\/w:auto\/h:auto\/q:mauto\/f:best\/https:\/\/fipmed.co\/wp-content\/uploads\/2022\/11\/FIP-Warrior-5.jpg 600w, https:\/\/ml9txs9ouv9q.i.optimole.com\/w:300\/h:300\/q:mauto\/f:best\/https:\/\/ml9txs9ouv9q.i.optimole.com\/w:auto\/h:auto\/q:mauto\/f:best\/https:\/\/fipmed.co\/wp-content\/uploads\/2022\/11\/FIP-Warrior-5.jpg 300w, https:\/\/ml9txs9ouv9q.i.optimole.com\/w:150\/h:150\/q:mauto\/f:best\/https:\/\/ml9txs9ouv9q.i.optimole.com\/w:auto\/h:auto\/q:mauto\/f:best\/https:\/\/fipmed.co\/wp-content\/uploads\/2022\/11\/FIP-Warrior-5.jpg 150w, https:\/\/ml9txs9ouv9q.i.optimole.com\/w:100\/h:100\/q:mauto\/f:best\/dpr:2\/https:\/\/ml9txs9ouv9q.i.optimole.com\/w:auto\/h:auto\/q:mauto\/f:best\/https:\/\/fipmed.co\/wp-content\/uploads\/2022\/11\/FIP-Warrior-5.jpg 100w\" sizes=\"(max-width: 600px) 100vw, 600px\" \/></noscript>\t\t\t\t\t\t\t\t\t\t\t\t\t\t\t<\/div>\n\t\t\t\t<\/div>\n\t\t\t\t<div class=\"elementor-element elementor-element-78a78a2 elementor-widget elementor-widget-text-editor\" data-id=\"78a78a2\" data-element_type=\"widget\" data-widget_type=\"text-editor.default\">\n\t\t\t\t<div class=\"elementor-widget-container\">\n\t\t\t\t\t\t\t\t\t<p>For 2 m\u00e5neder siden fikk Pancake diagnosen FIP (Feline Infectious Peritonitis), den v\u00e5te effusive typen.<br \/>\nJeg ble sjokkert over eksistensen av denne sykdommen, som er like d\u00f8delig som Parvo! <\/p>\n<p>GS-441524 virker virkelig.<br \/>\nDenne tallrekken h\u00f8rtes s\u00e5 fremmed ut for meg da jeg f\u00f8rst leste om den, men n\u00e5 fortsetter jeg \u00e5 fortelle alle om dette mirakelet og dele Pancakes historie. <\/p>\n<p>Etter omtrent en uke med FipMed-injeksjonen begynte hun \u00e5 f\u00e5 litt matlyst, men hun var fortsatt tynn.<br \/>\nEtter den femte uken med behandling kunne hun g\u00e5 og l\u00f8pe, om enn med en liten halting. <\/p>\n<p>Spol frem til den 11. uken, og sykdommen er helt borte!<br \/>\nDet er rett og slett utrolig <\/p>\n\t\t\t\t\t\t\t\t<\/div>\n\t\t\t\t<\/div>\n\t\t\t\t\t<\/div>\n\t\t<\/div>\n\t\t\t\t\t<\/div>\n\t\t<\/section>\n\t\t\t\t<section class=\"elementor-section elementor-inner-section elementor-element elementor-element-0173f0e elementor-section-boxed elementor-section-height-default elementor-section-height-default\" data-id=\"0173f0e\" data-element_type=\"section\">\n\t\t\t\t\t\t<div class=\"elementor-container elementor-column-gap-default\">\n\t\t\t\t\t<div class=\"elementor-column elementor-col-50 elementor-inner-column elementor-element elementor-element-4681b59\" data-id=\"4681b59\" data-element_type=\"column\">\n\t\t\t<div class=\"elementor-widget-wrap elementor-element-populated\">\n\t\t\t\t\t\t<div class=\"elementor-element elementor-element-f1bef36 elementor-widget elementor-widget-image\" data-id=\"f1bef36\" data-element_type=\"widget\" data-widget_type=\"image.default\">\n\t\t\t\t<div class=\"elementor-widget-container\">\n\t\t\t\t\t\t\t\t\t\t\t\t\t\t\t<img data-opt-id=337470876  data-opt-src=\"https:\/\/ml9txs9ouv9q.i.optimole.com\/w:auto\/h:auto\/q:mauto\/f:best\/https:\/\/fipmed.co\/wp-content\/uploads\/2022\/11\/FIP-Warrior-1-1.jpg\"  loading=\"lazy\" decoding=\"async\" width=\"600\" height=\"600\" src=\"data:image/svg+xml,%3Csvg%20viewBox%3D%220%200%20100%%20100%%22%20width%3D%22100%%22%20height%3D%22100%%22%20xmlns%3D%22http%3A%2F%2Fwww.w3.org%2F2000%2Fsvg%22%3E%3Crect%20width%3D%22100%%22%20height%3D%22100%%22%20fill%3D%22transparent%22%2F%3E%3C%2Fsvg%3E\" class=\"attachment-large size-large wp-image-790\" alt=\"\" old-srcset=\"https:\/\/ml9txs9ouv9q.i.optimole.com\/w:600\/h:600\/q:mauto\/f:best\/https:\/\/fipmed.co\/wp-content\/uploads\/2022\/11\/FIP-Warrior-1-1.jpg 600w, https:\/\/ml9txs9ouv9q.i.optimole.com\/w:300\/h:300\/q:mauto\/f:best\/https:\/\/fipmed.co\/wp-content\/uploads\/2022\/11\/FIP-Warrior-1-1.jpg 300w, https:\/\/ml9txs9ouv9q.i.optimole.com\/w:150\/h:150\/q:mauto\/f:best\/https:\/\/fipmed.co\/wp-content\/uploads\/2022\/11\/FIP-Warrior-1-1.jpg 150w, https:\/\/ml9txs9ouv9q.i.optimole.com\/w:100\/h:100\/q:mauto\/f:best\/dpr:2\/https:\/\/fipmed.co\/wp-content\/uploads\/2022\/11\/FIP-Warrior-1-1.jpg 100w\" \/><noscript><img data-opt-id=337470876  loading=\"lazy\" decoding=\"async\" width=\"600\" height=\"600\" src=\"https:\/\/ml9txs9ouv9q.i.optimole.com\/w:auto\/h:auto\/q:mauto\/f:best\/https:\/\/fipmed.co\/wp-content\/uploads\/2022\/11\/FIP-Warrior-1-1.jpg\" class=\"attachment-large size-large wp-image-790\" alt=\"\" srcset=\"https:\/\/ml9txs9ouv9q.i.optimole.com\/w:600\/h:600\/q:mauto\/f:best\/https:\/\/ml9txs9ouv9q.i.optimole.com\/w:auto\/h:auto\/q:mauto\/f:best\/https:\/\/fipmed.co\/wp-content\/uploads\/2022\/11\/FIP-Warrior-1-1.jpg 600w, https:\/\/ml9txs9ouv9q.i.optimole.com\/w:300\/h:300\/q:mauto\/f:best\/https:\/\/ml9txs9ouv9q.i.optimole.com\/w:auto\/h:auto\/q:mauto\/f:best\/https:\/\/fipmed.co\/wp-content\/uploads\/2022\/11\/FIP-Warrior-1-1.jpg 300w, https:\/\/ml9txs9ouv9q.i.optimole.com\/w:150\/h:150\/q:mauto\/f:best\/https:\/\/ml9txs9ouv9q.i.optimole.com\/w:auto\/h:auto\/q:mauto\/f:best\/https:\/\/fipmed.co\/wp-content\/uploads\/2022\/11\/FIP-Warrior-1-1.jpg 150w, https:\/\/ml9txs9ouv9q.i.optimole.com\/w:100\/h:100\/q:mauto\/f:best\/dpr:2\/https:\/\/ml9txs9ouv9q.i.optimole.com\/w:auto\/h:auto\/q:mauto\/f:best\/https:\/\/fipmed.co\/wp-content\/uploads\/2022\/11\/FIP-Warrior-1-1.jpg 100w\" sizes=\"(max-width: 600px) 100vw, 600px\" \/></noscript>\t\t\t\t\t\t\t\t\t\t\t\t\t\t\t<\/div>\n\t\t\t\t<\/div>\n\t\t\t\t<div class=\"elementor-element elementor-element-ca6fc2f elementor-widget elementor-widget-text-editor\" data-id=\"ca6fc2f\" data-element_type=\"widget\" data-widget_type=\"text-editor.default\">\n\t\t\t\t<div class=\"elementor-widget-container\">\n\t\t\t\t\t\t\t\t\t<p>Katten v\u00e5r Missy hadde ikke v\u00e6rt her uten denne behandlingen.<br \/>\nHun mistet appetitten og fikk pustevansker.<br \/>\nPusten hennes<br \/>ble superrask og tungpustet.  <\/p>\n<p>Det var andre gang vi hadde med FIP \u00e5 gj\u00f8re&#8230; for mange \u00e5r siden hadde jeg mistet en annen katt til den. Derfor er jeg s\u00e5 glad for at denne<br \/>medisinen er tilgjengelig i dag via FipMed.<\/p>\n<p>Takket v\u00e6re teamet deres klarte jeg ikke bare \u00e5 f\u00e5 tak i behandlingen, men deres veiledning og r\u00e5d var til stor hjelp underveis i tilfriskningen.<br \/>\nVi setter virkelig pris p\u00e5 det fra bunnen av v\u00e5re hjerter <\/p>\n\t\t\t\t\t\t\t\t<\/div>\n\t\t\t\t<\/div>\n\t\t\t\t\t<\/div>\n\t\t<\/div>\n\t\t\t\t<div class=\"elementor-column elementor-col-50 elementor-inner-column elementor-element elementor-element-9a014d4\" data-id=\"9a014d4\" data-element_type=\"column\">\n\t\t\t<div class=\"elementor-widget-wrap elementor-element-populated\">\n\t\t\t\t\t\t<div class=\"elementor-element elementor-element-1c009a9 elementor-widget elementor-widget-image\" data-id=\"1c009a9\" data-element_type=\"widget\" data-widget_type=\"image.default\">\n\t\t\t\t<div class=\"elementor-widget-container\">\n\t\t\t\t\t\t\t\t\t\t\t\t\t\t\t<img data-opt-id=1876613203  data-opt-src=\"https:\/\/ml9txs9ouv9q.i.optimole.com\/w:auto\/h:auto\/q:mauto\/f:best\/https:\/\/fipmed.co\/wp-content\/uploads\/2022\/11\/FIP-Warrior-3.jpg\"  loading=\"lazy\" decoding=\"async\" width=\"600\" height=\"600\" src=\"data:image/svg+xml,%3Csvg%20viewBox%3D%220%200%20100%%20100%%22%20width%3D%22100%%22%20height%3D%22100%%22%20xmlns%3D%22http%3A%2F%2Fwww.w3.org%2F2000%2Fsvg%22%3E%3Crect%20width%3D%22100%%22%20height%3D%22100%%22%20fill%3D%22transparent%22%2F%3E%3C%2Fsvg%3E\" class=\"attachment-large size-large wp-image-792\" alt=\"\" old-srcset=\"https:\/\/ml9txs9ouv9q.i.optimole.com\/w:600\/h:600\/q:mauto\/f:best\/https:\/\/fipmed.co\/wp-content\/uploads\/2022\/11\/FIP-Warrior-3.jpg 600w, https:\/\/ml9txs9ouv9q.i.optimole.com\/w:300\/h:300\/q:mauto\/f:best\/https:\/\/fipmed.co\/wp-content\/uploads\/2022\/11\/FIP-Warrior-3.jpg 300w, https:\/\/ml9txs9ouv9q.i.optimole.com\/w:150\/h:150\/q:mauto\/f:best\/https:\/\/fipmed.co\/wp-content\/uploads\/2022\/11\/FIP-Warrior-3.jpg 150w, https:\/\/ml9txs9ouv9q.i.optimole.com\/w:100\/h:100\/q:mauto\/f:best\/dpr:2\/https:\/\/fipmed.co\/wp-content\/uploads\/2022\/11\/FIP-Warrior-3.jpg 100w\" \/><noscript><img data-opt-id=1876613203  loading=\"lazy\" decoding=\"async\" width=\"600\" height=\"600\" src=\"https:\/\/ml9txs9ouv9q.i.optimole.com\/w:auto\/h:auto\/q:mauto\/f:best\/https:\/\/fipmed.co\/wp-content\/uploads\/2022\/11\/FIP-Warrior-3.jpg\" class=\"attachment-large size-large wp-image-792\" alt=\"\" srcset=\"https:\/\/ml9txs9ouv9q.i.optimole.com\/w:600\/h:600\/q:mauto\/f:best\/https:\/\/ml9txs9ouv9q.i.optimole.com\/w:auto\/h:auto\/q:mauto\/f:best\/https:\/\/fipmed.co\/wp-content\/uploads\/2022\/11\/FIP-Warrior-3.jpg 600w, https:\/\/ml9txs9ouv9q.i.optimole.com\/w:300\/h:300\/q:mauto\/f:best\/https:\/\/ml9txs9ouv9q.i.optimole.com\/w:auto\/h:auto\/q:mauto\/f:best\/https:\/\/fipmed.co\/wp-content\/uploads\/2022\/11\/FIP-Warrior-3.jpg 300w, https:\/\/ml9txs9ouv9q.i.optimole.com\/w:150\/h:150\/q:mauto\/f:best\/https:\/\/ml9txs9ouv9q.i.optimole.com\/w:auto\/h:auto\/q:mauto\/f:best\/https:\/\/fipmed.co\/wp-content\/uploads\/2022\/11\/FIP-Warrior-3.jpg 150w, https:\/\/ml9txs9ouv9q.i.optimole.com\/w:100\/h:100\/q:mauto\/f:best\/dpr:2\/https:\/\/ml9txs9ouv9q.i.optimole.com\/w:auto\/h:auto\/q:mauto\/f:best\/https:\/\/fipmed.co\/wp-content\/uploads\/2022\/11\/FIP-Warrior-3.jpg 100w\" sizes=\"(max-width: 600px) 100vw, 600px\" \/></noscript>\t\t\t\t\t\t\t\t\t\t\t\t\t\t\t<\/div>\n\t\t\t\t<\/div>\n\t\t\t\t<div class=\"elementor-element elementor-element-c8c4ac9 elementor-widget elementor-widget-text-editor\" data-id=\"c8c4ac9\" data-element_type=\"widget\" data-widget_type=\"text-editor.default\">\n\t\t\t\t<div class=\"elementor-widget-container\">\n\t\t\t\t\t\t\t\t\t<p>Jeg fikk Harry fra omplasseringshjemmet, og han var sannsynligvis syk allerede da.<br \/>\nKort tid etter at vi tok ham med hjem, ble tilstanden hans verre og verre.<br \/>\nVi trodde virkelig ikke at han ville klare seg.  <\/p>\n<p>Selv om han er ny i hjemmet v\u00e5rt, er han fortsatt et familiemedlem.<br \/>\nVi m\u00e5tte gj\u00f8re v\u00e5rt beste for \u00e5 redde ham. <\/p>\n<p>Veterin\u00e6ren i nabolaget v\u00e5rt anbefalte oss FipMed, og selv om medisinen er kostbar, er vi bare glade for at Harry klarte seg.<br \/>\nN\u00e5 er han virkelig klar til \u00e5 starte sin reise med oss \ud83d\ude42 <\/p>\n\t\t\t\t\t\t\t\t<\/div>\n\t\t\t\t<\/div>\n\t\t\t\t\t<\/div>\n\t\t<\/div>\n\t\t\t\t\t<\/div>\n\t\t<\/section>\n\t\t\t\t\t<\/div>\n\t\t<\/div>\n\t\t\t\t\t<\/div>\n\t\t<\/section>\n\t\t\t\t<\/div>\n\t\t","protected":false},"excerpt":{"rendered":"<p>Attester Les de fantastiske suksesshistoriene til disse modige FIP-kattene. Med FipMed-behandling klarer disse pelsdyrene \u00e5 overleve den mest opprivende kattesykdommen. Martian var bare to m\u00e5neder gammel da han ble smittet med FIP, s\u00e5 det var ganske alarmerende \u00e5 se at han gikk fra \u00e5 v\u00e6re en spretten gutt til \u00e5 bli sl\u00f8v. Det var som [&hellip;]<\/p>\n","protected":false},"author":1,"featured_media":0,"parent":0,"menu_order":0,"comment_status":"closed","ping_status":"closed","template":"elementor_header_footer","meta":{"_glsr_average":0,"_glsr_ranking":0,"_glsr_reviews":0,"footnotes":""},"categories":[],"tags":[],"_links":{"self":[{"href":"https:\/\/fipmed.co\/no\/wp-json\/wp\/v2\/pages\/22474"}],"collection":[{"href":"https:\/\/fipmed.co\/no\/wp-json\/wp\/v2\/pages"}],"about":[{"href":"https:\/\/fipmed.co\/no\/wp-json\/wp\/v2\/types\/page"}],"author":[{"embeddable":true,"href":"https:\/\/fipmed.co\/no\/wp-json\/wp\/v2\/users\/1"}],"replies":[{"embeddable":true,"href":"https:\/\/fipmed.co\/no\/wp-json\/wp\/v2\/comments?post=22474"}],"version-history":[{"count":1,"href":"https:\/\/fipmed.co\/no\/wp-json\/wp\/v2\/pages\/22474\/revisions"}],"predecessor-version":[{"id":22475,"href":"https:\/\/fipmed.co\/no\/wp-json\/wp\/v2\/pages\/22474\/revisions\/22475"}],"wp:attachment":[{"href":"https:\/\/fipmed.co\/no\/wp-json\/wp\/v2\/media?parent=22474"}],"wp:term":[{"taxonomy":"category","embeddable":true,"href":"https:\/\/fipmed.co\/no\/wp-json\/wp\/v2\/categories?post=22474"},{"taxonomy":"post_tag","embeddable":true,"href":"https:\/\/fipmed.co\/no\/wp-json\/wp\/v2\/tags?post=22474"}],"curies":[{"name":"wp","href":"https:\/\/api.w.org\/{rel}","templated":true}]}}