{"id":22495,"date":"2022-12-02T07:30:30","date_gmt":"2022-12-02T07:30:30","guid":{"rendered":"https:\/\/fipmed.co\/fip-behandlinger-injeksjoner-vs-piller\/"},"modified":"2022-12-02T07:30:30","modified_gmt":"2022-12-02T07:30:30","slug":"fip-behandlinger-injeksjoner-vs-piller","status":"publish","type":"page","link":"https:\/\/fipmed.co\/no\/fip-behandlinger-injeksjoner-vs-piller\/","title":{"rendered":"Behandling av FIP: FIP-injeksjoner vs FIP-tabletter eller -piller"},"content":{"rendered":"<p>Du kan ha to alternativer n\u00e5r du skal velge GS-441524 antiviral medisin for behandling av FIP: subkutane injeksjoner eller orale kapsler eller piller.<br \/>\nHvordan velger du da den som passer best for katten din?<br \/>\nI dette innlegget vil vi diskutere fordelene og ulempene ved hver behandlingsmetode, samt n\u00e5r og hvordan du kan ta den beste beslutningen for din katts FIP-behandling.<br \/>\nOrale medisiner kommer vanligvis i form av piller.<br \/>\nDenne typen GS tas oralt.<br \/>\n <a href=\"\/?page_id=895\" target=\"_blank\" rel=\"noopener\">Katteeiere kan n\u00e5<\/a> enkelt <a href=\"\/?page_id=895\" target=\"_blank\" rel=\"noopener\">velge den beste behandlingsformen<\/a> for katten sin fordi det er flere alternativer tilgjengelig.<br \/>\nForskjellene mellom disse to formuleringene av GS-441524 vil bli dekket i dette innlegget, sammen med r\u00e5d om hvordan du velger den beste for din katts FIP-behandling.        <\/p>\n<h2><strong>Injeksjon FIP-behandlinger<\/strong><\/h2>\n<p>  La oss begynne med \u00e5 diskutere den flytende injeksjonsversjonen av GS-441524.<br \/>\nDenne spesielle formen for GS kan behandles.<br \/>\nUlike v\u00e6sker GS-441524 har forskjellige egenskaper.<br \/>\nProduksjonsteknikken og den kjemiske kvaliteten som produsenten benytter, har stor innvirkning p\u00e5 kvaliteten.<br \/>\nDet faktum at prisene varierer betydelig mellom de ulike merkene, bidrar bare til \u00e5 \u00f8ke usikkerheten ytterligere.<br \/>\nDen injiserbare formen av GS441524 finnes i ulike konsentrasjoner.<br \/>\nDe mest popul\u00e6re konsentrasjonene som er tilgjengelige n\u00e5, er 20 mg og 30 mg.<br \/>\nDen beste m\u00e5ten \u00e5 administrere GS-441524 p\u00e5 er gjennom injeksjonsbehandling.<br \/>\nSubkutane injeksjoner av GS441524-injeksjonene behandler kattens blodoml\u00f8p umiddelbart med et antiviralt medikament.<br \/>\nLeger kan administrere en spesifikk dose ved hjelp av injeksjoner basert p\u00e5 kattens symptomer og <a href=\"\/?page_id=885\" target=\"_blank\" rel=\"noopener\">kroppsvekt<\/a>.<br \/>\nInjeksjonsbehandlede katter viser ofte tydelige endringer i l\u00f8pet av s\u00e5 lite som \u00e9n til fire dager.<br \/>\nFor katter med <a href=\"\/?page_id=899\" target=\"_blank\" rel=\"noopener\">alvorlige FIP-symptomer<\/a> er derfor injeksjoner den eneste effektive behandlingsmetoden.<br \/>\nHver FIP-behandling b\u00f8r begynne med en injeksjon.<br \/>\nFortsett \u00e5 gi injeksjoner til kattens tilstand har stabilisert seg, og f\u00f8rst n\u00e5r katten spiser og gj\u00f8r fra seg som den skal, b\u00f8r du vurdere \u00e5 g\u00e5 over til oral medisinering.               <\/p>\n<h2><strong>Orale FIP-behandlinger (tabletter eller piller)<\/strong><\/h2>\n<p>  Sammenlignet med spr\u00f8yter er oral behandling en raskere og enklere metode for \u00e5 behandle FIP.<br \/>\nKatteeiere kan administrere oral medisinering hjemme, og unng\u00e5r daglige klinikkbes\u00f8k og utgiftene til injeksjoner.<br \/>\nDet finnes tabletter og kapsler for oral medisinering.<br \/>\nP\u00e5 grunn av kapselens glatte tekstur og smakl\u00f8shet har katter generelt lettere for \u00e5 svelge kapsler enn piller.<br \/>\nGenerelt anbefaler vi \u00e5 bruke orale kapsler eller piller i de senere stadiene av behandlingen, n\u00e5r katten din ikke lenger er i fare, det vil si n\u00e5r den spiser og g\u00e5r p\u00e5 do regelmessig og ikke lenger har periodisk feber.<br \/>\nLa oss n\u00e5 diskutere ulempene med oral behandling.<br \/>\nHovedforskjellen mellom oral og injiserbar behandling er virkningshastigheten.<br \/>\nDen antivirale medisinen som brukes i den orale behandlingen, GS-441524, m\u00e5 passere gjennom hele ford\u00f8yelseskanalen f\u00f8r den kommer inn i blodoml\u00f8pet.<br \/>\nDen orale behandlingens andre store ulempe er at det ikke er mulig \u00e5 kontrollere doseringen.<br \/>\nVi kan ikke forutsi hvor mye av GS-441524 som vil bli absorbert av kattens ford\u00f8yelseskanal, og det er grunnen til det.<br \/>\nKatten din vil kanskje bare absorbere en prosentandel av den antivirale medisinen som leveres av de orale kapslene, avhengig av tilstanden til ford\u00f8yelsessystemet og den generelle helsen.<br \/>\nOpptaket av GS p\u00e5virkes av svekkelsen av mage, nyrer og lever som forekommer hos katter med felin infeksi\u00f8s peritonitt (FIP).<br \/>\nSammenlignet med n\u00e5ler er orale piller og tabletter en mer risikofylt behandlingsform.<br \/>\nF\u00f8rst etter 30 dager med injeksjonsbehandling eller etter at kattens tilstand har stabilisert seg, foresl\u00e5r vi oral behandling.               <\/p>\n<h2><strong>En forholdsregel for kapsler<\/strong><\/h2>\n<p>  I FIP-medisinindustrien er det visse formater som hovedsakelig brukes.<br \/>\nFor eksempel er GS441524 hovedsakelig tilgjengelig i tablettform, mens EIDD2801 er tilgjengelig i kapselform.<br \/>\nS\u00e5 v\u00e6r forsiktig med selgere som selger GS441524 i kapselformat.<br \/>\nDoseringen av GS441524 for oral medisinering er ogs\u00e5 standardisert til 15 mg per kg, og til den dobbelte dosen for okul\u00e6re og nevrologiske typer.<br \/>\nVennligst ikke overskrid denne dosen, da den h\u00f8yere dosen i oral medisinering vil kompromittere absorberbarheten.      <\/p>\n<h2><strong>En sammenligning mellom injeksjon og oral behandling  <\/strong><\/h2>\n<p>  Her er en tabell som viser forskjellene mellom <a href=\"\/?page_id=887\" target=\"_blank\" rel=\"noopener\">injeksjoner og oral behandling av FIP<\/a>.  <img data-opt-id=1214015753  fetchpriority=\"high\" decoding=\"async\" class=\"alignnone size-full wp-image-888\" src=\"https:\/\/ml9txs9ouv9q.i.optimole.com\/w:auto\/h:auto\/q:mauto\/f:best\/https:\/\/fipmed.co\/wp-content\/uploads\/2022\/12\/233.png\" alt=\"\" width=\"811\" height=\"719\" srcset=\"https:\/\/ml9txs9ouv9q.i.optimole.com\/w:811\/h:719\/q:mauto\/f:best\/https:\/\/fipmed.co\/wp-content\/uploads\/2022\/12\/233.png 811w, https:\/\/ml9txs9ouv9q.i.optimole.com\/w:300\/h:266\/q:mauto\/f:best\/https:\/\/fipmed.co\/wp-content\/uploads\/2022\/12\/233.png 300w, https:\/\/ml9txs9ouv9q.i.optimole.com\/w:768\/h:681\/q:mauto\/f:best\/https:\/\/fipmed.co\/wp-content\/uploads\/2022\/12\/233.png 768w, https:\/\/ml9txs9ouv9q.i.optimole.com\/w:600\/h:532\/q:mauto\/f:best\/https:\/\/fipmed.co\/wp-content\/uploads\/2022\/12\/233.png 600w\" sizes=\"(max-width: 640px) 100vw, 640px\" \/><\/p>\n<h2><strong>Hvilken metode b\u00f8r jeg velge for katten min?<\/strong><\/h2>\n<p>  Det anbefales at FIP-behandlinger begynner med injeksjoner, i henhold til v\u00e5r anbefaling.<br \/>\nDu kan g\u00e5 over til orale tabletter s\u00e5 snart kattens tilstand har stabilisert seg hvis gjentatte injeksjoner for\u00e5rsaker akutte smerter eller alvorlige hudirritasjoner.<br \/>\nEtter 30 dager med injeksjonsbehandling er det vanligvis trygt \u00e5 g\u00e5 over til oral medisinering.<br \/>\nDette er den mest p\u00e5litelige teknikken for \u00e5 garantere at nok GS-441524 blir gitt under FIP-behandlingen og redusere risikoen for reinfeksjon i fremtiden.     <\/p>\n<h2><strong>Faktorer som p\u00e5virker oral administrering kontra injeksjon<\/strong><\/h2>\n<p>  Katter som kaster opp\/regurgiterer og har diar\u00e9, anses generelt som d\u00e5rlige kandidater for oral GS-441524.<br \/>\nKatter som lider av alvorlig mage-tarmsykdom begynner derfor ofte med injeksjoner, i det minste inntil problemene er l\u00f8st.<br \/>\nDe fleste, s\u00e6rlig tidligere, begynte med injiserbar GS-441524.<br \/>\nInjeksjonsformen er rimeligere, og doseringen er mer n\u00f8yaktig kontrollert.<br \/>\nSubkutan absorpsjon av GS-441524 er ogs\u00e5 mer p\u00e5litelig enn oral absorpsjon, noe som ofte er en kritisk faktor i den innledende behandlingen av katter som er alvorlig syke og ustabile i starten.<br \/>\nHvorvidt en katt fortsetter \u00e5 injisere GS-441524 avhenger av eierens evne til \u00e5 administrere injeksjoner effektivt, kattens vilje til \u00e5 venne seg til smerten ved injeksjon og forekomsten av s\u00e5r p\u00e5 injeksjonsstedet.<br \/>\nI slike tilfeller er oral medisinering ofte en kj\u00e6rkommen avlastning for b\u00e5de eier og pasient.        <\/p>\n<h2><strong>Sammenligning av behandlingssuksess med injiserbar vs. oral GS-441524  <\/strong><\/h2>\n<p>  Suksessraten med oral GS-441524 er n\u00e5 lik den for injiserbare versjoner, forutsatt at dosene er <a href=\"\/?page_id=23\" target=\"_blank\" rel=\"noopener\">n\u00f8ye beregnet<\/a> og doseringen utf\u00f8res effektivt.<br \/>\nDet er imidlertid rapportert om variasjoner i reaksjonene mellom de orale og injiserbare formene av GS-441524.<br \/>\nBare noen f\u00e5 katter har f\u00e5tt tilbakefall etter \u00e5 ha byttet fra injeksjoner til oral GS-441524, eller har ikke respondert godt p\u00e5 det som en f\u00f8rste behandling.<br \/>\nAlternativt har sykdom som ikke har respondert godt p\u00e5 injeksjoner, blitt behandlet ved \u00e5 overf\u00f8re kattene til oral GS-441524 i en tilsvarende dosering.<br \/>\nDet er utfordrende \u00e5 tilskrive disse store forskjellene i respons til medisineringsformen fordi GS-441524 enten oralt eller subkutant g\u00e5r inn i blodbanen f\u00f8r det n\u00e5r vevet.<br \/>\nDet er mer sannsynlig at de injiserbare eller orale variantene av GS-441524 som ble brukt f\u00f8r denne omleggingen, var underlegne.<br \/>\nI mange tilfeller resulterte byttet til et annet oralt eller injiserbart merke i en umiddelbar forbedring av reaksjonen.<br \/>\nFordi viruset har utviklet varierende grad av resistens mot medisiner, trodde man at det bare var den injiserbare formen av GS-441524 som kunne n\u00e5 de ekstraordin\u00e6rt h\u00f8ye niv\u00e5ene i blod og spinalv\u00e6ske som kreves for \u00e5 behandle nevrologisk sykdom effektivt.<br \/>\nKatter med nevrologisk <a href=\"https:\/\/fipmed.co\/\" target=\"_blank\" rel=\"noopener\">FIP<\/a> har imidlertid respondert godt p\u00e5 <a href=\"https:\/\/fipmed.co\/\" target=\"_blank\" rel=\"noopener\">Fipmed<\/a>.<br \/>\nI tillegg ble noen katter som ikke responderte p\u00e5 en eksepsjonelt h\u00f8y dose av den injiserbare <a href=\"\/?page_id=6163\" target=\"_blank\" rel=\"noopener\">GS- 441524<\/a>, ogs\u00e5 inkludert i dette fors\u00f8ket.<br \/>\nEt helt oralt regime kurerer et \u00f8kende antall dyr med nevrologisk FIP.<br \/>\nDette er enten et resultat av mer erfaring med oral <a href=\"https:\/\/fipmed.co\/fip-treatment\/\" target=\"_blank\" rel=\"noopener\">behandling av FIP<\/a> i vanskelige tilfeller, eller, mer sannsynlig, en forbedring av kvaliteten p\u00e5 den orale formuleringen.             <\/p>\n<h2><strong>Hvordan gir jeg GS-injeksjonene?<\/strong><\/h2>\n<p>  Subkutant, noen ganger kjent som &laquo;sub-cu&raquo;, er en betegnelse for \u00e5 gi injeksjoner direkte under huden.<br \/>\nInjeksjonene m\u00e5 gis hver dag i minst 12 uker, nesten til samme tid hver 24. time.<br \/>\nN\u00e5len skal IKKE stikkes gjennom kattens muskler.<br \/>\nN\u00e5r GS injiseres, svir det, men s\u00e5 snart injeksjonen er ferdig, opph\u00f8rer ubehaget.<br \/>\nV\u00e5re brukere har laget en rekke nyttige filmer som viser hvordan de injiserer, og det finnes mange flere p\u00e5 YouTube.<br \/>\nDet er bedre \u00e5 f\u00e5 veterin\u00e6ren til \u00e5 gi de f\u00f8rste en eller to injeksjonene og vise deg hvordan du skal administrere dem.<br \/>\nFor katter som er vanskeligere \u00e5 holde fast for injeksjonene, kan det v\u00e6re n\u00f8dvendig med et daglig bes\u00f8k hos veterin\u00e6ren.        <\/p>\n<h2>Konklusjon<\/h2>\n<p>  Katteeiere b\u00f8r derfor alltid starte med \u00e5 bruke injeksjonsmetoden som FIP-behandling for kattene sine, og g\u00e5 over til \u00e5 ta piller etter rundt 30 dager, avhengig av kattens tilstand.<br \/>\nInjeksjonsbehandling og oral medisinering har sine fordeler og ulemper, og det er opp til veterin\u00e6rer og katteeiere \u00e5 velge den beste l\u00f8sningen for FIP-rammede katter.<\/p>\n","protected":false},"excerpt":{"rendered":"<p>Du kan ha to alternativer n\u00e5r du skal velge GS-441524 antiviral medisin for behandling av FIP: subkutane injeksjoner eller orale kapsler eller piller. Hvordan velger du da den som passer best for katten din? I dette innlegget vil vi diskutere fordelene og ulempene ved hver behandlingsmetode, samt n\u00e5r og hvordan du kan ta den beste [&hellip;]<\/p>\n","protected":false},"author":11,"featured_media":22497,"parent":0,"menu_order":0,"comment_status":"closed","ping_status":"closed","template":"","meta":{"_glsr_average":0,"_glsr_ranking":0,"_glsr_reviews":0,"footnotes":""},"categories":[855],"tags":[856,891],"_links":{"self":[{"href":"https:\/\/fipmed.co\/no\/wp-json\/wp\/v2\/pages\/22495"}],"collection":[{"href":"https:\/\/fipmed.co\/no\/wp-json\/wp\/v2\/pages"}],"about":[{"href":"https:\/\/fipmed.co\/no\/wp-json\/wp\/v2\/types\/page"}],"author":[{"embeddable":true,"href":"https:\/\/fipmed.co\/no\/wp-json\/wp\/v2\/users\/11"}],"replies":[{"embeddable":true,"href":"https:\/\/fipmed.co\/no\/wp-json\/wp\/v2\/comments?post=22495"}],"version-history":[{"count":0,"href":"https:\/\/fipmed.co\/no\/wp-json\/wp\/v2\/pages\/22495\/revisions"}],"wp:featuredmedia":[{"embeddable":true,"href":"https:\/\/fipmed.co\/no\/wp-json\/wp\/v2\/media\/22497"}],"wp:attachment":[{"href":"https:\/\/fipmed.co\/no\/wp-json\/wp\/v2\/media?parent=22495"}],"wp:term":[{"taxonomy":"category","embeddable":true,"href":"https:\/\/fipmed.co\/no\/wp-json\/wp\/v2\/categories?post=22495"},{"taxonomy":"post_tag","embeddable":true,"href":"https:\/\/fipmed.co\/no\/wp-json\/wp\/v2\/tags?post=22495"}],"curies":[{"name":"wp","href":"https:\/\/api.w.org\/{rel}","templated":true}]}}