{"id":22504,"date":"2022-12-02T07:39:47","date_gmt":"2022-12-02T07:39:47","guid":{"rendered":"https:\/\/fipmed.co\/nar-fip-vaksine-ikke-fungerer-forebygging-for-katter-som-far-fip\/"},"modified":"2022-12-02T07:39:47","modified_gmt":"2022-12-02T07:39:47","slug":"nar-fip-vaksine-ikke-fungerer-forebygging-for-katter-som-far-fip","status":"publish","type":"page","link":"https:\/\/fipmed.co\/no\/nar-fip-vaksine-ikke-fungerer-forebygging-for-katter-som-far-fip\/","title":{"rendered":"FIP-vaksine og andre m\u00e5ter \u00e5 forhindre at katter f\u00e5r FIP"},"content":{"rendered":"<p>Felin infeksi\u00f8s peritonitt (FIP) er et uhelbredelig og ofte d\u00f8delig virus som rammer f\u00e6rre enn \u00e9n prosent av alle katter.<br \/>\nDet finnes for \u00f8yeblikket ingen effektiv behandling for sykdommen, s\u00e5 det er viktig \u00e5 forebygge den f\u00f8r symptomene oppst\u00e5r.<br \/>\nDet finnes for \u00f8yeblikket ingen kjent FIP-vaksine som fungerer konsekvent.<br \/>\nP\u00e5 grunn av dette er det sv\u00e6rt viktig \u00e5 forhindre at katter blir smittet av sykdommen, siden det ikke finnes noen konsekvent medisinering.<br \/>\nKatteeiere b\u00f8r v\u00e6re \u00e5rv\u00e5kne, ettersom de er ansvarlige for kattenes helse, spesielt hvis de eier mange katter samtidig.<br \/>\nFIP er en av de vanskeligste sykdommene \u00e5 forst\u00e5.<br \/>\nDiagnosen, h\u00e5ndteringen og forebyggingen av denne sykdommen vil fortsette \u00e5 v\u00e6re gjenstand for debatt.<br \/>\nDet er tvilsomt om vi kan unng\u00e5 <a href=\"\/?page_id=6094\" target=\"_blank\" rel=\"noopener\">FIP<\/a> fordi det fortsatt er mye vi ikke vet om sykdommen, og fordi koronaviruset lett overf\u00f8res til mange katter over hele verden.<br \/>\nSelv om det finnes en FIP-vaksine, finnes det ingen bevis for at den kan forebygge sykdommen, og derfor frar\u00e5des den for \u00f8yeblikket.          <\/p>\n<h1>Forst\u00e5 FIP og behovet for vaksinasjoner<\/h1>\n<p>  FIP er et farlig virus som kan for\u00e5rsake alvorlig sykdom hos katter, og som krever vaksinasjon for \u00e5 hindre spredning.  <\/p>\n<h2>Hva er FIP?<\/h2>\n<p>  FIP, eller felin infeksi\u00f8s peritonitt, er en virusinfeksjon som rammer katter, og som for\u00e5rsakes av visse stammer av det feline koronaviruset.<br \/>\nDet er en ekstremt smittsom sykdom blant katter, og den sprer seg raskt gjennom direkte kontakt med spytt, urin, avf\u00f8ring og senget\u00f8y fra <a href=\"\/?page_id=899\" target=\"_blank\" rel=\"noopener\">smittede katter<\/a>.<br \/>\nSiden sykdommen ofte er vanskelig \u00e5 diagnostisere p\u00e5 grunn av sin kompleksitet, kan FIP ramme b\u00e5de rasekatter og katter av tilfeldig rase &#8211; s\u00e6rlig unge kattunger &#8211; uten forvarsel.<br \/>\nAvhengig av hvor alvorlige symptomene er, kan <a href=\"\/?page_id=887\" target=\"_blank\" rel=\"noopener\">behandlingen av FIP<\/a> omfatte st\u00f8ttende behandling som antibiotika og smertestillende midler, samt mer intensive tiltak som intraven\u00f8s v\u00e6sketilf\u00f8rsel eller direkte inn i buken om n\u00f8dvendig.<br \/>\nSelv om det enn\u00e5 ikke finnes noen garantert kur mot FIP, kan vaksinasjon mot sykdommen redusere risikoen hos katter som er mottakelige for den.      <\/p>\n<h2>Hvorfor er det viktig \u00e5 vaksinere mot FIP?<\/h2>\n<p><a href=\"\/?page_id=13322\" target=\"_blank\" rel=\"noopener\">FIP er en potensielt d\u00f8delig virussykdom hos katter for\u00e5rsaket<\/a> av koronaviruset FCoV.<br \/>\nN\u00e5r en katt f\u00f8rst har utviklet FIP, er det nesten sikkert at den d\u00f8r.<br \/>\nVaksinasjon mot dette viruset kan bidra til \u00e5 beskytte katter fra \u00e5 bli smittet og til slutt d\u00f8 av FIP.<br \/>\nTil tross for begrenset effekt av dagens tilgjengelige vaksiner for behandling, kan vaksinering av katter mot dette d\u00f8delige viruset redusere forekomsten betydelig hvis det gj\u00f8res p\u00e5 riktig m\u00e5te med effektiv levering av vaksinen samt oppf\u00f8lgingsvaksinasjoner i henhold til standard protokoll.<br \/>\nKatter b\u00f8r vaksineres regelmessig og overv\u00e5kes n\u00f8ye for \u00e5 sikre at immuniseringen tas i betraktning n\u00e5r man vurderer risikofaktorer knyttet til infeksjoner eller eksponering p\u00e5 grunn av ulike milj\u00f8forhold de kan m\u00f8te i hverdagen, samtidig som man reduserer antall spr\u00f8yter med antivirale midler som ellers ville v\u00e6rt n\u00f8dvendig hvis katten ikke hadde blitt vaksinert i det hele tatt.      <\/p>\n<h1>Typer av FIP-vaksiner<\/h1>\n<p>  Den eneste FIP-vaksinen som er tilgjengelig p\u00e5 markedet i dag, er Vanguard\u00ae Feline FIP Intranasal.  <\/p>\n<h2>Vanguard\u00ae Feline FIP Intranasal<\/h2>\n<p>  er en intranasal vaksine uten adjuvans som er utviklet for \u00e5 beskytte katter som er 16 uker eller eldre mot felin infeksi\u00f8s peritonitt (FIP).<br \/>\nFIP for\u00e5rsakes av felint infeksi\u00f8st peritonittvirus (FIPV) og kan for\u00e5rsake alvorlige komplikasjoner, inkludert d\u00f8dsfall.<br \/>\nDenne vaksinen gis intranasalt med to doser med 3-4 ukers mellomrom for optimal beskyttelse mot FIP.<br \/>\nStudier har vist at katter som ble vaksinert med den temperaturf\u00f8lsomme formen av FIPV, hadde en m\u00e5lbar bedre beskyttelse mot sykdommen enn katter som ikke ble vaksinert.<br \/>\nI tillegg tilbyr Vanguard\u00ae ogs\u00e5 en injiserbar form av denne vaksinen for forebygging av b\u00e5de kulls\u00f8sken og voksne katter fra 16 ukers alder og oppover.<br \/>\n\u00c5 vaksinere katten din mot FIP gir den en viktig beskyttelse mot et livstruende virus &#8211; men det er bare \u00e9n komponent i \u00e5 beskytte kattens helse, s\u00e5 du b\u00f8r ogs\u00e5 ta andre forholdsregler for \u00e5 sikre kattens velv\u00e6re, som \u00e5 redusere stressniv\u00e5et, s\u00f8rge for riktig ern\u00e6ring og ta ekstra forholdsregler n\u00e5r du tar katten din inn p\u00e5 katterier eller internater der den kan komme i kontakt med andre dyr som b\u00e6rer p\u00e5 smittsomme sykdommer.       <\/p>\n<h1>Fordeler og risikoer ved FIP-vaksinasjon<\/h1>\n<p>  \u00c5 vaksinere katten din mot FIP kan v\u00e6re en effektiv m\u00e5te \u00e5 beskytte den mot dette farlige viruset, men det er viktig \u00e5 forst\u00e5 b\u00e5de de potensielle fordelene og risikoene som er forbundet med vaksinen.  <\/p>\n<h2>Fordeler med FIP-vaksinasjon<\/h2>\n<ul>\n<li>Beskyttelse mot sykdommer for\u00e5rsaket av kattekoronavirus, som FIP- og FCoV-infeksjoner.<\/li>\n<li>Redusert risiko for overf\u00f8ring av sykdom fra katt til katt.<\/li>\n<li>Bedre livskvalitet for katter som er rammet av FIP- og FCoV-infeksjoner gjennom forebygging.<\/li>\n<li>\u00d8ker levetiden takket v\u00e6re redusert alvorlighetsgrad eller til og med potensiell helbredelse av FIP-tilfeller n\u00e5r de vaksineres.<\/li>\n<\/ul>\n<h2>Risikoer ved FIP-vaksinasjon (antistoffavhengig forsterkning)<\/h2>\n<p>  FIP-vaksinasjon kan medf\u00f8re risiko forbundet med antistoffavhengig forsterkning (ADE), en prosess der virus-antistoffkomplekser forsterker infeksjonen.<br \/>\nFIPV har vist seg \u00e5 ha en ADE-effekt i n\u00e6rv\u00e6r av anti-FIPV-antistoffer, og dette har skapt bekymring under utviklingen av beslektede vaksiner.   <\/p>\n<ol>\n<li>Unormale viscerotropiske reaksjoner som f\u00f8rte til d\u00f8den<\/li>\n<li>Vedvarende infeksjoner som ikke ble effektivt fjernet etter revaksinering<\/li>\n<li>\u00d8kning i d\u00f8deligheten etter vaksinen sammenlignet med f\u00f8r vaksinen<\/li>\n<li>Endret fordeling av patogener n\u00e5r man sammenligner ikke-infiserte og vaksinerte dyr<\/li>\n<\/ol>\n<h1>Andre m\u00e5ter \u00e5 beskytte katten din mot FIP<\/h1>\n<p>  Det finnes enkle grep du kan ta hver dag for \u00e5 holde katten din trygg og frisk, blant annet ved \u00e5 redusere stressniv\u00e5et, s\u00f8rge for riktig ern\u00e6ring og ta ekstra forholdsregler n\u00e5r du er p\u00e5 pensjonat.<br \/>\nAmerican Association of Feline Practitioners anbefaler ikke FIP-vaksinen, til tross for at den finnes.<br \/>\nN\u00e5r kattene er gamle nok (16 uker) til \u00e5 f\u00e5 vaksinen, vil de fleste katter allerede ha blitt eksponert for det feline koronaviruset, noe som gj\u00f8r vaksinen mindre effektiv.<br \/>\nNedenfor finner du noen eksempler p\u00e5 forebyggende tiltak som kan redusere risikoen for \u00e5 bli utsatt for kattekoronaviruset, men husk at de ikke vil stoppe FIP.     <\/p>\n<ul>\n<li>Hold vann- og matsk\u00e5lene et godt stykke unna s\u00f8ppelkassen.<\/li>\n<li>Bruk unike s\u00f8ppelkasser til hver katt, pluss en ekstra.<\/li>\n<li>Bruk fortynnet blekemiddel til \u00e5 rengj\u00f8re oppholdsrom og mat- og vannsk\u00e5ler (1 del blekemiddel til 32 deler vann).<\/li>\n<li>For \u00e5 redusere spenningen kan du tilby milj\u00f8berikelse (for eksempel puslespillleker og sittepinner til katten).<\/li>\n<li>Hold ikke mer enn tre katter i hvert rom hvis du har mange katter for \u00e5 unng\u00e5 overbefolkning<\/li>\n<\/ul>\n<p>  Katter med FIP lider av en sjelden, komplisert og alvorlig d\u00f8delig tilstand.<br \/>\nTa katten din til veterin\u00e6ren s\u00e5 snart du kan hvis den begynner \u00e5 vise symptomer p\u00e5 sykdommen.<br \/>\nN\u00e5r kattungene fjernes fra smittekildene, vil antistoffene som produseres av moren beskytte dem mot smitte frem til avvenning, noe som vanligvis skjer ved 5-7 ukers alder.<br \/>\nFCoV er et sv\u00e6rt smittsomt virus, og derfor krever en slik beskyttelse streng renhold.     <\/p>\n<h2>Redusere stress<\/h2>\n<p>  \u00c5 redusere stress hos katter er en av de mest effektive m\u00e5tene \u00e5 beskytte dem mot \u00e5 utvikle Feline Infeksi\u00f8s Peritonitt (FIP).<br \/>\nStress kan svekke immunforsvaret og \u00f8ke risikoen for \u00e5 p\u00e5dra seg sykdommer som FIP.<br \/>\n\u00c5 leve i et overfylt eller kaotisk milj\u00f8, ekstreme endringer i rutiner, \u00e5 v\u00e6re i n\u00e6rheten av ukjente mennesker eller dyr, fysisk smerte og ubehag er alle vanlige kilder til kattestress.<br \/>\nKatter som lever i husholdninger med flere katter eller p\u00e5 dyrehjem, er mer utsatt for stress p\u00e5 grunn av overbefolkning.<br \/>\nDet er derfor viktig for eiere \u00e5 s\u00f8rge for et beriket bomilj\u00f8 med mange gjemmesteder og tid til \u00e5 v\u00e6re i fred fra barn og andre kj\u00e6ledyr.<br \/>\nI tillegg kan interaktiv lek med leker som baller eller tryllestavleker bidra til \u00e5 holde katten aktiv uten \u00e5 p\u00e5f\u00f8re den un\u00f8dvendig belastning p\u00e5 kropp og sinn.<br \/>\n\u00c5 installere feromonspredere rundt i huset kan ogs\u00e5 bidra til \u00e5 skape en beroligende atmosf\u00e6re som er spesielt utviklet for \u00e5 redusere angst hos katter ved \u00e5 minne dem p\u00e5 at de er trygge hjemme.        <\/p>\n<h2>S\u00f8rge for riktig ern\u00e6ring<\/h2>\n<p>  N\u00f8kkelen til \u00e5 holde <a href=\"\/?page_id=885\" target=\"_blank\" rel=\"noopener\">katten frisk<\/a> og redusere risikoen for FIP er \u00e5 gi den et balansert, n\u00e6ringsrikt kosthold.<br \/>\nKattens ern\u00e6ring b\u00f8r inneholde essensielle fettsyrer, proteiner, fiber, vann og vitaminer, blant andre mineraler og mikron\u00e6ringsstoffer.<br \/>\nNoen av disse viktige n\u00e6ringsstoffene kan man f\u00e5 i seg gjennom mat som gr\u00f8nnsaker som brokkoli og gulr\u00f8tter, som inneholder vitamin A som er viktig for \u00f8yehelsen, eller linser og fiskeolje som inneholder omega-3-fettsyrer som bidrar til \u00e5 styrke immunforsvaret, samtidig som man unng\u00e5r bearbeidet kattemat full av tilsetningsstoffer.<br \/>\nVed \u00e5 spise \u00f8kologisk n\u00e5r det er mulig, kommer du langt med \u00e5 dekke alle n\u00f8dvendige daglige kostbehov, samtidig som du unng\u00e5r tilsatte giftige stoffer som kan p\u00e5virke kattens generelle velv\u00e6re.<br \/>\nDet kan ogs\u00e5 v\u00e6re behov for andre kosttilskudd hvis katten ikke f\u00e5r dekket sitt daglige n\u00e6ringsbehov med vanlige m\u00e5ltider alene.<br \/>\nHvis katten for eksempel er utsatt for lave energiniv\u00e5er, kan det v\u00e6re n\u00f8dvendig med et jerntilskudd for \u00e5 motvirke tretthet og gi den mer energi til \u00e5 v\u00e6re aktiv hele dagen.       &nbsp;<\/p>\n<h2>Forholdsregler for ombordstigning<\/h2>\n<p>  Tilstrekkelig hygiene og \u00e5 unng\u00e5 overbefolkning er viktige strategier for \u00e5 minimere FIP-smitte p\u00e5 kattepensjonat.<br \/>\nFor \u00e5 beskytte katten din m\u00e5 du s\u00f8rge for at pensjonatet er rent og godt vedlikeholdt.<br \/>\nRenhold b\u00f8r v\u00e6re en fast del av rengj\u00f8ringsprotokollen, inkludert regelmessig desinfisering av alle overflater og streng overholdelse av h\u00e5ndvaskprotokoller for de ansatte.<br \/>\nI tillegg er det viktig \u00e5 unng\u00e5 overbefolkning; katter b\u00f8r oppstalles individuelt eller i sm\u00e5 grupper under oppholdet for \u00e5 redusere sjansene for virusoverf\u00f8ring fra ett dyr til et annet.<br \/>\nN\u00e5r du vurderer et dyrepensjonat, b\u00f8r du sp\u00f8rre om hvordan disse forholdsreglene h\u00e5ndteres p\u00e5 stedet &#8211; det kan utgj\u00f8re forskjellen mellom \u00e5 holde kj\u00e6ledyret ditt friskt og trygt eller \u00e5 utsette det for en sv\u00e6rt smittsom sykdom.      <\/p>\n<h2><strong>Ekstra forholdsregler for husholdninger med flere katter<\/strong><\/h2>\n<p>  Siden katter med FIP ofte kommer fra familier med flere katter (mer enn 5 katter), dyrehjem eller avlskatter, kan stress v\u00e6re en medvirkende faktor.<br \/>\nHold FIP-positive katter adskilt fra andre katter, og vask hendene ofte, spesielt etter at du har feid eller rengjort den syke kattens kattebakke.<br \/>\nVeterin\u00e6rer anbefaler eiere \u00e5 vente omtrent en m\u00e5ned etter at en FIP-positiv katt har g\u00e5tt bort f\u00f8r de tar med en ny katt hjem for \u00e5 redusere risikoen for FCoV-eksponering.<br \/>\nVeterin\u00e6rer anbefaler at man venter minst tre m\u00e5neder etter at en FIP-positiv katt i en husholdning med flere katter har d\u00f8dd, for \u00e5 se om andre katter i hjemmet viser FIP-symptomer.<br \/>\nDisse kattene har blitt eksponert for FCoV og kan b\u00e6re p\u00e5 viruset, noe som gj\u00f8r dem til en risiko for eventuelle nye katter som kommer inn i huset.<br \/>\nFCoV kan elimineres ved \u00e5 rengj\u00f8re med fortynnet blekemiddel (1 del blekemiddel til 32 deler vann).<br \/>\nHa alltid \u00e9n ekstra kattedo i huset for hver katt.<br \/>\nHvis du for eksempel har tre katter, m\u00e5 du ha minst fire kattedoer tilgjengelig.<br \/>\nDet har vist seg at det \u00e5 forbedre kattens habitat kan redusere stress.<br \/>\nCatioer, kattetr\u00e6r og sittepinner innend\u00f8rs, sittepinner i vinduet, bruk av feromoner som Feliway, vannfontener, katteleker, matpuslespill og mye mer er inkludert i dette.           <\/p>\n<h2><\/h2>\n<h2>Konklusjon<\/h2>\n<p>  Ikke alle katter som eksponeres for FIP-viruset vil f\u00e5 sykdommen.<br \/>\nIf\u00f8lge estimater vil 8 til 20 % av kattene som eksponeres for viruset og som lever i kolonier der det er kjent at sykdommen finnes, f\u00e5 kliniske symptomer p\u00e5 FIP.<br \/>\nDe resterende kattene kan utvikle immunitet mot sykdommen eller rett og slett ikke reagere p\u00e5 den.<br \/>\nDet er ukjent hvorfor bare en liten prosentandel av kattene som eksponeres for viruset, f\u00e5r sykdommen.<br \/>\nDet er velkjent at kattens viktigste forsvar mot FIP er den cellemedierte immunresponsen.<br \/>\nKatter med d\u00e5rlig cellemediert immunitet kan v\u00e6re mer utsatt for sykdommen.<br \/>\nDen humorale forsvarsmekanismen (antistoff) ser ut til \u00e5 ha en rolle i noen d\u00f8dsfall hos katter ved at den faktisk forsterker skaden FIP-viruset for\u00e5rsaker.<br \/>\nDen eneste tilgjengelige vaksinen mot FIP har vist seg \u00e5 v\u00e6re mindre enn 100 % effektiv, og anbefales generelt ikke til katter som et forebyggende tiltak.<br \/>\nForebygging av FIP b\u00f8r derfor inneb\u00e6re \u00e5 minimere stress og s\u00f8rge for god hygiene b\u00e5de i hjemmet og p\u00e5 pensjonat\/reise med katter.<br \/>\nSelv om medisinske gjennombrudd har skapt nye muligheter som gir h\u00e5p i kampen mot FIP, b\u00f8r ansvarlige dyreeiere fortsatt v\u00e6re \u00e5rv\u00e5kne og begrense kj\u00e6ledyrets eksponering for risiko forbundet med dette viruset.           &nbsp;<\/p>\n","protected":false},"excerpt":{"rendered":"<p>Felin infeksi\u00f8s peritonitt (FIP) er et uhelbredelig og ofte d\u00f8delig virus som rammer f\u00e6rre enn \u00e9n prosent av alle katter. Det finnes for \u00f8yeblikket ingen effektiv behandling for sykdommen, s\u00e5 det er viktig \u00e5 forebygge den f\u00f8r symptomene oppst\u00e5r. Det finnes for \u00f8yeblikket ingen kjent FIP-vaksine som fungerer konsekvent. P\u00e5 grunn av dette er det [&hellip;]<\/p>\n","protected":false},"author":11,"featured_media":22505,"parent":0,"menu_order":0,"comment_status":"closed","ping_status":"closed","template":"","meta":{"_glsr_average":0,"_glsr_ranking":0,"_glsr_reviews":0,"footnotes":""},"categories":[855],"tags":[856,892,905,904],"_links":{"self":[{"href":"https:\/\/fipmed.co\/no\/wp-json\/wp\/v2\/pages\/22504"}],"collection":[{"href":"https:\/\/fipmed.co\/no\/wp-json\/wp\/v2\/pages"}],"about":[{"href":"https:\/\/fipmed.co\/no\/wp-json\/wp\/v2\/types\/page"}],"author":[{"embeddable":true,"href":"https:\/\/fipmed.co\/no\/wp-json\/wp\/v2\/users\/11"}],"replies":[{"embeddable":true,"href":"https:\/\/fipmed.co\/no\/wp-json\/wp\/v2\/comments?post=22504"}],"version-history":[{"count":0,"href":"https:\/\/fipmed.co\/no\/wp-json\/wp\/v2\/pages\/22504\/revisions"}],"wp:featuredmedia":[{"embeddable":true,"href":"https:\/\/fipmed.co\/no\/wp-json\/wp\/v2\/media\/22505"}],"wp:attachment":[{"href":"https:\/\/fipmed.co\/no\/wp-json\/wp\/v2\/media?parent=22504"}],"wp:term":[{"taxonomy":"category","embeddable":true,"href":"https:\/\/fipmed.co\/no\/wp-json\/wp\/v2\/categories?post=22504"},{"taxonomy":"post_tag","embeddable":true,"href":"https:\/\/fipmed.co\/no\/wp-json\/wp\/v2\/tags?post=22504"}],"curies":[{"name":"wp","href":"https:\/\/api.w.org\/{rel}","templated":true}]}}