{"id":22561,"date":"2023-11-20T03:02:35","date_gmt":"2023-11-20T03:02:35","guid":{"rendered":"https:\/\/fipmed.co\/fipmed-retningslinjer-for-avbestilling\/"},"modified":"2024-07-28T07:40:28","modified_gmt":"2024-07-28T07:40:28","slug":"fipmed-retningslinjer-for-avbestilling","status":"publish","type":"page","link":"https:\/\/fipmed.co\/no\/fipmed-retningslinjer-for-avbestilling\/","title":{"rendered":"Avbestillingsregler for FIPMed"},"content":{"rendered":"\t\t<div data-elementor-type=\"wp-page\" data-elementor-id=\"22561\" class=\"elementor elementor-22561 elementor-14413\">\n\t\t\t\t\t\t<section class=\"elementor-section elementor-top-section elementor-element elementor-element-c3897a7 elementor-section-boxed elementor-section-height-default elementor-section-height-default\" data-id=\"c3897a7\" data-element_type=\"section\">\n\t\t\t\t\t\t<div class=\"elementor-container elementor-column-gap-default\">\n\t\t\t\t\t<div class=\"elementor-column elementor-col-100 elementor-top-column elementor-element elementor-element-32e3bf0\" data-id=\"32e3bf0\" data-element_type=\"column\">\n\t\t\t<div class=\"elementor-widget-wrap elementor-element-populated\">\n\t\t\t\t\t\t<div class=\"elementor-element elementor-element-c7b81b6 elementor-widget elementor-widget-text-editor\" data-id=\"c7b81b6\" data-element_type=\"widget\" data-widget_type=\"text-editor.default\">\n\t\t\t\t<div class=\"elementor-widget-container\">\n\t\t\t\t\t\t\t\t\t<p>Teamet v\u00e5rt gj\u00f8r sitt ytterste for \u00e5 sikre at bestillingen din blir sendt s\u00e5 raskt som mulig.\nDette skyldes at alle produktene v\u00e5re er tidssensitive, og vi bestreber oss p\u00e5 at alle kundene v\u00e5re skal motta leveransen s\u00e5 snart som mulig. <\/p>\n<p>Derfor vil enhver kansellering etter bestillingen forstyrre prosessen v\u00e5r alvorlig.<\/p>\n<p>Vi har imidlertid forst\u00e5else for at det kan oppst\u00e5 omstendigheter som gj\u00f8r at du m\u00e5 kansellere bestillingen kort tid etter at du har lagt inn den.\nFor \u00e5 dekke de administrative kostnadene forbundet med \u00e5 behandle avbestillinger, har vi innf\u00f8rt f\u00f8lgende retningslinjer for avbestillingsgebyr.\nVennligst les n\u00f8ye gjennom detaljene nedenfor:  <\/p>\n<p><b>1. <\/b>Kunder kan be om avbestilling innen maksimalt 3 timer fra bestillingstidspunktet.\nAvbestillingsforesp\u00f8rsler som mottas etter denne tidsrammen, vil ikke v\u00e6re berettiget til noen form for avbestillingsprosess, men vil i stedet bli underlagt v\u00e5re retningslinjer for refusjon. <\/p>\n<p><b>2. <\/b>For avbestillinger som foretas innen det angitte tidsvinduet p\u00e5 tre timer, p\u00e5l\u00f8per det et avbestillingsgebyr p\u00e5 USD 50 for \u00e5 dekke behandlings- og administrasjonskostnader knyttet til h\u00e5ndteringen av avbestillingen.\nDette gebyret trekkes fra det totale refusjonsbel\u00f8pet for avbestillingen. <\/p>\n<p>3. Fraktkostnader og digitale produkter refunderes ikke, og vil bli trukket fra refusjonsbel\u00f8pet.<\/p>\n<p>4. Det vil ogs\u00e5 bli trukket fra 30 USD for \u00e5 dekke gebyrer for betalingsgatewayen som allerede er belastet oss.&nbsp;<\/p>\n<p><b>5. <\/b>For \u00e5 kansellere en bestilling, vennligst kontakt v\u00e5r kundest\u00f8tte s\u00e5 snart som mulig innen 3-timersfristen.\nDu kan n\u00e5 v\u00e5r kundest\u00f8tte ved \u00e5 svare p\u00e5 e-postbekreftelsen av bestillingen din. <\/p>\n<p><strong>6.&nbsp;<\/strong> N\u00e5r avbestillingsforesp\u00f8rselen er godkjent, vil refusjonen bli behandlet umiddelbart, og bel\u00f8pet vil bli refundert til den opprinnelige betalingsm\u00e5ten.\nDet kan ta opptil 14 virkedager f\u00f8r refusjonen vises p\u00e5 kontoen din. <\/p>\n<p>Ved \u00e5 legge inn en bestilling hos oss bekrefter du at du har lest, forst\u00e5tt og godtatt v\u00e5re retningslinjer for avbestillingsgebyr.<\/p>\n<p>Hvis du har sp\u00f8rsm\u00e5l eller bekymringer ang\u00e5ende v\u00e5re retningslinjer for avbestillingsgebyr, m\u00e5 du ikke n\u00f8le med \u00e5 kontakte kundeserviceteamet v\u00e5rt for \u00e5 f\u00e5 hjelp.<\/p>\n<p>Takk for at du valgte Fipmed.co.\nVi setter pris p\u00e5 din forst\u00e5else og samarbeid.\nVi \u00f8nsker deg lykke til i kampen mot FIP.  &nbsp;<\/p>\t\t\t\t\t\t\t\t<\/div>\n\t\t\t\t<\/div>\n\t\t\t\t\t<\/div>\n\t\t<\/div>\n\t\t\t\t\t<\/div>\n\t\t<\/section>\n\t\t\t\t<\/div>\n\t\t","protected":false},"excerpt":{"rendered":"<p>Teamet v\u00e5rt gj\u00f8r sitt ytterste for \u00e5 sikre at bestillingen din blir sendt s\u00e5 raskt som mulig. Dette skyldes at alle produktene v\u00e5re er tidssensitive, og vi bestreber oss p\u00e5 at alle kundene v\u00e5re skal motta leveransen s\u00e5 snart som mulig. Derfor vil enhver kansellering etter bestillingen forstyrre prosessen v\u00e5r alvorlig. Vi har imidlertid forst\u00e5else [&hellip;]<\/p>\n","protected":false},"author":1,"featured_media":0,"parent":0,"menu_order":0,"comment_status":"closed","ping_status":"closed","template":"","meta":{"_glsr_average":0,"_glsr_ranking":0,"_glsr_reviews":0,"footnotes":""},"categories":[],"tags":[],"_links":{"self":[{"href":"https:\/\/fipmed.co\/no\/wp-json\/wp\/v2\/pages\/22561"}],"collection":[{"href":"https:\/\/fipmed.co\/no\/wp-json\/wp\/v2\/pages"}],"about":[{"href":"https:\/\/fipmed.co\/no\/wp-json\/wp\/v2\/types\/page"}],"author":[{"embeddable":true,"href":"https:\/\/fipmed.co\/no\/wp-json\/wp\/v2\/users\/1"}],"replies":[{"embeddable":true,"href":"https:\/\/fipmed.co\/no\/wp-json\/wp\/v2\/comments?post=22561"}],"version-history":[{"count":1,"href":"https:\/\/fipmed.co\/no\/wp-json\/wp\/v2\/pages\/22561\/revisions"}],"predecessor-version":[{"id":22562,"href":"https:\/\/fipmed.co\/no\/wp-json\/wp\/v2\/pages\/22561\/revisions\/22562"}],"wp:attachment":[{"href":"https:\/\/fipmed.co\/no\/wp-json\/wp\/v2\/media?parent=22561"}],"wp:term":[{"taxonomy":"category","embeddable":true,"href":"https:\/\/fipmed.co\/no\/wp-json\/wp\/v2\/categories?post=22561"},{"taxonomy":"post_tag","embeddable":true,"href":"https:\/\/fipmed.co\/no\/wp-json\/wp\/v2\/tags?post=22561"}],"curies":[{"name":"wp","href":"https:\/\/api.w.org\/{rel}","templated":true}]}}