{"id":22618,"date":"2023-11-06T06:42:04","date_gmt":"2023-11-06T06:42:04","guid":{"rendered":"https:\/\/fipmed.co\/hvordan-far-katter-fip-hva-forarsaker-fip-i-katter\/"},"modified":"2023-11-06T06:42:04","modified_gmt":"2023-11-06T06:42:04","slug":"hvordan-far-katter-fip-hva-forarsaker-fip-i-katter","status":"publish","type":"page","link":"https:\/\/fipmed.co\/no\/hvordan-far-katter-fip-hva-forarsaker-fip-i-katter\/","title":{"rendered":"Hvordan f\u00e5r katter FIP: Hva for\u00e5rsaker FIP hos katter?"},"content":{"rendered":"<h2>Hvordan f\u00e5r katter FIP?<\/h2>\n<p>  Felint koronavirus (FCoV) er den viktigste \u00e5rsaken til <a href=\"\/?page_id=6094\" target=\"_blank\" rel=\"noopener\">FIP hos katter<\/a>, selv om andre smittem\u00e5ter er mulige.  <\/p>\n<h3>Felint koronavirus (FCoV)<\/h3>\n<p>  Felint koronavirus (FCoV) er en vanlig virusinfeksjon blant katter som vanligvis ikke gir noen symptomer eller bare er forbundet med mild diar\u00e9.<br \/>\nDet er sv\u00e6rt smittsomt og kan spres gjennom direkte kontakt, indirekte kontakt eller fekal-oral smittevei mellom katter i samme husholdning.<br \/>\nFCoV er et virus med en konvolutt og et enkelttr\u00e5det RNA-genom.<br \/>\nMange popul\u00e6re desinfeksjonsmidler kan raskt inaktivere viruset, siden det er ganske svakt.<br \/>\nKatter som lever tett sammen eller i situasjoner med flere katter, er mer utsatt for eksponering og smitte.<br \/>\nFCoV er ikke et zoonotisk virus, noe som betyr at det vanligvis ikke smitter mennesker.<br \/>\nDet er imidlertid rapportert om noen f\u00e5 tilfeller av smitte hos mennesker.<br \/>\nFCoV spres oftest ved kontakt med syke katters spytt, nesesekret, avf\u00f8ring og viruskontaminerte gjenstander. <strong>FECV (Felint enterisk koronavirus):<\/strong> FECV er den mindre virulente versjonen av viruset.<br \/>\nDet p\u00e5virker f\u00f8rst og fremst kattens ford\u00f8yelseskanal.<br \/>\nMange infiserte katter er asymptomatiske, noe som betyr at de ikke viser noen kliniske tegn p\u00e5 sykdom.<br \/>\nFECV kan gi moderate gastrointestinale symptomer som diar\u00e9 hos enkelte pasienter, men det forsvinner normalt uten behandling.<br \/>\nKatter som er smittet med FECV, kan avgi viruset i avf\u00f8ringen og potensielt smitte andre katter. <strong>FIPV (Felint infeksi\u00f8st peritonittvirus):<\/strong> FIPV er den farligste og mest alvorlige virusstammen som kan for\u00e5rsake felin infeksi\u00f8s bukhinnebetennelse (FIP).<br \/>\nFIPV kan oppst\u00e5 fra en FECV-mutasjon i det samme dyret.<br \/>\nOvergangen til FIPV er d\u00e5rlig forst\u00e5tt og kan p\u00e5virkes av en rekke omstendigheter, inkludert kattens immunologiske respons.<br \/>\nFIPV-infiserte katter kan ha feber, slapphet, vekttap, oppbl\u00e5st mage (i den v\u00e5te formen) og organdysfunksjon.                <\/p>\n<h2>Hvordan smitter FIP?<\/h2>\n<p>  FCoV kan spres gjennom direkte kontakt mellom katter, indirekte kontaminering av gjenstander eller omgivelser, inntak av virusholdig avf\u00f8ring og luftveisdr\u00e5per fra en smittet katt.  <\/p>\n<h3>Direkte kontakt:<\/h3>\n<p>  Katter kan bli smittet av det feline koronaviruset (FCoV) og deretter utvikle FIP gjennom n\u00e6r og direkte kontakt med en <a href=\"\/?page_id=899\" target=\"_blank\" rel=\"noopener\">smittet<\/a> katt.<br \/>\nSelv om viruset kan overleve i en rekke milj\u00f8er, er det ikke luftb\u00e5rent og krever direkte kontakt for \u00e5 smitte fra en katt til en annen.<br \/>\nDette betyr at katter m\u00e5 komme i kontakt med et smittet dyr eller en kontaminert overflate for at viruset skal spre seg.<br \/>\nPussing, gjensidig sniffing, biting, deling av matsk\u00e5ler og annen n\u00e6rkontakt er avgj\u00f8rende for at <a href=\"\/?page_id=891\" target=\"_blank\" rel=\"noopener\">FIP skal smitte mellom<\/a> katter, ettersom det m\u00e5 v\u00e6re store mengder av viruset til stede i spytt og andre kroppsv\u00e6sker for at infeksjon skal oppst\u00e5.<br \/>\nDet er ogs\u00e5 viktig \u00e5 merke seg at denne smittem\u00e5ten ikke garanterer infeksjon; selv om noen katter eksponeres direkte, kan det hende at de ikke utvikler symptomer p\u00e5 grunn av at deres genetiske sammensetning eller immunsystem gir resistens mot viruset.      <\/p>\n<h3>Indirekte kontakt:<\/h3>\n<p>  Viruset kan ogs\u00e5 overf\u00f8res indirekte gjennom forurensede gjenstander og milj\u00f8er.<br \/>\nViruset kan overleve i milj\u00f8et i flere uker under de rette forholdene.<br \/>\nDette betyr at selv om en katt ikke har hatt direkte kontakt med en smittet katt, kan den bli smittet hvis den kommer i kontakt med viruset fra andre kilder.<br \/>\nKatter kan for eksempel bli eksponert for FIP gjennom str\u00f8 eller matretter som er forurenset av str\u00f8 fra en smittet katt, andre katter som klorer og biter hverandre i pelsen eller leker i omr\u00e5der der en annen katt har lagt eller kastet avf\u00f8ring som inneholder viruset.<br \/>\nDerfor er det ekstremt viktig at toalettomr\u00e5der som kattetoaletter rengj\u00f8res regelmessig med varmt vann og s\u00e5pe (husk \u00e5 skifte hansker mellom hver gang), og at absorberende overflater som senget\u00f8y og matsk\u00e5ler skiftes ofte n\u00e5r de blir skitne.<br \/>\nI tillegg b\u00f8r kattene f\u00e5 n\u00e6ringsrik kost full av antioksidanter for \u00e5 st\u00f8tte immunforsvaret og maksimere forsvaret mot infeksjoner som FIP.       <\/p>\n<h3>Fekal-oralt:<\/h3>\n<p>  Katter kan bli smittet ved \u00e5 f\u00e5 i seg viruset som har blitt utskilt i avf\u00f8ringen til en smittet katt.<br \/>\nDette kan skje n\u00e5r katten steller seg selv etter \u00e5 ha kommet i kontakt med kontaminert avf\u00f8ring eller str\u00f8.<br \/>\nAv denne grunn b\u00f8r man v\u00e6re sv\u00e6rt forsiktig i husholdninger med flere katter, ettersom god hygiene er n\u00f8kkelen til \u00e5 redusere risikoen for FIP-eksponering.<br \/>\nAlle eiere b\u00f8r s\u00f8rge for god hygiene regelmessig i kattehusholdningen: s\u00f8rge for regelmessig rengj\u00f8ring av matsk\u00e5ler, unng\u00e5 \u00e5 dele senger og tepper mellom katter i huset, samt desinfisere en gang i uken alle overflater som kattene potensielt kan ha tilgang til, for eksempel bordplater, senger som fortsatt ikke er vanntette, ikke n\u00e5 omr\u00e5der der kloakk renner ned osv.     <\/p>\n<h3>Dr\u00e5per fra luftveiene:<\/h3>\n<p>  FIP kan imidlertid ogs\u00e5 spres fra en katt til en annen gjennom luftveisdr\u00e5per n\u00e5r en smittet katt nyser eller hoster.<br \/>\nSelv om luftveissmitte av den mer virulente formen av felint enterisk coronavirus (FCoV) er mindre vanlig enn andre smittem\u00e5ter, som direkte eller indirekte kontakt, er det likevel mulig for en <a href=\"\/?page_id=885\" target=\"_blank\" rel=\"noopener\">frisk<\/a> katt \u00e5 inhalere viruset hvis den er n\u00e6r nok et infisert dyr n\u00e5r det frigj\u00f8r disse smittsomme partiklene.   &nbsp;<\/p>\n<h2>FIP Risikofaktorer:<\/h2>\n<p>  Katter som er under to \u00e5r, over ti \u00e5r, rasekatter eller katter, katter som lever i overbefolkede milj\u00f8er og katter med nedsatt immunforsvar, kan v\u00e6re mer utsatt for \u00e5 utvikle FIP.  <\/p>\n<h3>Alder: FIP er mer vanlig hos katter under 2 \u00e5r og over 10 \u00e5r.<br \/>\nKattunger og eldre katter ser ut til \u00e5 ha h\u00f8yere risiko. <\/h3>\n<p>  Yngre katter og eldre katter har ofte et umodent eller svekket immunsystem, noe som kan gi dem st\u00f8rre risiko for \u00e5 utvikle FIP.<br \/>\nDisse aldersgruppene har ogs\u00e5 en tendens til \u00e5 bli hyppigere eksponert for kattekoronaviruset, ettersom de kanskje bor innend\u00f8rs sammen med andre katter, er ute p\u00e5 eventyr eller kommer i kontakt med andre katter p\u00e5 internat eller katterier.   <\/p>\n<h3>Rase: Enkelte raser, som rasekatter eller katter fra katterier, kan ha h\u00f8yere risiko for FIP.<\/h3>\n<p>  Katter fra katterier eller renrasede linjer kan v\u00e6re spesielt utsatt for \u00e5 utvikle FIP.<br \/>\nAbyssinier, bengal, birma, himalayakatt, ragdoll og rex har en betydelig h\u00f8yere risiko for \u00e5 utvikle sykdommen sammenlignet med andre katter.<br \/>\nAndre katteraser, inkludert burmeser, eksotisk korth\u00e5r, manx, perser og russisk bl\u00e5, er ogs\u00e5 funnet \u00e5 v\u00e6re mer utsatt for FIP p\u00e5 grunn av genetikk og \u00f8kt eksponering i avlsprogrammer.<br \/>\nDet antas at visse genetiske faktorer knyttet til perserkatter (og de tilh\u00f8rende rasene) gj\u00f8r dem litt d\u00e5rligere enn andre kattearter til \u00e5 kontrollere viruset som for\u00e5rsaker FIP &#8211; noe som gj\u00f8r dem mer utsatt for infeksjon hvis de kommer i kontakt med det.<br \/>\nDet finnes bevis som tyder p\u00e5 at perserkatter b\u00e6rer p\u00e5 &laquo;predisponerende alleler&raquo; for denne tilstanden, noe som gj\u00f8r dem s\u00e5rbare n\u00e5r de utsettes for viruset som for\u00e5rsaker FIP, noe som betyr at eiere av disse rasene m\u00e5 iverksette tiltak for \u00e5 sikre et bedre forsvar mot spredning av viruset blant medlemmer i husholdninger med flere katter.      <\/p>\n<h3>Overfylte boforhold:<\/h3>\n<p>  Katter som lever i overfylte eller stressende omgivelser har st\u00f8rre risiko for \u00e5 komme i kontakt med det feline koronaviruset, noe som kan f\u00f8re til infeksjon og p\u00e5f\u00f8lgende utvikling av FIP.<br \/>\nNoen av risikofaktorene knyttet til \u00e5 leve i trange forhold inkluderer n\u00e6rhet til andre katter, delte ressurser (som matsk\u00e5ler, kattebakker og senger) og svekket immunforsvar p\u00e5 grunn av stress.<br \/>\nSpesielt eksponering for andre katter er en viktig faktor for smitteoverf\u00f8ring, siden infiserte katter avgir virus i spytt eller avf\u00f8ring.<br \/>\nTett kontakt mellom katter gj\u00f8r at viruset lettere sprer seg.<br \/>\nI husholdninger med flere katter og p\u00e5 dyrehjem er det viktig \u00e5 redusere sjansene for smitte ved \u00e5 fremme gode hygienepraksiser, som \u00e5 desinfisere overflater med rengj\u00f8ringsmiddel og vaske hendene regelmessig mellom hver gang man klapper ulike katter.      <\/p>\n<h3>Genetikk:<\/h3>\n<p>  Noen katter kan ha en genetisk predisposisjon som gj\u00f8r dem mer utsatt for \u00e5 utvikle FIP.<br \/>\nDette kan v\u00e6re relatert til immunforsvaret eller evnen til \u00e5 kontrollere det feline koronaviruset.<br \/>\nKattens genetiske sammensetning kan gj\u00f8re dem mer s\u00e5rbare for infeksjon, enten ved \u00e5 gj\u00f8re dem ute av stand til \u00e5 gjenkjenne og bekjempe invaderende viruspartikler eller ved \u00e5 gj\u00f8re cellemembranene deres mindre motstandsdyktige mot viruset.<br \/>\nDe kan ogs\u00e5 gj\u00f8re visse celler hos katter mottakelige for en immunrespons som vil utl\u00f8se betennelse som f\u00f8rer til ytterligere vevsskade.<br \/>\nI tillegg kan noen katter mangle evnen til \u00e5 kontrollere replikasjonen av den farlige koronavirusstammen som er assosiert med FIP, noe som gj\u00f8r dem mer mottakelige for \u00e5 utvikle denne tilstanden.      <\/p>\n<h3>Stress:<\/h3>\n<p>  Stress p\u00e5virker kattens immunforsvar negativt, og reduserer deres evne til \u00e5 bekjempe infeksjoner.<br \/>\nKatter kan bli stresset n\u00e5r de opplever en betydelig endring i omgivelsene eller rutinene sine &#8211; som \u00e5 flytte eller bli introdusert for et nytt kj\u00e6ledyr.<br \/>\nN\u00e5r en katt utsettes for stressfaktorer, frigj\u00f8r kroppen hormoner som undertrykker produksjonen og funksjonen til visse immunceller.<br \/>\nDette f\u00f8rer til at kattens generelle immunforsvar svekkes, noe som gj\u00f8r den mer mottakelig, ikke bare for FIP, men ogs\u00e5 for andre sykdommer, for eksempel for\u00e5rsaket av parasitter og bakterier.<br \/>\nDet er viktig for katteeiere \u00e5 v\u00e6re klar over hvordan stress kan svekke kattens immunforsvar, og gj\u00f8re tiltak for \u00e5 dempe effekten av stress n\u00e5r det er mulig.<br \/>\nHvis du for eksempel skal introdusere et nytt kj\u00e6ledyr eller familiemedlem i hjemmet, er det best \u00e5 gj\u00f8re det gradvis &#8211; slik at de eksisterende kj\u00e6ledyrene dine f\u00e5r tid til \u00e5 tilpasse seg uten \u00e5 utsette seg for for mye press.       <\/p>\n<h3>Immunsystemets status:<\/h3>\n<p>  FeLV og FIV er virusinfeksjoner som rammer katter, og begge angriper kattens immunsystem.<br \/>\nKatter med svekket immunforsvar p\u00e5 grunn av et av disse virusene har derfor ofte problemer med \u00e5 bekjempe andre sykdommer, inkludert FIP.<br \/>\nKatter med underliggende sykdommer som FeLV eller FIV kan v\u00e6re mindre i stand til \u00e5 sette opp en effektiv respons mot koronavirusinfeksjon n\u00e5r de utsettes for den, og det er mer sannsynlig at de utvikler sykdommen.<br \/>\nUnderern\u00e6rte katter er ogs\u00e5 utsatt for \u00e5 utvikle FIP.     <\/p>\n<h2>M\u00e5ter \u00e5 forebygge FIP p\u00e5<\/h2>\n<p>  Katteeiere kan bidra til \u00e5 redusere risikoen for at <a href=\"\/?page_id=891\" target=\"_blank\" rel=\"noopener\">kattene<\/a> deres <a href=\"\/?page_id=891\" target=\"_blank\" rel=\"noopener\">f\u00e5r FIP ved \u00e5 s\u00f8rge for regelmessige vaksinasjoner<\/a>, fremme et sunt immunsystem og s\u00f8rge for riktig hygiene og sanit\u00e6re forholdsregler.  <\/p>\n<h3>Vaksinasjon<\/h3>\n<p>  Vaksinasjon er en av de viktigste m\u00e5tene \u00e5 redusere risikoen for at en katt utvikler FIP.<br \/>\nDet finnes vaksiner som beskytter mot det feline koronaviruset (FCoV), som kan for\u00e5rsake FIP hos katter.<br \/>\nDisse vaksinene er kanskje ikke helt effektive n\u00e5r det gjelder \u00e5 forhindre infeksjon, men de kan redusere sjansene for at en utsatt katt utvikler klinisk sykdom og f\u00e5r alvorlige symptomer forbundet med FIP.<br \/>\nDet er viktig \u00e5 merke seg at noen katter allerede kan ha antistoffer fra tidligere eksponering og sannsynligvis vil v\u00e6re resistente mot vaksinasjon, men katter som er seronegative for FCoV p\u00e5 vaksinasjonstidspunktet ser ut til \u00e5 ha mye mindre sannsynlighet for \u00e5 oppleve eller vise betydelige symptomer hvis de blir smittet senere.     <\/p>\n<h3>Fremmer et sunt immunforsvar<\/h3>\n<p>  \u00c5 holde kattens immunsystem sunt kan bidra til \u00e5 forebygge FIP.<br \/>\nRiktig ern\u00e6ring er avgj\u00f8rende for \u00e5 fremme god helse og et sterkt immunforsvar.<br \/>\nKatter b\u00f8r f\u00e5 artstilpasset f\u00f4r av h\u00f8y kvalitet som er fritt for fyllstoffer og biprodukter.<br \/>\n\u00c5 begrense mengden t\u00f8rrf\u00f4r i dietten kan ogs\u00e5 bidra til \u00e5 redusere betennelser for\u00e5rsaket av karbohydrater i kosten, samt andre sykdommer knyttet til d\u00e5rlig ern\u00e6ring, som overvekt, diabetes og urinveisinfeksjoner (UVI).<br \/>\nRegelmessige fysiske unders\u00f8kelser hos veterin\u00e6ren kan sikre at kj\u00e6ledyret ditt holder seg friskt, og at eventuelle helseproblemer oppdages tidlig.<br \/>\nRegelmessige vaksinasjoner mot vanlige kattesykdommer som valpesyke og rabies vil ogs\u00e5 minimere risikoen for infeksjoner forbundet med disse sykdommene.<br \/>\nHvis katter lever i et milj\u00f8 som er utsatt for stress eller overbefolkning &#8211; for eksempel i husholdninger med flere katter eller p\u00e5 dyrehjem &#8211; kan det v\u00e6re en fordel \u00e5 s\u00f8rge for leker og krafsepinner som berikelse, samt tilstrekkelig med plass mellom hvert dyr.        <\/p>\n<h3>Hygiene- og sanit\u00e6rtiltak<\/h3>\n<p>  Det er viktig at katteeiere er spesielt oppmerksomme p\u00e5 \u00e5 gjennomf\u00f8re hygiene- og sanit\u00e6rtiltak rundt kattene sine for \u00e5 redusere risikoen for FIP.<br \/>\nRegelmessig rengj\u00f8ring av kattebakker, mat- og vannsk\u00e5ler, senget\u00f8y, overflater, leker og transport\u00f8rer vil bidra til \u00e5 minimere kontakt med viruset.<br \/>\nGod h\u00e5ndvask etter h\u00e5ndtering av potensielt kontaminerte gjenstander vil ogs\u00e5 redusere sjansen for smitte.<br \/>\nI husholdninger med flere kj\u00e6ledyr eller p\u00e5 dyrehjem kan det v\u00e6re en fordel \u00e5 ha avgrensede omr\u00e5der som kun brukes av enkeltkatter, for \u00e5 unng\u00e5 krysskontaminering.<br \/>\nN\u00e5r du tar vare p\u00e5 en syk katt, b\u00f8r du bruke engangshansker under all kontakt med katten inntil behandlingen er fullf\u00f8rt.<br \/>\nVed \u00e5 holde disse omr\u00e5dene rene for avf\u00f8ring og annet rusk, samt \u00e5 tilby fersk mat, kan man ytterligere redusere smittespredningen fra ett kj\u00e6ledyr til et annet.       <\/p>\n<h2>Konklusjon<\/h2>\n<p>  Felin infeksi\u00f8s peritonitt (FIP) er en alvorlig virussykdom hos katter som det ikke finnes noen kjent kur mot.<br \/>\nFIP for\u00e5rsakes vanligvis av en mutert stamme av det feline koronaviruset, og er ofte d\u00f8delig og kan ramme katter i alle aldre og raser.<br \/>\nFor \u00e5 redusere risikoen for at katten din skal utvikle dette invalidiserende viruset, anbefales vaksinasjon, i tillegg til tiltak for \u00e5 fremme et sunt immunsystem og opprettholde riktig hygiene og sanit\u00e6re forhold.<br \/>\nTil syvende og sist er det viktig \u00e5 v\u00e6re klar over at selv om vi kanskje aldri kan utrydde FIP helt, kan gode forebyggende tiltak bidra til \u00e5 beskytte katten din mot infeksjonen &#8211; noe som b\u00e5de kan spare den for lidelse og potensielt spare den for liv.<\/p>\n","protected":false},"excerpt":{"rendered":"<p>Hvordan f\u00e5r katter FIP? Felint koronavirus (FCoV) er den viktigste \u00e5rsaken til FIP hos katter, selv om andre smittem\u00e5ter er mulige. Felint koronavirus (FCoV) Felint koronavirus (FCoV) er en vanlig virusinfeksjon blant katter som vanligvis ikke gir noen symptomer eller bare er forbundet med mild diar\u00e9. Det er sv\u00e6rt smittsomt og kan spres gjennom direkte [&hellip;]<\/p>\n","protected":false},"author":1,"featured_media":22619,"parent":0,"menu_order":0,"comment_status":"closed","ping_status":"closed","template":"","meta":{"_glsr_average":0,"_glsr_ranking":0,"_glsr_reviews":0,"footnotes":""},"categories":[855],"tags":[],"_links":{"self":[{"href":"https:\/\/fipmed.co\/no\/wp-json\/wp\/v2\/pages\/22618"}],"collection":[{"href":"https:\/\/fipmed.co\/no\/wp-json\/wp\/v2\/pages"}],"about":[{"href":"https:\/\/fipmed.co\/no\/wp-json\/wp\/v2\/types\/page"}],"author":[{"embeddable":true,"href":"https:\/\/fipmed.co\/no\/wp-json\/wp\/v2\/users\/1"}],"replies":[{"embeddable":true,"href":"https:\/\/fipmed.co\/no\/wp-json\/wp\/v2\/comments?post=22618"}],"version-history":[{"count":0,"href":"https:\/\/fipmed.co\/no\/wp-json\/wp\/v2\/pages\/22618\/revisions"}],"wp:featuredmedia":[{"embeddable":true,"href":"https:\/\/fipmed.co\/no\/wp-json\/wp\/v2\/media\/22619"}],"wp:attachment":[{"href":"https:\/\/fipmed.co\/no\/wp-json\/wp\/v2\/media?parent=22618"}],"wp:term":[{"taxonomy":"category","embeddable":true,"href":"https:\/\/fipmed.co\/no\/wp-json\/wp\/v2\/categories?post=22618"},{"taxonomy":"post_tag","embeddable":true,"href":"https:\/\/fipmed.co\/no\/wp-json\/wp\/v2\/tags?post=22618"}],"curies":[{"name":"wp","href":"https:\/\/api.w.org\/{rel}","templated":true}]}}