{"id":22624,"date":"2023-11-06T06:56:11","date_gmt":"2023-11-06T06:56:11","guid":{"rendered":"https:\/\/fipmed.co\/er-fip-smittsom-hvordan-overfores-fip\/"},"modified":"2023-11-06T06:56:11","modified_gmt":"2023-11-06T06:56:11","slug":"er-fip-smittsom-hvordan-overfores-fip","status":"publish","type":"page","link":"https:\/\/fipmed.co\/no\/er-fip-smittsom-hvordan-overfores-fip\/","title":{"rendered":"Er FIP smittsomt: Hvordan smitter FIP?"},"content":{"rendered":"<p>Er FIP smittsomt?<br \/>\nSelv om FIP ikke er like smittsomt som andre kattesykdommer, er det likevel et smittsomt virus, og alle katteeiere b\u00f8r v\u00e6re oppmerksomme p\u00e5 den potensielle risikoen.   <\/p>\n<h3>Felin infeksi\u00f8s peritonitt (FIP) anses generelt for \u00e5 v\u00e6re mindre smittsom enn noen andre vanlige infeksjonssykdommer hos katt<\/h3>\n<p>  Sammenlignet med andre smittsomme sykdommer som katter kan v\u00e6re utsatt for, har FIP en lavere sannsynlighet for overf\u00f8ring.<br \/>\nFelin infeksi\u00f8s peritonitt (FIP) er for\u00e5rsaket av infeksjon med felint koronavirus (FCoV).<br \/>\nSelv om dette viruset er smittsomt og kan spre seg fra katt til katt, anses det generelt for \u00e5 v\u00e6re mindre smittsomt enn de som er relatert til \u00f8vre luftveisinfeksjoner eller den spesielt d\u00f8delige panleukopeni.<br \/>\nDet b\u00f8r ogs\u00e5 bemerkes at FIP ikke rammer alle katter selv om de utsettes for det; faktorer som alder, rase, genetikk, stressniv\u00e5 og en rekke andre faktorer p\u00e5virker hvor sannsynlig det er at kattene utvikler sykdommen etter eksponering.     <\/p>\n<h2>Typer av FIP-virus<\/h2>\n<p>  Felin infeksi\u00f8s peritonitt (FIP) for\u00e5rsakes av to forskjellige virus, felint enterisk koronavirus (FECV) og felint koronavirus type 2 (FCoV).  <\/p>\n<h3>FECV<\/h3>\n<p>  Felint koronavirus (FCoV) er et sv\u00e6rt smittsomt virus som er forbundet med felin infeksi\u00f8s peritonitt (FIP).<br \/>\nViruset kan skilles ut i avf\u00f8ringen til <a href=\"\/?page_id=899\" target=\"_blank\" rel=\"noopener\">smittede katter<\/a>, og smitten skjer hovedsakelig gjennom direkte kontakt med disse sekretene eller overflater som inneholder dem.<br \/>\nDette gj\u00f8r den moden for spredning via fomittoverf\u00f8ring, eller overf\u00f8ring av mikrober mellom overflater og fingre til munn.<br \/>\nFor \u00e5 redusere kattens s\u00e5rbarhet for smitte fra FCoV b\u00f8r du alltid praktisere gode hygienevaner.<br \/>\nN\u00e5r det er mulig, b\u00f8r du ogs\u00e5 pr\u00f8ve \u00e5 minimere stressniv\u00e5et &#8211; hold flere katter i separate rom om n\u00f8dvendig &#8211; siden studier har vist at katter som utsettes for h\u00f8yt stressniv\u00e5 har st\u00f8rre sannsynlighet for \u00e5 f\u00e5 sykdommer som FIP p\u00e5 grunn av svekket immunforsvar.      <\/p>\n<h3>FCoV<\/h3>\n<p>  Felint koronavirus, ofte omtalt som FCoV, er et smittsomt viruspatogen som tilh\u00f8rer familien Coronaviridae.<br \/>\nSelv om FCoV er en relativt vanlig \u00e5rsak til mild og selvbegrensende mage- og tarmsykdom hos katter, kan det smitte katter sporadisk over flere m\u00e5neder eller til og med \u00e5r.<br \/>\nViruset er lite artsspesifikt, noe som betyr at andre dyr, for eksempel hunder eller ville dyr, ogs\u00e5 kan v\u00e6re mottakelige for smitte fra dette viruset.<br \/>\nFCoV spres oftest gjennom direkte kontakt mellom to katter, der den symptomfrie smitteb\u00e6reren ubevisst overf\u00f8rer sykdommen til en annen katt.<br \/>\nViruset kan ogs\u00e5 smitte indirekte gjennom forurensede gjenstander som mat- og vannsk\u00e5ler eller leker som deles mellom flere katter som bor under samme tak.<br \/>\nDet er til og med mulig for partikler i pusterommet, som pelsskall og luftveisinhalasjonsv\u00e6sker som inneholder store mengder viruspartikler, \u00e5 spre smittsomme stoffer hvis de inhaleres av katter i n\u00e6rheten.       &nbsp;<\/p>\n<h2>Her er en generell sammenligning av FIPs smittsomhet med noen andre infeksjonssykdommer hos katter:<\/h2>\n<p>  FIP regnes generelt som mindre smittsomt enn panleukopeni, \u00f8vre luftveisinfeksjoner, FIV og FeLV.  <\/p>\n<h3>Panleukopeni hos katt (Feline Distemper)<\/h3>\n<p>  Felin panleukopeni, ogs\u00e5 kjent som valpesyke, er en smittsom virusinfeksjon hos katter for\u00e5rsaket av det feline parvoviruset.<br \/>\nDen rammer hovedsakelig kattunger og uvaksinerte katter, men kan infisere katter i alle aldre og av alle raser.<br \/>\nViruset finnes i alle ekskrementer, s\u00e6rlig avf\u00f8ring, noe som betyr at det lett kan overf\u00f8res fra katt til katt gjennom direkte eller indirekte kontakt.<br \/>\nDe kliniske tegnene varierer avhengig av virusstammen og alderen til den ber\u00f8rte katten, men symptomene kan omfatte feber eller lav temperatur, slapphet\/depresjon, appetittl\u00f8shet og oppkast med diar\u00e9 som inneholder blod, som er vanlige indikatorer p\u00e5 FPlV-infeksjoner.<br \/>\nI noen tilfeller kan det til og med v\u00e6re d\u00f8delig hvis det ikke diagnostiseres og behandles umiddelbart.<br \/>\nDenne tilstanden m\u00e5 ikke forveksles med felin infeksi\u00f8s peritonitt (FIP), selv om de har lignende symptomer, er det to forskjellige virus som p\u00e5virker katter p\u00e5 forskjellige m\u00e5ter.       <\/p>\n<h3>\u00d8vre luftveisinfeksjoner<\/h3>\n<p>  \u00d8vre luftveisinfeksjoner (URI) er den vanligste infeksjonssykdommen hos katter.<br \/>\nSom med andre sykdommer kan URI for\u00e5rsakes av en rekke virus og bakterier, inkludert calicivirus, herpesvirus, adenovirus, Bordetella bronchiseptica og Chlamydophila felis.<br \/>\nSymptomene kan v\u00e6re nysing eller hoste, tett nese eller utflod, r\u00f8dhet eller utflod fra \u00f8ynene, manglende appetitt, feber, slapphet, s\u00e5rdannelse i munn og svelg og dehydrering.<br \/>\nSelv om det er sjeldnere enn andre \u00f8vre luftveisinfeksjoner, er felint leukemivirus (FeLV) ogs\u00e5 noen ganger forbundet med denne infeksjonen, selv om det ikke for\u00e5rsaker noen symptomer i seg selv.<br \/>\nDen vanligste m\u00e5ten katter f\u00e5r en \u00f8vre luftveisinfeksjon p\u00e5, er gjennom kontakt med en annen infisert katt, enten direkte eller indirekte &#8211; for eksempel ved at de steller hverandre mens de leker eller deler matsk\u00e5l\/senget\u00f8y &#8211; men luftb\u00e5ren smitte fra forurensede gjenstander, for eksempel vindbl\u00e5ste st\u00f8vpartikler som b\u00e6rer smittestoffet, kan ogs\u00e5 forekomme.      <\/p>\n<h3>Felint immunsviktvirus (FIV) og felint leukemivirus (FeLV)<\/h3>\n<p>  Dette er to retrovirus som angriper kattens celler som er involvert i immunforsvaret, noe som gj\u00f8r kattene mer mottakelige for andre infeksjoner.<br \/>\nFIV spres oftest gjennom dype bittskader, mens FeLV hovedsakelig overf\u00f8res fra mor til kattunge eller gjennom spytt og nesesekret.<br \/>\nBegge virusene kan f\u00f8re til nedsatt immunforsvar, noe som \u00f8ker risikoen for vedvarende og tilbakevendende opportunistiske infeksjoner som S kinneria turicensis, Bartonella henselae, stomatittvirus (FHV) og kalsicilitt.<br \/>\nDe er begge kjent for \u00e5 for\u00e5rsake immunsviktsyndrom (tilsvarende HIV\/Aids hos mennesker), noe som reduserer kattens naturlige immunforsvar mot sykdommer som kreft og bakterielle sykdommer.     &nbsp;<\/p>\n<h2>Hvordan smitter FIP?<\/h2>\n<p>  FIP spres vanligvis gjennom direkte kontakt, indirekte kontakt, fekal-oral smittevei og luftveisdr\u00e5per.<br \/>\nL\u00e6r mer for \u00e5 bedre forst\u00e5 hvordan katten din kan bli rammet og ta forholdsregler!   <\/p>\n<h3>Direkte kontakt<\/h3>\n<p>  Direkte kontakt er den enkleste og vanligste m\u00e5ten <a href=\"\/?page_id=870\" target=\"_blank\" rel=\"noopener\">katter kan bli smittet av FIP<\/a> p\u00e5.<br \/>\nGjennom direkte kontakt, som gjensidig pelsstell og deling av matsk\u00e5l eller kattedo, kan en smittet katt overf\u00f8re viruset direkte til en annen.<br \/>\nI tillegg kan katten ogs\u00e5 smittes gjennom tettere fysisk kontakt, for eksempel ved \u00e5 kose med eiere som nylig har v\u00e6rt i kontakt med katter som er kjent for \u00e5 v\u00e6re b\u00e6rere av FCoV.<br \/>\nEn annen viktig faktor er nysedr\u00e5per som sprer FCoV fra en katt til en annen.<br \/>\nSelv om denne formen for smitteoverf\u00f8ring er mindre vanlig sammenlignet med andre infeksjoner, er det fortsatt en av m\u00e5tene smitten spres mellom dyr p\u00e5.<br \/>\nDet er derfor viktig at dyreeiere l\u00e6rer opp kj\u00e6ledyrene sine til gode hygieniske vaner og alltid er oppmerksomme n\u00e5r de koser med kattungene sine.       <\/p>\n<h3>Indirekte kontakt<\/h3>\n<p>  Indirekte kontakt kan spille en viktig rolle i overf\u00f8ringen av Feline Infectious Peritonitis (FIP).<br \/>\nDette refererer til kontakt med kontaminerte overflater eller gjenstander som har blitt ber\u00f8rt av en infisert katt, kjent som fomitter.<br \/>\nFomitter som kl\u00e6r, leker og stelleutstyr kan kontaminere kattens pels og b\u00e6re viruset i en kort periode f\u00f8r det forsvinner fra disse overflatene.<br \/>\nEttersom katter ofte steller seg selv og andre katter, risikerer de \u00e5 bli smittet p\u00e5 denne m\u00e5ten, selv om det ikke har v\u00e6rt direkte kontakt mellom dem.<br \/>\nIkke bare kan viruset overf\u00f8res indirekte gjennom kontakt med v\u00e5tt materiale som vannsk\u00e5ler, men ogs\u00e5 t\u00f8rt materiale som senget\u00f8y kan fungere som smitteb\u00e6rer hvis spytt eller avf\u00f8ring som inneholder partikler har kommet i kontakt med en overflate som deretter ber\u00f8res av en annen katt.<br \/>\nHusholdninger med mange katter eller overfylte milj\u00f8er kan v\u00e6re spesielt utsatt for indirekte overf\u00f8ring av viruset der det er mange overflater som ofte kan kontamineres.       <\/p>\n<h3>Fekal-oral vei<\/h3>\n<p>  Den fekal-orale smitteveien er en av de vanligste smittem\u00e5tene for FIP hos katter.<br \/>\nFelint koronavirus (FCoV) kan finnes i infiserte katters spytt, men smitter f\u00f8rst og fremst gjennom kontakt med avf\u00f8ring som er forurenset av en infisert katt.<br \/>\nDenne typen smitte skjer n\u00e5r en katt som ikke er smittet, spiser materiale som har kommet i kontakt med viruskomplekset fra en kattebakke eller andre overflater, for eksempel matsk\u00e5ler og str\u00f8.<br \/>\nP\u00e5 grunn av virusets smittsomme natur \u00f8ker risikoen for smitte i trange boforhold p\u00e5 grunn av h\u00f8ye niv\u00e5er av fekal forurensning.<br \/>\nI husholdninger med flere katter b\u00f8r eierne skille kattene fra hverandre og gi dem individuell pleie og oppmerksomhet n\u00e5r det er mulig.<br \/>\nDet betyr at hver katt skal ha sin egen kattedo som er lett tilgjengelig for rengj\u00f8ring etter bruk.<br \/>\nDet er ogs\u00e5 viktig \u00e5 huske p\u00e5 ikke bare regelmessig rengj\u00f8ring, men ogs\u00e5 ukentlig desinfisering av overflater som brukes av alle katter i flerkattehusholdninger, for \u00e5 redusere smitterisikoen ytterligere.        <\/p>\n<h3>Dr\u00e5per i luftveiene<\/h3>\n<p>  FIP spres sjelden gjennom nysing eller hosting av luftveisdr\u00e5per.<br \/>\nViruset kan bli luftb\u00e5rent og kontaminere kattens omgivelser, men det krever n\u00e6rkontakt for \u00e5 smitte fra et dyr til et annet.<br \/>\nKatter som lever under overfylte forhold, for eksempel p\u00e5 dyrehjem eller i kolonier, er mer utsatt for \u00e5 bli smittet av <a href=\"\/?page_id=891\" target=\"_blank\" rel=\"noopener\">FIP p\u00e5 denne m\u00e5ten<\/a> p\u00e5 grunn av n\u00e6rheten mellom dyrene.<br \/>\nN\u00e5r mennesker h\u00e5ndterer smittsomme katter, m\u00e5 de ut\u00f8ve god personlig hygiene, spesielt n\u00e5r de nyser og hoster i n\u00e6rheten av andre katter som har lavere immunitetsniv\u00e5 og kan v\u00e6re mer utsatt for \u00e5 f\u00e5 FIP.<br \/>\nAlternativt kan man ogs\u00e5 redusere smittespredningen ved \u00e5 bruke effektive desinfeksjonsteknikker og regelmessig sterilisere omr\u00e5der som er eksponert for infisert materiale, som senget\u00f8y, servise, avfall osv.      <\/p>\n<h2>Faktorer som p\u00e5virker hvor utsatt katten din er for FIP<\/h2>\n<p>  Alder, rase, boforhold, genetikk, stress og immunsystemets status kan alle p\u00e5virke risikoen for <a href=\"\/?page_id=6094\" target=\"_blank\" rel=\"noopener\">FIP hos katter<\/a>.  <\/p>\n<h3>Alder<\/h3>\n<p>  Katter under to \u00e5r rammes oftest av FIP, og rundt 80 % av alle tilfeller opptrer hos katter i denne aldersgruppen.<br \/>\nKattunger i alderen 4-12 m\u00e5neder har h\u00f8yest risiko for \u00e5 bli smittet av FIP; nesten halvparten av alle diagnostiserte katter tilh\u00f8rer denne aldersgruppen.<br \/>\nSelv yngre kattunger kan fortsatt v\u00e6re s\u00e5rbare for virussmitte p\u00e5 grunn av deres uutviklede immunsystem og mottakelighet for milj\u00f8messige stressfaktorer.<br \/>\nI tillegg kan visse raser, som siamesere og burmesere, v\u00e6re mer utsatt for FIP p\u00e5 grunn av genetisk disposisjon, selv om det ikke bare er rasen i seg selv som er avgj\u00f8rende.<br \/>\nGeparder har ogs\u00e5 en h\u00f8yere sannsynlighet for \u00e5 utvikle felin infeksi\u00f8s peritonitt enn andre katteraser p\u00e5 grunn av en mangel i det cellul\u00e6re immunforsvaret som gj\u00f8r dem sv\u00e6rt mottakelige.      <\/p>\n<h3>Rase<\/h3>\n<p>  Eiere av rasekatter m\u00e5 v\u00e6re spesielt oppmerksomme p\u00e5 deres mottakelighet for FIP.<br \/>\nRenrasede katter er mer utsatt for \u00e5 utvikle FIP enn blandingsraser p\u00e5 grunn av en genetisk mangel i deres cellul\u00e6re immunitet, og visse raser som geparder, persere, bengaler og skotsk fold er spesielt utsatt.<br \/>\nDenne h\u00f8yere risikoen kan delvis tilskrives hvordan disse rasene har blitt utviklet gjennom innavlspraksis med begrenset genetisk mangfold eller akselererte avlssykluser, noe som har f\u00f8rt til \u00f8kt s\u00e5rbarhet for alvorlig sykdom p\u00e5 grunn av den \u00f8kte gendupliseringen som oppst\u00e5r n\u00e5r homozygote genpar opptrer sammen i det enkelte dyr.<br \/>\nP\u00e5 grunn av denne \u00f8kte risikoen som er forbundet med rasekatter, er det viktig for eiere av disse kattene &#8211; s\u00e5 vel som de som tar seg av katter av andre raser &#8211; \u00e5 forst\u00e5 kj\u00e6ledyrets mottakelighet, slik at de kan ta passende forholdsregler og h\u00e5ndtere helsen deres p\u00e5 en mer effektiv m\u00e5te.<br \/>\n\u00c5 vaksinere katten mot vanlige smittsomme sykdommer som kattegalskap eller \u00f8vre luftveisinfeksjoner vil redusere sjansen for at katten blir smittet; \u00e5 skreddersy kostholdet etter kattens motstandsdyktighet; \u00e5 trene ut fra fysiske egenskaper; \u00e5 begrense eksponeringen ved \u00e5 holde trengselssituasjoner under kontroll osv.      <\/p>\n<h3>Overfylte boforhold<\/h3>\n<p>  Trangboddhet kan ha stor innvirkning p\u00e5 katter og deres helse.<br \/>\nTrangboddhet gir katter ekstra stress, noe som kan v\u00e6re skadelig ettersom det svekker immunforsvaret over tid og \u00f8ker sannsynligheten for \u00e5 f\u00e5 eller overf\u00f8re infeksjoner, inkludert Felin infeksi\u00f8s peritonitt (FIP).<br \/>\nStress er spesielt farlig hos unge kattunger, som kanskje ikke har etablert et optimalt immunforsvar enn\u00e5.<br \/>\nI tillegg til de psykologiske konsekvensene av overbefolkning, kan den fysiske n\u00e6rheten mellom individer gj\u00f8re det lettere \u00e5 overf\u00f8re smitte direkte mellom katter via spytt, ved at de slikker eller hoster opp forurenset luftveissekret.<br \/>\nDessuten \u00f8ker indirekte kontakt med smittsomt materiale, for eksempel avf\u00f8ring fra en smittet katt p\u00e5 matsk\u00e5ler eller klorehull som senere brukes av katter som ikke er smittet, risikoen for ytterligere spredning av FIP i et overfylt milj\u00f8 som dyrehjem og katterier.<br \/>\nDerfor er det viktig \u00e5 ha god plass til katten(e) n\u00e5r det gjelder \u00e5 forbedre kattens generelle velv\u00e6re og \u00f8ke dens motstandskraft mot vanlige sykdommer, inkludert FIP-infeksjon.       <\/p>\n<h3>Genetikk<\/h3>\n<p>  Genetikk spiller en rolle ved felin infeksi\u00f8s peritonitt (FIP) og kan v\u00e6re en viktig indikator for hvordan sykdommen sprer seg.<br \/>\nStudier har indikert at hannkatter er hyppigere rammet enn hunnkatter, noe som understreker den potensielle innflytelsen kj\u00f8nn kan ha p\u00e5 utviklingen av FIP og infeksjonsrisikoen.<br \/>\nBirma-katter har for eksempel blitt sterkt assosiert med visse genetiske faktorer knyttet til FIP.<br \/>\nKatter med b\u00e5de renraset og tilfeldig avlet bakgrunn kan v\u00e6re mottakelige for \u00e5 f\u00e5 viruset gjennom koronaviruset eller smitte fra en annen katt som er rammet, men de som har gener som noen ganger forekommer i spesifikke raser, kan overf\u00f8re den h\u00f8yere risikoen til avkommet.<br \/>\nHvis en av foreldrene er smittet med en passende type virus, for eksempel felint enterisk koronavirus (FeCV), kan kattungene potensielt f\u00e5 en streng som senere kan <a href=\"\/?page_id=13322\" target=\"_blank\" rel=\"noopener\">f\u00f8re til at de utvikler FIP<\/a>, selv uten kontakt med andre smittede dyr.<br \/>\nDessverre er det liten sjanse for \u00e5 hemme eventuelle skader som for\u00e5rsakes av et arvelig gen, ettersom denne overf\u00f8ringen skjer ved unnfangelsen, noe som gj\u00f8r at dyreeiere b\u00f8r vurdere alternative metoder for \u00e5 beskytte kj\u00e6ledyret sitt mot denne typen sykdommer.       <\/p>\n<h3>Stress<\/h3>\n<p>  Som katteeiere er det viktig \u00e5 v\u00e6re klar over at stress kan bidra til utviklingen av Felin Infeksi\u00f8s Peritonitt (FIP).<br \/>\nN\u00e5r katter er stresset p\u00e5 grunn av omplassering, nylige operasjoner eller samtidige infeksjoner, svekkes immunforsvaret deres, og de blir mer utsatt for \u00e5 f\u00e5 FIP.<br \/>\nI et overfylt milj\u00f8 med flere katter i n\u00e6rheten av hverandre kan stressniv\u00e5et stige raskt, noe som ytterligere svekker immunforsvaret og \u00f8ker mottakeligheten for FIP-infeksjon.<br \/>\nDet finnes tiltak som ansvarlige katteforeldre kan iverksette for \u00e5 redusere risikoen for at kj\u00e6ledyret ditt utvikler FIP: s\u00f8rg for at fredelige familiemedlemmer har tilstrekkelig med plass fra hverandre, slik at det ikke blir konkurranse om ressursene; skap en p\u00e5litelig daglig rutine &#8211; dette bidrar til \u00e5 holde stresset i sjakk; s\u00f8rg for mange berikende aktiviteter som klorestativ og leker &#8211; disse holder ikke bare kattene fysisk aktive, men ogs\u00e5 mentalt; gi jevnlige bel\u00f8nninger som godbiter\/godbiter for \u00e5 vise takknemlighet mellom individer.<br \/>\nTil slutt, s\u00f8rg for at du er sammen med kj\u00e6ledyret ditt regelmessig &#8211; kj\u00e6rlighet og oppmerksomhet skaper et b\u00e5nd som reduserer f\u00f8lelsen av \u00e5 bli forlatt, noe som igjen f\u00f8rer til f\u00e6rre bekymringer som manifesterer seg i stressymptomer.      <\/p>\n<h3>Immunsystemets status<\/h3>\n<p>  Kattens immunforsvar spiller en viktig rolle i utviklingen av FIP.<br \/>\nKatter med svekket immunforsvar har st\u00f8rre sannsynlighet for \u00e5 f\u00e5 dette viruset, mens katter med et sterkt og velfungerende immunforsvar kan ha en naturlig resistens.<br \/>\nAlder er en faktor som p\u00e5virker kattens immunitet og risikoen for \u00e5 utvikle FIP, ettersom eldre katter generelt har et svakere immunforsvar enn yngre katter, noe som \u00f8ker mottakeligheten.<br \/>\nEnkelte raser har ogs\u00e5 ulik iboende styrke mot sykdomsfremkallende agens som FIP.<br \/>\nRasekatter er ofte genetisk disponert for visse sykdommer, inkludert FIP, men noen huskatter kan ogs\u00e5 v\u00e6re motstandsdyktige p\u00e5 grunn av genetikk.<br \/>\nStress kan ogs\u00e5 redusere immunforsvaret og gj\u00f8re det vanskeligere for kattens kropp \u00e5 bekjempe infeksjoner som infeksi\u00f8s bukhinnebetennelse; det som kan virke som sm\u00e5 ulemper eller endringer kan i stor grad forstyrre rutinene i hjemmet og utl\u00f8se svikt i pelsdyrets immunforsvar, noe som kan gj\u00f8re dem s\u00e5rbare.<br \/>\nSelv geparder som holdes i fangenskap har vist seg \u00e5 v\u00e6re utsatt for FIP p\u00e5 grunn av en genetisk mangel som hemmer spesifikke komponenter i deres cellul\u00e6re immunforsvar, noe som gj\u00f8r dem sv\u00e6rt mottakelige.        <\/p>\n<h2>Konklusjon<\/h2>\n<p>  Felin infeksi\u00f8s peritonitt (FIP) anses generelt ikke for \u00e5 v\u00e6re en sv\u00e6rt smittsom sykdom, selv om den kan spres gjennom kontakt med avf\u00f8ring og luftveissmitte.<br \/>\nGod hygiene er viktig for \u00e5 redusere risikoen for FIP, samtidig som stressreduksjon for katter ogs\u00e5 er viktig for \u00e5 forhindre at viruset muterer.<br \/>\nSelv om FIP ikke er like vanlig eller lett \u00e5 spre som andre kattesykdommer, er det likevel verdt \u00e5 ta i betraktning for alle dyreeiere som \u00f8nsker en forst\u00e5else av infeksjonen og dens potensielle risiko.<\/p>\n","protected":false},"excerpt":{"rendered":"<p>Er FIP smittsomt? Selv om FIP ikke er like smittsomt som andre kattesykdommer, er det likevel et smittsomt virus, og alle katteeiere b\u00f8r v\u00e6re oppmerksomme p\u00e5 den potensielle risikoen. Felin infeksi\u00f8s peritonitt (FIP) anses generelt for \u00e5 v\u00e6re mindre smittsom enn noen andre vanlige infeksjonssykdommer hos katt Sammenlignet med andre smittsomme sykdommer som katter kan [&hellip;]<\/p>\n","protected":false},"author":1,"featured_media":22625,"parent":0,"menu_order":0,"comment_status":"closed","ping_status":"closed","template":"","meta":{"_glsr_average":0,"_glsr_ranking":0,"_glsr_reviews":0,"footnotes":""},"categories":[855],"tags":[],"_links":{"self":[{"href":"https:\/\/fipmed.co\/no\/wp-json\/wp\/v2\/pages\/22624"}],"collection":[{"href":"https:\/\/fipmed.co\/no\/wp-json\/wp\/v2\/pages"}],"about":[{"href":"https:\/\/fipmed.co\/no\/wp-json\/wp\/v2\/types\/page"}],"author":[{"embeddable":true,"href":"https:\/\/fipmed.co\/no\/wp-json\/wp\/v2\/users\/1"}],"replies":[{"embeddable":true,"href":"https:\/\/fipmed.co\/no\/wp-json\/wp\/v2\/comments?post=22624"}],"version-history":[{"count":0,"href":"https:\/\/fipmed.co\/no\/wp-json\/wp\/v2\/pages\/22624\/revisions"}],"wp:featuredmedia":[{"embeddable":true,"href":"https:\/\/fipmed.co\/no\/wp-json\/wp\/v2\/media\/22625"}],"wp:attachment":[{"href":"https:\/\/fipmed.co\/no\/wp-json\/wp\/v2\/media?parent=22624"}],"wp:term":[{"taxonomy":"category","embeddable":true,"href":"https:\/\/fipmed.co\/no\/wp-json\/wp\/v2\/categories?post=22624"},{"taxonomy":"post_tag","embeddable":true,"href":"https:\/\/fipmed.co\/no\/wp-json\/wp\/v2\/tags?post=22624"}],"curies":[{"name":"wp","href":"https:\/\/api.w.org\/{rel}","templated":true}]}}