{"id":22644,"date":"2022-12-02T07:50:40","date_gmt":"2022-12-02T07:50:40","guid":{"rendered":"https:\/\/fipmed.co\/kosttilskudd-for-katter-med-fip\/"},"modified":"2022-12-02T07:50:40","modified_gmt":"2022-12-02T07:50:40","slug":"kosttilskudd-for-katter-med-fip","status":"publish","type":"page","link":"https:\/\/fipmed.co\/no\/kosttilskudd-for-katter-med-fip\/","title":{"rendered":"Kosttilskudd for katter med FIP"},"content":{"rendered":"<p>Det anbefales \u00e5 gi katten vitaminer og kosttilskudd for \u00e5 holde nyrene og leveren friske og sterke under <a href=\"https:\/\/fipmed.co\/fip-treatment\/\" target=\"_blank\" rel=\"noopener\">behandlingen av FIP<\/a>.<br \/>\nFriske indre organer \u00f8ker kroppens evne til \u00e5 motst\u00e5 infeksjoner og komme seg etter sykdom.<br \/>\nDet er for tiden ingen kjente bivirkninger n\u00e5r vitaminer og kosttilskudd for katter gis sammen med GS-441524 under FIP-behandlinger.    <\/p>\n<h2><strong>Vitaminer for katter<\/strong><\/h2>\n<p><a href=\"\/?page_id=907\" target=\"_blank\" rel=\"noopener\">Vitamin B12<\/a>: Subkutane B12-injeksjoner kan gis til katter ukentlig for \u00e5 bekjempe anemi og st\u00f8tte immunforsvaret.<br \/>\nMed Pet Tinic eller et sammenlignbart produkt kan man gi daglig vitaminst\u00f8tte.<br \/>\nB12 finnes vanligvis i animalsk mat, som kj\u00f8tt, fisk, egg og lever.<br \/>\nEn katt med <a href=\"\/?page_id=14932\" target=\"_blank\" rel=\"noopener\">FIP<\/a> vil imidlertid raskt t\u00f8mme lagrene sine, noe som gj\u00f8r det n\u00f8dvendig med p\u00e5fyll.<br \/>\nVitamin B12 bidrar til produksjon og vedlikehold av r\u00f8de blodlegemer.      <\/p>\n<ul>\n<li>B12 opprettholder helsen til det nevrologiske systemet (nerveceller og normal myelinisering &#8211; fettskjedene som dekker og beskytter nerveendene).<br \/>\nDet er avgj\u00f8rende for nerve- og kognitive prosesser. <\/li>\n<li>B12 opprettholder tarmens helse for \u00e5 sikre tilstrekkelig ford\u00f8yelse og absorpsjon av mat, samt metabolismen av fett og karbohydrater.<\/li>\n<\/ul>\n<h2><strong>Kosttilskudd for katter med FIP<\/strong><\/h2>\n<p><strong>Gabapentin<\/strong>: Et mildt smertestillende middel som kan tas oralt 60 til 90 minutter f\u00f8r injeksjonen.<br \/>\nN\u00e5r det administreres riktig, vil dette bare midlertidig redusere ubehaget ved injeksjonen uten at katten din f\u00f8ler seg s\u00f8vnig eller bed\u00f8vet. <strong>Lidokainkrem<\/strong>: Denne kan sm\u00f8res p\u00e5 kattens hud 30 minutter f\u00f8r injeksjon med GS441 for \u00e5 dempe stikket.<br \/>\nBruk bare kremen uten aloe, da katter er ekstremt giftige for aloe.<br \/>\n<strong>Bark<\/strong> av glatt alm: Sirup laget av glatt almebark er en helt naturlig kur mot kvalme, oppkast og andre tilstander.<br \/>\n<strong>Denamarin<\/strong>: Kattens levertilskudd Denamarin Tabletter \u00f8ker antioksidantniv\u00e5et.<br \/>\n<strong>Silymarin (melketistel):<\/strong> Bruk dette naturlige kosttilskuddet, som er velkjent for sin evne til \u00e5 styrke og bevare leveren, for \u00e5 forbedre kattens leverhelse.       <u>Det anbefales at du ved behandling av FIP med GS411 gir katten din enten Denamarin eller Silymarin for \u00e5 gi maksimal st\u00f8tte til leveren.<\/u><\/p>\n<h2><strong>Ikke gi L-lysin til FIP-katter<\/strong><\/h2>\n<p>  Selv om L-lysin ofte brukes mot felint herpesvirus og som immunforsvarsforsterker, har ny forskning vist at det ikke har noen klare fordeler.<br \/>\nI tillegg b\u00f8r ikke FCoV+-katter, katter med risiko for \u00e5 utvikle FIP og katter med FIP ta L-lysin.   <\/p>\n<h2><strong>Moducare og immunforsvaret<\/strong><\/h2>\n<p>  Immunitet er n\u00f8kkelen.<br \/>\nDen beste beskyttelsen mot sykdom er et sterkt immunforsvar.<br \/>\nDet er avgj\u00f8rende \u00e5 bygge opp og opprettholde et sterkt immunforsvar.<br \/>\nN\u00e5r det er n\u00f8dvendig, hjelper Moducare til med \u00e5 justere immunsystemets respons.     <\/p>\n<h2><strong>Ern\u00e6ring for katter med FIP<\/strong><\/h2>\n<p>  Gi FIP til katter noen f\u00e5 sardiner, laks, sardiner eller annen omega-3-rik fisk \u00d8k inntaket av de betennelsesdempende omega-3-fettsyrene i kattens kosthold.<br \/>\nEkte fisk er tilgjengelig i hermetiske m\u00e5ltider fra Applaws og Almo Nature.<br \/>\nV\u00e6r imidlertid oppmerksom p\u00e5 risikoen for hypervitaminose A (for mye beinavleiring i leddene), og ta en ny vurdering etter 6 uker hvis du gir for mye ekte fisk.<br \/>\nHusk \u00e5 gi kattens foresatte instruksjoner om hvordan de gradvis kan bytte f\u00f4r over en periode p\u00e5 flere uker, ellers vil katten sluke det nye f\u00f4ret i noen dager f\u00f8r den blir lei av det og aldri r\u00f8rer det igjen!<br \/>\nGi et nytt f\u00f4r til ett m\u00e5ltid, g\u00e5 tilbake til kattens vanlige diett til de neste m\u00e5ltidene, gi en liten mengde av det nye f\u00f4ret en gang til, og s\u00e5 videre, og \u00f8k gradvis hyppigheten av det nye f\u00f4ret, helt til det blir en rutine for katten \u00e5 servere et nytt f\u00f4r til hvert m\u00e5ltid.<br \/>\nDet vil ta minst en m\u00e5ned \u00e5 introdusere nye m\u00e5ltider p\u00e5 en effektiv m\u00e5te.<br \/>\nR\u00e5kost som r\u00e5tt storfekj\u00f8tt er ogs\u00e5 fullt av n\u00e6ringsstoffer som katten trenger.<br \/>\nGi r\u00e5tt kj\u00f8tt (storfekj\u00f8tt er det beste) til hvert m\u00e5ltid.<br \/>\nDet inneholder mye betennelsesdempende egenskaper og styrker kattens immunforsvar.          <\/p>\n<h2><strong>Ekstra VITAMINER som kan gis til katter med FIP<\/strong><\/h2>\n<p>Vitamin A (<strong>valgfritt) <\/strong> Vitamin A er en antioksidant.<br \/>\nDet er ikke n\u00f8dvendig \u00e5 gi tilskudd av vitamin A til katter som f\u00e5r hyppige fiskem\u00e5ltider.<br \/>\nBetakaroten kan ikke omsettes av katter, s\u00e5 de m\u00e5 f\u00e5 A-vitamin i form av fisk eller fiskeolje, for eksempel kveiteleverolje.<br \/>\nDet er bedre \u00e5 inkludere ekte fisk i kostholdet enn bare tilskudd.<br \/>\nHypervitaminose A vil imidlertid f\u00f8re til at mye bein legger seg ned i leddene, og man b\u00f8r derfor unng\u00e5 \u00e5 bruke det konsekvent i mer enn 4-6 uker. <strong>B-vitaminkompleks (valgfritt) <\/strong> Multivitamin B er et godt appetittstimulerende middel, som f\u00e5s kj\u00f8pt p\u00e5 apotek eller i helsekostforretninger.<br \/>\nTiamin, et vitamin B1 (valgfritt &#8211; hvis du ikke gir B-kompleks) som gis oralt (dvs. gjennom munnen eller i maten). Vitamin C ( <strong>askorbinsyre) <\/strong> (valgfritt) Vitamin C er en antioksidant.<br \/>\nVitamin C b\u00f8r bare brukes i noen f\u00e5 uker fordi det kan f\u00f8re til oksalatkrystaller i urinen hvis det tas over lengre tid.<br \/>\nDose: 125 milligram administreres oralt eller gjennom maten to ganger daglig.<br \/>\nMed alt dette i bakhodet b\u00f8r katteeiere v\u00e6re mer \u00e5pne for ideen om \u00e5 gi kattene kosttilskudd for \u00e5 hjelpe dem gjennom FIP-behandlingsprosessen, ettersom disse ulike kosttilskuddene kan hjelpe kattens helse.<br \/>\nV\u00e6r imidlertid oppmerksom p\u00e5 at ikke alle kosttilskudd er helt risikofrie, da de kan ha ulike resultater avhengig av dosering og den enkelte kattens fysikk.<\/p>\n","protected":false},"excerpt":{"rendered":"<p>Det anbefales \u00e5 gi katten vitaminer og kosttilskudd for \u00e5 holde nyrene og leveren friske og sterke under behandlingen av FIP. Friske indre organer \u00f8ker kroppens evne til \u00e5 motst\u00e5 infeksjoner og komme seg etter sykdom. Det er for tiden ingen kjente bivirkninger n\u00e5r vitaminer og kosttilskudd for katter gis sammen med GS-441524 under FIP-behandlinger. [&hellip;]<\/p>\n","protected":false},"author":11,"featured_media":22645,"parent":0,"menu_order":0,"comment_status":"closed","ping_status":"closed","template":"","meta":{"_glsr_average":0,"_glsr_ranking":0,"_glsr_reviews":0,"footnotes":""},"categories":[855],"tags":[856,917],"_links":{"self":[{"href":"https:\/\/fipmed.co\/no\/wp-json\/wp\/v2\/pages\/22644"}],"collection":[{"href":"https:\/\/fipmed.co\/no\/wp-json\/wp\/v2\/pages"}],"about":[{"href":"https:\/\/fipmed.co\/no\/wp-json\/wp\/v2\/types\/page"}],"author":[{"embeddable":true,"href":"https:\/\/fipmed.co\/no\/wp-json\/wp\/v2\/users\/11"}],"replies":[{"embeddable":true,"href":"https:\/\/fipmed.co\/no\/wp-json\/wp\/v2\/comments?post=22644"}],"version-history":[{"count":0,"href":"https:\/\/fipmed.co\/no\/wp-json\/wp\/v2\/pages\/22644\/revisions"}],"wp:featuredmedia":[{"embeddable":true,"href":"https:\/\/fipmed.co\/no\/wp-json\/wp\/v2\/media\/22645"}],"wp:attachment":[{"href":"https:\/\/fipmed.co\/no\/wp-json\/wp\/v2\/media?parent=22644"}],"wp:term":[{"taxonomy":"category","embeddable":true,"href":"https:\/\/fipmed.co\/no\/wp-json\/wp\/v2\/categories?post=22644"},{"taxonomy":"post_tag","embeddable":true,"href":"https:\/\/fipmed.co\/no\/wp-json\/wp\/v2\/tags?post=22644"}],"curies":[{"name":"wp","href":"https:\/\/api.w.org\/{rel}","templated":true}]}}