{"id":22650,"date":"2022-11-25T09:19:05","date_gmt":"2022-11-25T09:19:05","guid":{"rendered":"https:\/\/fipmed.co\/personvernpolicy\/"},"modified":"2024-07-28T08:06:14","modified_gmt":"2024-07-28T08:06:14","slug":"personvernpolicy","status":"publish","type":"page","link":"https:\/\/fipmed.co\/no\/personvernpolicy\/","title":{"rendered":"Retningslinjer for personvern"},"content":{"rendered":"\t\t<div data-elementor-type=\"wp-page\" data-elementor-id=\"22650\" class=\"elementor elementor-22650 elementor-3\">\n\t\t\t\t\t\t<section class=\"elementor-section elementor-top-section elementor-element elementor-element-8b2513f elementor-section-boxed elementor-section-height-default elementor-section-height-default\" data-id=\"8b2513f\" data-element_type=\"section\">\n\t\t\t\t\t\t<div class=\"elementor-container elementor-column-gap-default\">\n\t\t\t\t\t<div class=\"elementor-column elementor-col-100 elementor-top-column elementor-element elementor-element-cb4fbe6\" data-id=\"cb4fbe6\" data-element_type=\"column\">\n\t\t\t<div class=\"elementor-widget-wrap elementor-element-populated\">\n\t\t\t\t\t\t<div class=\"elementor-element elementor-element-4603e09 elementor-widget elementor-widget-text-editor\" data-id=\"4603e09\" data-element_type=\"widget\" data-widget_type=\"text-editor.default\">\n\t\t\t\t<div class=\"elementor-widget-container\">\n\t\t\t\t\t\t\t\t\t<p class=\"p1\"><span class=\"s1\">Personvern er av stor betydning for FipMed.co, og vi \u00f8nsker \u00e5 v\u00e6re \u00e5pne og transparente med m\u00e5ten vi behandler personopplysningene dine p\u00e5.<br \/>\nVi er forpliktet til \u00e5 beskytte personvernet og sikkerheten til v\u00e5re kunder og bes\u00f8kende p\u00e5 nettstedet. <span class=\"Apple-converted-space\">  <\/span>Vi har derfor en policy som beskriver form\u00e5let med innsamlingen av personopplysningene dine, samt hvordan de skal behandles og beskyttes.<span class=\"Apple-converted-space\">  <\/span>Du vil ogs\u00e5 ha mulighet til \u00e5 overv\u00e5ke datainnsamlingsprosessen og styre hvilket niv\u00e5 av kommunikasjon du \u00f8nsker med oss.<\/span><\/p>\n<p class=\"p1\">\n<p class=\"p1\"><span class=\"s1\">&#8211; Opplysningene dine vil kun bli brukt til \u00e5 forbedre v\u00e5re tjenester til deg og din opplevelse hos oss<\/span><\/p>\n<p class=\"p1\"><span class=\"s1\">&#8211; Beskyttelsen av dataene dine mot uautorisert tilgang er v\u00e5r f\u00f8rsteprioritet, og dette inkluderer forebygging av uautorisert tilgang, redigering eller deling av data<\/span><\/p>\n<p class=\"p1\"><span class=\"s1\">&#8211; Vi forplikter oss til \u00e5 kommunisere all n\u00f8dvendig informasjon p\u00e5 en tydelig og kortfattet m\u00e5te<\/span><\/p>\n<p class=\"p1\"><span class=\"s1\">&#8211; Du har mulighet til \u00e5 bestemme hva og hvordan du vil h\u00f8re fra oss<\/span><\/p>\n<p class=\"p1\"><span class=\"s1\">&#8211; Alle personopplysninger som ikke er n\u00f8dvendige for v\u00e5re analyser, skal slettes for \u00e5 forhindre at overskuddsinformasjon lagres i systemet v\u00e5rt.<\/span><\/p>\n<\/p>\n<h3 class=\"p1\"><span class=\"s1\">Rettslig grunnlag for behandling<\/span><\/h3>\n<p class=\"p1\"><span class=\"s1\">Vi behandler personopplysningene dine av f\u00f8lgende grunner:<\/span><\/p>\n<p class=\"p1\"><span class=\"s1\">&#8211; Gjennomf\u00f8ring av kontrakter som du er part i<\/span><\/p>\n<p class=\"p1\"><span class=\"s1\">&#8211; Overholdelse av v\u00e5re juridiske forpliktelser<\/span><\/p>\n<p class=\"p1\"><span class=\"s1\">&#8211; Markedsf\u00f8ring og andre legitime interesser som forf\u00f8lges<\/span><\/p>\n<p class=\"p2\">\n<h3 class=\"p1\"><span class=\"s1\">Legitime interesser<\/span><\/h3>\n<p class=\"p1\"><span class=\"s1\">Disse inkluderer f\u00f8lgende:  <\/span><\/p>\n<p class=\"p1\"><span class=\"s1\">&#8211; Innsamling av personopplysninger for \u00e5 kunne gi deg en best mulig kundeopplevelse<\/span><\/p>\n<p class=\"p1\"><span class=\"s1\">&#8211; Operasjonelle krav som er n\u00f8dvendige for interne prosesser<\/span><\/p>\n<p class=\"p1\"><span class=\"s1\">&#8211; Oppfylle dine krav til v\u00e5re tjenester og produkter<\/span><\/p>\n<p class=\"p1\"><span class=\"s1\">&#8211; Forebygging av svindel<\/span><\/p>\n<p class=\"p1\"><span class=\"s1\">&#8211; Udelukkende for v\u00e5r egen interne markedsf\u00f8ring, forskning og produktutvikling<\/span><\/p>\n<p class=\"p2\">\n<h3 class=\"p1\"><span class=\"s1\">  Hvordan vi samler inn informasjon om deg  <\/span><\/h3>\n<p class=\"p1\"><span class=\"s1\">&#8211; Gjennom nettkj\u00f8p (n\u00e5r du legger inn en bestilling)  <\/span><\/p>\n<p class=\"p1\"><span class=\"s1\">&#8211; Via direkte markedsf\u00f8ring (n\u00e5r du registrerer deg for nyhetsbrevene v\u00e5re)<\/span><\/p>\n<p class=\"p1\"><span class=\"s1\">&#8211; N\u00e5r du registrerer deg for en FipMed.co-konto<\/span><\/p>\n<p class=\"p1\"><span class=\"s1\">&#8211; Via kommunikasjon gjennom v\u00e5r kundeservice<\/span><\/p>\n<p class=\"p1\"><span class=\"s1\">&#8211; Det kan ogs\u00e5 hende at informasjon om deg samles inn automatisk n\u00e5r du bes\u00f8ker nettstedet v\u00e5rt, blant annet informasjon om enhetene dine og nettlesing.<br \/>\nDenne informasjonen samles inn ved bruk av informasjonskapsler og lignende teknologier.   <\/span><\/p>\n<p class=\"p2\">\n<h3 class=\"p1\"><span class=\"s1\">Hvorfor vi bruker personopplysningene dine:<\/span><\/h3>\n<p class=\"p1\"><span class=\"s1\">&#8211; Behandling og levering av kj\u00f8pene dine<\/span><\/p>\n<p class=\"p1\"><span class=\"s1\">&#8211; Ta imot betalinger og foreta refusjoner<\/span><\/p>\n<p class=\"p1\"><span class=\"s1\">&#8211; Sende deg servicemeldinger via SMS, e-post eller p\u00e5 annen m\u00e5te<\/span><\/p>\n<p class=\"p1\"><span class=\"s1\">&#8211; Tilby kundeservice og support, h\u00e5ndtere returer og garantikrav<\/span><\/p>\n<p class=\"p1\"><span class=\"s1\">&#8211; Alle former for oppdagelse og forebygging av svindel<\/span><\/p>\n<p class=\"p1\"><span class=\"s1\">&#8211; Sikkerhet og beskyttelse av nettstedet v\u00e5rt<\/span><\/p>\n<p class=\"p1\"><span class=\"s1\">&#8211; Viser deg annonsene v\u00e5re mens du surfer p\u00e5 nettet<\/span><\/p>\n<p class=\"p1\"><span class=\"s1\">&#8211; \u00e5 gi deg informasjon om v\u00e5re produkter og tjenester, kampanjer, rabatter og nyheter i henhold til dine preferanser og \u00f8nsker<\/span><\/p>\n<p class=\"p1\"><span class=\"s1\">&#8211; Forbedring av nettstedet v\u00e5rt<\/span><\/p>\n<p class=\"p2\">\n<h3 class=\"p1\"><span class=\"s1\">Hvilke typer data vi samler inn<\/span><\/h3>\n<p class=\"p1\"><span class=\"s1\">&#8211; Identitet og kontaktinformasjon (e-postadresse, fornavn, etternavn, adresse, telefon)<\/span><\/p>\n<p class=\"p1\"><span class=\"s1\">&#8211; Finansiell informasjon og transaksjonsinformasjon (kredittkortopplysninger, detaljer om betalinger levert av tredjeparts betalingsbehandlere)<\/span><\/p>\n<p class=\"p1\"><span class=\"s1\">&#8211; Profilinformasjon (fornavn, etternavn, e-postadresse, passord og som ekstra ikke-obligatorisk brukerinformasjon: kj\u00f8nn, tidssone, f\u00f8dselsdato)<\/span><\/p>\n<p class=\"p1\"><span class=\"s1\">&#8211; Teknisk informasjon (IP-adresse (Internet Protocol), innloggingsdata, nettleserinformasjon, tidssone, spr\u00e5k, type og versjon av nettlesertillegg, operativsystem og annen teknologi p\u00e5 enhetene du bruker for \u00e5 f\u00e5 tilgang til FipMed.co-nettstedet eller mobilapplikasjonen)<\/span><\/p>\n<p class=\"p1\"><span class=\"s1\">&#8211; Markedsf\u00f8rings- og kommunikasjonsinformasjon (e-postadresse, fornavn, etternavn, kj\u00f8nn, tidssone, region, land, kj\u00f8psdato, IP-adresse, bestillingsdato, produkt kj\u00f8pt, abonnementskilde, spr\u00e5k, bestillings-ID, bruker-ID, abonnementsdato, siste endringsdato)<\/span><\/p>\n<p class=\"p2\">\n<h3 class=\"p1\"><span class=\"s1\">Hvor lenge vi oppbevarer personopplysningene dine<\/span><\/h3>\n<p class=\"p1\"><span class=\"s1\">Vi oppbevarer opplysningene dine s\u00e5 lenge du har kontoen din, eller s\u00e5 lenge det er n\u00f8dvendig for \u00e5 kunne levere tjenester til deg, inkludert produktgaranti som varer i opptil 10 \u00e5r, eller (n\u00e5r det gjelder kontakt du m\u00e5tte ha med v\u00e5rt kundeserviceteam) s\u00e5 lenge det er n\u00f8dvendig for \u00e5 kunne levere supportrelatert rapportering og trendanalyse.<\/span><\/p>\n<p class=\"p1\"><span class=\"s1\">Vi kan oppbevare noen av opplysningene dine, hvis loven krever det, selv etter at kontoen din er avsluttet og vi ikke lenger trenger \u00e5 levere noen tjenester til deg.<\/span><\/p>\n<p class=\"p1\"><span class=\"s1\">Data som brukes til direkte markedsf\u00f8ring, lagres til brukeren avslutter abonnementet eller blir inaktiv i mer enn ett \u00e5r.<\/span><\/p>\n<p class=\"p2\">\n<p class=\"p1\"><span class=\"s1\">Vi selger ikke og vil ikke selge noen av personopplysningene dine til noen tredjepart &#8211; inkludert navn, adresse, e-postadresse eller kredittkortinformasjon.<span class=\"Apple-converted-space\">  <\/span>Vi \u00f8nsker \u00e5 gj\u00f8re oss fortjent til og bevare din tillit, og vi mener at dette er helt avgj\u00f8rende for \u00e5 kunne gj\u00f8re det.<\/span><\/p>\n<p class=\"p1\"><span class=\"s1\">Vi deler imidlertid opplysningene dine med f\u00f8lgende kategorier av selskaper som en viktig del av det \u00e5 kunne levere tjenestene v\u00e5re til deg, som beskrevet i denne erkl\u00e6ringen:<\/span><\/p>\n<p class=\"p1\"><span class=\"s1\">&#8211; Tilknyttede selskaper og databehandlere basert p\u00e5 oppfyllelse av kj\u00f8psavtalen eller for \u00e5 utf\u00f8re interne prosesser og prosedyrer<\/span><\/p>\n<p class=\"p1\"><span class=\"s1\">&#8211; Selskaper som utsteder kredittkort, leverand\u00f8rer av betalingstjenester for \u00e5 behandle betalinger og banker, p\u00e5 grunnlag av bestillingen din, for \u00e5 oppfylle en kj\u00f8psavtale<\/span><\/p>\n<p class=\"p1\"><span class=\"s1\">&#8211; Transport\u00f8rer som leverer bestillingen eller tjenestene dine  <\/span><\/p>\n<p class=\"p1\"><span class=\"s1\">&#8211; Andre tjenesteleverand\u00f8rer og tredjeparter som er involvert i databehandling<\/span><\/p>\n<p class=\"p1\"><span class=\"s1\">&#8211; Tredjeparter, for eksempel politimyndigheter, andre offentlige etater og beslektede parter, hvis vi er lovp\u00e5lagt \u00e5 gj\u00f8re det<\/span><\/p>\n<\/p>\n<p class=\"p1\"><span class=\"s1\">Vi kan gi tredjeparter aggregert, men anonymisert informasjon og analyser om kundene v\u00e5re, og f\u00f8r vi gj\u00f8r det, vil vi s\u00f8rge for at den ikke kan identifisere deg.<\/span><\/p>\n<p class=\"p2\">\n<p class=\"p2\">\n<h3 class=\"p1\"><span class=\"s1\">Hvilke rettigheter har du?<\/span><\/h3>\n<p class=\"p1\"><span class=\"s1\">&#8211; Retten til \u00e5 f\u00e5 tilgang til personopplysningene vi har om deg.<span class=\"Apple-converted-space\">  <\/span>Du har til enhver tid rett til \u00e5 be om informasjon om personopplysningene vi har om deg.<br \/>\nN\u00e5r du kontakter oss, sender vi deg personopplysningene dine via e-post. <\/span><\/p>\n<p class=\"p1\"><span class=\"s1\">&#8211; Retten til portabilitet.<span class=\"Apple-converted-space\">  <\/span>Du har rett til \u00e5 f\u00e5 en kopi av opplysningene dine i et strukturert, alminnelig anvendt og maskinlesbart format overf\u00f8rt til deg eller til en annen part.<span class=\"Apple-converted-space\">  <\/span>Dette omfatter kun de personopplysningene du har sendt inn til oss.<span class=\"Apple-converted-space\">  <\/span>Du har ogs\u00e5 rett til \u00e5 be om at vi overf\u00f8rer eller porterer deler av opplysningene dine enten til deg eller til en annen tjenesteleverand\u00f8r.<\/span><\/p>\n<p class=\"p1\"><span class=\"s1\">&#8211; Retten til korrigering.<span class=\"Apple-converted-space\">  <\/span>Du har rett til \u00e5 be om retting av personopplysningene dine hvis de er uriktige, inkludert retten til \u00e5 f\u00e5 ufullstendige personopplysninger utfylt.<\/span><\/p>\n<p class=\"p1\"><span class=\"s1\">&#8211; Retten til sletting.<span class=\"Apple-converted-space\">  <\/span>Du har rett til \u00e5 be om at vi n\u00e5r som helst sletter, slutter \u00e5 behandle eller samle inn personopplysninger<\/span><\/p>\n<p class=\"p1\"><span class=\"s1\">&#8211; Retten til \u00e5 protestere mot behandling av personopplysninger som er basert p\u00e5 berettiget interesse.<span class=\"Apple-converted-space\">  <\/span>P\u00e5 din foresp\u00f8rsel vil FipMed.co ikke fortsette \u00e5 behandle personopplysningene dine med mindre vi kan p\u00e5vise en legitim grunn for \u00e5 gj\u00f8re noe annet, som g\u00e5r foran dine interesser og rettigheter, eller p\u00e5 grunn av juridiske forpliktelser eller krav.<\/span><\/p>\n<p class=\"p1\"><span class=\"s1\">&#8211; Retten til \u00e5 protestere mot direkte markedsf\u00f8ring.<span class=\"Apple-converted-space\">  <\/span>Du har rett til \u00e5 protestere mot direkte markedsf\u00f8ring, inkludert profilanalyser som gj\u00f8res for direkte markedsf\u00f8ringsform\u00e5l.<\/span><\/p>\n<p class=\"p1\"><span class=\"s1\">Som kunde eller bes\u00f8kende p\u00e5 nettstedet v\u00e5rt har du rett til fullstendig informasjon om innsamling og behandling av personopplysningene dine.<span class=\"Apple-converted-space\">  <\/span>Hvis du \u00f8nsker \u00e5 ut\u00f8ve rettighetene dine, trenger hjelp, har en klage eller bare har sp\u00f8rsm\u00e5l, m\u00e5 du ikke n\u00f8le med \u00e5 ta kontakt med oss.<\/span><\/p>\n<p class=\"p2\">\n<h3 class=\"p1\"><span class=\"s1\">Om informasjonskapsler<\/span><\/h3>\n<p class=\"p1\"><span class=\"s1\">Informasjonskapsler er sm\u00e5 tekstfiler som sendes fra et nettsted og lagres i brukerens nettleser mens brukeren surfer p\u00e5 et nettsted.<span class=\"Apple-converted-space\">  <\/span>N\u00e5r brukeren bes\u00f8ker det samme nettstedet i fremtiden, kan dataene som er lagret i informasjonskapselen, hentes av nettstedet for \u00e5 varsle nettstedet om brukerens tidligere aktivitet, og dermed skille brukeren fra andre som bruker nettstedet.<\/span><\/p>\n<p class=\"p2\">\n<p class=\"p1\"><span class=\"s1\">Vi bruker informasjonskapsler for \u00e5 hjelpe deg med \u00e5 navigere effektivt p\u00e5 nettstedet v\u00e5rt og for \u00e5 utf\u00f8re visse funksjoner, blant annet for \u00e5 analysere trafikken p\u00e5 nettstedet.<br \/>\nInformasjonskapsler kan ogs\u00e5 gjenkjenne deg ved neste innlogging og tilby deg innhold som er skreddersydd til dine preferanser og interesser. <\/span><\/p>\n<p class=\"p1\"><span class=\"s1\">Vi kan lagre informasjonskapsler p\u00e5 enheten din hvis de er strengt n\u00f8dvendige for driften av dette nettstedet.<br \/>\nFor alle andre typer informasjonskapsler trenger vi din tillatelse.<br \/>\nDette nettstedet bruker ulike typer informasjonskapsler.<br \/>\nNoen informasjonskapsler plasseres av tredjepartstjenester som vises p\u00e5 sidene v\u00e5re.<br \/>\nDu kan n\u00e5r som helst endre eller trekke tilbake samtykket ditt fra *Cookie Manager p\u00e5 nettstedet v\u00e5rt.    <\/span><\/p>\n<p class=\"p2\">\n<p class=\"p1\"><span class=\"s1\">Typer informasjonskapsler vi bruker:<\/span><\/p>\n<p class=\"p1\"><span class=\"s1\">&#8211; N\u00f8dvendige informasjonskapsler bidrar til \u00e5 gj\u00f8re et nettsted brukbart ved \u00e5 muliggj\u00f8re grunnleggende funksjoner som sidenavigering og tilgang til sikre omr\u00e5der p\u00e5 nettstedet.<br \/>\nNettstedet kan ikke fungere ordentlig uten disse informasjonskapslene. <\/span><\/p>\n<p class=\"p1\"><span class=\"s1\">&#8211; Med informasjonskapsler for preferanser kan et nettsted huske informasjon som endrer hvordan nettstedet oppf\u00f8rer seg eller ser ut, for eksempel hvilket spr\u00e5k du foretrekker eller hvilken region du befinner deg i.<\/span><\/p>\n<p class=\"p1\"><span class=\"s1\">&#8211; Statistikkinformasjonskapsler hjelper nettstedseiere med \u00e5 forst\u00e5 hvordan bes\u00f8kende samhandler med nettsteder ved \u00e5 samle inn og rapportere informasjon anonymt.<\/span><\/p>\n<p class=\"p1\"><span class=\"s1\">&#8211; Informasjonskapsler for markedsf\u00f8ring brukes til \u00e5 spore bes\u00f8kende p\u00e5 tvers av nettsteder.<br \/>\nHensikten er \u00e5 vise annonser som er relevante og engasjerende for den enkelte bruker, og dermed mer verdifulle for utgivere og tredjepartsannons\u00f8rer. <\/span><\/p>\n\t\t\t\t\t\t\t\t<\/div>\n\t\t\t\t<\/div>\n\t\t\t\t\t<\/div>\n\t\t<\/div>\n\t\t\t\t\t<\/div>\n\t\t<\/section>\n\t\t\t\t<\/div>\n\t\t","protected":false},"excerpt":{"rendered":"<p>Personvern er av stor betydning for FipMed.co, og vi \u00f8nsker \u00e5 v\u00e6re \u00e5pne og transparente med m\u00e5ten vi behandler personopplysningene dine p\u00e5. Vi er forpliktet til \u00e5 beskytte personvernet og sikkerheten til v\u00e5re kunder og bes\u00f8kende p\u00e5 nettstedet. Vi har derfor en policy som beskriver form\u00e5let med innsamlingen av personopplysningene dine, samt hvordan de skal [&hellip;]<\/p>\n","protected":false},"author":1,"featured_media":0,"parent":0,"menu_order":0,"comment_status":"closed","ping_status":"open","template":"","meta":{"_glsr_average":0,"_glsr_ranking":0,"_glsr_reviews":0,"footnotes":""},"categories":[],"tags":[],"_links":{"self":[{"href":"https:\/\/fipmed.co\/no\/wp-json\/wp\/v2\/pages\/22650"}],"collection":[{"href":"https:\/\/fipmed.co\/no\/wp-json\/wp\/v2\/pages"}],"about":[{"href":"https:\/\/fipmed.co\/no\/wp-json\/wp\/v2\/types\/page"}],"author":[{"embeddable":true,"href":"https:\/\/fipmed.co\/no\/wp-json\/wp\/v2\/users\/1"}],"replies":[{"embeddable":true,"href":"https:\/\/fipmed.co\/no\/wp-json\/wp\/v2\/comments?post=22650"}],"version-history":[{"count":1,"href":"https:\/\/fipmed.co\/no\/wp-json\/wp\/v2\/pages\/22650\/revisions"}],"predecessor-version":[{"id":22651,"href":"https:\/\/fipmed.co\/no\/wp-json\/wp\/v2\/pages\/22650\/revisions\/22651"}],"wp:attachment":[{"href":"https:\/\/fipmed.co\/no\/wp-json\/wp\/v2\/media?parent=22650"}],"wp:term":[{"taxonomy":"category","embeddable":true,"href":"https:\/\/fipmed.co\/no\/wp-json\/wp\/v2\/categories?post=22650"},{"taxonomy":"post_tag","embeddable":true,"href":"https:\/\/fipmed.co\/no\/wp-json\/wp\/v2\/tags?post=22650"}],"curies":[{"name":"wp","href":"https:\/\/api.w.org\/{rel}","templated":true}]}}