{"id":22668,"date":"2024-03-25T06:20:25","date_gmt":"2024-03-25T06:20:25","guid":{"rendered":"https:\/\/fipmed.co\/bor-jeg-starte-behandling-av-fip-katter-uten-bekreftet-konklusiv-diagnose\/"},"modified":"2024-03-25T06:20:25","modified_gmt":"2024-03-25T06:20:25","slug":"bor-jeg-starte-behandling-av-fip-katter-uten-bekreftet-konklusiv-diagnose","status":"publish","type":"page","link":"https:\/\/fipmed.co\/no\/bor-jeg-starte-behandling-av-fip-katter-uten-bekreftet-konklusiv-diagnose\/","title":{"rendered":"B\u00f8r jeg starte behandling av FIP-katter uten at diagnosen er bekreftet?"},"content":{"rendered":"<p>B\u00f8r jeg starte behandling av FIP-katter uten en bekreftet diagnose?<br \/>\nDet korte svaret er ja.<br \/>\nMen du m\u00e5 alltid fortsette \u00e5 s\u00f8ke etter en bekreftet diagnose selv om du har startet behandlingen.<br \/>\nDette er fordi vi ikke \u00f8nsker \u00e5 kaste bort tid, men \u00e5 f\u00e5 vite hva som er den faktiske sykdommen s\u00e5 snart som mulig.    FIP eller Felin infeksi\u00f8s peritonitt er en utrolig vanskelig sykdom \u00e5 diagnostisere.<br \/>\nEttersom det ikke finnes \u00e9n spesifikk test for sykdommen, m\u00e5 veterin\u00e6rer stole p\u00e5 flere indikatorer for \u00e5 vurdere om en katt reagerer p\u00e5 et FCov-angrep i kroppen.<br \/>\nIngen FIP-diagnose er 100 % sikker.<br \/>\nDette er fordi FIP deler for mange symptomer med andre sykdommer, og \u00e9n indikator betyr ikke at katten har FIP.<br \/>\nJo flere indikatorer i blodpr\u00f8ver, effusjonstester, antistofftester og s\u00e5 videre, jo sikrere vil veterin\u00e6ren kunne avgj\u00f8re om det er FIP.<br \/>\nDet er derfor bra for veterin\u00e6ren \u00e5 behandle FIP hvis han er 50 % sikker p\u00e5 at det er FIP, og under behandlingen fortsette \u00e5 ta andre tester for \u00e5 utelukke andre sykdommer.<br \/>\nDette er fordi GS441524 ikke for\u00e5rsaker alvorlige bivirkninger.        <\/p>\n<h1><\/h1>\n<h1><strong>Diagnostiske utfordringer og begrensninger<\/strong><\/h1>\n<p><strong> <\/strong><\/p>\n<p><strong>Falske positive og negative<\/strong> resultater Falske positive og falske negative resultater kan forekomme med FIP-tester.<br \/>\nEn falsk positiv test oppst\u00e5r n\u00e5r en test indikerer at en katt har viruset, selv om den egentlig ikke har det.<br \/>\nDette kan f\u00f8re til feildiagnostisering eller uhensiktsmessige behandlingsprotokoller for katter som faktisk ikke er smittet med viruset.<br \/>\nEt falskt negativt resultat oppst\u00e5r n\u00e5r testen feilaktig sier at det ikke finnes bevis for viruset i pr\u00f8ven, noe som ogs\u00e5 kan f\u00f8re til forsinket eller utilstrekkelig behandling for katter som faktisk er smittet med FIP.<br \/>\nI noen tilfeller kan feilaktige resultater skyldes d\u00e5rlig kvalitet p\u00e5 pr\u00f8vene.<br \/>\nDet nytter for eksempel ikke hvis vev eller blod som brukes til testing, har blitt behandlet feil under innsamling og transport.<br \/>\nDet er derfor utrolig viktig \u00e5 ta og oppbevare pr\u00f8vene n\u00f8ye s\u00e5 snart de er tatt fra et dyr som skal testes for FIP.        &nbsp;<\/p>\n<h1><strong>Hva hvis du ikke kan stille diagnosen?<br \/>\nStart behandling av FIP-katter for \u00e5 stille diagnosen. <\/strong><\/h1>\n<p>  &laquo;Behandle for \u00e5 diagnostisere&raquo;-metoden brukes noen ganger i veterin\u00e6rmedisinen, ogs\u00e5 for katter, under spesielle omstendigheter.<br \/>\nDenne tiln\u00e6rmingen inneb\u00e6rer at man pr\u00f8ver ut en terapeutisk behandling for \u00e5 se om pasienten responderer positivt f\u00f8r man stiller en endelig diagnose.<br \/>\nSelv om den har sine begrensninger, kan den v\u00e6re fordelaktig i visse situasjoner: &nbsp;<strong>Raskt progredierende tilstander<\/strong> I tilfeller der en katt har alvorlige eller raskt progredierende symptomer, er det ikke alltid hensiktsmessig \u00e5 vente p\u00e5 omfattende diagnostiske tester for \u00e5 bekrefte en spesifikk sykdom.<br \/>\nDet kan v\u00e6re avgj\u00f8rende \u00e5 sette i gang behandling raskt, spesielt hvis det \u00e5 utsette behandlingen kan f\u00f8re til en forverring av tilstanden. &nbsp;<strong>Begrensede ressurser eller begrenset tilgang til diagnostiske verkt\u00f8y<\/strong> I noen situasjoner kan veterin\u00e6rmilj\u00f8er ha begrensninger n\u00e5r det gjelder tilgjengelige diagnostiske verkt\u00f8y, for eksempel spesialiserte avbildnings- eller laboratorietester.<br \/>\nDet kan v\u00e6re en pragmatisk tiln\u00e6rming \u00e5 starte behandling i p\u00e5vente av resultater fra mer omfattende diagnostiske fasiliteter. &nbsp;<strong>Diagnostisk tvetydighet<\/strong> N\u00e5r kattens symptomer er tvetydige, og det er usikkerhet om den underliggende \u00e5rsaken, kan man sette i gang et behandlingsfors\u00f8k for \u00e5 observere responsen.<br \/>\nHvis katten blir bedre av behandlingen, kan det gi verdifull informasjon om den potensielle \u00e5rsaken til symptomene. &nbsp;<strong>Begrensninger hos klienten<\/strong> Noen katteeiere kan ha \u00f8konomiske begrensninger som gj\u00f8r at de ikke har mulighet til \u00e5 gjennomf\u00f8re en omfattende diagnostisk utredning.<br \/>\nI slike situasjoner kan det v\u00e6re et mer gjennomf\u00f8rbart alternativ \u00e5 starte behandling, spesielt hvis behandlingen er relativt risikofri og har en rimelig sjanse for \u00e5 lykkes.        &nbsp;<\/p>\n<h1><strong>Faktorer og parametere som avgj\u00f8r hva som skal behandles<\/strong><\/h1>\n<p>  N\u00e5r en veterin\u00e6r st\u00e5r overfor en katt med vage symptomer eller flere mulige sykdommer, bruker de en systematisk tiln\u00e6rming for \u00e5 avgrense mulige diagnoser og finne en passende fremgangsm\u00e5te.<br \/>\nBeslutningsprosessen inneb\u00e6rer \u00e5 vurdere ulike faktorer og parametere som disse. &nbsp;<strong>Alder og rase:<\/strong> Enkelte sykdommer er mer utbredt i bestemte aldersgrupper eller raser.<br \/>\n\u00c5 kjenne kattens alder og rase kan hjelpe veterin\u00e6ren med \u00e5 prioritere eller utelukke visse tilstander.<br \/>\n<strong>Vaksinasjonshistorikk<\/strong>: Kattens vaksinasjonshistorikk kan gi ledetr\u00e5der om sannsynligheten for visse infeksjonssykdommer.<br \/>\n<strong>M\u00f8nster og varighet av symptomer:<\/strong> Forst\u00e5else av symptomenes m\u00f8nster og varighet hjelper til med \u00e5 kategorisere sykdommer som akutte eller kroniske og kan veilede den diagnostiske prosessen.<br \/>\n<strong>Alvorlighetsgrad av symptomer:<\/strong> Alvorlighetsgraden av de kliniske tegnene kan gi innsikt i hvor mye det haster \u00e5 gripe inn og den potensielle innvirkningen p\u00e5 kattens generelle velv\u00e6re.<br \/>\n<strong>Diagnostiske tester:<\/strong> Resultatene av de innledende FIP-testene som er utf\u00f8rt.<br \/>\n<strong>Innledende screeningtester:<\/strong> Grunnleggende FIP-tester, som en fullstendig blodtelling (CBC) og serumbiokjemi, kan gi verdifull informasjon om kattens generelle helse og kan avdekke abnormiteter som indikerer spesifikke sykdommer.<br \/>\n<strong>Spesialiserte tester:<\/strong> Avhengig av de mistenkte sykdommene kan mer spesialiserte tester som r\u00f8ntgenunders\u00f8kelser, ultralyd, PCR-tester og antistofftitere anbefales.<br \/>\n<strong>Overv\u00e5king av respons:<\/strong> Det er viktig \u00e5 f\u00f8lge n\u00f8ye med p\u00e5 kattens respons p\u00e5 behandlingen.<br \/>\nHvis det er bedring, kan veterin\u00e6ren fortsette behandlingen eller endre den basert p\u00e5 den observerte responsen. <strong>Sikkerhet ved behandlingen:<\/strong> Sikkerhetsprofilen til den valgte behandlingen vurderes.<br \/>\nBehandlinger med lav risiko eller intervensjoner med h\u00f8y sannsynlighet for nytte kan v\u00e6re \u00e5 foretrekke, spesielt hvis det er vanskelig \u00e5 stille en endelig diagnose umiddelbart. <strong>\u00d8konomiske overveielser:<\/strong> Katteeierens \u00f8konomiske begrensninger kan p\u00e5virke den diagnostiske tiln\u00e6rmingen.<br \/>\nVeterin\u00e6rer og eiere kan i samarbeid bestemme seg for en trinnvis diagnostisk plan basert p\u00e5 prioriteringer.              &nbsp;  Det er viktig \u00e5 merke seg at &laquo;behandle for \u00e5 diagnostisere&raquo;-tiln\u00e6rmingen og \u00e5 starte behandling av FIP-katter har sine ulemper.<br \/>\nUten en bekreftet diagnose er det en risiko for uhensiktsmessig eller ineffektiv behandling.<br \/>\nI tillegg kan det forsinke identifiseringen av underliggende tilstander som krever spesifikke tiltak.<br \/>\nVeterin\u00e6rer m\u00e5 n\u00f8ye veie de potensielle fordelene og risikoene f\u00f8r de velger denne tiln\u00e6rmingen, og det er viktig \u00e5 f\u00f8lge n\u00f8ye med p\u00e5 kattens respons p\u00e5 behandlingen for \u00e5 kunne veilede den videre diagnostiske innsatsen.<br \/>\nDet er viktig at veterin\u00e6rer kommuniserer \u00e5pent med dyreeiere om rasjonalet bak denne metoden og behovet for kontinuerlig diagnostikk for \u00e5 sikre best mulig omsorg for katten.<\/p>\n","protected":false},"excerpt":{"rendered":"<p>B\u00f8r jeg starte behandling av FIP-katter uten en bekreftet diagnose? Det korte svaret er ja. Men du m\u00e5 alltid fortsette \u00e5 s\u00f8ke etter en bekreftet diagnose selv om du har startet behandlingen. Dette er fordi vi ikke \u00f8nsker \u00e5 kaste bort tid, men \u00e5 f\u00e5 vite hva som er den faktiske sykdommen s\u00e5 snart som [&hellip;]<\/p>\n","protected":false},"author":1,"featured_media":22669,"parent":0,"menu_order":0,"comment_status":"closed","ping_status":"closed","template":"","meta":{"_glsr_average":0,"_glsr_ranking":0,"_glsr_reviews":0,"footnotes":""},"categories":[863],"tags":[],"_links":{"self":[{"href":"https:\/\/fipmed.co\/no\/wp-json\/wp\/v2\/pages\/22668"}],"collection":[{"href":"https:\/\/fipmed.co\/no\/wp-json\/wp\/v2\/pages"}],"about":[{"href":"https:\/\/fipmed.co\/no\/wp-json\/wp\/v2\/types\/page"}],"author":[{"embeddable":true,"href":"https:\/\/fipmed.co\/no\/wp-json\/wp\/v2\/users\/1"}],"replies":[{"embeddable":true,"href":"https:\/\/fipmed.co\/no\/wp-json\/wp\/v2\/comments?post=22668"}],"version-history":[{"count":0,"href":"https:\/\/fipmed.co\/no\/wp-json\/wp\/v2\/pages\/22668\/revisions"}],"wp:featuredmedia":[{"embeddable":true,"href":"https:\/\/fipmed.co\/no\/wp-json\/wp\/v2\/media\/22669"}],"wp:attachment":[{"href":"https:\/\/fipmed.co\/no\/wp-json\/wp\/v2\/media?parent=22668"}],"wp:term":[{"taxonomy":"category","embeddable":true,"href":"https:\/\/fipmed.co\/no\/wp-json\/wp\/v2\/categories?post=22668"},{"taxonomy":"post_tag","embeddable":true,"href":"https:\/\/fipmed.co\/no\/wp-json\/wp\/v2\/tags?post=22668"}],"curies":[{"name":"wp","href":"https:\/\/api.w.org\/{rel}","templated":true}]}}