{"id":22676,"date":"2024-03-25T07:02:30","date_gmt":"2024-03-25T07:02:30","guid":{"rendered":"https:\/\/fipmed.co\/stadier-av-fip-og-symptomer-basert-pal-stadier-av-fip\/"},"modified":"2024-03-25T07:02:30","modified_gmt":"2024-03-25T07:02:30","slug":"stadier-av-fip-og-symptomer-basert-pal-stadier-av-fip","status":"publish","type":"page","link":"https:\/\/fipmed.co\/no\/stadier-av-fip-og-symptomer-basert-pal-stadier-av-fip\/","title":{"rendered":"Stadier av FIP og symptomer basert p\u00e5 stadier av FIP"},"content":{"rendered":"<p>Det er fire forskjellige stadier av FIP ved en infeksjon med dette viruset: innledende eksponering og inkubasjon, prim\u00e6r viremi, sekund\u00e6r viremi og klinisk FIP.  &nbsp;<\/p>\n<h1><strong>FIP-stadiet: F\u00f8rste eksponering og inkubasjon<\/strong><\/h1>\n<p>  Felint koronavirus (FCoV) finnes i mange milj\u00f8er, s\u00e5 det er sv\u00e6rt sannsynlig at katter blir eksponert for det p\u00e5 et eller annet tidspunkt i l\u00f8pet av livet.<br \/>\nDenne f\u00f8rste infeksjonen er vanligvis godartet, men dessverre er det en risiko for at viruset kan mutere og for\u00e5rsake FIP hos noen katter.<br \/>\nInkubasjonstiden for denne mutasjonen kan variere fra noen uker til flere \u00e5r, men katter har st\u00f8rst risiko for \u00e5 utvikle klinisk FIP i l\u00f8pet av de f\u00f8rste seks ukene etter at de f\u00f8rst har blitt smittet med viruset.<br \/>\nFors\u00f8k har konkludert med at s\u00e5 lite som seks uker kan v\u00e6re nok til at en smittet katt utvikler full sykdom.<br \/>\nI l\u00f8pet av den f\u00f8rste eksponerings- og inkubasjonsperioden er det viktig \u00e5 merke seg at infiserte katter skiller ut uvanlig mange viruspartikler, noe som raskt kan f\u00f8re til at andre kj\u00e6ledyr i huset ogs\u00e5 blir smittet.      &nbsp;<\/p>\n<h1><strong>Stadium av FIP: <\/strong>Prim\u00e6r vir\u00e6mi<\/h1>\n<p>  Prim\u00e6r viremi er det stadiet under en infeksjon med Feline Infectious Peritonitis (FIP)-virus, der kattens immunsystem begynner \u00e5 reagere p\u00e5 den fremmede inntrengeren.<br \/>\nI dette stadiet kan man finne h\u00f8ye niv\u00e5er av FCoV i blodet.<br \/>\nDette markerer starten p\u00e5 en kamp mellom kattens kropp og viruset, og markerer ogs\u00e5 n\u00e5r det er mer sannsynlig at mutasjoner oppst\u00e5r p\u00e5 grunn av redusert resistens.<br \/>\nKatter med prim\u00e6r viremi viser en forsterket respons fra immunforsvaret, som gj\u00f8r sitt ytterste for \u00e5 beskytte dem mot eventuelle skader for\u00e5rsaket av patogenet som kommer inn i kroppen.<br \/>\nNoen katter vil v\u00e6re i stand til \u00e5 kvitte seg med viruset ved hjelp av en sterk immunrespons.      &nbsp;<\/p>\n<h1><strong>Stadium av FIP: <\/strong><strong>Sekund\u00e6r vir\u00e6mi<\/strong><\/h1>\n<p>  Sekund\u00e6r viremi refererer til et etterf\u00f8lgende stadium som rammer katter som ikke var i stand til \u00e5 bekjempe viruset under det prim\u00e6re stadiet.<br \/>\nI dette stadiet har viruset invadert benmargen og andre vev.<br \/>\nViruset kan da forbli i en passiv tilstand i benmargen i ganske lang tid.<br \/>\nMen i tillegg begynner FIPV-niv\u00e5ene i blodet \u00e5 \u00f8ke og n\u00e5r til slutt et punkt der katten ikke lenger er i stand til \u00e5 holde det under kontroll.<br \/>\nDessverre har mange systemiske betennelsesprosesser allerede satt i gang p\u00e5 dette tidspunktet, ettersom FIPV har tatt tak i vitale organer og vev.<br \/>\nSom navnet antyder, begynner viruset \u00e5 spre seg til andre organer under sekund\u00e6r viremi, noe som f\u00f8rer til mer alvorlige tegn som raskt kan bli livstruende hvis det ikke behandles raskt.<br \/>\nAlvorlighetsgraden av den prim\u00e6re immunresponsen, eller hvor godt kattens kropp er i stand til \u00e5 kontrollere infeksjonen, spiller en viktig rolle n\u00e5r det gjelder \u00e5 avgj\u00f8re p\u00e5 hvilket niv\u00e5 viruset vil begynne \u00e5 spre seg utover bare ett organsystem.<br \/>\nI denne avgj\u00f8rende perioden kan katter oppleve vedvarende feber (over 39 \u00b0C), nedsatt appetitt og en generell forverring av tilstanden p\u00e5 grunn av et sviktende immunforsvar som pr\u00f8ver hardt \u00e5 kontrollere de muterte virusene, men som ikke klarer det, slik at de er avhengige av behandlingsplaner med antivirale midler og andre medisiner.         &nbsp;<\/p>\n<h1><strong>Stadium av FIP: <\/strong><strong>Klinisk FIP<\/strong><\/h1>\n<p>  I det kliniske stadiet av FIP er kattene ikke lenger i stand til \u00e5 holde viruset i sjakk.<br \/>\nDette skyldes delvis en endring i et av proteinene som finnes i noen typer FCoV, kalt FIPV.<br \/>\nFIPV for\u00e5rsaker vaskulitt, som er betennelse og hevelse rundt en gruppe celler eller organer.<br \/>\nI dette stadiet kan det ogs\u00e5 oppst\u00e5 v\u00e6skeansamling i kroppens hulrom, noe som f\u00f8rer til v\u00e6skeansamling og overtrykk p\u00e5 vitale organer.<br \/>\nKatter med FIP kan vise symptomer som vekttap, feber, dehydrering, oppsvulmet mage eller hodeomr\u00e5de og pustevansker p\u00e5 grunn av overbelastning i brystet.<br \/>\n\u00d8deleggelser fra infeksjoner i vitale organer vil begynne p\u00e5 dette tidspunktet, noe som potensielt kan f\u00f8re til organsvikt.<br \/>\nDette manifesterer seg vanligvis senere som nyresykdom eller nevrologisk skade for\u00e5rsaket av betennelse i hjernevevet.        &nbsp;<\/p>\n<h1><strong>Stadium av FIP: <\/strong><strong>Organskade <\/strong> <\/h1>\n<p>  Dette er det siste stadiet av FIP, der betennelsen allerede har for\u00e5rsaket organskader og katten f\u00e5r andre problemer i etterkant.<br \/>\nNoen av organene som ofte rammes inkluderer <strong>Abdominale organer:<\/strong> FIP resulterer ofte i dannelse av granulomer (sm\u00e5 knuter av betennelsesvev) i bukorganene, som lever, milt og nyrer.<br \/>\nDette kan f\u00f8re til dysfunksjon og svikt i disse organene. <strong>Nyrene:<\/strong> Nyrene kan p\u00e5virkes av granulomat\u00f8se lesjoner, noe som kan f\u00f8re til nyresvikt. <strong>Sentralnervesystemet (CNS):<\/strong> FIP kan for\u00e5rsake nevrologiske symptomer n\u00e5r det p\u00e5virker CNS.<br \/>\nKatter med nevrologisk FIP kan vise atferdsendringer, kramper og problemer med \u00e5 g\u00e5. <strong>\u00d8yne<\/strong>: Det er vanlig at FIP p\u00e5virker \u00f8yet, noe som f\u00f8rer til betennelse, uklarhet og noen ganger blindhet.<br \/>\nDette er kjent som okul\u00e6r eller t\u00f8rr FIP. <strong>Det kardiovaskul\u00e6re systemet:<\/strong> I noen tilfeller kan FIP p\u00e5virke hjerte og blod\u00e5rer, noe som kan f\u00f8re til kardiovaskul\u00e6re problemer.<br \/>\nDisse kontinuerlige forverringene hos katten vil til slutt f\u00f8re til lammelser og til slutt d\u00f8den.       &nbsp;<\/p>\n<p>&nbsp;<\/p>\n<h1><strong>Symptomer basert p\u00e5 stadier av FIP<\/strong><\/h1>\n<h2><strong>Tegn i tidlige stadier av FIP<\/strong><strong> <\/strong><\/h2>\n<p>  Katter kan tidlig vise uspesifikke symptomer, som atferdsendringer, vekttap og appetittl\u00f8shet, samt svingende feber.  <strong> <\/strong><\/p>\n<p><strong>Uspesifikke symptomer<\/strong> FIP har en lang rekke uspesifikke symptomer som lett kan forveksles med andre sykdommer.<br \/>\nDe f\u00f8rste tegnene er vanligvis vage og inkluderer slapphet, sl\u00f8vhet, nedsatt appetitt, vekttap og svingende feber.<br \/>\nI noen tilfeller vil katter vise atferdsendringer som f\u00f8lger med disse fysiske symptomene.<br \/>\nDet er viktig \u00e5 v\u00e6re oppmerksom p\u00e5 sm\u00e5 endringer i kattens helseregime, for eksempel \u00f8kt eller redusert energiniv\u00e5, da dette kan v\u00e6re det f\u00f8rste tegnet p\u00e5 FIP.<br \/>\nTil tross for at det er s\u00e5 vanlig hos katter, gj\u00f8r den subtile \u00e5rsaken det vanskelig \u00e5 oppdage i de innledende stadiene, med mindre du f\u00f8lger n\u00f8ye med p\u00e5 ytterligere tegn som anoreksi eller pica (en tilstand der katten spiser ting den ikke burde spise), som ofte ses i forbindelse med FIP-infeksjon.<br \/>\nSvingende feber kan ogs\u00e5 bety at det er noe galt med katten din, s\u00e5 v\u00e6r oppmerksom p\u00e5 store temperaturendringer n\u00e5r du ser til katten din med jevne mellomrom i l\u00f8pet av dagen, for eksempel dokumentert feber som varer over 24 timer til tross for behandling gitt av veterin\u00e6r. &nbsp;<strong>Diar\u00e9<\/strong> N\u00e5r katten f\u00f8rst f\u00e5r Felint koronavirus (FCoV), infiserer det tynntarmen og for\u00e5rsaker noen ganger diar\u00e9.<br \/>\nViruset skilles ut i avf\u00f8ringen fra s\u00e5 tidlig som to dager etter infeksjonen og deretter i noen uker til m\u00e5neder.<br \/>\nFra tarmen g\u00e5r viruset over i blodbanen, noe som resulterer i FIP hos noen uheldige katter, men de fleste katter f\u00e5r en vellykket immunrespons og blir kvitt viruset &#8211; og fortsetter \u00e5 leve et helt friskt og normalt liv.<br \/>\nF\u00f8rstegangsinfeksjon med FCoV i alle aldre, ikke bare hos kattunger, kan for\u00e5rsake diar\u00e9, og alvorlighetsgraden kan variere fra mild, via kronisk, til alvorlig og livstruende.<br \/>\nViruset skader f\u00f8rst tynntarmens slimhinne.<br \/>\nDessverre kan FCoV hos noen katter skade tynntarmen ganske alvorlig, noe som f\u00f8rer til en permanent tendens til oppkast eller diar\u00e9 og det som kalles &laquo;malabsorpsjonssyndrom&raquo;, der den syke katten ikke klarer \u00e5 nyttiggj\u00f8re seg n\u00e6ringsstoffene den har spist, og dermed ikke klarer \u00e5 legge p\u00e5 seg tilstrekkelig og trives. &nbsp;<strong>Atferdsendringer<\/strong> Hos katter som er smittet med FIP, kan eierne f\u00f8rst legge merke til mindre \u00e5penbare symptomer som redusert aktivitet, slapphet og manglende appetitt.<br \/>\nKatten kan bli langt mindre interaktiv enn den var f\u00f8r, og foretrekker \u00e5 oppholde seg p\u00e5 ensomme steder eller sove hele dagen.<br \/>\nDen kan ogs\u00e5 begynne \u00e5 unng\u00e5 kontakt med andre kj\u00e6ledyr eller mennesker.<br \/>\nPica er en annen atferdsendring som er forbundet med viruset &#8211; n\u00e5r kj\u00e6ledyret ditt begynner \u00e5 spise ting som ikke er mat, kan dette v\u00e6re et tegn p\u00e5 at det har FIP.<br \/>\nI tillegg til anoreksi (totalt tap av matlyst) kan du observere at katten din sliter med \u00e5 spise selv, eller at den viser manglende interesse for mat n\u00e5r du tilbyr den &#8211; begge deler kan v\u00e6re tegn p\u00e5 at noe ikke er som det skal. &nbsp; Vekttap og<strong>appetittl\u00f8shet<\/strong> Vekttap og appetittl\u00f8shet er to av de tidligste tegnene p\u00e5 FIP.<br \/>\nN\u00e5r katter f\u00f8rst blir smittet, kan det hende at de ikke viser noen symptomer f\u00f8r flere uker eller m\u00e5neder senere.<br \/>\nLangsomt vekttap og nedsatt appetitt kan imidlertid v\u00e6re en indikasjon p\u00e5 at noe er galt.<br \/>\nVekttap hos katter er vanligvis subtilt, men b\u00f8r ikke g\u00e5 ubemerket hen for eierne &#8211; en plutselig vektnedgang p\u00e5 15-20 % i l\u00f8pet av bare noen f\u00e5 dager kan v\u00e6re et tegn p\u00e5 FIP.<br \/>\nP\u00e5 samme m\u00e5te kan nedsatt appetitt, selv n\u00e5r katten f\u00e5r god mat, v\u00e6re et tegn p\u00e5 at sykdommen er i ferd med \u00e5 bryte ut.                   Denne typen symptomkompleks kan tyde p\u00e5 organsvikt for\u00e5rsaket av FIP eller andre alvorlige tilstander som kronisk nyresykdom, som ubehandlet kan utvikle seg raskt og bli livstruende for katter hvis de ikke oppdages tidlig.<br \/>\nMange katteeiere har rapportert at de har observert dramatiske endringer i energiniv\u00e5 og aktivitet i forbindelse med disse symptomene, noe som ytterligere understreker hvor viktig de er for diagnostisering og behandlingsbeslutninger som tas av b\u00e5de veterin\u00e6rer og dyreeiere. &nbsp;<strong>Svingende feber<\/strong> Svingende feber hos katter defineres vanligvis som vekslende episoder med h\u00f8ye og lave temperaturer.<br \/>\nDet er et av de tidligste kliniske tegnene forbundet med FIP.<br \/>\nDenne typen feber kan variere daglig, og svinge mellom normal kroppstemperatur og farlig h\u00f8ye temperaturer.<br \/>\nEttersom dette kan skje plutselig, er det viktig for katteeiere \u00e5 overv\u00e5ke kj\u00e6ledyrets temperatur regelmessig, da plutselige endringer kan v\u00e6re et tegn p\u00e5 FIP eller andre alvorlige helseproblemer.<br \/>\nDet er lett \u00e5 forveksle svingende feber med vedvarende h\u00f8y feber som katter kan ha n\u00e5r de er syke, men de to er vidt forskjellige sykdommer som krever forskjellige former for behandling.       &nbsp;<\/p>\n<h2><strong>Tegn i avanserte stadier av FIP<\/strong><\/h2>\n<p>&nbsp;  Symptomene kan utvikle seg til mer alvorlige effekter, som organsvikt og v\u00e6skeansamling.<br \/>\nFortsett \u00e5 lese for \u00e5 finne ut mer! <strong>Organsvikt<\/strong> Organsvikt er en av de mest alvorlige konsekvensene forbundet med FIP.<br \/>\nDette kan p\u00e5virke ulike organer, som nyrer, lever og mange andre.<br \/>\nN\u00e5r sykdommen n\u00e5r sitt mest avanserte stadium, kan det f\u00f8re til organdysfunksjon eller organsvikt.<br \/>\nDenne organskaden kan for\u00e5rsake en lang rekke symptomer som varierer avhengig av hvor i kroppen den rammer.<br \/>\nHvis det ikke behandles over lengre tid, kan det f\u00f8re til en enorm belastning p\u00e5 det ber\u00f8rte dyrets generelle fysiske helse, inntil det til slutt utvikler seg til en katastrofal sykdom eller f\u00f8rer til d\u00f8den hvis det ikke oppdages tidlig nok og behandles deretter. &nbsp;<strong>Vedvarende h\u00f8y feber<\/strong> Uopph\u00f8rlig feber er et vanlig klinisk tegn forbundet med avanserte stadier av felin infeksi\u00f8s peritonitt (FIP).<br \/>\nFeberen kan n\u00e5 temperaturer p\u00e5 mellom 39 \u00b0C og 40 \u00b0C og vare i uker eller m\u00e5neder.<br \/>\nDet er viktig \u00e5 stille en tidlig diagnose, da det gj\u00f8r det lettere \u00e5 utelukke andre sykdommer og sette i gang behandling.<br \/>\nFeberen skyldes betennelse som f\u00f8lge av en utbredt infeksjon, som kan v\u00e6re ledsaget av tegn som slapphet, hevelse i buken, appetittl\u00f8shet, vekttap og gulsott.<br \/>\nHvis feberen vedvarer til tross for antibiotikabehandling eller betennelsesdempende medisinering, kan det v\u00e6re tegn p\u00e5 FIP.<br \/>\nDen h\u00f8ye temperaturen normaliseres ofte n\u00e5r riktig behandling p\u00e5begynnes. &nbsp;<strong>V\u00e6skeansamling<\/strong> V\u00e6skeansamling er et viktig tegn p\u00e5 FIP hos katter og kan forekomme i ulike deler av kroppen.<br \/>\nI brystkassen hoper det seg opp v\u00e6ske rundt hjertet og lungene, noe som f\u00f8rer til begrenset bevegelse og pustevansker.<br \/>\nI tillegg kan lymfeknuter bli hovne p\u00e5 grunn av blokkering for\u00e5rsaket av en overdreven dannelse av proteinrike v\u00e6skeceller som kalles pleuraeffusjoner.<br \/>\nV\u00e6ske kan ogs\u00e5 samle seg i andre organer, for eksempel i buken eller pungen, og f\u00f8re til at disse omr\u00e5dene hovner opp og blir smertefulle for katten din.<br \/>\nVidere kan kattens \u00f8yne vise tegn p\u00e5 denne v\u00e6skeansamlingen, inkludert fargeforandringer eller uklarhet, fortykkelse av hornhinnen (hornhinne\u00f8dem), hypopyon (et hvitt skum bak i \u00f8yet) eller netthinnel\u00f8sning p\u00e5 grunn av \u00f8kt intraokul\u00e6rt trykk for\u00e5rsaket av FIP-infeksjon. &nbsp;<strong>\u00d8yeproblemer<\/strong> \u00d8yeproblemer er en vanlig indikator p\u00e5 FIP.<br \/>\n\u00d8yelidelser karakterisert av pyogranulomat\u00f8s fremre uveitt kan forekomme hos katter med FIP.<br \/>\nSymptomene kan omfatte betennelse i \u00f8yeeplet, skjeling, hovne tredje \u00f8yelokk og forst\u00f8rrede \u00f8yne som kan svekke synet eller til og med f\u00f8re til blindhet hvis de ikke behandles.<br \/>\nDyr som opplever denne typen okul\u00e6r manifestasjon kan uttrykke \u00f8kt t\u00e5reproduksjon samt bl\u00f8dning fra \u00f8yet p\u00e5 grunn av s\u00e5rdannelse for\u00e5rsaket av infeksjonen.<br \/>\nI tillegg kan nevrologiske symptomer relatert til FIP p\u00e5virke nervesystemet &#8211; inkludert syns- og \u00f8yeproblemer som sammentrukne pupiller som ikke reagerer hensiktsmessig p\u00e5 lysendringer.<br \/>\nTil slutt har man i noen tilfeller av FIP i v\u00e5t form sett forh\u00f8yet intraokul\u00e6rt trykk og fortykkelse av hornhinnen, noe som kan f\u00f8re til potensielt tap av synet over tid hvis det ikke behandles riktig eller raskt nok.<\/p>\n","protected":false},"excerpt":{"rendered":"<p>Det er fire forskjellige stadier av FIP ved en infeksjon med dette viruset: innledende eksponering og inkubasjon, prim\u00e6r viremi, sekund\u00e6r viremi og klinisk FIP. &nbsp; FIP-stadiet: F\u00f8rste eksponering og inkubasjon Felint koronavirus (FCoV) finnes i mange milj\u00f8er, s\u00e5 det er sv\u00e6rt sannsynlig at katter blir eksponert for det p\u00e5 et eller annet tidspunkt i l\u00f8pet [&hellip;]<\/p>\n","protected":false},"author":1,"featured_media":22677,"parent":0,"menu_order":0,"comment_status":"closed","ping_status":"closed","template":"","meta":{"_glsr_average":0,"_glsr_ranking":0,"_glsr_reviews":0,"footnotes":""},"categories":[863],"tags":[],"_links":{"self":[{"href":"https:\/\/fipmed.co\/no\/wp-json\/wp\/v2\/pages\/22676"}],"collection":[{"href":"https:\/\/fipmed.co\/no\/wp-json\/wp\/v2\/pages"}],"about":[{"href":"https:\/\/fipmed.co\/no\/wp-json\/wp\/v2\/types\/page"}],"author":[{"embeddable":true,"href":"https:\/\/fipmed.co\/no\/wp-json\/wp\/v2\/users\/1"}],"replies":[{"embeddable":true,"href":"https:\/\/fipmed.co\/no\/wp-json\/wp\/v2\/comments?post=22676"}],"version-history":[{"count":0,"href":"https:\/\/fipmed.co\/no\/wp-json\/wp\/v2\/pages\/22676\/revisions"}],"wp:featuredmedia":[{"embeddable":true,"href":"https:\/\/fipmed.co\/no\/wp-json\/wp\/v2\/media\/22677"}],"wp:attachment":[{"href":"https:\/\/fipmed.co\/no\/wp-json\/wp\/v2\/media?parent=22676"}],"wp:term":[{"taxonomy":"category","embeddable":true,"href":"https:\/\/fipmed.co\/no\/wp-json\/wp\/v2\/categories?post=22676"},{"taxonomy":"post_tag","embeddable":true,"href":"https:\/\/fipmed.co\/no\/wp-json\/wp\/v2\/tags?post=22676"}],"curies":[{"name":"wp","href":"https:\/\/api.w.org\/{rel}","templated":true}]}}