{"id":23013,"date":"2024-05-13T08:24:56","date_gmt":"2024-05-13T08:24:56","guid":{"rendered":"https:\/\/fipmed.co\/fipmed-nonprofit-partnerprogram-registrering\/"},"modified":"2024-05-13T08:24:56","modified_gmt":"2024-05-13T08:24:56","slug":"fipmed-nonprofit-partnerprogram-registrering","status":"publish","type":"page","link":"https:\/\/fipmed.co\/no\/fipmed-nonprofit-partnerprogram-registrering\/","title":{"rendered":"Registrering av FIPMed Non-Profit Partner Program"},"content":{"rendered":"<p>Velkommen til FIPMed Non-profit Partner Program.<br \/>\nVi ser frem til \u00e5 samarbeide med deg for \u00e5 redde FIP-katter.<br \/>\nBli med i v\u00e5rt Nonprofit Partner Program og tjen en h\u00f8y 20% livstidsprovisjon bare ved \u00e5 dele din unike kupong med katteeiere og givere i ditt lokalsamfunn.<br \/>\nDisse katteforeldrene vil ogs\u00e5 motta $ 10 rabatt p\u00e5 alle FIP-behandlingsprodukter som kj\u00f8pes p\u00e5 nettstedet v\u00e5rt.<br \/>\nTakk for at du leste og h\u00e5per \u00e5 ha deg som partner.<br \/>\nEtter at du har registrert deg, kan du dele koden din umiddelbart.<br \/>\nDel dem hvordan og hvor du vil.<br \/>\nDu kan ogs\u00e5 logge inn p\u00e5 partnerdashbordet ditt ved \u00e5 g\u00e5 til https:\/\/fipmed.co\/my-account\/         [couponaffiliates-register template=&raquo;10FORGOOD&raquo;]<\/p>\n","protected":false},"excerpt":{"rendered":"<p>Velkommen til FIPMed Non-profit Partner Program. Vi ser frem til \u00e5 samarbeide med deg for \u00e5 redde FIP-katter. Bli med i v\u00e5rt Nonprofit Partner Program og tjen en h\u00f8y 20% livstidsprovisjon bare ved \u00e5 dele din unike kupong med katteeiere og givere i ditt lokalsamfunn. Disse katteforeldrene vil ogs\u00e5 motta $ 10 rabatt p\u00e5 alle [&hellip;]<\/p>\n","protected":false},"author":1,"featured_media":0,"parent":0,"menu_order":0,"comment_status":"closed","ping_status":"closed","template":"","meta":{"_glsr_average":0,"_glsr_ranking":0,"_glsr_reviews":0,"footnotes":""},"categories":[],"tags":[],"_links":{"self":[{"href":"https:\/\/fipmed.co\/no\/wp-json\/wp\/v2\/pages\/23013"}],"collection":[{"href":"https:\/\/fipmed.co\/no\/wp-json\/wp\/v2\/pages"}],"about":[{"href":"https:\/\/fipmed.co\/no\/wp-json\/wp\/v2\/types\/page"}],"author":[{"embeddable":true,"href":"https:\/\/fipmed.co\/no\/wp-json\/wp\/v2\/users\/1"}],"replies":[{"embeddable":true,"href":"https:\/\/fipmed.co\/no\/wp-json\/wp\/v2\/comments?post=23013"}],"version-history":[{"count":0,"href":"https:\/\/fipmed.co\/no\/wp-json\/wp\/v2\/pages\/23013\/revisions"}],"wp:attachment":[{"href":"https:\/\/fipmed.co\/no\/wp-json\/wp\/v2\/media?parent=23013"}],"wp:term":[{"taxonomy":"category","embeddable":true,"href":"https:\/\/fipmed.co\/no\/wp-json\/wp\/v2\/categories?post=23013"},{"taxonomy":"post_tag","embeddable":true,"href":"https:\/\/fipmed.co\/no\/wp-json\/wp\/v2\/tags?post=23013"}],"curies":[{"name":"wp","href":"https:\/\/api.w.org\/{rel}","templated":true}]}}