{"id":23737,"date":"2023-05-08T07:39:24","date_gmt":"2023-05-08T07:39:24","guid":{"rendered":"https:\/\/fipmed.co\/kontakt-oss\/"},"modified":"2024-11-06T07:40:40","modified_gmt":"2024-11-06T07:40:40","slug":"kontakt-oss","status":"publish","type":"page","link":"https:\/\/fipmed.co\/no\/kontakt-oss\/","title":{"rendered":"Kontakt oss"},"content":{"rendered":"\t\t<div data-elementor-type=\"wp-page\" data-elementor-id=\"23737\" class=\"elementor elementor-23737 elementor-7274\">\n\t\t\t\t\t\t<section class=\"elementor-section elementor-top-section elementor-element elementor-element-a0c711f elementor-section-boxed elementor-section-height-default elementor-section-height-default\" data-id=\"a0c711f\" data-element_type=\"section\">\n\t\t\t\t\t\t<div class=\"elementor-container elementor-column-gap-default\">\n\t\t\t\t\t<div class=\"elementor-column elementor-col-100 elementor-top-column elementor-element elementor-element-935b070\" data-id=\"935b070\" data-element_type=\"column\">\n\t\t\t<div class=\"elementor-widget-wrap elementor-element-populated\">\n\t\t\t\t\t\t<div class=\"elementor-element elementor-element-213ae02 elementor-widget elementor-widget-text-editor\" data-id=\"213ae02\" data-element_type=\"widget\" data-widget_type=\"text-editor.default\">\n\t\t\t\t<div class=\"elementor-widget-container\">\n\t\t\t\t\t\t\t\t\t<p class=\"p1\">\n<p class=\"p1\"><span class=\"s1\">Vi er her for \u00e5 hjelpe deg! Ta gjerne kontakt med oss. Hvis du har sp\u00f8rsm\u00e5l, bekymringer eller tilbakemeldinger, ikke n\u00f8l med \u00e5 ta kontakt med oss. V\u00e5rt dedikerte kundest\u00f8tteteam st\u00e5r klare til \u00e5 hjelpe deg p\u00e5 alle m\u00e5ter vi kan.   <\/span><\/p>\n<p class=\"p1\"><strong><span class=\"s1\">Slik n\u00e5r du oss<\/span><\/strong><\/p>\n<p class=\"p1\"><strong><span class=\"s1\">E-post:<\/span><\/strong><\/p>\n<p class=\"p1\"><span class=\"s1\">Send oss gjerne en e-post p\u00e5 support@fipmed.co. Vi tar sikte p\u00e5 \u00e5 svare p\u00e5 alle henvendelser innen to timer, ogs\u00e5 i helger og p\u00e5 helligdager. Enten du har et sp\u00f8rsm\u00e5l om produktene v\u00e5re, et problem med bestillingen din eller trenger hjelp med retur, er teamet v\u00e5rt her for \u00e5 gi deg et raskt og hjelpsomt svar.  <\/span><\/p>\n<p class=\"p1\"><strong><span class=\"s1\">Live Chatbot:<\/span><\/strong><\/p>\n<p class=\"p1\"><span class=\"s1\">For \u00e5 f\u00e5 hjelp i sanntid tilbyr vi en praktisk live chat-funksjon p\u00e5 nettstedet v\u00e5rt. Se etter chat-ikonet nederst i h\u00f8yre hj\u00f8rne av skjermen, og klikk for \u00e5 starte en samtale med v\u00e5r chatbot, Clawdia. Enten du trenger hjelp til \u00e5 navigere p\u00e5 nettstedet v\u00e5rt, har sp\u00f8rsm\u00e5l om tilbudene v\u00e5re eller trenger st\u00f8tte under kj\u00f8psprosessen, er hun her for \u00e5 hjelpe deg raskt. Hun svarer gjerne p\u00e5 sp\u00f8rsm\u00e5lene dine, gir produktanbefalinger eller hjelper deg med eventuelle bekymringer du m\u00e5tte ha.   <\/span><\/p>\n<p class=\"p1\"><strong><span class=\"s1\">Sosiale medier:<\/span><\/strong><\/p>\n<p class=\"p1\"><span class=\"s1\">F\u00f8lg oss p\u00e5 sosiale medier. Vi er aktive p\u00e5 Facebook. F\u00f8lg oss for \u00e5 holde deg oppdatert om de nyeste produktlanseringene, eksklusive kampanjer og mye mer. Ta gjerne kontakt med oss via direktemeldinger eller ved \u00e5 tagge oss i innleggene dine. Vi elsker \u00e5 h\u00f8re fra kundene v\u00e5re og engasjere oss i samfunnet v\u00e5rt.    <\/span><\/p>\n<p class=\"p1\"><span class=\"s1\">Din tilfredshet er v\u00e5r h\u00f8yeste prioritet, og vi er opptatt av \u00e5 yte enest\u00e5ende kundeservice. Vi setter pris p\u00e5 tilbakemeldingene dine og at du tar deg tid til \u00e5 kontakte oss. Vi jobber kontinuerlig med \u00e5 forbedre opplevelsen din, og dine innspill spiller en avgj\u00f8rende rolle i den prosessen.  <\/span><\/p>\n<p class=\"p1\"><span class=\"s1\">Takk for at du valgte FipMed. Vi ser frem til \u00e5 hjelpe deg! <\/span><\/p>\n\t\t\t\t\t\t\t\t<\/div>\n\t\t\t\t<\/div>\n\t\t\t\t\t<\/div>\n\t\t<\/div>\n\t\t\t\t\t<\/div>\n\t\t<\/section>\n\t\t\t\t<\/div>\n\t\t","protected":false},"excerpt":{"rendered":"<p>Vi er her for \u00e5 hjelpe deg! Ta gjerne kontakt med oss. Hvis du har sp\u00f8rsm\u00e5l, bekymringer eller tilbakemeldinger, ikke n\u00f8l med \u00e5 ta kontakt med oss. V\u00e5rt dedikerte kundest\u00f8tteteam st\u00e5r klare til \u00e5 hjelpe deg p\u00e5 alle m\u00e5ter vi kan. Slik n\u00e5r du oss E-post: Send oss gjerne en e-post p\u00e5 support@fipmed.co. Vi tar [&hellip;]<\/p>\n","protected":false},"author":1,"featured_media":0,"parent":0,"menu_order":0,"comment_status":"closed","ping_status":"closed","template":"","meta":{"_glsr_average":0,"_glsr_ranking":0,"_glsr_reviews":0,"footnotes":""},"categories":[],"tags":[],"_links":{"self":[{"href":"https:\/\/fipmed.co\/no\/wp-json\/wp\/v2\/pages\/23737"}],"collection":[{"href":"https:\/\/fipmed.co\/no\/wp-json\/wp\/v2\/pages"}],"about":[{"href":"https:\/\/fipmed.co\/no\/wp-json\/wp\/v2\/types\/page"}],"author":[{"embeddable":true,"href":"https:\/\/fipmed.co\/no\/wp-json\/wp\/v2\/users\/1"}],"replies":[{"embeddable":true,"href":"https:\/\/fipmed.co\/no\/wp-json\/wp\/v2\/comments?post=23737"}],"version-history":[{"count":1,"href":"https:\/\/fipmed.co\/no\/wp-json\/wp\/v2\/pages\/23737\/revisions"}],"predecessor-version":[{"id":23738,"href":"https:\/\/fipmed.co\/no\/wp-json\/wp\/v2\/pages\/23737\/revisions\/23738"}],"wp:attachment":[{"href":"https:\/\/fipmed.co\/no\/wp-json\/wp\/v2\/media?parent=23737"}],"wp:term":[{"taxonomy":"category","embeddable":true,"href":"https:\/\/fipmed.co\/no\/wp-json\/wp\/v2\/categories?post=23737"},{"taxonomy":"post_tag","embeddable":true,"href":"https:\/\/fipmed.co\/no\/wp-json\/wp\/v2\/tags?post=23737"}],"curies":[{"name":"wp","href":"https:\/\/api.w.org\/{rel}","templated":true}]}}