{"id":27549,"date":"2024-12-19T13:11:46","date_gmt":"2024-12-19T13:11:46","guid":{"rendered":"https:\/\/fipmed.co\/product\/1x-bottle-fipmed-eidd2801-30x-capsules-for-3kg-cats\/"},"modified":"2024-12-19T13:11:46","modified_gmt":"2024-12-19T13:11:46","slug":"1x-bottle-fipmed-eidd2801-30x-capsules-for-3kg-cats","status":"publish","type":"product","link":"https:\/\/fipmed.co\/no\/produkt\/1x-bottle-fipmed-eidd2801-30x-capsules-for-3kg-cats\/","title":{"rendered":"FIPMed EIDD2801 30x kapsler (3 kg katt) H\u00f8y toksisitet. Kun for GS441525-resistente katter."},"content":{"rendered":"<p>Vi tilbyr FIPMed EIDD2801 kapsler til katter som har utviklet resistens mot GS441524 og som ikke lenger har effekt av dette. I s\u00e5 fall kan EIDD2801 v\u00e6re en siste utvei. Molnupiravir (EIDD-2801) har h\u00f8y toksisitet, noe som gj\u00f8r det uegnet for langtidsbruk som kreves ved behandling av FIP. Langvarig bruk kan f\u00f8re til RNA-mutasjoner, noe som \u00f8ker risikoen for kreft. <\/p>\n<p>Molnupiravir er kun egnet for korttidsbehandlinger som covid-19, der en 5-dagers kur ikke er lang nok til \u00e5 for\u00e5rsake skadelige mutagene effekter.<\/p>\n<p><strong>FIP-katter som behandles med Molnupiravir eller EIDD2801 kan ha \u00f8kt risiko for \u00e5 f\u00e5 kreft innen 3 \u00e5r. Det anbefales ikke \u00e5 behandle FIP med EIDD2801, spesielt ikke for unge katter. <\/strong><\/p>\n<p>Det er kun et alternativ dersom katten din ikke lenger responderer p\u00e5 GS441524. Hvorfor m\u00e5 FIP-behandlingen vare i 84 dager? FIPV-viruset forblir i kattens kropp i opptil 90 dager. Antivirale midler som GS-441524, Molnupiravir og GC376 hemmer virusreplikasjonen i stedet for \u00e5 drepe viruset direkte, s\u00e5 vi m\u00e5 vente p\u00e5 at viruset d\u00f8r naturlig. Det finnes for \u00f8yeblikket ikke noe legemiddel p\u00e5 markedet som dreper viruset p\u00e5 en vellykket m\u00e5te og forkorter behandlingstiden.<\/p>\n<p>&#8211; Bruksanvisning: 1 kapsel om dagen &#8211; Hver kapsel inneholder 100 mg Molnupiravir (EIDD2801) for katter p\u00e5 5 kg &#8211; Hver flaske inneholder 30 kapsler<\/p>\n<p><strong>Hvordan oppdage EIDD2801 solgt som GS441524?<\/strong><\/p>\n<p><span style=\"font-size: 12pt;\">&#8211; Hvis prisen er mye lavere sammenlignet med bransjestandarder for GS441524<\/span><\/p>\n<p><span style=\"font-size: 12pt;\">&#8211; Hvis det selges i kapselform. Ingen produsent produserer GS-441524 i kapselform. Men all EIDD2801-behandling er laget i kapselform.  <\/span><\/p>\n<p><span style=\"font-size: 12pt;\">&#8211; Hvis doseringen eller behandlingsvarigheten avviker fra Dr. Niels Pedersens anbefaling<\/span><\/p>\n","protected":false},"excerpt":{"rendered":"<p>Vi tilbyr FIPMed EIDD2801 kapsler til katter som har utviklet resistens mot GS441524 og som ikke lenger har effekt av dette. I s\u00e5 fall kan EIDD2801 v\u00e6re en siste utvei. Molnupiravir (EIDD-2801) har h\u00f8y toksisitet, noe som gj\u00f8r det uegnet for langtidsbruk som kreves ved behandling av FIP. Langvarig bruk kan f\u00f8re til RNA-mutasjoner, noe som \u00f8ker risikoen for kreft. <\/p>\n<p>Molnupiravir er kun egnet for korttidsbehandlinger som covid-19, der en 5-dagers kur ikke er lang nok til \u00e5 for\u00e5rsake skadelige mutagene effekter.<\/p>\n<p>FIP-katter som behandles med Molnupiravir eller EIDD2801 kan ha \u00f8kt risiko for \u00e5 f\u00e5 kreft innen 3 \u00e5r. Det anbefales ikke \u00e5 behandle FIP med EIDD2801, spesielt ikke for unge katter. <\/p>\n<p>Det er kun et alternativ dersom katten din ikke lenger responderer p\u00e5 GS441524. Hvorfor m\u00e5 FIP-behandlingen vare i 84 dager? FIPV-viruset forblir i kattens kropp i opptil 90 dager. Antivirale midler som GS-441524, Molnupiravir og GC376 hemmer virusreplikasjonen i stedet for \u00e5 drepe viruset direkte, s\u00e5 vi m\u00e5 vente p\u00e5 at viruset d\u00f8r p\u00e5 naturlig vis. Det finnes for \u00f8yeblikket ikke noe legemiddel p\u00e5 markedet som dreper viruset og forkorter behandlingstiden. &#8211; Bruksanvisning: 1 kapsel om dagen &#8211; Hver kapsel inneholder 60 mg Molnupiravir (EIDD2801) for katter p\u00e5 3 kg &#8211; Hver flaske inneholder 30 kapsler<\/p>\n","protected":false},"featured_media":26846,"template":"","meta":{"_glsr_average":0,"_glsr_ranking":0,"_glsr_reviews":0},"product_cat":[1158],"product_tag":[],"_links":{"self":[{"href":"https:\/\/fipmed.co\/no\/wp-json\/wp\/v2\/product\/27549"}],"collection":[{"href":"https:\/\/fipmed.co\/no\/wp-json\/wp\/v2\/product"}],"about":[{"href":"https:\/\/fipmed.co\/no\/wp-json\/wp\/v2\/types\/product"}],"wp:featuredmedia":[{"embeddable":true,"href":"https:\/\/fipmed.co\/no\/wp-json\/wp\/v2\/media\/26846"}],"wp:attachment":[{"href":"https:\/\/fipmed.co\/no\/wp-json\/wp\/v2\/media?parent=27549"}],"wp:term":[{"taxonomy":"product_cat","embeddable":true,"href":"https:\/\/fipmed.co\/no\/wp-json\/wp\/v2\/product_cat?post=27549"},{"taxonomy":"product_tag","embeddable":true,"href":"https:\/\/fipmed.co\/no\/wp-json\/wp\/v2\/product_tag?post=27549"}],"curies":[{"name":"wp","href":"https:\/\/api.w.org\/{rel}","templated":true}]}}