{"id":27585,"date":"2024-06-05T06:26:50","date_gmt":"2024-06-05T06:26:50","guid":{"rendered":"https:\/\/fipmed.co\/product\/9x-strips-fipmed-tablets-x-10-days-for-5kg-cats\/"},"modified":"2024-06-05T06:26:50","modified_gmt":"2024-06-05T06:26:50","slug":"9x-strips-fipmed-tablets-x-10-days-for-5kg-cats","status":"publish","type":"product","link":"https:\/\/fipmed.co\/no\/produkt\/9x-strips-fipmed-tablets-x-10-days-for-5kg-cats\/","title":{"rendered":"9x Strips FipMed Tabletter x 10 dager (for katter p\u00e5 5 kg)"},"content":{"rendered":"<p class=\"p1\"><span class=\"s1\">FipMed GS-441524 tabletter er en effektiv behandling av Feline Infeksi\u00f8s Peritonitt (FIP).<\/span><\/p>\n<p class=\"p1\"><span class=\"s1\">Hver FipMed-tablett til katt p\u00e5 5 kg inneholder 75 mg GS-441524.<br \/>\nDen er formulert for katter som ikke veier mer enn 5 kg. <\/span><\/p>\n<p class=\"p1\"><span class=\"s1\">GS-441524 er metabolsk stabilt.<br \/>\nDen absorberte mengden vil imidlertid ikke metaboliseres fullstendig etter ford\u00f8yelsen.<br \/>\nDen estimerte metaboliserte mengden er tilstrekkelig for b\u00e5de v\u00e5t og t\u00f8rr FIP.<br \/>\nDoble dosen for okul\u00e6r FIP og nevrologisk FIP.<br \/>\nTa to tabletter i stedet for \u00e9n.    <\/span><\/p>\n<p>&nbsp;<\/p>\n<p class=\"p1\"><span class=\"s1\">FIPMed-tabletter og dosering er formulert basert p\u00e5 anbefalinger fra Dr. Niels Pedersen.  <\/span><\/p>\n<p>&nbsp;<\/p>\n<p><strong>V\u00e5t \/ t\u00f8rr FIP-dosering for tabletter:<\/strong><\/p>\n<p>Tablett Faktisk innhold av GS441524: 15 mg\/kg Etter 60 % tap fra ford\u00f8yelse og metabolisering*: 6 mg\/kg<\/p>\n<p><strong>Okul\u00e6r \/ nevrologisk FIP Dosering for tabletter:<\/strong><\/p>\n<p>Tablett Faktisk innhold av GS441524: 30 mg\/kg Etter 60 % tap fra ford\u00f8yelse og metabolisering*: 12 mg\/kg<\/p>\n<p>&nbsp;<\/p>\n<p>* Oral administrering ble ogs\u00e5 funnet \u00e5 gi blodniv\u00e5er, men noe forsinket og bare p\u00e5 omtrent 40 % av toppniv\u00e5ene ved subkutan og intraven\u00f8s administrering. GS-441424 absorberes fra tarmen med ca. 50 % effektivitet som ved subkutan eller intraven\u00f8s administrering. Gitt absorpsjonsbegrensningene for oral GS-441524, kan man forvente at den orale dosen vil v\u00e6re omtrent dobbelt s\u00e5 h\u00f8y som for injeksjoner. (Niels Pedersen NC, 2018).   <\/p>\n<p><a href=\"https:\/\/www.vetmed.ucdavis.edu\/sites\/g\/files\/dgvnsk4586\/files\/inline-files\/Use%20of%20oral%20GS-441524%20for%20FIP%20treatmemt_0.pdf\" rel=\"nofollow noopener\" target=\"_blank\">https:\/\/www.vetmed.ucdavis.edu\/sites\/g\/files\/dgvnsk4586\/files\/inline-files\/Use%20of%20oral%20GS-441524%20for%20FIP%20treatmemt_0.pdf<\/a><\/p>\n<p>&nbsp;<\/p>\n<p class=\"p1\"><span class=\"s1\">Hver stripe inneholder 10 orale tabletter (10 dagers behandling)<\/span><\/p>\n","protected":false},"excerpt":{"rendered":"<p class=\"p1\"><span class=\"s1\">FipMed GS-441524 tabletter er en effektiv behandling av Feline Infeksi\u00f8s Peritonitt (FIP).<\/span><\/p>\n<p class=\"p1\"><span class=\"s1\">Hver FipMed-tablett til katt p\u00e5 5 kg inneholder 75 mg GS-441524.<br \/>\nDen er formulert for katter som ikke veier mer enn 5 kg. <\/span><\/p>\n<p class=\"p1\"><span class=\"s1\">GS-441524 er metabolsk stabilt.<br \/>\nDen absorberte mengden vil imidlertid ikke metaboliseres fullstendig etter ford\u00f8yelsen.<br \/>\nDen estimerte metaboliserte mengden er tilstrekkelig for b\u00e5de v\u00e5t og t\u00f8rr FIP.<br \/>\nDoble dosen for okul\u00e6r FIP og nevrologisk FIP.<br \/>\nTa to tabletter i stedet for \u00e9n.    <\/span><\/p>\n","protected":false},"featured_media":25355,"template":"","meta":{"_glsr_average":0,"_glsr_ranking":0,"_glsr_reviews":0},"product_cat":[1013],"product_tag":[],"_links":{"self":[{"href":"https:\/\/fipmed.co\/no\/wp-json\/wp\/v2\/product\/27585"}],"collection":[{"href":"https:\/\/fipmed.co\/no\/wp-json\/wp\/v2\/product"}],"about":[{"href":"https:\/\/fipmed.co\/no\/wp-json\/wp\/v2\/types\/product"}],"wp:featuredmedia":[{"embeddable":true,"href":"https:\/\/fipmed.co\/no\/wp-json\/wp\/v2\/media\/25355"}],"wp:attachment":[{"href":"https:\/\/fipmed.co\/no\/wp-json\/wp\/v2\/media?parent=27585"}],"wp:term":[{"taxonomy":"product_cat","embeddable":true,"href":"https:\/\/fipmed.co\/no\/wp-json\/wp\/v2\/product_cat?post=27585"},{"taxonomy":"product_tag","embeddable":true,"href":"https:\/\/fipmed.co\/no\/wp-json\/wp\/v2\/product_tag?post=27585"}],"curies":[{"name":"wp","href":"https:\/\/api.w.org\/{rel}","templated":true}]}}