{"id":12311,"date":"2023-05-08T07:39:24","date_gmt":"2023-05-08T07:39:24","guid":{"rendered":"https:\/\/fipmed.co\/contact-us\/"},"modified":"2024-11-06T07:44:08","modified_gmt":"2024-11-06T07:44:08","slug":"contact-us","status":"publish","type":"page","link":"https:\/\/fipmed.co\/pl\/contact-us\/","title":{"rendered":"Kontakt"},"content":{"rendered":"\t\t<div data-elementor-type=\"wp-page\" data-elementor-id=\"12311\" class=\"elementor elementor-12311 elementor-7274\">\n\t\t\t\t\t\t<section class=\"elementor-section elementor-top-section elementor-element elementor-element-a0c711f elementor-section-boxed elementor-section-height-default elementor-section-height-default\" data-id=\"a0c711f\" data-element_type=\"section\">\n\t\t\t\t\t\t<div class=\"elementor-container elementor-column-gap-default\">\n\t\t\t\t\t<div class=\"elementor-column elementor-col-100 elementor-top-column elementor-element elementor-element-935b070\" data-id=\"935b070\" data-element_type=\"column\">\n\t\t\t<div class=\"elementor-widget-wrap elementor-element-populated\">\n\t\t\t\t\t\t<div class=\"elementor-element elementor-element-213ae02 elementor-widget elementor-widget-text-editor\" data-id=\"213ae02\" data-element_type=\"widget\" data-widget_type=\"text-editor.default\">\n\t\t\t\t<div class=\"elementor-widget-container\">\n\t\t\t\t\t\t\t\t\t<p class=\"p1\">\n<p class=\"p1\"><span class=\"s1\">Jeste\u015bmy tutaj, aby pom\u00f3c! Zapraszamy do kontaktu z nami. Je\u015bli masz jakiekolwiek pytania, w\u0105tpliwo\u015bci lub opinie, nie wahaj si\u0119 z nami skontaktowa\u0107. Nasz dedykowany zesp\u00f3\u0142 obs\u0142ugi klienta jest gotowy do pomocy w ka\u017cdy mo\u017cliwy spos\u00f3b.   <\/span><\/p>\n<p class=\"p1\"><strong><span class=\"s1\">Jak si\u0119 z nami skontaktowa\u0107<\/span><\/strong><\/p>\n<p class=\"p1\"><strong><span class=\"s1\">E-mail:<\/span><\/strong><\/p>\n<p class=\"p1\"><span class=\"s1\">Zach\u0119camy do wys\u0142ania do nas wiadomo\u015bci e-mail na adres support@fipmed.co. Staramy si\u0119 odpowiada\u0107 na wszystkie zapytania w ci\u0105gu 2 godzin, w tym w weekendy i \u015bwi\u0119ta. Niezale\u017cnie od tego, czy masz pytanie dotycz\u0105ce naszych produkt\u00f3w, problem z zam\u00f3wieniem, czy potrzebujesz pomocy przy zwrotach, nasz zesp\u00f3\u0142 jest tutaj, aby zapewni\u0107 Ci szybk\u0105 i pomocn\u0105 odpowied\u017a.  <\/span><\/p>\n<p class=\"p1\"><strong><span class=\"s1\">Chatbot na \u017cywo:<\/span><\/strong><\/p>\n<p class=\"p1\"><span class=\"s1\">Aby uzyska\u0107 pomoc w czasie rzeczywistym, oferujemy wygodn\u0105 funkcj\u0119 czatu na \u017cywo na naszej stronie internetowej. Poszukaj ikony czatu w prawym dolnym rogu ekranu i kliknij, aby rozpocz\u0105\u0107 rozmow\u0119 z naszym chatbotem, Clawdi\u0105. Niezale\u017cnie od tego, czy potrzebujesz pomocy w poruszaniu si\u0119 po naszej witrynie, masz pytania dotycz\u0105ce naszej oferty, czy potrzebujesz wsparcia podczas procesu zakupu, Clawdia jest tutaj, aby szybko Ci pom\u00f3c. Z przyjemno\u015bci\u0105 odpowie na Twoje pytania, przedstawi rekomendacje produkt\u00f3w lub pomo\u017ce w przypadku jakichkolwiek w\u0105tpliwo\u015bci.   <\/span><\/p>\n<p class=\"p1\"><strong><span class=\"s1\">Media spo\u0142eczno\u015bciowe:<\/span><\/strong><\/p>\n<p class=\"p1\"><span class=\"s1\">Po\u0142\u0105cz si\u0119 z nami w mediach spo\u0142eczno\u015bciowych. Jeste\u015bmy aktywni na Facebooku. \u015aled\u017a nas, aby by\u0107 na bie\u017c\u0105co z najnowszymi premierami produkt\u00f3w, ekskluzywnymi promocjami i nie tylko. Zach\u0119camy do kontaktowania si\u0119 z nami poprzez bezpo\u015brednie wiadomo\u015bci lub oznaczanie nas w swoich postach. Uwielbiamy s\u0142ysze\u0107 od naszych klient\u00f3w i anga\u017cowa\u0107 si\u0119 w nasz\u0105 spo\u0142eczno\u015b\u0107.    <\/span><\/p>\n<p class=\"p1\"><span class=\"s1\">Twoje zadowolenie jest naszym najwy\u017cszym priorytetem, a naszym celem jest zapewnienie wyj\u0105tkowej obs\u0142ugi klienta. Cenimy Twoj\u0105 opini\u0119 i doceniamy Tw\u00f3j czas po\u015bwi\u0119cony na skontaktowanie si\u0119 z nami. D\u0105\u017cymy do ci\u0105g\u0142ego ulepszania naszych us\u0142ug, a Tw\u00f3j wk\u0142ad odgrywa kluczow\u0105 rol\u0119 w tym procesie.  <\/span><\/p>\n<p class=\"p1\"><span class=\"s1\">Dzi\u0119kujemy za wybranie FipMed. Z niecierpliwo\u015bci\u0105 czekamy na pomoc! <\/span><\/p>\n\t\t\t\t\t\t\t\t<\/div>\n\t\t\t\t<\/div>\n\t\t\t\t\t<\/div>\n\t\t<\/div>\n\t\t\t\t\t<\/div>\n\t\t<\/section>\n\t\t\t\t<\/div>\n\t\t","protected":false},"excerpt":{"rendered":"<p>Jeste\u015bmy tutaj, aby pom\u00f3c! Zapraszamy do kontaktu z nami. Je\u015bli masz jakiekolwiek pytania, w\u0105tpliwo\u015bci lub opinie, nie wahaj si\u0119 z nami skontaktowa\u0107. Nasz dedykowany zesp\u00f3\u0142 obs\u0142ugi klienta jest gotowy do pomocy w ka\u017cdy mo\u017cliwy spos\u00f3b. Jak si\u0119 z nami skontaktowa\u0107 E-mail: Zach\u0119camy do wys\u0142ania do nas wiadomo\u015bci e-mail na adres support@fipmed.co. Staramy si\u0119 odpowiada\u0107 na [&hellip;]<\/p>\n","protected":false},"author":1,"featured_media":0,"parent":0,"menu_order":0,"comment_status":"closed","ping_status":"closed","template":"","meta":{"_glsr_average":0,"_glsr_ranking":0,"_glsr_reviews":0,"footnotes":""},"categories":[],"tags":[],"_links":{"self":[{"href":"https:\/\/fipmed.co\/pl\/wp-json\/wp\/v2\/pages\/12311"}],"collection":[{"href":"https:\/\/fipmed.co\/pl\/wp-json\/wp\/v2\/pages"}],"about":[{"href":"https:\/\/fipmed.co\/pl\/wp-json\/wp\/v2\/types\/page"}],"author":[{"embeddable":true,"href":"https:\/\/fipmed.co\/pl\/wp-json\/wp\/v2\/users\/1"}],"replies":[{"embeddable":true,"href":"https:\/\/fipmed.co\/pl\/wp-json\/wp\/v2\/comments?post=12311"}],"version-history":[{"count":2,"href":"https:\/\/fipmed.co\/pl\/wp-json\/wp\/v2\/pages\/12311\/revisions"}],"predecessor-version":[{"id":23746,"href":"https:\/\/fipmed.co\/pl\/wp-json\/wp\/v2\/pages\/12311\/revisions\/23746"}],"wp:attachment":[{"href":"https:\/\/fipmed.co\/pl\/wp-json\/wp\/v2\/media?parent=12311"}],"wp:term":[{"taxonomy":"category","embeddable":true,"href":"https:\/\/fipmed.co\/pl\/wp-json\/wp\/v2\/categories?post=12311"},{"taxonomy":"post_tag","embeddable":true,"href":"https:\/\/fipmed.co\/pl\/wp-json\/wp\/v2\/tags?post=12311"}],"curies":[{"name":"wp","href":"https:\/\/api.w.org\/{rel}","templated":true}]}}