{"id":12324,"date":"2022-11-25T15:15:32","date_gmt":"2022-11-25T15:15:32","guid":{"rendered":"https:\/\/fipmed.co\/fip-information\/"},"modified":"2024-01-22T18:47:15","modified_gmt":"2024-01-22T18:47:15","slug":"fip-information","status":"publish","type":"page","link":"https:\/\/fipmed.co\/pl\/fip-information\/","title":{"rendered":"Informacje o FIP"},"content":{"rendered":"\t\t<div data-elementor-type=\"wp-page\" data-elementor-id=\"12324\" class=\"elementor elementor-12324 elementor-27\">\n\t\t\t\t\t\t<section class=\"elementor-section elementor-top-section elementor-element elementor-element-c6e8339 elementor-section-boxed elementor-section-height-default elementor-section-height-default\" data-id=\"c6e8339\" data-element_type=\"section\" data-settings=\"{&quot;background_background&quot;:&quot;classic&quot;}\">\n\t\t\t\t\t\t<div class=\"elementor-container elementor-column-gap-default\">\n\t\t\t\t\t<div class=\"elementor-column elementor-col-100 elementor-top-column elementor-element elementor-element-20903e9\" data-id=\"20903e9\" data-element_type=\"column\">\n\t\t\t<div class=\"elementor-widget-wrap elementor-element-populated\">\n\t\t\t\t\t\t<div class=\"elementor-element elementor-element-61718f0 elementor-widget elementor-widget-heading\" data-id=\"61718f0\" data-element_type=\"widget\" data-widget_type=\"heading.default\">\n\t\t\t\t<div class=\"elementor-widget-container\">\n\t\t\t\t\t<h2 class=\"elementor-heading-title elementor-size-default\">Wiedza to pot\u0119ga. Przeczytaj, aby dowiedzie\u0107 si\u0119 wi\u0119cej o FIP. \n<\/h2>\t\t\t\t<\/div>\n\t\t\t\t<\/div>\n\t\t\t\t<div class=\"elementor-element elementor-element-05a63aa elementor-widget elementor-widget-text-editor\" data-id=\"05a63aa\" data-element_type=\"widget\" data-widget_type=\"text-editor.default\">\n\t\t\t\t<div class=\"elementor-widget-container\">\n\t\t\t\t\t\t\t\t\t<p>Mamy nadziej\u0119, \u017ce napisane przez nas artyku\u0142y oka\u017c\u0105 si\u0119 pomocne. Zawieraj\u0105 one pewne informacje o FIP, kt\u00f3re warto zna\u0107.<\/p>\n\t\t\t\t\t\t\t\t<\/div>\n\t\t\t\t<\/div>\n\t\t\t\t<div class=\"elementor-element elementor-element-4d9c521 elementor-widget elementor-widget-shortcode\" data-id=\"4d9c521\" data-element_type=\"widget\" data-widget_type=\"shortcode.default\">\n\t\t\t\t<div class=\"elementor-widget-container\">\n\t\t\t\t\t\t\t<div class=\"elementor-shortcode\"><div class=\"pages-grid-container\"><div class=\"pages-grid\"><div class=\"pages-grid-post\"><div class=\"pages-grid-thumb\"><img data-opt-id=594676602  fetchpriority=\"high\" decoding=\"async\" width=\"340\" height=\"240\" src=\"https:\/\/ml9txs9ouv9q.i.optimole.com\/w:340\/h:240\/q:mauto\/rt:fill\/g:ce\/f:best\/https:\/\/fipmed.co\/wp-content\/uploads\/2024\/03\/fip-treatment-monitoring.jpg\" class=\"attachment-post-thumbnail size-post-thumbnail wp-post-image\" alt=\"fip treatment monitoring\" \/><\/div><h2><a href=\"https:\/\/fipmed.co\/pl\/monitorowanie-leczenia-fip-czego-powinienem-sie-spodziewac-i-co-nalezy-monitorowac-podczas-leczenia-fip\/\">Monitorowanie leczenia FIP: Czego powinienem si\u0119 spodziewa\u0107 i co nale\u017cy monitorowa\u0107 podczas leczenia FIP?<\/a><\/h2><p>Na co nale\u017cy zwraca\u0107 uwag\u0119 podczas leczenia FIP? Najwa\u017cniejsza jest ocena odpowiedzi klinicznej;...<\/p><\/div><div class=\"pages-grid-post\"><div class=\"pages-grid-thumb\"><img data-opt-id=1794834948  data-opt-src=\"https:\/\/ml9txs9ouv9q.i.optimole.com\/w:340\/h:240\/q:mauto\/rt:fill\/g:ce\/f:best\/https:\/\/fipmed.co\/wp-content\/uploads\/2024\/03\/fip-tablets.jpg\"  decoding=\"async\" width=\"340\" height=\"240\" src=\"data:image/svg+xml,%3Csvg%20viewBox%3D%220%200%20340%20240%22%20width%3D%22340%22%20height%3D%22240%22%20xmlns%3D%22http%3A%2F%2Fwww.w3.org%2F2000%2Fsvg%22%3E%3Crect%20width%3D%22340%22%20height%3D%22240%22%20fill%3D%22transparent%22%2F%3E%3C%2Fsvg%3E\" class=\"attachment-post-thumbnail size-post-thumbnail wp-post-image\" alt=\"fip tablets\" \/><noscript><img data-opt-id=1794834948  decoding=\"async\" width=\"340\" height=\"240\" src=\"https:\/\/ml9txs9ouv9q.i.optimole.com\/w:340\/h:240\/q:mauto\/rt:fill\/g:ce\/f:best\/https:\/\/fipmed.co\/wp-content\/uploads\/2024\/03\/fip-tablets.jpg\" class=\"attachment-post-thumbnail size-post-thumbnail wp-post-image\" alt=\"fip tablets\" \/></noscript><\/div><h2><a href=\"https:\/\/fipmed.co\/pl\/najlepszy-lek-doustny-dla-fip-fip-tabletki-i-kapsulki\/\">Najlepszy doustny lek na FIP &#8211; tabletki i kapsu\u0142ki na FIP<\/a><\/h2><p>Chocia\u017c zastrzyki s\u0105 og\u00f3lnie uwa\u017cane za bardziej niezawodne ni\u017c doustna forma GS-441524 w lecze...<\/p><\/div><div class=\"pages-grid-post\"><div class=\"pages-grid-thumb\"><img data-opt-id=1676285181  data-opt-src=\"https:\/\/ml9txs9ouv9q.i.optimole.com\/w:340\/h:240\/q:mauto\/rt:fill\/g:ce\/f:best\/https:\/\/fipmed.co\/wp-content\/uploads\/2023\/11\/is-fip-contagious.jpg\"  decoding=\"async\" width=\"340\" height=\"240\" src=\"data:image/svg+xml,%3Csvg%20viewBox%3D%220%200%20340%20240%22%20width%3D%22340%22%20height%3D%22240%22%20xmlns%3D%22http%3A%2F%2Fwww.w3.org%2F2000%2Fsvg%22%3E%3Crect%20width%3D%22340%22%20height%3D%22240%22%20fill%3D%22transparent%22%2F%3E%3C%2Fsvg%3E\" class=\"attachment-post-thumbnail size-post-thumbnail wp-post-image\" alt=\"\" \/><noscript><img data-opt-id=1676285181  decoding=\"async\" width=\"340\" height=\"240\" src=\"https:\/\/ml9txs9ouv9q.i.optimole.com\/w:340\/h:240\/q:mauto\/rt:fill\/g:ce\/f:best\/https:\/\/fipmed.co\/wp-content\/uploads\/2023\/11\/is-fip-contagious.jpg\" class=\"attachment-post-thumbnail size-post-thumbnail wp-post-image\" alt=\"\" \/></noscript><\/div><h2><a href=\"https:\/\/fipmed.co\/pl\/is-fip-contagious-how-is-fip-transmitted\/\">Is FIP Contagious: How Is FIP Transmitted?<\/a><\/h2><p>Is FIP contagious? While not as contagious as some other feline diseases, FIP is still an infectious...<\/p><\/div><\/div><div class=\"pages-grid\"><div class=\"pages-grid-post\"><div class=\"pages-grid-thumb\"><img data-opt-id=16614490  data-opt-src=\"https:\/\/ml9txs9ouv9q.i.optimole.com\/w:340\/h:240\/q:mauto\/rt:fill\/g:ce\/f:best\/https:\/\/fipmed.co\/wp-content\/uploads\/2023\/11\/how-do-cats-get-fip.jpg\"  loading=\"lazy\" decoding=\"async\" width=\"340\" height=\"240\" src=\"data:image/svg+xml,%3Csvg%20viewBox%3D%220%200%20340%20240%22%20width%3D%22340%22%20height%3D%22240%22%20xmlns%3D%22http%3A%2F%2Fwww.w3.org%2F2000%2Fsvg%22%3E%3Crect%20width%3D%22340%22%20height%3D%22240%22%20fill%3D%22transparent%22%2F%3E%3C%2Fsvg%3E\" class=\"attachment-post-thumbnail size-post-thumbnail wp-post-image\" alt=\"\" \/><noscript><img data-opt-id=16614490  loading=\"lazy\" decoding=\"async\" width=\"340\" height=\"240\" src=\"https:\/\/ml9txs9ouv9q.i.optimole.com\/w:340\/h:240\/q:mauto\/rt:fill\/g:ce\/f:best\/https:\/\/fipmed.co\/wp-content\/uploads\/2023\/11\/how-do-cats-get-fip.jpg\" class=\"attachment-post-thumbnail size-post-thumbnail wp-post-image\" alt=\"\" \/></noscript><\/div><h2><a href=\"https:\/\/fipmed.co\/pl\/how-do-cats-get-fip-what-causes-fip-in-cats\/\">How do cats get FIP: What causes FIP in cats?<\/a><\/h2><p>How do cats get FIP? Feline Coronavirus (FCoV) is the leading cause of FIP in cats, though other mod...<\/p><\/div><div class=\"pages-grid-post\"><div class=\"pages-grid-thumb\"><img data-opt-id=271799625  data-opt-src=\"https:\/\/ml9txs9ouv9q.i.optimole.com\/w:auto\/h:auto\/q:mauto\/f:best\/https:\/\/fipmed.co\/wp-content\/uploads\/thumbnail-default.jpg\"  decoding=\"async\" alt=\"\" src=\"data:image/svg+xml,%3Csvg%20viewBox%3D%220%200%20100%%20100%%22%20width%3D%22100%%22%20height%3D%22100%%22%20xmlns%3D%22http%3A%2F%2Fwww.w3.org%2F2000%2Fsvg%22%3E%3Crect%20width%3D%22100%%22%20height%3D%22100%%22%20fill%3D%22transparent%22%2F%3E%3C%2Fsvg%3E\" \/><noscript><img data-opt-id=271799625  decoding=\"async\" alt=\"\" src=\"https:\/\/ml9txs9ouv9q.i.optimole.com\/w:auto\/h:auto\/q:mauto\/f:best\/https:\/\/fipmed.co\/wp-content\/uploads\/thumbnail-default.jpg\" \/></noscript><\/div><h2><a href=\"https:\/\/fipmed.co\/pl\/gs-441524-gs441524\/\">GS 441524<\/a><\/h2><p>Co to jest GS 441524? GS 441524 to prze\u0142omowy analog nukleozydu, kt\u00f3ry sta\u0142 si\u0119 prze\u0142omem w lec...<\/p><\/div><div class=\"pages-grid-post\"><div class=\"pages-grid-thumb\"><img data-opt-id=271799625  data-opt-src=\"https:\/\/ml9txs9ouv9q.i.optimole.com\/w:auto\/h:auto\/q:mauto\/f:best\/https:\/\/fipmed.co\/wp-content\/uploads\/thumbnail-default.jpg\"  decoding=\"async\" alt=\"\" src=\"data:image/svg+xml,%3Csvg%20viewBox%3D%220%200%20100%%20100%%22%20width%3D%22100%%22%20height%3D%22100%%22%20xmlns%3D%22http%3A%2F%2Fwww.w3.org%2F2000%2Fsvg%22%3E%3Crect%20width%3D%22100%%22%20height%3D%22100%%22%20fill%3D%22transparent%22%2F%3E%3C%2Fsvg%3E\" \/><noscript><img data-opt-id=271799625  decoding=\"async\" alt=\"\" src=\"https:\/\/ml9txs9ouv9q.i.optimole.com\/w:auto\/h:auto\/q:mauto\/f:best\/https:\/\/fipmed.co\/wp-content\/uploads\/thumbnail-default.jpg\" \/></noscript><\/div><h2><a href=\"https:\/\/fipmed.co\/pl\/fip-in-cats\/\">FIP u kot\u00f3w: Wszystko, co musisz wiedzie\u0107 o tej uleczalnej chorobie<\/a><\/h2><p>Co to jest FIP u kot\u00f3w FIP, czyli zaka\u017ane zapalenie otrzewnej kot\u00f3w, to ci\u0119\u017cka i cz\u0119sto \u015bmier...<\/p><\/div><\/div><div class=\"pages-grid\"><div class=\"pages-grid-post\"><div class=\"pages-grid-thumb\"><img data-opt-id=1309440420  data-opt-src=\"https:\/\/ml9txs9ouv9q.i.optimole.com\/w:340\/h:240\/q:mauto\/rt:fill\/g:ce\/f:best\/https:\/\/fipmed.co\/wp-content\/uploads\/2022\/12\/18.jpg\"  loading=\"lazy\" decoding=\"async\" width=\"340\" height=\"240\" src=\"data:image/svg+xml,%3Csvg%20viewBox%3D%220%200%20340%20240%22%20width%3D%22340%22%20height%3D%22240%22%20xmlns%3D%22http%3A%2F%2Fwww.w3.org%2F2000%2Fsvg%22%3E%3Crect%20width%3D%22340%22%20height%3D%22240%22%20fill%3D%22transparent%22%2F%3E%3C%2Fsvg%3E\" class=\"attachment-post-thumbnail size-post-thumbnail wp-post-image\" alt=\"vitamins for cats\" \/><noscript><img data-opt-id=1309440420  loading=\"lazy\" decoding=\"async\" width=\"340\" height=\"240\" src=\"https:\/\/ml9txs9ouv9q.i.optimole.com\/w:340\/h:240\/q:mauto\/rt:fill\/g:ce\/f:best\/https:\/\/fipmed.co\/wp-content\/uploads\/2022\/12\/18.jpg\" class=\"attachment-post-thumbnail size-post-thumbnail wp-post-image\" alt=\"vitamins for cats\" \/></noscript><\/div><h2><a href=\"https:\/\/fipmed.co\/pl\/b12-vitamins-for-cats-with-fip-are-important-for-recovery\/\">B12 Vitamins for Cats with FIP Are Important for Recovery<\/a><\/h2><p>When taking care of an Feline Infectious Peritonitis (FIP) afflicted cat, maintaining proper care of...<\/p><\/div><div class=\"pages-grid-post\"><div class=\"pages-grid-thumb\"><img data-opt-id=1145295304  data-opt-src=\"https:\/\/ml9txs9ouv9q.i.optimole.com\/w:340\/h:240\/q:mauto\/rt:fill\/g:ce\/f:best\/https:\/\/fipmed.co\/wp-content\/uploads\/2022\/12\/16.jpg\"  loading=\"lazy\" decoding=\"async\" width=\"340\" height=\"240\" src=\"data:image/svg+xml,%3Csvg%20viewBox%3D%220%200%20340%20240%22%20width%3D%22340%22%20height%3D%22240%22%20xmlns%3D%22http%3A%2F%2Fwww.w3.org%2F2000%2Fsvg%22%3E%3Crect%20width%3D%22340%22%20height%3D%22240%22%20fill%3D%22transparent%22%2F%3E%3C%2Fsvg%3E\" class=\"attachment-post-thumbnail size-post-thumbnail wp-post-image\" alt=\"\" \/><noscript><img data-opt-id=1145295304  loading=\"lazy\" decoding=\"async\" width=\"340\" height=\"240\" src=\"https:\/\/ml9txs9ouv9q.i.optimole.com\/w:340\/h:240\/q:mauto\/rt:fill\/g:ce\/f:best\/https:\/\/fipmed.co\/wp-content\/uploads\/2022\/12\/16.jpg\" class=\"attachment-post-thumbnail size-post-thumbnail wp-post-image\" alt=\"\" \/></noscript><\/div><h2><a href=\"https:\/\/fipmed.co\/pl\/wet-fip-or-dry-fip-types-of-cat-fip\/\">4 Types of Cat FIP: Wet FIP, Dry FIP, Ocular FIP and Neurological FIP<\/a><\/h2><p>Feline infectious peritonitis (FIP) is a common and deadly disease for cats. Not only that, but it a...<\/p><\/div><div class=\"pages-grid-post\"><div class=\"pages-grid-thumb\"><img data-opt-id=839967258  data-opt-src=\"https:\/\/ml9txs9ouv9q.i.optimole.com\/w:340\/h:240\/q:mauto\/rt:fill\/g:ce\/f:best\/https:\/\/fipmed.co\/wp-content\/uploads\/2022\/12\/15.jpg\"  loading=\"lazy\" decoding=\"async\" width=\"340\" height=\"240\" src=\"data:image/svg+xml,%3Csvg%20viewBox%3D%220%200%20340%20240%22%20width%3D%22340%22%20height%3D%22240%22%20xmlns%3D%22http%3A%2F%2Fwww.w3.org%2F2000%2Fsvg%22%3E%3Crect%20width%3D%22340%22%20height%3D%22240%22%20fill%3D%22transparent%22%2F%3E%3C%2Fsvg%3E\" class=\"attachment-post-thumbnail size-post-thumbnail wp-post-image\" alt=\"\" \/><noscript><img data-opt-id=839967258  loading=\"lazy\" decoding=\"async\" width=\"340\" height=\"240\" src=\"https:\/\/ml9txs9ouv9q.i.optimole.com\/w:340\/h:240\/q:mauto\/rt:fill\/g:ce\/f:best\/https:\/\/fipmed.co\/wp-content\/uploads\/2022\/12\/15.jpg\" class=\"attachment-post-thumbnail size-post-thumbnail wp-post-image\" alt=\"\" \/></noscript><\/div><h2><a href=\"https:\/\/fipmed.co\/pl\/cat-fip-treatment-medical-advancement-for-fip-saves-cats\/\">Cat FIP Treatment: Medical Advancement for FIP saves cats<\/a><\/h2><p>A proven cat FIP treatment is already available for cats. However, due to a lack of financial motiva...<\/p><\/div><\/div><div class=\"pages-grid\"><div class=\"pages-grid-post\"><div class=\"pages-grid-thumb\"><img data-opt-id=988384800  data-opt-src=\"https:\/\/ml9txs9ouv9q.i.optimole.com\/w:340\/h:240\/q:mauto\/rt:fill\/g:ce\/f:best\/https:\/\/fipmed.co\/wp-content\/uploads\/2022\/12\/13.jpg\"  loading=\"lazy\" decoding=\"async\" width=\"340\" height=\"240\" src=\"data:image/svg+xml,%3Csvg%20viewBox%3D%220%200%20340%20240%22%20width%3D%22340%22%20height%3D%22240%22%20xmlns%3D%22http%3A%2F%2Fwww.w3.org%2F2000%2Fsvg%22%3E%3Crect%20width%3D%22340%22%20height%3D%22240%22%20fill%3D%22transparent%22%2F%3E%3C%2Fsvg%3E\" class=\"attachment-post-thumbnail size-post-thumbnail wp-post-image\" alt=\"cat fip\" \/><noscript><img data-opt-id=988384800  loading=\"lazy\" decoding=\"async\" width=\"340\" height=\"240\" src=\"https:\/\/ml9txs9ouv9q.i.optimole.com\/w:340\/h:240\/q:mauto\/rt:fill\/g:ce\/f:best\/https:\/\/fipmed.co\/wp-content\/uploads\/2022\/12\/13.jpg\" class=\"attachment-post-thumbnail size-post-thumbnail wp-post-image\" alt=\"cat fip\" \/></noscript><\/div><h2><a href=\"https:\/\/fipmed.co\/pl\/cat-fip-10-things-to-do-once-your-feline-is-diagnosed-as-a-fip-cat\/\">Cat FIP: 10 things to do immediately your feline is diagnosed as a FIP Cat<\/a><\/h2><p>It can be unnerving if you had just found out your cat has FIP. If that&#8217;s you, we understand, ...<\/p><\/div><div class=\"pages-grid-post\"><div class=\"pages-grid-thumb\"><img data-opt-id=1545105702  data-opt-src=\"https:\/\/ml9txs9ouv9q.i.optimole.com\/w:340\/h:240\/q:mauto\/rt:fill\/g:ce\/f:best\/https:\/\/fipmed.co\/wp-content\/uploads\/2022\/12\/12.jpg\"  loading=\"lazy\" decoding=\"async\" width=\"340\" height=\"240\" src=\"data:image/svg+xml,%3Csvg%20viewBox%3D%220%200%20340%20240%22%20width%3D%22340%22%20height%3D%22240%22%20xmlns%3D%22http%3A%2F%2Fwww.w3.org%2F2000%2Fsvg%22%3E%3Crect%20width%3D%22340%22%20height%3D%22240%22%20fill%3D%22transparent%22%2F%3E%3C%2Fsvg%3E\" class=\"attachment-post-thumbnail size-post-thumbnail wp-post-image\" alt=\"sintomi della fip\" \/><noscript><img data-opt-id=1545105702  loading=\"lazy\" decoding=\"async\" width=\"340\" height=\"240\" src=\"https:\/\/ml9txs9ouv9q.i.optimole.com\/w:340\/h:240\/q:mauto\/rt:fill\/g:ce\/f:best\/https:\/\/fipmed.co\/wp-content\/uploads\/2022\/12\/12.jpg\" class=\"attachment-post-thumbnail size-post-thumbnail wp-post-image\" alt=\"sintomi della fip\" \/></noscript><\/div><h2><a href=\"https:\/\/fipmed.co\/pl\/fip-symptoms-signs-of-infected-cats\/\">FIP Symptoms: Signs of Infected Cats<\/a><\/h2><p>Symptoms of FIP The feline coronavirus (FCoV) can cause the life-threatening disease Feline Infectio...<\/p><\/div><div class=\"pages-grid-post\"><div class=\"pages-grid-thumb\"><img data-opt-id=1416345956  data-opt-src=\"https:\/\/ml9txs9ouv9q.i.optimole.com\/w:340\/h:240\/q:mauto\/rt:fill\/g:ce\/f:best\/https:\/\/fipmed.co\/wp-content\/uploads\/2022\/12\/11.jpg\"  loading=\"lazy\" decoding=\"async\" width=\"340\" height=\"240\" src=\"data:image/svg+xml,%3Csvg%20viewBox%3D%220%200%20340%20240%22%20width%3D%22340%22%20height%3D%22240%22%20xmlns%3D%22http%3A%2F%2Fwww.w3.org%2F2000%2Fsvg%22%3E%3Crect%20width%3D%22340%22%20height%3D%22240%22%20fill%3D%22transparent%22%2F%3E%3C%2Fsvg%3E\" class=\"attachment-post-thumbnail size-post-thumbnail wp-post-image\" alt=\"\" \/><noscript><img data-opt-id=1416345956  loading=\"lazy\" decoding=\"async\" width=\"340\" height=\"240\" src=\"https:\/\/ml9txs9ouv9q.i.optimole.com\/w:340\/h:240\/q:mauto\/rt:fill\/g:ce\/f:best\/https:\/\/fipmed.co\/wp-content\/uploads\/2022\/12\/11.jpg\" class=\"attachment-post-thumbnail size-post-thumbnail wp-post-image\" alt=\"\" \/></noscript><\/div><h2><a href=\"https:\/\/fipmed.co\/pl\/nutritional-supplements-for-cats-with-fip\/\">Nutritional Supplements for Cats with FIP<\/a><\/h2><p>It is recommended to give your cat vitamins and supplements to keep their kidney and liver healthy a...<\/p><\/div><\/div><div class=\"pages-grid\"><div class=\"pages-grid-post\"><div class=\"pages-grid-thumb\"><img data-opt-id=1030769726  data-opt-src=\"https:\/\/ml9txs9ouv9q.i.optimole.com\/w:340\/h:240\/q:mauto\/rt:fill\/g:ce\/f:best\/https:\/\/fipmed.co\/wp-content\/uploads\/2022\/12\/10.jpg\"  loading=\"lazy\" decoding=\"async\" width=\"340\" height=\"240\" src=\"data:image/svg+xml,%3Csvg%20viewBox%3D%220%200%20340%20240%22%20width%3D%22340%22%20height%3D%22240%22%20xmlns%3D%22http%3A%2F%2Fwww.w3.org%2F2000%2Fsvg%22%3E%3Crect%20width%3D%22340%22%20height%3D%22240%22%20fill%3D%22transparent%22%2F%3E%3C%2Fsvg%3E\" class=\"attachment-post-thumbnail size-post-thumbnail wp-post-image\" alt=\"FIP Vaccine\" \/><noscript><img data-opt-id=1030769726  loading=\"lazy\" decoding=\"async\" width=\"340\" height=\"240\" src=\"https:\/\/ml9txs9ouv9q.i.optimole.com\/w:340\/h:240\/q:mauto\/rt:fill\/g:ce\/f:best\/https:\/\/fipmed.co\/wp-content\/uploads\/2022\/12\/10.jpg\" class=\"attachment-post-thumbnail size-post-thumbnail wp-post-image\" alt=\"FIP Vaccine\" \/></noscript><\/div><h2><a href=\"https:\/\/fipmed.co\/pl\/when-fip-vaccine-doesnt-work-preventions-for-cats-getting-fip\/\">FIP Vaccine and Other Ways to Prevent Cats from Getting FIP<\/a><\/h2><p>Feline infectious peritonitis (FIP) is an incurable and often fatal virus that affects fewer than on...<\/p><\/div><div class=\"pages-grid-post\"><div class=\"pages-grid-thumb\"><img data-opt-id=27672458  data-opt-src=\"https:\/\/ml9txs9ouv9q.i.optimole.com\/w:340\/h:240\/q:mauto\/rt:fill\/g:ce\/f:best\/https:\/\/fipmed.co\/wp-content\/uploads\/2022\/12\/9.jpg\"  loading=\"lazy\" decoding=\"async\" width=\"340\" height=\"240\" src=\"data:image/svg+xml,%3Csvg%20viewBox%3D%220%200%20340%20240%22%20width%3D%22340%22%20height%3D%22240%22%20xmlns%3D%22http%3A%2F%2Fwww.w3.org%2F2000%2Fsvg%22%3E%3Crect%20width%3D%22340%22%20height%3D%22240%22%20fill%3D%22transparent%22%2F%3E%3C%2Fsvg%3E\" class=\"attachment-post-thumbnail size-post-thumbnail wp-post-image\" alt=\"fip treatments\" \/><noscript><img data-opt-id=27672458  loading=\"lazy\" decoding=\"async\" width=\"340\" height=\"240\" src=\"https:\/\/ml9txs9ouv9q.i.optimole.com\/w:340\/h:240\/q:mauto\/rt:fill\/g:ce\/f:best\/https:\/\/fipmed.co\/wp-content\/uploads\/2022\/12\/9.jpg\" class=\"attachment-post-thumbnail size-post-thumbnail wp-post-image\" alt=\"fip treatments\" \/></noscript><\/div><h2><a href=\"https:\/\/fipmed.co\/pl\/fip-treatments-injections-vs-pills\/\">FIP Treatments: FIP Injections vs FIP Tablets or Pills<\/a><\/h2><p>You may have two alternatives when selecting GS-441524 antiviral medication for FIP treatments: subc...<\/p><\/div><div class=\"pages-grid-post\"><div class=\"pages-grid-thumb\"><img data-opt-id=1829205392  data-opt-src=\"https:\/\/ml9txs9ouv9q.i.optimole.com\/w:340\/h:240\/q:mauto\/rt:fill\/g:ce\/f:best\/https:\/\/fipmed.co\/wp-content\/uploads\/2022\/12\/8.jpg\"  loading=\"lazy\" decoding=\"async\" width=\"340\" height=\"240\" src=\"data:image/svg+xml,%3Csvg%20viewBox%3D%220%200%20340%20240%22%20width%3D%22340%22%20height%3D%22240%22%20xmlns%3D%22http%3A%2F%2Fwww.w3.org%2F2000%2Fsvg%22%3E%3Crect%20width%3D%22340%22%20height%3D%22240%22%20fill%3D%22transparent%22%2F%3E%3C%2Fsvg%3E\" class=\"attachment-post-thumbnail size-post-thumbnail wp-post-image\" alt=\"healthy cat weight\" \/><noscript><img data-opt-id=1829205392  loading=\"lazy\" decoding=\"async\" width=\"340\" height=\"240\" src=\"https:\/\/ml9txs9ouv9q.i.optimole.com\/w:340\/h:240\/q:mauto\/rt:fill\/g:ce\/f:best\/https:\/\/fipmed.co\/wp-content\/uploads\/2022\/12\/8.jpg\" class=\"attachment-post-thumbnail size-post-thumbnail wp-post-image\" alt=\"healthy cat weight\" \/></noscript><\/div><h2><a href=\"https:\/\/fipmed.co\/pl\/healthy-cat-weight-and-other-signs-how-to-check-if-your-cat-is-healthy\/\">Healthy cat weight and other signs of healthy and unhealthy cats<\/a><\/h2><p>Besides knowing healthy cat weight, other signs of whether or not your cat is unhealthy can help you...<\/p><\/div><\/div><div class=\"pages-grid\"><div class=\"pages-grid-post\"><div class=\"pages-grid-thumb\"><img data-opt-id=1224736368  data-opt-src=\"https:\/\/ml9txs9ouv9q.i.optimole.com\/w:340\/h:240\/q:mauto\/rt:fill\/g:ce\/f:best\/https:\/\/fipmed.co\/wp-content\/uploads\/2022\/12\/7.jpg\"  loading=\"lazy\" decoding=\"async\" width=\"340\" height=\"240\" src=\"data:image/svg+xml,%3Csvg%20viewBox%3D%220%200%20340%20240%22%20width%3D%22340%22%20height%3D%22240%22%20xmlns%3D%22http%3A%2F%2Fwww.w3.org%2F2000%2Fsvg%22%3E%3Crect%20width%3D%22340%22%20height%3D%22240%22%20fill%3D%22transparent%22%2F%3E%3C%2Fsvg%3E\" class=\"attachment-post-thumbnail size-post-thumbnail wp-post-image\" alt=\"Final Stages of FIP in Cat\" \/><noscript><img data-opt-id=1224736368  loading=\"lazy\" decoding=\"async\" width=\"340\" height=\"240\" src=\"https:\/\/ml9txs9ouv9q.i.optimole.com\/w:340\/h:240\/q:mauto\/rt:fill\/g:ce\/f:best\/https:\/\/fipmed.co\/wp-content\/uploads\/2022\/12\/7.jpg\" class=\"attachment-post-thumbnail size-post-thumbnail wp-post-image\" alt=\"Final Stages of FIP in Cat\" \/></noscript><\/div><h2><a href=\"https:\/\/fipmed.co\/pl\/what-happens-during-the-final-stages-of-fip-in-cat\/\">What happens during the Final Stages of FIP in Cat<\/a><\/h2><p>The diagnosis of Feline Infectious Peritonitis (FIP) in cats is often heartbreaking for pet owners. ...<\/p><\/div><div class=\"pages-grid-post\"><div class=\"pages-grid-thumb\"><img data-opt-id=887609815  data-opt-src=\"https:\/\/ml9txs9ouv9q.i.optimole.com\/w:340\/h:240\/q:mauto\/rt:fill\/g:ce\/f:best\/https:\/\/fipmed.co\/wp-content\/uploads\/2022\/12\/1.jpg\"  loading=\"lazy\" decoding=\"async\" width=\"340\" height=\"240\" src=\"data:image/svg+xml,%3Csvg%20viewBox%3D%220%200%20340%20240%22%20width%3D%22340%22%20height%3D%22240%22%20xmlns%3D%22http%3A%2F%2Fwww.w3.org%2F2000%2Fsvg%22%3E%3Crect%20width%3D%22340%22%20height%3D%22240%22%20fill%3D%22transparent%22%2F%3E%3C%2Fsvg%3E\" class=\"attachment-post-thumbnail size-post-thumbnail wp-post-image\" alt=\"\" \/><noscript><img data-opt-id=887609815  loading=\"lazy\" decoding=\"async\" width=\"340\" height=\"240\" src=\"https:\/\/ml9txs9ouv9q.i.optimole.com\/w:340\/h:240\/q:mauto\/rt:fill\/g:ce\/f:best\/https:\/\/fipmed.co\/wp-content\/uploads\/2022\/12\/1.jpg\" class=\"attachment-post-thumbnail size-post-thumbnail wp-post-image\" alt=\"\" \/></noscript><\/div><h2><a href=\"https:\/\/fipmed.co\/pl\/list-of-all-fip-tests-to-diagnose-if-your-cat-has-feline-infectious-peritonitis\/\">A comprehensive List of All FIP Tests to Diagnose If Your Cat Has Feline Infectious Peritonitis<\/a><\/h2><p>What is FIP Testing? FIP testing is the process of diagnosing Feline Infectious Peritonitis (FIP), a...<\/p><\/div><div class=\"pages-grid-post\"><div class=\"pages-grid-thumb\"><img data-opt-id=1291403922  data-opt-src=\"https:\/\/ml9txs9ouv9q.i.optimole.com\/w:340\/h:240\/q:mauto\/rt:fill\/g:ce\/f:best\/https:\/\/fipmed.co\/wp-content\/uploads\/2022\/12\/2.jpg\"  loading=\"lazy\" decoding=\"async\" width=\"340\" height=\"240\" src=\"data:image/svg+xml,%3Csvg%20viewBox%3D%220%200%20340%20240%22%20width%3D%22340%22%20height%3D%22240%22%20xmlns%3D%22http%3A%2F%2Fwww.w3.org%2F2000%2Fsvg%22%3E%3Crect%20width%3D%22340%22%20height%3D%22240%22%20fill%3D%22transparent%22%2F%3E%3C%2Fsvg%3E\" class=\"attachment-post-thumbnail size-post-thumbnail wp-post-image\" alt=\"\" \/><noscript><img data-opt-id=1291403922  loading=\"lazy\" decoding=\"async\" width=\"340\" height=\"240\" src=\"https:\/\/ml9txs9ouv9q.i.optimole.com\/w:340\/h:240\/q:mauto\/rt:fill\/g:ce\/f:best\/https:\/\/fipmed.co\/wp-content\/uploads\/2022\/12\/2.jpg\" class=\"attachment-post-thumbnail size-post-thumbnail wp-post-image\" alt=\"\" \/></noscript><\/div><h2><a href=\"https:\/\/fipmed.co\/pl\/what-to-do-about-cat-abdominal-fluid-caused-by-wet-or-effusive-fip\/\">What to do about Cat Abdominal Fluid Caused by Wet or Effusive FIP<\/a><\/h2><p>The Connection Between FIP and Abdominal Fluid FIP causes cat abdominal fluid to accumulate in the a...<\/p><\/div><\/div><div class=\"pages-grid\"><\/div><\/div><\/div>\n\t\t\t\t\t\t<\/div>\n\t\t\t\t<\/div>\n\t\t\t\t\t<\/div>\n\t\t<\/div>\n\t\t\t\t\t<\/div>\n\t\t<\/section>\n\t\t\t\t<\/div>\n\t\t","protected":false},"excerpt":{"rendered":"<p>Wiedza to pot\u0119ga. Przeczytaj, aby dowiedzie\u0107 si\u0119 wi\u0119cej o FIP. Mamy nadziej\u0119, \u017ce napisane przez nas artyku\u0142y oka\u017c\u0105 si\u0119 pomocne. Zawieraj\u0105 one pewne informacje o FIP, kt\u00f3re warto zna\u0107.<\/p>\n","protected":false},"author":1,"featured_media":0,"parent":0,"menu_order":0,"comment_status":"closed","ping_status":"closed","template":"elementor_header_footer","meta":{"_glsr_average":0,"_glsr_ranking":0,"_glsr_reviews":0,"footnotes":""},"categories":[],"tags":[],"_links":{"self":[{"href":"https:\/\/fipmed.co\/pl\/wp-json\/wp\/v2\/pages\/12324"}],"collection":[{"href":"https:\/\/fipmed.co\/pl\/wp-json\/wp\/v2\/pages"}],"about":[{"href":"https:\/\/fipmed.co\/pl\/wp-json\/wp\/v2\/types\/page"}],"author":[{"embeddable":true,"href":"https:\/\/fipmed.co\/pl\/wp-json\/wp\/v2\/users\/1"}],"replies":[{"embeddable":true,"href":"https:\/\/fipmed.co\/pl\/wp-json\/wp\/v2\/comments?post=12324"}],"version-history":[{"count":0,"href":"https:\/\/fipmed.co\/pl\/wp-json\/wp\/v2\/pages\/12324\/revisions"}],"wp:attachment":[{"href":"https:\/\/fipmed.co\/pl\/wp-json\/wp\/v2\/media?parent=12324"}],"wp:term":[{"taxonomy":"category","embeddable":true,"href":"https:\/\/fipmed.co\/pl\/wp-json\/wp\/v2\/categories?post=12324"},{"taxonomy":"post_tag","embeddable":true,"href":"https:\/\/fipmed.co\/pl\/wp-json\/wp\/v2\/tags?post=12324"}],"curies":[{"name":"wp","href":"https:\/\/api.w.org\/{rel}","templated":true}]}}