{"id":12327,"date":"2022-11-25T15:16:05","date_gmt":"2022-11-25T15:16:05","guid":{"rendered":"https:\/\/fipmed.co\/fip-relapse-policy\/"},"modified":"2023-10-16T05:12:56","modified_gmt":"2023-10-16T05:12:56","slug":"fip-relapse-policy","status":"publish","type":"page","link":"https:\/\/fipmed.co\/pl\/fip-relapse-policy\/","title":{"rendered":"Polityka nawrot\u00f3w FIP"},"content":{"rendered":"\t\t<div data-elementor-type=\"wp-page\" data-elementor-id=\"12327\" class=\"elementor elementor-12327 elementor-32\">\n\t\t\t\t\t\t<section class=\"elementor-section elementor-top-section elementor-element elementor-element-672f648 elementor-section-boxed elementor-section-height-default elementor-section-height-default\" data-id=\"672f648\" data-element_type=\"section\">\n\t\t\t\t\t\t<div class=\"elementor-container elementor-column-gap-default\">\n\t\t\t\t\t<div class=\"elementor-column elementor-col-100 elementor-top-column elementor-element elementor-element-6547255\" data-id=\"6547255\" data-element_type=\"column\">\n\t\t\t<div class=\"elementor-widget-wrap elementor-element-populated\">\n\t\t\t\t\t\t<div class=\"elementor-element elementor-element-e63edf4 elementor-widget elementor-widget-text-editor\" data-id=\"e63edf4\" data-element_type=\"widget\" data-widget_type=\"text-editor.default\">\n\t\t\t\t<div class=\"elementor-widget-container\">\n\t\t\t\t\t\t\t\t\t<p class=\"p1\"><span class=\"s1\">Nawr\u00f3t FIP wyst\u0119puje u oko\u0142o 3% kot\u00f3w, kt\u00f3re przesz\u0142y program leczenia FipMed FIP. W zwi\u0105zku z tym FipMed Relapse Rebate Program mo\u017ce pokry\u0107 obawy zwi\u0105zane z nawrotem choroby.<\/span><\/p>\n<p class=\"p1\"><span style=\"color: #000080;\"><strong><span class=\"s1\">W przypadku kot\u00f3w, kt\u00f3re uko\u0144czy\u0142y 84-dniowe leczenie przy u\u017cyciu wy\u0142\u0105cznie zastrzyk\u00f3w lub kapsu\u0142ek doustnych FipMed FIP, przys\u0142uguje 50% zni\u017cki na leczenie nawrotu choroby, je\u015bli wyst\u0105pi nawr\u00f3t FIP.<\/span><\/strong><\/span><\/p>\n<p class=\"p1\"><span class=\"s1\">Wymagania dotycz\u0105ce zakwalifikowania si\u0119 do tego programu obejmuj\u0105<\/span><\/p>\n<p class=\"p1\"><span class=\"s1\">1. Nawr\u00f3t wyst\u0119puje w ci\u0105gu 12 miesi\u0119cy od zako\u0144czenia pocz\u0105tkowego pe\u0142nego leczenia<\/span><\/p>\n<p class=\"p1\"><span class=\"s1\">2. Data rozpocz\u0119cia i zako\u0144czenia leczenia kota<\/span><\/p>\n<p class=\"p1\"><span class=\"s1\">3.  <span class=\"Apple-converted-space\">  <\/span>Ko\u0144cowe wyniki bada\u0144 krwi po zako\u0144czeniu programu leczenia FipMed<\/span><\/p>\n<p class=\"p1\"><span class=\"s1\">4.  <span class=\"Apple-converted-space\">  <\/span>Ilo\u015b\u0107 fiolek z lekiem i tabletek zakupionych do pocz\u0105tkowego leczenia by\u0142a wystarczaj\u0105ca na 84 dni.<\/span><\/p>\n<p class=\"p1\"><span class=\"s1\" style=\"color: #000080;\"><b>W przypadku kot\u00f3w, kt\u00f3re nie uko\u0144czy\u0142y 84 dni leczenia, ale stosowa\u0142y wy\u0142\u0105cznie leki FipMed, przys\u0142uguje 50% zni\u017cki na leczenie nawrotu choroby, je\u015bli wyst\u0105pi nawr\u00f3t FIP.<\/b><\/span><\/p>\n<p class=\"p1\"><span class=\"s1\">Wiele kot\u00f3w ca\u0142kowicie powraca do zdrowia po infekcji FIP w ci\u0105gu 84 dni. Doceniamy decyzj\u0119 lekarza weterynarii o wcze\u015bniejszym przerwaniu programu leczenia w takich okoliczno\u015bciach. Zapewniamy 50% zni\u017cki na terapi\u0119 nawrot\u00f3w dla kot\u00f3w, kt\u00f3re nawr\u00f3c\u0105 w ci\u0105gu 6 miesi\u0119cy po opuszczeniu programu leczenia i korzysta\u0142y wy\u0142\u0105cznie z produkt\u00f3w FipMed.<\/span><\/p>\n<p class=\"p1\"><span class=\"s1\">Wymagania dotycz\u0105ce zakwalifikowania si\u0119 do tego programu obejmuj\u0105<\/span><\/p>\n<p class=\"p1\"><span class=\"s1\">1. Nawr\u00f3t FIP wyst\u0119puje w ci\u0105gu 6 miesi\u0119cy od zako\u0144czenia pocz\u0105tkowego pe\u0142nego leczenia<\/span><\/p>\n<p class=\"p1\"><span class=\"s1\">2. Data rozpocz\u0119cia i zako\u0144czenia leczenia kota<\/span><\/p>\n<p class=\"p1\"><span class=\"s1\">3.  <span class=\"Apple-converted-space\">  <\/span>Ko\u0144cowe wyniki bada\u0144 krwi po zako\u0144czeniu programu leczenia FipMed.<\/span><\/p>\n<p class=\"p1\"><span class=\"s1\">4.  <span class=\"Apple-converted-space\">  <\/span>Brak inwazyjnych zabieg\u00f3w chirurgicznych, takich jak kastracja lub szczepienia w ci\u0105gu 84 dni po leczeniu FipMed. <\/span><\/p>\n<p class=\"p1\"><span class=\"s1\">5.  <span class=\"Apple-converted-space\">  <\/span>Ilo\u015b\u0107 fiolek z lekiem i tabletek zakupionych do pocz\u0105tkowego leczenia by\u0142a wystarczaj\u0105ca na 45 dni.<\/span><\/p>\n<p class=\"p1\"><span class=\"s1\">UWAGA: Nie udzielamy ulg kotom, kt\u00f3re uko\u0144czy\u0142y nasz program leczenia bez uprzedniego poddania si\u0119 dok\u0142adnemu badaniu krwi w celu sprawdzenia, czy krytyczne parametry powr\u00f3ci\u0142y do normalnego zakresu.<\/span><\/p>\n\t\t\t\t\t\t\t\t<\/div>\n\t\t\t\t<\/div>\n\t\t\t\t\t<\/div>\n\t\t<\/div>\n\t\t\t\t\t<\/div>\n\t\t<\/section>\n\t\t\t\t<\/div>\n\t\t","protected":false},"excerpt":{"rendered":"<p>Nawr\u00f3t FIP wyst\u0119puje u oko\u0142o 3% kot\u00f3w, kt\u00f3re przesz\u0142y program leczenia FipMed FIP. W zwi\u0105zku z tym FipMed Relapse Rebate Program mo\u017ce pokry\u0107 obawy zwi\u0105zane z nawrotem choroby. W przypadku kot\u00f3w, kt\u00f3re uko\u0144czy\u0142y 84-dniowe leczenie przy u\u017cyciu wy\u0142\u0105cznie zastrzyk\u00f3w lub kapsu\u0142ek doustnych FipMed FIP, przys\u0142uguje 50% zni\u017cki na leczenie nawrotu choroby, je\u015bli wyst\u0105pi nawr\u00f3t FIP. [&hellip;]<\/p>\n","protected":false},"author":1,"featured_media":0,"parent":0,"menu_order":0,"comment_status":"closed","ping_status":"closed","template":"","meta":{"_glsr_average":0,"_glsr_ranking":0,"_glsr_reviews":0,"footnotes":""},"categories":[],"tags":[],"_links":{"self":[{"href":"https:\/\/fipmed.co\/pl\/wp-json\/wp\/v2\/pages\/12327"}],"collection":[{"href":"https:\/\/fipmed.co\/pl\/wp-json\/wp\/v2\/pages"}],"about":[{"href":"https:\/\/fipmed.co\/pl\/wp-json\/wp\/v2\/types\/page"}],"author":[{"embeddable":true,"href":"https:\/\/fipmed.co\/pl\/wp-json\/wp\/v2\/users\/1"}],"replies":[{"embeddable":true,"href":"https:\/\/fipmed.co\/pl\/wp-json\/wp\/v2\/comments?post=12327"}],"version-history":[{"count":0,"href":"https:\/\/fipmed.co\/pl\/wp-json\/wp\/v2\/pages\/12327\/revisions"}],"wp:attachment":[{"href":"https:\/\/fipmed.co\/pl\/wp-json\/wp\/v2\/media?parent=12327"}],"wp:term":[{"taxonomy":"category","embeddable":true,"href":"https:\/\/fipmed.co\/pl\/wp-json\/wp\/v2\/categories?post=12327"},{"taxonomy":"post_tag","embeddable":true,"href":"https:\/\/fipmed.co\/pl\/wp-json\/wp\/v2\/tags?post=12327"}],"curies":[{"name":"wp","href":"https:\/\/api.w.org\/{rel}","templated":true}]}}