{"id":12330,"date":"2022-11-25T15:16:30","date_gmt":"2022-11-25T15:16:30","guid":{"rendered":"https:\/\/fipmed.co\/fip-return-policy\/"},"modified":"2024-03-07T04:21:58","modified_gmt":"2024-03-07T04:21:58","slug":"fip-return-policy","status":"publish","type":"page","link":"https:\/\/fipmed.co\/pl\/fip-return-policy\/","title":{"rendered":"Polityka zwrot\u00f3w FIP"},"content":{"rendered":"\t\t<div data-elementor-type=\"wp-page\" data-elementor-id=\"12330\" class=\"elementor elementor-12330 elementor-34\">\n\t\t\t\t\t\t<section class=\"elementor-section elementor-top-section elementor-element elementor-element-c3897a7 elementor-section-boxed elementor-section-height-default elementor-section-height-default\" data-id=\"c3897a7\" data-element_type=\"section\">\n\t\t\t\t\t\t<div class=\"elementor-container elementor-column-gap-default\">\n\t\t\t\t\t<div class=\"elementor-column elementor-col-100 elementor-top-column elementor-element elementor-element-32e3bf0\" data-id=\"32e3bf0\" data-element_type=\"column\">\n\t\t\t<div class=\"elementor-widget-wrap elementor-element-populated\">\n\t\t\t\t\t\t<div class=\"elementor-element elementor-element-c7b81b6 elementor-widget elementor-widget-text-editor\" data-id=\"c7b81b6\" data-element_type=\"widget\" data-widget_type=\"text-editor.default\">\n\t\t\t\t<div class=\"elementor-widget-container\">\n\t\t\t\t\t\t\t\t\t<p><span style=\"font-kerning: none;\">To jest nasza polityka zwrot\u00f3w FIP. Jeste\u015bmy przekonani o skuteczno\u015bci naszej terapii GS-441524. Je\u015bli nasza terapia GS-441524 nie b\u0119dzie w stanie uchroni\u0107 kota przed FIP, zwr\u00f3cimy 50% za wszystkie niewykorzystane fiolki oraz nieotwarte paski tabletek. Nie mo\u017cemy odsprzeda\u0107 produkt\u00f3w, ale zostan\u0105 one przekazane schroniskom dla kot\u00f3w. <\/span><\/p>\n<p><span style=\"font-kerning: none;\">Zwracamy uwag\u0119, \u017ce zwrot ten przys\u0142uguje wy\u0142\u0105cznie w\u0142a\u015bcicielowi, kt\u00f3rego kot zmar\u0142 i nie uda\u0142o si\u0119 go uratowa\u0107 pomimo prawid\u0142owego leczenia produktami Fipmed przez co najmniej 14 dni. <\/span><\/p>\n<p><span style=\"font-kerning: none;\">Zakupiony przedmiot musi by\u0107 nieu\u017cywany i w takim samym stanie, w jakim go otrzyma\u0142e\u015b. Musi r\u00f3wnie\u017c znajdowa\u0107 si\u0119 w oryginalnym opakowaniu.<\/span><\/p>\n<p><span style=\"font-kerning: none;\">Gwarancja dotyczy fiolek lub tabletek zakupionych w ci\u0105gu 21 dni od zg\u0142oszenia reklamacji. Aby pokry\u0107 op\u0142aty za wysy\u0142k\u0119, materia\u0142y do wysy\u0142ki, robocizn\u0119 i koszty transakcji, takie jak op\u0142aty za bramk\u0119 p\u0142atnicz\u0105, pobieramy op\u0142at\u0119 w wysoko\u015bci 80 USD.<\/span><\/p>\n<p><span style=\"font-kerning: none;\">Nieotwarte butelki powinny by\u0107 przechowywane w temperaturze 3-8\u00b0 Celsjusza lub w temperaturze pokojowej w przypadku kapsu\u0142ek, z dala od bezpo\u015bredniego \u015bwiat\u0142a s\u0142onecznego, do czasu ich zwrotu do nas.<\/span><\/p>\n<p><span style=\"color: var( --e-global-color-text ); font-weight: var( --e-global-typography-text-font-weight );\">Aby zapobiec nadu\u017cyciom, b\u0119dziemy potrzebowa\u0107 nast\u0119puj\u0105cych dokument\u00f3w (jako minimum) do rozpatrzenia roszczenia:<\/span><\/p>\n<ol>\n<li>Za\u0142\u0105cz raport z diagnozy FIP i badania krwi zwierz\u0119cia w celu potwierdzenia FIP.<\/li>\n<\/ol>\n<ol start=\"2\">\n<li>Dokumentacja historii klinicznej od lekarza weterynarii, kt\u00f3ry leczy\u0142 zwierz\u0119, a tak\u017ce za\u015bwiadczenie lekarskie o \u015bmierci kota z powodu FIP.<\/li>\n<\/ol>\n<ol start=\"3\">\n<li>Datowane rachunki od tego samego weterynarza.<\/li>\n<\/ol>\n<ol start=\"4\">\n<li>Wype\u0142niony formularz zwrotu (do pobrania <a href=\"http:\/\/fipmed.co\/wp-content\/uploads\/2023\/11\/FIPMed_Returns-Form.pdf\">tutaj<\/a>)<\/li>\n<li>Dane bankowe &#8211; p\u0142atno\u015b\u0107 mo\u017ce zosta\u0107 dokonana wy\u0142\u0105cznie na rzecz pacjenta lub lekarza weterynarii prowadz\u0105cego leczenie.<\/li>\n<\/ol>\n<p>Dostarczenie powy\u017cszych dokument\u00f3w na poparcie roszczenia pomo\u017ce nam w niezw\u0142ocznym przetworzeniu i wydaniu zwrotu. Mo\u017cemy skontaktowa\u0107 si\u0119 z Twoim lekarzem weterynarii lub z Tob\u0105, je\u015bli b\u0119dziemy potrzebowa\u0107 wi\u0119cej informacji na poparcie Twojego roszczenia.<\/p>\n<p><span style=\"font-kerning: none;\"> Niezastosowanie si\u0119 do tego wymogu spowoduje brak wyp\u0142aty odszkodowania, chyba \u017ce wyst\u0105pi\u0105 wyj\u0105tkowe okoliczno\u015bci.<\/span><\/p>\n<p><span style=\"font-kerning: none;\"><b>UWAGA:<\/b><\/span><\/p>\n<p><span style=\"font-kerning: none;\">&#8211; Niniejsza gwarancja nie ma zastosowania do zakup\u00f3w dokonanych za po\u015brednictwem jakiegokolwiek programu darowizn.<\/span><\/p>\n<p><span style=\"color: var( --e-global-color-text ); font-weight: var( --e-global-typography-text-font-weight );\">&#8211; Klienci b\u0119d\u0105 odpowiedzialni za koszt wysy\u0142ki zwrotnej, a tak\u017ce za wysy\u0142k\u0119 pocz\u0105tkow\u0105.<\/span><\/p>\n<p><span style=\"font-kerning: none;\">&#8211; Sprawdzimy przedmiot po jego otrzymaniu i poinformujemy, \u017ce otrzymali\u015bmy zwr\u00f3cony przedmiot. Po sprawdzeniu przedmiotu szybko poinformujemy Ci\u0119 o statusie zwrotu.<\/span><\/p>\n<p>&#8211; Prosimy o odczekanie do 14 dni roboczych od momentu otrzymania przez nas produkt\u00f3w w naszym magazynie na zwrot pieni\u0119dzy na konto.<\/p>\n<p>&#8211; Wy\u015blemy Ci wiadomo\u015b\u0107 e-mail po zako\u0144czeniu procesu zwrotu pieni\u0119dzy.<\/p>\n<p><span style=\"font-kerning: none;\">&#8211; Je\u015bli zwrot zostanie zaakceptowany, zainicjujemy zwrot pieni\u0119dzy na kart\u0119 kredytow\u0105 lub konto bankowe. <\/span><\/p>\n<p><span style=\"font-kerning: none;\">&#8211; W zale\u017cno\u015bci od ogranicze\u0144 wydawcy karty, zwrot \u015brodk\u00f3w nast\u0105pi w ci\u0105gu okre\u015blonej liczby dni.<\/span><\/p>\n<p><span style=\"font-kerning: none;\">&#8211; Zwracaj\u0105c przedmiot do nas, ponosisz koszty wysy\u0142ki. Koszt wysy\u0142ki nie podlega zwrotowi.<\/span><\/p>\n<p>&#8211; Nie mo\u017cemy zatwierdzi\u0107 ani zagwarantowa\u0107, \u017ce roszczenie zostanie wyp\u0142acone, dop\u00f3ki nie otrzymamy w pe\u0142ni wype\u0142nionego formularza roszczenia i nie zako\u0144czymy jego oceny.<\/p>\n<p>&#8211; Wszelkie przedmioty, kt\u00f3re nie spe\u0142niaj\u0105 naszych wytycznych dotycz\u0105cych zwrotu lub zwr\u00f3cone bez dowodu zwrotu, nie zostan\u0105 zwr\u00f3cone.<\/p>\n<p><span style=\"font-kerning: none;\">Prosimy o kontakt w przypadku jakichkolwiek pyta\u0144 dotycz\u0105cych sposobu zwrotu zakupionych produkt\u00f3w.<\/span><\/p>\n\t\t\t\t\t\t\t\t<\/div>\n\t\t\t\t<\/div>\n\t\t\t\t\t<\/div>\n\t\t<\/div>\n\t\t\t\t\t<\/div>\n\t\t<\/section>\n\t\t\t\t<\/div>\n\t\t","protected":false},"excerpt":{"rendered":"<p>To jest nasza polityka zwrot\u00f3w FIP. Jeste\u015bmy przekonani o skuteczno\u015bci naszej terapii GS-441524. Je\u015bli nasza terapia GS-441524 nie b\u0119dzie w stanie uchroni\u0107 kota przed FIP, zwr\u00f3cimy 50% za wszystkie niewykorzystane fiolki oraz nieotwarte paski tabletek. Nie mo\u017cemy odsprzeda\u0107 produkt\u00f3w, ale zostan\u0105 one przekazane schroniskom dla kot\u00f3w. Zwracamy uwag\u0119, \u017ce zwrot ten przys\u0142uguje wy\u0142\u0105cznie w\u0142a\u015bcicielowi, kt\u00f3rego [&hellip;]<\/p>\n","protected":false},"author":1,"featured_media":0,"parent":0,"menu_order":0,"comment_status":"closed","ping_status":"closed","template":"","meta":{"_glsr_average":0,"_glsr_ranking":0,"_glsr_reviews":0,"footnotes":""},"categories":[],"tags":[],"_links":{"self":[{"href":"https:\/\/fipmed.co\/pl\/wp-json\/wp\/v2\/pages\/12330"}],"collection":[{"href":"https:\/\/fipmed.co\/pl\/wp-json\/wp\/v2\/pages"}],"about":[{"href":"https:\/\/fipmed.co\/pl\/wp-json\/wp\/v2\/types\/page"}],"author":[{"embeddable":true,"href":"https:\/\/fipmed.co\/pl\/wp-json\/wp\/v2\/users\/1"}],"replies":[{"embeddable":true,"href":"https:\/\/fipmed.co\/pl\/wp-json\/wp\/v2\/comments?post=12330"}],"version-history":[{"count":0,"href":"https:\/\/fipmed.co\/pl\/wp-json\/wp\/v2\/pages\/12330\/revisions"}],"wp:attachment":[{"href":"https:\/\/fipmed.co\/pl\/wp-json\/wp\/v2\/media?parent=12330"}],"wp:term":[{"taxonomy":"category","embeddable":true,"href":"https:\/\/fipmed.co\/pl\/wp-json\/wp\/v2\/categories?post=12330"},{"taxonomy":"post_tag","embeddable":true,"href":"https:\/\/fipmed.co\/pl\/wp-json\/wp\/v2\/tags?post=12330"}],"curies":[{"name":"wp","href":"https:\/\/api.w.org\/{rel}","templated":true}]}}