{"id":14444,"date":"2023-11-20T03:02:35","date_gmt":"2023-11-20T03:02:35","guid":{"rendered":"https:\/\/fipmed.co\/fipmed-cancellation-policy\/"},"modified":"2026-05-06T01:59:22","modified_gmt":"2026-05-06T01:59:22","slug":"fipmed-cancellation-policy","status":"publish","type":"page","link":"https:\/\/fipmed.co\/pl\/fipmed-cancellation-policy\/","title":{"rendered":"Polityka anulowania rezerwacji FIPMed"},"content":{"rendered":"\t\t<div data-elementor-type=\"wp-page\" data-elementor-id=\"14444\" class=\"elementor elementor-14444 elementor-14413\">\n\t\t\t\t\t\t<section class=\"elementor-section elementor-top-section elementor-element elementor-element-c3897a7 elementor-section-boxed elementor-section-height-default elementor-section-height-default\" data-id=\"c3897a7\" data-element_type=\"section\">\n\t\t\t\t\t\t<div class=\"elementor-container elementor-column-gap-default\">\n\t\t\t\t\t<div class=\"elementor-column elementor-col-100 elementor-top-column elementor-element elementor-element-32e3bf0\" data-id=\"32e3bf0\" data-element_type=\"column\">\n\t\t\t<div class=\"elementor-widget-wrap elementor-element-populated\">\n\t\t\t\t\t\t<div class=\"elementor-element elementor-element-c7b81b6 elementor-widget elementor-widget-text-editor\" data-id=\"c7b81b6\" data-element_type=\"widget\" data-widget_type=\"text-editor.default\">\n\t\t\t\t<div class=\"elementor-widget-container\">\n\t\t\t\t\t\t\t\t\t<p>Nasz zesp\u00f3\u0142 dok\u0142ada wszelkich stara\u0144, aby zam\u00f3wienie zosta\u0142o wys\u0142ane tak szybko, jak to mo\u017cliwe. Wynika to z wra\u017cliwo\u015bci czasowej wszystkich naszych produkt\u00f3w i staramy si\u0119, aby wszyscy nasi klienci otrzymali przesy\u0142k\u0119 jak najszybciej. <\/p><p>W zwi\u0105zku z tym wszelkie anulowanie po z\u0142o\u017ceniu zam\u00f3wienia powa\u017cnie zak\u0142\u00f3ca nasz proces.<\/p><p><b>W zwi\u0105zku z tym klienci<\/b>nie s\u0105 uprawnieni do \u017c\u0105dania anulowania zam\u00f3wienia po jego z\u0142o\u017ceniu. Klienci nie b\u0119d\u0105 uprawnieni do jakiegokolwiek procesu anulowania zam\u00f3wienia, a my dostarczymy produkty i zrealizujemy zam\u00f3wienie. Nie b\u0119dzie r\u00f3wnie\u017c zwrotu pieni\u0119dzy, je\u015bli podany zostanie niekompletny adres lub je\u015bli nasza dostawa zostanie utrudniona z powodu jakichkolwiek niekompletnych wymaganych informacji.    <\/p><p>Sk\u0142adaj\u0105c u nas zam\u00f3wienie, u\u017cytkownik potwierdza, \u017ce przeczyta\u0142, zrozumia\u0142 i zaakceptowa\u0142 nasze zasady anulowania zam\u00f3wienia.<\/p><p>W przypadku jakichkolwiek pyta\u0144 lub w\u0105tpliwo\u015bci dotycz\u0105cych naszej polityki op\u0142at za anulowanie, prosimy o kontakt z naszym zespo\u0142em obs\u0142ugi klienta w celu uzyskania pomocy.<\/p><p>Dzi\u0119kujemy za wybranie Fipmed.co. Dzi\u0119kujemy za zrozumienie i wsp\u00f3\u0142prac\u0119. Wszystkiego najlepszego w walce z FIP.   <\/p>\t\t\t\t\t\t\t\t<\/div>\n\t\t\t\t<\/div>\n\t\t\t\t\t<\/div>\n\t\t<\/div>\n\t\t\t\t\t<\/div>\n\t\t<\/section>\n\t\t\t\t<\/div>\n\t\t","protected":false},"excerpt":{"rendered":"<p>Nasz zesp\u00f3\u0142 dok\u0142ada wszelkich stara\u0144, aby zam\u00f3wienie zosta\u0142o wys\u0142ane tak szybko, jak to mo\u017cliwe. Wynika to z wra\u017cliwo\u015bci czasowej wszystkich naszych produkt\u00f3w i staramy si\u0119, aby wszyscy nasi klienci otrzymali przesy\u0142k\u0119 jak najszybciej. W zwi\u0105zku z tym wszelkie anulowanie po z\u0142o\u017ceniu zam\u00f3wienia powa\u017cnie zak\u0142\u00f3ca nasz proces. W zwi\u0105zku z tym kliencinie s\u0105 uprawnieni do \u017c\u0105dania [&hellip;]<\/p>\n","protected":false},"author":1,"featured_media":0,"parent":0,"menu_order":0,"comment_status":"closed","ping_status":"closed","template":"","meta":{"_glsr_average":0,"_glsr_ranking":0,"_glsr_reviews":0,"footnotes":""},"categories":[],"tags":[],"_links":{"self":[{"href":"https:\/\/fipmed.co\/pl\/wp-json\/wp\/v2\/pages\/14444"}],"collection":[{"href":"https:\/\/fipmed.co\/pl\/wp-json\/wp\/v2\/pages"}],"about":[{"href":"https:\/\/fipmed.co\/pl\/wp-json\/wp\/v2\/types\/page"}],"author":[{"embeddable":true,"href":"https:\/\/fipmed.co\/pl\/wp-json\/wp\/v2\/users\/1"}],"replies":[{"embeddable":true,"href":"https:\/\/fipmed.co\/pl\/wp-json\/wp\/v2\/comments?post=14444"}],"version-history":[{"count":2,"href":"https:\/\/fipmed.co\/pl\/wp-json\/wp\/v2\/pages\/14444\/revisions"}],"predecessor-version":[{"id":31854,"href":"https:\/\/fipmed.co\/pl\/wp-json\/wp\/v2\/pages\/14444\/revisions\/31854"}],"wp:attachment":[{"href":"https:\/\/fipmed.co\/pl\/wp-json\/wp\/v2\/media?parent=14444"}],"wp:term":[{"taxonomy":"category","embeddable":true,"href":"https:\/\/fipmed.co\/pl\/wp-json\/wp\/v2\/categories?post=14444"},{"taxonomy":"post_tag","embeddable":true,"href":"https:\/\/fipmed.co\/pl\/wp-json\/wp\/v2\/tags?post=14444"}],"curies":[{"name":"wp","href":"https:\/\/api.w.org\/{rel}","templated":true}]}}