{"id":17091,"date":"2024-03-25T06:01:34","date_gmt":"2024-03-25T06:01:34","guid":{"rendered":"https:\/\/fipmed.co\/8-chorob-podobnych-do-fip-ktore-moga-zostac-mylnie-zwiazane-z-zakaznym-zapaleniem-otrzewnej-fip\/"},"modified":"2024-03-25T06:01:34","modified_gmt":"2024-03-25T06:01:34","slug":"8-chorob-podobnych-do-fip-ktore-moga-zostac-mylnie-zwiazane-z-zakaznym-zapaleniem-otrzewnej-fip","status":"publish","type":"page","link":"https:\/\/fipmed.co\/pl\/8-chorob-podobnych-do-fip-ktore-moga-zostac-mylnie-zwiazane-z-zakaznym-zapaleniem-otrzewnej-fip\/","title":{"rendered":"8 chor\u00f3b podobnych do FIP, kt\u00f3re mog\u0105 by\u0107 mylone z zaka\u017anym zapaleniem otrzewnej kot\u00f3w (FIP)"},"content":{"rendered":"<p><strong>FIP ma bardzo podobne objawy do wielu chor\u00f3b<\/strong><\/p>\n<p>Zdiagnozowanie zaka\u017anego zapalenia otrzewnej kot\u00f3w (FIP) mo\u017ce by\u0107 bardzo trudne, poniewa\u017c wiele jego objaw\u00f3w jest wsp\u00f3lnych z chorobami podobnymi do FIP, kt\u00f3re mog\u0105 by\u0107 mylone z zaka\u017anym zapaleniem otrzewnej kot\u00f3w. Obejmuje to utrat\u0119 masy cia\u0142a, os\u0142abienie, letarg, gor\u0105czk\u0119, anoreksj\u0119 i zmiany oczne.<\/p>\n<p>Ze wzgl\u0119du na podobie\u0144stwo tych schorze\u0144 wa\u017cne jest, aby skonsultowa\u0107 si\u0119 z lekarzem weterynarii w celu postawienia w\u0142a\u015bciwej diagnozy. Ponadto, koronawirus kot\u00f3w (FCoV), kt\u00f3ry zosta\u0142 powi\u0105zany z FIP, jest zwykle wykrywany u kot\u00f3w, nawet tych zdrowych.<\/p>\n<p>Kolejnym wyzwaniem diagnostycznym jest og\u00f3lnoustrojowe dzia\u0142anie wirusa. Mo\u017ce prowadzi\u0107 do stanu zapalnego w ca\u0142ym organizmie i wp\u0142ywa\u0107 na wiele narz\u0105d\u00f3w. Wirus atakuje r\u00f3\u017cne cz\u0119\u015bci uk\u0142adu odporno\u015bciowego kota, w tym tkank\u0119 limfatyczn\u0105, naczynia krwiono\u015bne i kom\u00f3rki w kilku narz\u0105dach. Prowadzi to do og\u00f3lnoustrojowego stanu zapalnego, kt\u00f3ry wp\u0142ywa na wiele obszar\u00f3w cia\u0142a.<\/p>\n<p>To zaj\u0119cie wielu narz\u0105d\u00f3w mo\u017ce powodowa\u0107 wiele oznak i objaw\u00f3w, w tym powi\u0119kszenie w\u0119z\u0142\u00f3w ch\u0142onnych lub brzucha, utrat\u0119 apetytu, obni\u017cony poziom aktywno\u015bci lub gor\u0105czk\u0119, co sprawia, \u017ce dok\u0142adna diagnoza jest niezwykle trudna.<\/p>\n<p>B\u0142\u0119dna diagnoza mo\u017ce skutkowa\u0107 niew\u0142a\u015bciwym leczeniem powoduj\u0105cym dalsze komplikacje zdrowotne. W niekt\u00f3rych przypadkach koty mog\u0105 nawet nie wykazywa\u0107 \u017cadnych objaw\u00f3w klinicznych przed wej\u015bciem w bardziej zaawansowane stadia FIP, dlatego rutynowe badanie fizykalne nie wystarczy do identyfikacji w pocz\u0105tkowych stadiach.<\/p>\n<p>&nbsp;<\/p>\n<p><strong>Wirus FCoV jest obecny prawie u wszystkich kot\u00f3w<\/strong><\/p>\n<p>Koronawirus kot\u00f3w (FCoV) jest powszechnym wirusem wyst\u0119puj\u0105cym u kot\u00f3w na ca\u0142ym \u015bwiecie, chocia\u017c mo\u017ce wyst\u0119powa\u0107 z r\u00f3\u017cn\u0105 cz\u0119stotliwo\u015bci\u0105 w zale\u017cno\u015bci od \u015brodowiska. Szacuje si\u0119, \u017ce nawet 80% kot\u00f3w by\u0142o nara\u017conych na kontakt z FCoV i mo\u017ce by\u0107 nosicielami wirusa, nie wykazuj\u0105c \u017cadnych objaw\u00f3w klinicznych.<\/p>\n<p>Jednak\u017ce, gdy wyst\u0119puje w du\u017cych ilo\u015bciach, mo\u017ce powodowa\u0107 infekcje, takie jak FIP. Dlatego eksperci zgadzaj\u0105 si\u0119, \u017ce uwa\u017cne monitorowanie i \u015bledzenie tego wirusa jest wa\u017cne dla w\u0142a\u015bcicieli wielu kot\u00f3w &#8211; zw\u0142aszcza tych w hodowlach lub schroniskach, gdzie wska\u017anik przenoszenia choroby mo\u017ce szybko sta\u0107 si\u0119 wysoki.<\/p>\n<p>Co wi\u0119cej, dzikie koty s\u0105 r\u00f3wnie\u017c nosicielami FCoV, co sugeruje jego globalne rozprzestrzenianie si\u0119 w wyniku bezpo\u015bredniego kontaktu mi\u0119dzy gatunkami lub zara\u017cenia \u015brodowiskowego z odchod\u00f3w lub zainfekowanych cz\u0105stek py\u0142u \u015bledzonych przez ptaki i ma\u0142e ssaki zamieszkuj\u0105ce podobne terytoria.<\/p>\n<p>&nbsp;<\/p>\n<p><strong>Choroby wsp\u00f3\u0142istniej\u0105ce z FIP s\u0105 r\u00f3wnie\u017c bardzo cz\u0119ste<\/strong><\/p>\n<p>Cz\u0119ste choroby wsp\u00f3\u0142istniej\u0105ce z FIP obejmuj\u0105 toksoplazmoz\u0119, FELV, FIV, FPV, nieswoiste zapalenie jelit, raka, zaka\u017cenie hemotroficzn\u0105 mykoplazm\u0105 kot\u00f3w, ch\u0142oniaka, problemy z sercem i zapalenie w\u0105troby.<\/p>\n<p>Poniewa\u017c FIP mo\u017ce wsp\u00f3\u0142wyst\u0119powa\u0107 z innymi chorobami zaka\u017anymi, dodatkowo komplikuje to wyodr\u0119bnienie dok\u0142adnego wniosku diagnostycznego.<\/p>\n<p>Oto choroby, kt\u00f3re maj\u0105 podobne objawy jak FIP i cz\u0119sto s\u0105 z nim mylone.<\/p>\n<h3><\/h3>\n<h3>Toksoplazmoza<\/h3>\n<p>Toksoplazmoza jest wywo\u0142ywana przez paso\u017cyta Toxoplasma gondii, kt\u00f3ry mo\u017ce zara\u017ca\u0107 zar\u00f3wno ludzi, jak i koty. Wirus ten jest r\u00f3wnie powszechny jak FCoV u kot\u00f3w. Choroba ta mo\u017ce powodowa\u0107 objawy og\u00f3lne, takie jak gor\u0105czka, utrata apetytu i senno\u015b\u0107, kt\u00f3re pojawiaj\u0105 si\u0119 r\u00f3wnie\u017c w FIP. Koty mog\u0105 r\u00f3wnie\u017c wykazywa\u0107 objawy neurologiczne podobne do FIP.<\/p>\n<p>Toksoplazmoza jest cz\u0119sto b\u0142\u0119dnie diagnozowana jako FIP ze wzgl\u0119du na podobie\u0144stwo objaw\u00f3w. Utajona reaktywacja toksoplazmozy u kot\u00f3w mo\u017ce dodatkowo komplikowa\u0107 diagnoz\u0119.<\/p>\n<h3><\/h3>\n<h3>FELV<\/h3>\n<p>Wirus bia\u0142aczki kot\u00f3w jest retrowirusem, kt\u00f3ry mo\u017ce prowadzi\u0107 do os\u0142abienia odporno\u015bci u kot\u00f3w, podczas gdy FIP jest chorob\u0105 immunologiczn\u0105 wywo\u0142ywan\u0105 przez zmutowan\u0105 form\u0119 koronawirusa kot\u00f3w. FeLV mo\u017ce predysponowa\u0107 koty do wielu innych chor\u00f3b, w tym FIP.<\/p>\n<p>W przypadku obu chor\u00f3b wirusy s\u0105 przenoszone w \u015blinie, wydzielinie z nosa, moczu, kale i mleku zara\u017conych kot\u00f3w. Przeniesienie wirusa z kota na kota mo\u017ce nast\u0105pi\u0107 z rany po ugryzieniu, podczas wzajemnej piel\u0119gnacji oraz poprzez wsp\u00f3lne korzystanie z kuwety i naczy\u0144 do karmienia.<\/p>\n<p>Koty zara\u017cone wirusem FeLV mog\u0105 prowadzi\u0107 normalne \u017cycie przez d\u0142u\u017cszy czas. Mediana czasu prze\u017cycia kot\u00f3w po zdiagnozowaniu FeLV wynosi 2,5 roku, podczas gdy FIP post\u0119puje znacznie szybciej bez leczenia.<\/p>\n<h3><\/h3>\n<h3>FIV<\/h3>\n<p>FIV jest wywo\u0142ywany przez wirus niedoboru odporno\u015bci kot\u00f3w, kt\u00f3ry wp\u0142ywa na uk\u0142ad odporno\u015bciowy kota. Jest on pod wieloma wzgl\u0119dami podobny do ludzkiego wirusa HIV.<\/p>\n<p>FIV czyni je bardziej podatnymi na inne infekcje i jest przenoszony g\u0142\u00f3wnie przez ugryzienia i bliski kontakt z zaka\u017conymi kotami. Obie choroby wp\u0142ywaj\u0105 na kota og\u00f3lnoustrojowo. FIV os\u0142abia uk\u0142ad odporno\u015bciowy kot\u00f3w, podczas gdy FIP atakuje organizm poprzez stan zapalny.<\/p>\n<p>Obie choroby s\u0105 r\u00f3wnie\u017c zara\u017aliwe. Podczas gdy FIV nie jest uleczalny, FIP mo\u017cna wyleczy\u0107 za pomoc\u0105 GS441524.<\/p>\n<h3><\/h3>\n<h3>FPV<\/h3>\n<p>Wirus panleukopenii kot\u00f3w (FPV) i zaka\u017ane zapalenie otrzewnej kot\u00f3w (FIP) to choroby wirusowe, kt\u00f3re mog\u0105 dotkn\u0105\u0107 koty. W zwi\u0105zku z tym ich objawy kliniczne r\u00f3wnie\u017c mog\u0105 by\u0107 podobne.<\/p>\n<p>Objawy zwi\u0105zane z zaka\u017ceniem FPV mog\u0105 obejmowa\u0107 gor\u0105czk\u0119, letarg, wymioty lub biegunk\u0119, podobnie jak w przypadku FIP. Jednak spos\u00f3b przenoszenia ka\u017cdego wirusa jest inny.<\/p>\n<p>FPV mo\u017ce by\u0107 przenoszony tylko poprzez kontakt z zanieczyszczonym ka\u0142em, podczas gdy infekcje zwi\u0105zane z FIP wydaj\u0105 si\u0119 wymaga\u0107 bezpo\u015bredniego kontaktu mi\u0119dzy kotami lub po\u015bredniego przenoszenia przez \u015bci\u00f3\u0142k\u0119 lub naczynia z jedzeniem.<\/p>\n<h3><\/h3>\n<h3>Choroba zapalna jelit<\/h3>\n<p>Nieswoiste zapalenie jelit (IBD) i FIP to powa\u017cne choroby kot\u00f3w, kt\u00f3re mog\u0105 mie\u0107 podobne objawy, ale r\u00f3\u017cni\u0105 si\u0119 pod wzgl\u0119dem przyczyny, diagnozy i leczenia.<\/p>\n<p>IBD jest przewlek\u0142ym schorzeniem z zapaleniem przewodu pokarmowego spowodowanym procesem immunologicznym. Powoduje zaburzenia wch\u0142aniania, wymioty, biegunk\u0119 i utrat\u0119 masy cia\u0142a z powodu uszkodzenia lub podra\u017cnienia wy\u015bci\u00f3\u0142ki jelita cienkiego.<\/p>\n<p>Z drugiej strony, FIP jest spowodowany zaka\u017ceniem niekt\u00f3rymi szczepami koronawirusa kot\u00f3w, takimi jak FeCV. FIP powoduje r\u00f3wnie\u017c problemy trawienne w obr\u0119bie jelit, wywo\u0142uj\u0105c objawy podobne do IBD.<\/p>\n<h3><\/h3>\n<h3>Rak<\/h3>\n<p>Rak u kot\u00f3w jest spowodowany niekontrolowanym wzrostem nieprawid\u0142owych kom\u00f3rek, w przeciwie\u0144stwie do FIP, kt\u00f3ry jest spowodowany mutacj\u0105 kociego koronawirusa. Objawy raka mog\u0105 si\u0119 r\u00f3\u017cni\u0107 w zale\u017cno\u015bci od typu i mog\u0105 powodowa\u0107 widoczne guzki, zmiany lub wydzieliny; podczas gdy FIP wp\u0142ywa na wiele cz\u0119\u015bci z powodu stanu zapalnego w ca\u0142ym ciele, powoduj\u0105c anoreksj\u0119, gor\u0105czk\u0119, problemy z oddychaniem i gromadzenie si\u0119 p\u0142yn\u00f3w w niekt\u00f3rych przypadkach.<\/p>\n<h3><\/h3>\n<h3>Hemotroficzna mykoplazmoza kot\u00f3w<\/h3>\n<p>Hemotroficzna mykoplazmoza kot\u00f3w (FHM) i FIP to dwie choroby, kt\u00f3re dotykaj\u0105 koty w podobnych warunkach. Oba mog\u0105 powodowa\u0107 stan zapalny w organizmie, prowadz\u0105c do os\u0142abienia, utraty wagi, gor\u0105czki, \u017c\u00f3\u0142taczki, odwodnienia i og\u00f3lnego z\u0142ego samopoczucia.<\/p>\n<p>Jednak FIP jest spowodowany infekcj\u0105 kocim koronawirusem znanym jako FCoV, podczas gdy FHM jest wynikiem zaka\u017anej bakterii znanej jako mykoplazma, kt\u00f3ra naturalnie wyst\u0119puje w gard\u0142ach wielu kot\u00f3w.<\/p>\n<h3><\/h3>\n<h3>Ch\u0142oniak<\/h3>\n<p>Ch\u0142oniak i FIP to dwie choroby powszechnie wyst\u0119puj\u0105ce u kot\u00f3w, kt\u00f3re mog\u0105 mie\u0107 bardzo podobne objawy, powoduj\u0105c zapalenie wielu cz\u0119\u015bci cia\u0142a.<\/p>\n<p>Ch\u0142oniak jest rodzajem nowotworu wywodz\u0105cego si\u0119 z uk\u0142adu limfatycznego spowodowanego z\u0142o\u015bliw\u0105 mutacj\u0105, podczas gdy FIP jest chorob\u0105 immunologiczn\u0105 zwi\u0105zan\u0105 z koronawirusem prowadz\u0105c\u0105 do nieszczelno\u015bci b\u0142ony otrzewnej.<\/p>\n<p>Metody leczenia r\u00f3\u017cni\u0105 si\u0119 znacznie w zale\u017cno\u015bci od tego, czy jest to ch\u0142oniak czy FIP.<\/p>\n<h3><\/h3>\n<h3>Problemy z sercem<\/h3>\n<p>Je\u015bli chodzi o koty, zdrowie serca nie powinno by\u0107 ignorowane, poniewa\u017c zwierz\u0119ta te mog\u0105 cierpie\u0107 na wiele chor\u00f3b uk\u0142adu kr\u0105\u017cenia. Poniewa\u017c FIP zazwyczaj powoduje og\u00f3lnoustrojowy stan zapalny w organizmie, mo\u017ce po\u015brednio wp\u0142ywa\u0107 na serce, podobnie jak inne choroby serca, takie jak kardiomiopatia przerostowa lub zastoinowa niewydolno\u015b\u0107 serca.<\/p>\n<p>Wa\u017cne jest, aby zdawa\u0107 sobie spraw\u0119, \u017ce chocia\u017c obie choroby maj\u0105 pewne wsp\u00f3lne objawy &#8211; w tym utrat\u0119 apetytu, utrat\u0119 masy cia\u0142a i gor\u0105czk\u0119 &#8211; ich dzia\u0142anie jest na tyle r\u00f3\u017cne, \u017ce wymagaj\u0105 r\u00f3\u017cnych test\u00f3w diagnostycznych w celu zapewnienia ostatecznej diagnozy dla obu schorze\u0144.<\/p>\n<p>W przypadku potencjalnych problem\u00f3w z sercem konieczne mo\u017ce by\u0107 r\u00f3wnie\u017c wykonanie szeregu dodatkowych bada\u0144, w tym radiografii i elektrokardiogramu.<\/p>\n<h3><\/h3>\n<h3>Zapalenie w\u0105troby<\/h3>\n<p>Zapalenie w\u0105troby jest naturalnym mechanizmem obronnym organizmu przed chorobami i wirusami, kt\u00f3re mog\u0105 prowadzi\u0107 do d\u0142ugotrwa\u0142ych powik\u0142a\u0144.<\/p>\n<p>Wa\u017cne jest, aby w\u0142a\u015bciciele kot\u00f3w byli \u015bwiadomi, \u017ce zapalenie w\u0105troby r\u00f3\u017cni si\u0119 od FIP, poniewa\u017c cz\u0119sto wyst\u0119puj\u0105 podobne objawy, w tym s\u0142aby apetyt, letarg, \u017c\u00f3\u0142taczka i obni\u017cony poziom energii.<\/p>\n<p>FIP prowadzi r\u00f3wnie\u017c do zapalenia w\u0105troby, a tak\u017ce powoduje problemy z w\u0105trob\u0105. Zbyt \u0142atwo jest my\u015ble\u0107, \u017ce to tylko problem z w\u0105trob\u0105, podczas gdy tak nie jest.<\/p>\n<h3><\/h3>\n<h3>Bakteryjne zapalenie otrzewnej<\/h3>\n<p>Podobnie jak FIP, bakteryjne zapalenie otrzewnej jest powa\u017cn\u0105 i potencjalnie zagra\u017caj\u0105c\u0105 \u017cyciu chorob\u0105 u kot\u00f3w. Jest to zapalenie wy\u015bci\u00f3\u0142ki jamy brzusznej wywo\u0142ane przez bakterie, z objawami, kt\u00f3re mog\u0105 by\u0107 bardzo podobne do FIP, w zale\u017cno\u015bci od stopnia zaawansowania choroby.<\/p>\n<p>Bakteryjne zapalenie otrzewnej jest najcz\u0119\u015bciej wywo\u0142ywane przez bakterie jelitowe, takie jak E. coli lub salmonella, przedostaj\u0105ce si\u0119 do jelit lub krwiobiegu z powodu raka, choroby w\u0105troby, uszkodzenia warstw ochronnych w organizmie, takich jak te spowodowane urazami (np. wypadkami samochodowymi), paso\u017cyt\u00f3w, problem\u00f3w \u017cywieniowych, takich jak alergie lub nietolerancja pokarmowa oraz innych infekcji wirusami (w tym wirusem niedoboru odporno\u015bci kot\u00f3w), kt\u00f3re mog\u0142y wcze\u015bniej os\u0142abi\u0107 uk\u0142ad odporno\u015bciowy kot\u00f3w.<\/p>\n<h3><\/h3>\n<h3>Bakteryjne zapalenie op\u0142ucnej<\/h3>\n<p>Bakteryjne zapalenie op\u0142ucnej to infekcja op\u0142ucnej, kt\u00f3ra jest cienk\u0105 warstw\u0105 tkanki tworz\u0105c\u0105 worek wok\u00f3\u0142 ka\u017cdego p\u0142uca. Mo\u017ce wywo\u0142ywa\u0107 objawy podobne do FIP. Obie choroby powoduj\u0105 kaszel, trudno\u015bci w oddychaniu, a nawet zapa\u015b\u0107, je\u015bli nie s\u0105 leczone.<\/p>\n<p>Jednak\u017ce, podczas gdy FIP zazwyczaj prowadzi do zapalenia wielu narz\u0105d\u00f3w jednocze\u015bnie, bakteryjne zapalenie op\u0142ucnej jest szczeg\u00f3lnie ukierunkowane na dolne drogi oddechowe i mo\u017ce by\u0107 wysoce zlokalizowane, chocia\u017c wymaga szybkiego leczenia ze wzgl\u0119du na sw\u00f3j agresywny charakter.<\/p>\n<p>Diagnoza tego zaka\u017cenia zwykle obejmuje pobranie pr\u00f3bki p\u0142ynu z miejsca, w kt\u00f3rym p\u0142uca stykaj\u0105 si\u0119 z jamami cia\u0142a lub badanie pr\u00f3bek tkanek pobranych podczas operacji.<\/p>\n<p>Leczenie bakteryjnego zapalenia op\u0142ucnej cz\u0119sto sk\u0142ada si\u0119 z antybiotyk\u00f3w podawanych do\u017cylnie, je\u015bli to mo\u017cliwe, a tak\u017ce dodatkowej tlenoterapii i innych metod leczenia wspomagaj\u0105cego w zale\u017cno\u015bci od ci\u0119\u017cko\u015bci stanu pacjenta.<\/p>\n<h3><\/h3>\n<h3>Kryptokokoza<\/h3>\n<p>Kryptokokoza lub choroba kryptokokowa to infekcja grzybicza wywo\u0142ywana przez grzyby z gatunku Cryptococcus neoformans, kt\u00f3re mo\u017cna znale\u017a\u0107 w glebie i ptasich odchodach. Objawy obu chor\u00f3b s\u0105 do\u015b\u0107 podobne, w tym utrata masy cia\u0142a, gor\u0105czka, anoreksja i letarg.<\/p>\n<p>W przypadku kryptokokozy mog\u0105 r\u00f3wnie\u017c wyst\u0105pi\u0107 objawy neurologiczne, takie jak przechylenie g\u0142owy i ataksja.<\/p>\n","protected":false},"excerpt":{"rendered":"<p>FIP ma bardzo podobne objawy do wielu chor\u00f3b Zdiagnozowanie zaka\u017anego zapalenia otrzewnej kot\u00f3w (FIP) mo\u017ce by\u0107 bardzo trudne, poniewa\u017c wiele jego objaw\u00f3w jest wsp\u00f3lnych z chorobami podobnymi do FIP, kt\u00f3re mog\u0105 by\u0107 mylone z zaka\u017anym zapaleniem otrzewnej kot\u00f3w. Obejmuje to utrat\u0119 masy cia\u0142a, os\u0142abienie, letarg, gor\u0105czk\u0119, anoreksj\u0119 i zmiany oczne. Ze wzgl\u0119du na podobie\u0144stwo tych [&hellip;]<\/p>\n","protected":false},"author":1,"featured_media":16811,"parent":0,"menu_order":0,"comment_status":"closed","ping_status":"closed","template":"","meta":{"_glsr_average":0,"_glsr_ranking":0,"_glsr_reviews":0,"footnotes":""},"categories":[681],"tags":[],"_links":{"self":[{"href":"https:\/\/fipmed.co\/pl\/wp-json\/wp\/v2\/pages\/17091"}],"collection":[{"href":"https:\/\/fipmed.co\/pl\/wp-json\/wp\/v2\/pages"}],"about":[{"href":"https:\/\/fipmed.co\/pl\/wp-json\/wp\/v2\/types\/page"}],"author":[{"embeddable":true,"href":"https:\/\/fipmed.co\/pl\/wp-json\/wp\/v2\/users\/1"}],"replies":[{"embeddable":true,"href":"https:\/\/fipmed.co\/pl\/wp-json\/wp\/v2\/comments?post=17091"}],"version-history":[{"count":0,"href":"https:\/\/fipmed.co\/pl\/wp-json\/wp\/v2\/pages\/17091\/revisions"}],"wp:featuredmedia":[{"embeddable":true,"href":"https:\/\/fipmed.co\/pl\/wp-json\/wp\/v2\/media\/16811"}],"wp:attachment":[{"href":"https:\/\/fipmed.co\/pl\/wp-json\/wp\/v2\/media?parent=17091"}],"wp:term":[{"taxonomy":"category","embeddable":true,"href":"https:\/\/fipmed.co\/pl\/wp-json\/wp\/v2\/categories?post=17091"},{"taxonomy":"post_tag","embeddable":true,"href":"https:\/\/fipmed.co\/pl\/wp-json\/wp\/v2\/tags?post=17091"}],"curies":[{"name":"wp","href":"https:\/\/api.w.org\/{rel}","templated":true}]}}