{"id":17114,"date":"2024-03-25T07:19:57","date_gmt":"2024-03-25T07:19:57","guid":{"rendered":"https:\/\/fipmed.co\/objawy-fip-u-kotow-w-zaleznosci-od-rodzaju-fip\/"},"modified":"2024-03-25T07:19:57","modified_gmt":"2024-03-25T07:19:57","slug":"objawy-fip-u-kotow-w-zaleznosci-od-rodzaju-fip","status":"publish","type":"page","link":"https:\/\/fipmed.co\/pl\/objawy-fip-u-kotow-w-zaleznosci-od-rodzaju-fip\/","title":{"rendered":"Objawy FIP u kot\u00f3w w zale\u017cno\u015bci od rodzaju FIP"},"content":{"rendered":"<p>M\u0105drze jest, gdy patrzymy na objawy FIP u kot\u00f3w w oparciu o typy FIP. S\u0105 one uwzgl\u0119dnione w celu dok\u0142adniejszej diagnozy. Znajomo\u015b\u0107 typu FIP mo\u017ce pom\u00f3c przewidzie\u0107 jego nasilenie, a tak\u017ce wszystkie r\u00f3\u017cne formy FIP, kt\u00f3re mog\u0105 wyst\u0105pi\u0107, aby nie przegapi\u0107 \u017cadnych objaw\u00f3w.<\/p>\n<p>&nbsp;<\/p>\n<h1><strong>Objawy kliniczne nieefektywnego suchego FIP<\/strong><\/h1>\n<p>Typowe objawy tej postaci FIP obejmuj\u0105 letarg, gor\u0105czk\u0119, anoreksj\u0119, utrat\u0119 masy cia\u0142a i \u017c\u00f3\u0142taczk\u0119.<\/p>\n<p>&nbsp;<\/p>\n<h2><strong>Letarg<\/strong><strong> <\/strong><\/h2>\n<p>Letarg jest powszechnie zg\u0142aszany jako jeden z objaw\u00f3w klinicznych zwi\u0105zanych z zaka\u017anym zapaleniem otrzewnej kot\u00f3w. Mo\u017ce pojawia\u0107 si\u0119 u kot\u00f3w w spos\u00f3b nieefektywny, nieefektywny lub oczny i mo\u017ce by\u0107 oznak\u0105, \u017ce dzieje si\u0119 co\u015b powa\u017cniejszego.<\/p>\n<p>Wiele kot\u00f3w wykazuje ten objaw apatii, zanim pojawi\u0105 si\u0119 jakiekolwiek inne objawy, co wskazuje, dlaczego wa\u017cne jest, aby obserwowa\u0107 letarg tak szybko, jak to mo\u017cliwe, zanim rozwin\u0105 si\u0119 inne zaawansowane stadia.<\/p>\n<p>Jednym z objaw\u00f3w wyst\u0119puj\u0105cych w wi\u0119kszo\u015bci przypadk\u00f3w jest nadmierne zm\u0119czenie lub apatia, kt\u00f3re mog\u0105 wi\u0105za\u0107 si\u0119 z pozostawaniem w bezruchu przez d\u0142ugi czas lub przed\u0142u\u017conym snem poza regularnymi nawykami.<\/p>\n<p>Ten brak energii w aktywno\u015bci kota mo\u017ce ostatecznie doprowadzi\u0107 do utraty wagi pomimo zwi\u0119kszonego apetytu z powodu jego os\u0142abienia &#8211; to jeszcze bardziej ograniczy poziom jego aktywno\u015bci, prowadz\u0105c z czasem do wi\u0119kszego zm\u0119czenia.<\/p>\n<p>Innym cz\u0119stym wska\u017anikiem FIP s\u0105 zmiany w zachowaniu, takie jak stawanie si\u0119 antyspo\u0142ecznym poprzez ca\u0142kowite unikanie ludzi (nawet je\u015bli wcze\u015bniej byli przyja\u017ani).<\/p>\n<p>&nbsp;<\/p>\n<h2><strong>Gor\u0105czka<\/strong><\/h2>\n<p>Gor\u0105czka jest cz\u0119stym objawem klinicznym zwi\u0105zanym z FIP, jednak jest niespecyficzna i mo\u017ce wyst\u0119powa\u0107 u kot\u00f3w cierpi\u0105cych na r\u00f3\u017cne choroby. Nale\u017cy pami\u0119ta\u0107, \u017ce gor\u0105czka mo\u017ce by\u0107 jedynym objawem klinicznym wyst\u0119puj\u0105cym u kot\u00f3w z nieefektywnym suchym FIP, co czyni j\u0105 wa\u017cnym objawem, kt\u00f3ry lekarze weterynarii powinni wzi\u0105\u0107 pod uwag\u0119 podczas oceny kot\u00f3w pod k\u0105tem tej choroby.<\/p>\n<p>Gdy u kota wyst\u0105pi gor\u0105czka wywo\u0142ana przez FIP, choroba szybko post\u0119puje i prawie zawsze ko\u0144czy si\u0119 \u015bmierci\u0105. Zdiagnozowanie FIP mo\u017ce by\u0107 r\u00f3wnie\u017c trudne ze wzgl\u0119du na jego niejasne objawy, poniewa\u017c wiele innych chor\u00f3b ma podobne objawy, w tym infekcje dr\u00f3g oddechowych i zaburzenia zapalne.<\/p>\n<p>&nbsp;<\/p>\n<h2><strong>Anoreksja<\/strong><\/h2>\n<p>Anoreksja jest powszechnie uznawana za jeden z niespecyficznych i niezlokalizowanych objaw\u00f3w FIP obserwowanych u kot\u00f3w. Anoreksja odnosi si\u0119 do braku lub utraty apetytu, kt\u00f3ra mo\u017ce wynika\u0107 ze zmniejszonego pop\u0119du do jedzenia z powodu b\u00f3lu, choroby lub urazu.<\/p>\n<p>Koty z FIP cierpi\u0105 na s\u0142aby apetyt i rozwijaj\u0105 anemi\u0119 z powodu wynikaj\u0105cych z tego niedobor\u00f3w sk\u0142adnik\u00f3w od\u017cywczych, kt\u00f3re wp\u0142ywaj\u0105 na ich og\u00f3lny stan zdrowia i utrudniaj\u0105 normalne funkcjonowanie. Objawy takie jak apatia, letarg, utrata masy cia\u0142a i gor\u0105czka cz\u0119sto towarzysz\u0105 anoreksji u kot\u00f3w do\u015bwiadczaj\u0105cych zagra\u017caj\u0105cego \u017cyciu wirusa, takiego jak FIP.<\/p>\n<p>&nbsp;<\/p>\n<h2><strong>Utrata masy cia\u0142a<\/strong><\/h2>\n<p>Utrata masy cia\u0142a jest cz\u0119stym objawem klinicznym FIP, szczeg\u00f3lnie w przypadkach suchego FIP. Objawy zwi\u0105zane z utrat\u0105 masy cia\u0142a mog\u0105 si\u0119 r\u00f3\u017cni\u0107 w zale\u017cno\u015bci od stopnia zaawansowania choroby. Wczesne objawy mog\u0105 obejmowa\u0107 zmniejszone spo\u017cycie pokarmu i wolniejsze ni\u017c normalnie tempo wzrostu, podczas gdy bardziej zaawansowane stadia mog\u0105 obejmowa\u0107 znaczny spadek masy cia\u0142a w kr\u00f3tkim czasie, a tak\u017ce obni\u017cony poziom energii i zanik mi\u0119\u015bni.<\/p>\n<p>Obecno\u015b\u0107 niewyja\u015bnionej lub szybkiej utraty masy cia\u0142a nie powinna by\u0107 ignorowana, je\u015bli chodzi o koty wykazuj\u0105ce objawy zgodne z FIP. Je\u015bli tw\u00f3j kot wydaje si\u0119 chudszy ni\u017c zwykle bez wyja\u015bnienia lub wydaje si\u0119 traci\u0107 nadmiern\u0105 ilo\u015b\u0107 sier\u015bci bez wyra\u017anego powodu, wa\u017cne jest, aby natychmiast zwr\u00f3ci\u0107 si\u0119 o profesjonaln\u0105 pomoc weterynaryjn\u0105.<\/p>\n<p>&nbsp;<\/p>\n<h2><strong>\u017b\u00f3\u0142taczka<\/strong><\/h2>\n<p>\u017b\u00f3\u0142taczka jest objawem obserwowanym u kot\u00f3w z FIP, zwykle wraz z innymi objawami niewydolno\u015bci w\u0105troby lub hepatomegalii (powi\u0119kszonej w\u0105troby), takimi jak letarg i utrata masy cia\u0142a. Podczas badania fizykalnego sk\u00f3ra kota mo\u017ce mie\u0107 \u017c\u00f3\u0142tawy kolor, kt\u00f3ry mo\u017ce by\u0107 szczeg\u00f3lnie widoczny na brzuchu i oczach.<\/p>\n<p>W niekt\u00f3rych przypadkach \u017c\u00f3\u0142taczka mo\u017ce obejmowa\u0107 ca\u0142e cia\u0142o kota. \u017b\u00f3\u0142taczka wynika ze wzrostu poziomu bilirubiny (cz\u0105steczek barwnika uwalnianych do kr\u0105\u017cenia przez czerwone krwinki, kt\u00f3re uleg\u0142y rozpadowi), co prowadzi do jej p\u00f3\u017aniejszej akumulacji.<\/p>\n<p>Wskazuje na zaburzenie gdzie\u015b w obr\u0119bie dr\u00f3g \u017c\u00f3\u0142ciowych, kt\u00f3re obejmuje p\u0119cherzyk \u017c\u00f3\u0142ciowy i po\u0142\u0105czone struktury mi\u0119dzy w\u0105trob\u0105 a jelitami cienkimi niezb\u0119dne do trawienia.<\/p>\n<p>&nbsp;<\/p>\n<h1><strong>Objawy kliniczne wysi\u0119kowego mokrego FIP<\/strong><\/h1>\n<p>Obrz\u0119k klatki piersiowej, jamy brzusznej i moszny to tylko niekt\u00f3re z objaw\u00f3w zwi\u0105zanych z wysi\u0119kowym mokrym FIP.<\/p>\n<p>&nbsp;<\/p>\n<h2><strong>Obrz\u0119k klatki piersiowej<\/strong><\/h2>\n<p>Obrz\u0119k klatki piersiowej jest objawem klinicznym zwi\u0105zanym z wysi\u0119kowym mokrym FIP, w kt\u00f3rym dochodzi do gromadzenia si\u0119 p\u0142ynu w klatce piersiowej. Mo\u017ce to prowadzi\u0107 do trudno\u015bci w oddychaniu i wp\u0142ywa\u0107 na normalne funkcjonowanie narz\u0105d\u00f3w, takich jak t\u0119tno, regulacja temperatury i wymiana gazowa.<\/p>\n<p>Dlatego jest to jeden z wysi\u0119k\u00f3w, kt\u00f3ry zalecamy usun\u0105\u0107, je\u015bli to mo\u017cliwe.<\/p>\n<p>Obrz\u0119k klatki piersiowej wskazuje na zaawansowane stadium FIP i zwykle objawia si\u0119 zwi\u0119kszeniem cz\u0119sto\u015bci oddech\u00f3w lub bulgotaniem podczas oddychania kota. Je\u015bli obrz\u0119k klatki piersiowej wyst\u0119puje przez d\u0142u\u017cszy czas, mo\u017ce prowadzi\u0107 do zwi\u0119kszonego nacisku na narz\u0105dy wewn\u0119trzne, powoduj\u0105c ich niedo\u017cywienie z powodu zmniejszonego przep\u0142ywu krwi i dop\u0142ywu tlenu.<\/p>\n<p>Dodatkowo, nieleczony uporczywy obrz\u0119k klatki piersiowej mo\u017ce spowodowa\u0107 trwa\u0142e uszkodzenie wa\u017cnych narz\u0105d\u00f3w, ostatecznie prowadz\u0105c do \u015bmierci, je\u015bli pozostanie niekontrolowany przez d\u0142u\u017cszy czas.<\/p>\n<p>&nbsp;<\/p>\n<h2><strong>Obrz\u0119k brzucha<\/strong><\/h2>\n<p>Obrz\u0119k brzucha jest r\u00f3wnie\u017c objawem klinicznym zwi\u0105zanym z wysi\u0119kowym FIP. Ta forma FIP charakteryzuje si\u0119 rozwojem p\u0142ynu w jamie brzusznej, znanego r\u00f3wnie\u017c jako wysi\u0119k brzuszny.<\/p>\n<p>Uk\u0142ad pokarmowy i jego narz\u0105dy zostaj\u0105 otoczone przez ten dodatkowy, nieprawid\u0142owy p\u0142yn. Radiografia, ultrasonografia i abdominocenteza to procedury diagnostyczne stosowane w celu ustalenia, czy u kot\u00f3w z podejrzeniem FIP wyst\u0105pi\u0142 wysi\u0119k w jamie brzusznej.<\/p>\n<p>Ponadto analiza p\u0142yn\u00f3w mo\u017ce dostarczy\u0107 wysoce orientacyjnych wynik\u00f3w w celu dok\u0142adnego zdiagnozowania wysi\u0119ku w jamie brzusznej spowodowanego FIP.<\/p>\n<p>Obrz\u0119k brzucha jest mniej gro\u017any dla kota, cho\u0107 mo\u017ce powodowa\u0107 dyskomfort. Je\u015bli zdecydujesz si\u0119 na drena\u017c tego wysi\u0119ku, zdecyduj si\u0119 na drena\u017c nie wi\u0119cej ni\u017c 30% p\u0142ynu.<\/p>\n<p>&nbsp;<\/p>\n<h2><strong>Obrz\u0119k moszny<\/strong><\/h2>\n<p>Obrz\u0119k moszny u kocur\u00f3w mo\u017ce by\u0107 rozpoznany przez w\u0142a\u015bcicieli zwierz\u0105t domowych w przypadku niewyja\u015bnionej zmiany rozmiaru moszny, zw\u0142aszcza je\u015bli pojawia si\u0119 szybko lub towarzysz\u0105 mu inne objawy, takie jak letarg i gor\u0105czka.<\/p>\n<p>Ta forma FIP najcz\u0119\u015bciej dotyka m\u0142ode koty i ma szybki pocz\u0105tek z objawami takimi jak nagromadzenie p\u0142ynu w jamie brzusznej, powi\u0119kszenie klatki piersiowej, utrata masy cia\u0142a, \u017c\u00f3\u0142taczka i utrzymuj\u0105ca si\u0119 wysoka gor\u0105czka.<\/p>\n<p>Obrz\u0119k moszny jest jednym z g\u0142\u00f3wnych objaw\u00f3w klinicznych, kt\u00f3re lekarze weterynarii wykorzystuj\u0105 do wczesnego rozpoznania tej choroby, zwykle przed pojawieniem si\u0119 innych objaw\u00f3w.<\/p>\n<p>&nbsp;<\/p>\n<h1><strong>Objawy kliniczne ocznego FIP<\/strong><\/h1>\n<p>Nale\u017cy zwraca\u0107 uwag\u0119 na oznaki FIP, takie jak odbarwienie t\u0119cz\u00f3wki, utrata wzroku, zgrubienie rog\u00f3wki i hipopyon.<\/p>\n<p>&nbsp;<\/p>\n<h2><strong>Przebarwienia t\u0119cz\u00f3wki<\/strong><\/h2>\n<p>Odbarwienie t\u0119cz\u00f3wki jest objawem klinicznym, kt\u00f3ry mo\u017ce wskazywa\u0107 na oczn\u0105 posta\u0107 FIP. Zazwyczaj objawia si\u0119 zmian\u0105 koloru t\u0119cz\u00f3wki, nieprawid\u0142owym zm\u0119tnieniem oka lub pojawieniem si\u0119 k\u0142aczk\u00f3w (bia\u0142ych plamek) w obszarze \u017arenicy z powodu stanu zapalnego spowodowanego infekcj\u0105 wywo\u0142an\u0105 wirusem FIP.<\/p>\n<p>Pogrubienie rog\u00f3wki i hipopyon mog\u0105 r\u00f3wnie\u017c towarzyszy\u0107 temu objawowi, kt\u00f3ry zwykle, je\u015bli nie jest leczony, mo\u017ce ostatecznie prowadzi\u0107 do trwa\u0142ej utraty wzroku. Wczesne wykrycie i zdiagnozowanie tego stanu jest wa\u017cne, aby rozpocz\u0105\u0107 szybkie leczenie \u015brodkami przeciwpierwotniakowymi, takimi jak chloramfenikol i tiamfenikol, w celu zmniejszenia dalszego ryzyka z nim zwi\u0105zanego.<\/p>\n<p>&nbsp;<\/p>\n<h2><strong>Utrata wzroku<\/strong><\/h2>\n<p>Utrata wzroku jest jedn\u0105 z najbardziej zauwa\u017calnych oznak, \u017ce kot mo\u017ce mie\u0107 oczny FIP. Jest to zaawansowany objaw, kt\u00f3ry mo\u017ce wskazywa\u0107, \u017ce u zwierz\u0119cia uaktywni\u0142a si\u0119 ju\u017c powa\u017cniejsza forma wirusa.<\/p>\n<p>Pyogranulomatous anterior uveitis (zapalenie) jest jedn\u0105 z takich manifestacji, kt\u00f3ra daje objawy takie jak Handlight Sign (\u017c\u00f3\u0142tawe rozproszenie, gdy oczy s\u0105 wystawione na dzia\u0142anie skupionej wi\u0105zki \u015bwiat\u0142a, takiej jak \u015bwiat\u0142o latarki).<\/p>\n<p>Zesp\u00f3\u0142 ten wi\u0105\u017ce si\u0119 ze znacznym pogorszeniem wzroku wraz z niewystarczaj\u0105cym nap\u0142ywem \/ odp\u0142ywem struktur torbielowatych i zmianami w t\u0119cz\u00f3wce powoduj\u0105cymi zniszczenie r\u00f3wnie\u017c w jamie oczodo\u0142u, je\u015bli nie jest leczone przez d\u0142ugi czas.<\/p>\n<p>&nbsp;<\/p>\n<h2><strong>Pogrubienie rog\u00f3wki<\/strong><\/h2>\n<p>Stan ten wyst\u0119puje, gdy zewn\u0119trzna cz\u0119\u015b\u0107 oka, znana jako rog\u00f3wka, staje si\u0119 grubsza ni\u017c normalnie z powodu stanu zapalnego.<\/p>\n<p>U kot\u00f3w mo\u017ce to by\u0107 spowodowane przez wirusy lub bakterie i mo\u017ce min\u0105\u0107 kilka tygodni, zanim jego skutki stan\u0105 si\u0119 zauwa\u017calne. Zwykle objaw ten jest \u0142atwiejszy do zidentyfikowania, je\u015bli jednocze\u015bnie wyst\u0119puj\u0105 inne objawy, takie jak zm\u0119tnienie widzenia lub b\u00f3l.<\/p>\n<p>Kot do\u015bwiadczaj\u0105cy zgrubienia rog\u00f3wki mo\u017ce mie\u0107 trudno\u015bci z wyra\u017anym widzeniem i mo\u017ce odczuwa\u0107 pewien dyskomfort lub b\u00f3l z powodu pogorszenia jako\u015bci widzenia.<\/p>\n<p>&nbsp;<\/p>\n<h2><strong>Hypopyon<\/strong><\/h2>\n<p>Hypopyon to termin medyczny u\u017cywany do opisania nagromadzenia bia\u0142ych krwinek u podstawy rog\u00f3wki, kt\u00f3re cz\u0119sto pojawia si\u0119, gdy zapalenie lub infekcja wp\u0142ywa na oko. Najcz\u0119\u015bciej wi\u0105\u017ce si\u0119 z zapaleniem b\u0142ony naczyniowej oka, stanem zapalnym wewn\u0105trz oka, kt\u00f3ry wyst\u0119puje w wyniku FIP u kot\u00f3w.<\/p>\n<p>Hypopyon jest spowodowany przez leukocyty (bia\u0142e krwinki) przedostaj\u0105ce si\u0119 przez t\u0119cz\u00f3wk\u0119 i gromadz\u0105ce si\u0119 w wewn\u0119trznej komorze oka. Prowadzi to nast\u0119pnie do bezpo\u015brednich obserwacji podczas badania fizykalnego, takich jak widoczne zm\u0119tnienie w jednej lub kilku cz\u0119\u015bciach ga\u0142ki ocznej lub zmiany \u017arenic podczas test\u00f3w ekspozycji na \u015bwiat\u0142o przeprowadzanych przez lekarzy weterynarii.<\/p>\n<p>&nbsp;<\/p>\n<h2><strong>Odwarstwienie siatk\u00f3wki<\/strong><\/h2>\n<p>Jest to stan, kt\u00f3ry wyst\u0119puje, gdy siatk\u00f3wka odrywa si\u0119 od le\u017c\u0105cej pod ni\u0105 tkanki podtrzymuj\u0105cej i dop\u0142ywu krwi. Mo\u017ce to by\u0107 spowodowane wieloma schorzeniami, takimi jak wysokie ci\u015bnienie krwi, nadczynno\u015b\u0107 tarczycy lub choroba nerek.<\/p>\n<p>U kot\u00f3w z FIP, opr\u00f3cz krwotoku i odwarstwienia siatk\u00f3wki, mog\u0105 wyst\u0105pi\u0107 zmiany ziarniniakowe.<\/p>\n<p>G\u0142\u00f3wnym objawem zwi\u0105zanym z odwarstwieniem siatk\u00f3wki jest utrata wzroku, kt\u00f3ra mo\u017ce wyst\u0105pi\u0107 nagle lub stopniowo, w zale\u017cno\u015bci od stopnia uszkodzenia i nasilenia infekcji.<\/p>\n<p>Inne objawy obejmuj\u0105 zas\u0142oni\u0119cie lub zm\u0119tnienie oczu, zak\u0142\u00f3cenie lub zniekszta\u0142cenie istniej\u0105cego pola widzenia oraz trudno\u015bci z przystosowaniem si\u0119 do jasnego o\u015bwietlenia, w tym \u015blepot\u0119 nocn\u0105.<\/p>\n<p>U niekt\u00f3rych kot\u00f3w mog\u0105 r\u00f3wnie\u017c wyst\u0119powa\u0107 p\u0142ywaki wynikaj\u0105ce z wycieku p\u0142ynu szklistego do dowolnej cz\u0119\u015bci struktury oka, powoduj\u0105c zniekszta\u0142cenie obrazu z powodu zak\u0142\u00f3ce\u0144 w normalnej pracy linii wzroku.<\/p>\n<p>&nbsp;<\/p>\n<h1><strong>Objawy kliniczne FIP o pod\u0142o\u017cu neurologicznym<\/strong><\/h1>\n<p>Nale\u017cy zwraca\u0107 uwag\u0119 na objawy takie jak zaburzenia r\u00f3wnowagi, przechylenie g\u0142owy, drgawki i zmiany zachowania.<\/p>\n<p>&nbsp;<\/p>\n<h2><strong>Brak r\u00f3wnowagi<\/strong><\/h2>\n<p>Brak r\u00f3wnowagi jest cz\u0119stym objawem FIP i cz\u0119sto jest pierwszym sygna\u0142em, \u017ce co\u015b jest nie tak. U kot\u00f3w z FIP zaburzenia r\u00f3wnowagi mog\u0105 objawia\u0107 si\u0119 trudno\u015bciami w chodzeniu lub utrat\u0105 koordynacji &#8211; w zale\u017cno\u015bci od stopnia zaawansowania choroby.<\/p>\n<p>Podczas zmiany pozycji z le\u017c\u0105cej na stoj\u0105c\u0105, niekt\u00f3re koty mog\u0105 ko\u0142ysa\u0107 si\u0119 w prz\u00f3d i w ty\u0142 z powodu niezdolno\u015bci do szybkiego odzyskania r\u00f3wnowagi. Przyczyna tego objawu mo\u017ce si\u0119 r\u00f3\u017cni\u0107 w zale\u017cno\u015bci od rodzaju FIP u kota. Mo\u017ce to by\u0107 spowodowane uszkodzeniem neurologicznym lub nagromadzeniem p\u0142ynu w jamie brzusznej lub klatce piersiowej.<\/p>\n<p>Zaburzenia r\u00f3wnowagi u kot\u00f3w nie powinny by\u0107 lekcewa\u017cone i powinny by\u0107 zg\u0142aszane lekarzowi weterynarii, poniewa\u017c wczesna diagnoza znacznie poprawia rokowanie, je\u015bli chodzi o leczenie tego schorzenia. Lekarz weterynarii rozpocznie od wykonania bada\u0144 fizycznych, takich jak badanie funkcji motorycznych i odruch\u00f3w, aby oceni\u0107, czy ch\u00f3d kota wydaje si\u0119 skoordynowany.<\/p>\n<p>&nbsp;<\/p>\n<h2><strong>Pochylenie g\u0142owy<\/strong><\/h2>\n<p>Przechylenie g\u0142owy jest wa\u017cnym objawem klinicznym neurologicznego FIP, poniewa\u017c cz\u0119sto wskazuje na zesp\u00f3\u0142 przedsionkowy. Zesp\u00f3\u0142 przedsionkowy wyst\u0119puje, gdy cz\u0119\u015b\u0107 m\u00f3zgu odpowiedzialna za r\u00f3wnowag\u0119 nie dzia\u0142a prawid\u0142owo, powoduj\u0105c zaburzenia r\u00f3wnowagi i trudno\u015bci z koordynacj\u0105.<\/p>\n<p>U kot\u00f3w objawia si\u0119 to wyra\u017anym przechyleniem g\u0142owy w jedn\u0105 lub drug\u0105 stron\u0119. Mog\u0105 temu towarzyszy\u0107 oczy, kt\u00f3re nie poruszaj\u0105 si\u0119 normalnie. Jeden z nich mo\u017ce szybko porusza\u0107 si\u0119 w prz\u00f3d i w ty\u0142, podczas gdy drugi pozostaje nieruchomy, a tak\u017ce ruchy toczenia spowodowane grawitacj\u0105, kt\u00f3re utrudniaj\u0105 kotu utrzymanie pozycji pionowej.<\/p>\n<p>&nbsp;<\/p>\n<h2><strong>Napady<\/strong><\/h2>\n<p>Napady drgawkowe mog\u0105 by\u0107 klinicznym objawem FIP w przypadku zaj\u0119cia uk\u0142adu nerwowego. Niekt\u00f3re znaki ostrzegawcze, \u017ce kot mo\u017ce do\u015bwiadcza\u0107 napadu z powodu FIP, obejmuj\u0105 niew\u0142a\u015bciw\u0105 eliminacj\u0119, zachowania podobne do demencji, takie jak kr\u0105\u017cenie lub agresywno\u015b\u0107, zmniejszon\u0105 koordynacj\u0119 i r\u00f3wnowag\u0119 oraz dziwne wokalizacje lub utrat\u0119 przytomno\u015bci.<\/p>\n<p>Za ka\u017cdym razem, gdy kot do\u015bwiadcza drgawek, nale\u017cy niezw\u0142ocznie zabra\u0107 go do weterynarza w celu dalszej oceny i diagnozy.<\/p>\n<p>&nbsp;<\/p>\n<h2><strong>Zmiana zachowania<\/strong><\/h2>\n<p>Zmiany w zachowaniu mog\u0105 by\u0107 wczesnym wska\u017anikiem FIP. Cz\u0119stym objawem, kt\u00f3ry niepokoi w\u0142a\u015bcicieli, s\u0105 nag\u0142e zmiany w zachowaniu kota. Koty mog\u0105 chowa\u0107 si\u0119 cz\u0119\u015bciej ni\u017c zwykle lub wykazywa\u0107 agresj\u0119, gdy normalnie by tego nie robi\u0142y.<\/p>\n","protected":false},"excerpt":{"rendered":"<p>M\u0105drze jest, gdy patrzymy na objawy FIP u kot\u00f3w w oparciu o typy FIP. S\u0105 one uwzgl\u0119dnione w celu dok\u0142adniejszej diagnozy. Znajomo\u015b\u0107 typu FIP mo\u017ce pom\u00f3c przewidzie\u0107 jego nasilenie, a tak\u017ce wszystkie r\u00f3\u017cne formy FIP, kt\u00f3re mog\u0105 wyst\u0105pi\u0107, aby nie przegapi\u0107 \u017cadnych objaw\u00f3w. &nbsp; Objawy kliniczne nieefektywnego suchego FIP Typowe objawy tej postaci FIP obejmuj\u0105 [&hellip;]<\/p>\n","protected":false},"author":1,"featured_media":16851,"parent":0,"menu_order":0,"comment_status":"closed","ping_status":"closed","template":"","meta":{"_glsr_average":0,"_glsr_ranking":0,"_glsr_reviews":0,"footnotes":""},"categories":[681],"tags":[],"_links":{"self":[{"href":"https:\/\/fipmed.co\/pl\/wp-json\/wp\/v2\/pages\/17114"}],"collection":[{"href":"https:\/\/fipmed.co\/pl\/wp-json\/wp\/v2\/pages"}],"about":[{"href":"https:\/\/fipmed.co\/pl\/wp-json\/wp\/v2\/types\/page"}],"author":[{"embeddable":true,"href":"https:\/\/fipmed.co\/pl\/wp-json\/wp\/v2\/users\/1"}],"replies":[{"embeddable":true,"href":"https:\/\/fipmed.co\/pl\/wp-json\/wp\/v2\/comments?post=17114"}],"version-history":[{"count":0,"href":"https:\/\/fipmed.co\/pl\/wp-json\/wp\/v2\/pages\/17114\/revisions"}],"wp:featuredmedia":[{"embeddable":true,"href":"https:\/\/fipmed.co\/pl\/wp-json\/wp\/v2\/media\/16851"}],"wp:attachment":[{"href":"https:\/\/fipmed.co\/pl\/wp-json\/wp\/v2\/media?parent=17114"}],"wp:term":[{"taxonomy":"category","embeddable":true,"href":"https:\/\/fipmed.co\/pl\/wp-json\/wp\/v2\/categories?post=17114"},{"taxonomy":"post_tag","embeddable":true,"href":"https:\/\/fipmed.co\/pl\/wp-json\/wp\/v2\/tags?post=17114"}],"curies":[{"name":"wp","href":"https:\/\/api.w.org\/{rel}","templated":true}]}}