{"id":17126,"date":"2024-03-25T07:02:30","date_gmt":"2024-03-25T07:02:30","guid":{"rendered":"https:\/\/fipmed.co\/etapy-i-objawy-chipa-oparte-na-etapach-chipa\/"},"modified":"2024-03-25T07:02:30","modified_gmt":"2024-03-25T07:02:30","slug":"etapy-i-objawy-chipa-oparte-na-etapach-chipa","status":"publish","type":"page","link":"https:\/\/fipmed.co\/pl\/etapy-i-objawy-chipa-oparte-na-etapach-chipa\/","title":{"rendered":"Etapy FIP i objawy oparte na etapach FIP"},"content":{"rendered":"<p>Istniej\u0105 cztery odr\u0119bne etapy FIP zwi\u0105zane z zaka\u017ceniem tym wirusem: pocz\u0105tkowa ekspozycja i inkubacja, pierwotna wiremia, wt\u00f3rna wiremia i kliniczny FIP.<\/p>\n<p>&nbsp;<\/p>\n<h1><strong>Etap FIP: pocz\u0105tkowa ekspozycja i inkubacja<\/strong><\/h1>\n<p>Koronawirus kot\u00f3w (FCoV) jest obecny w wielu \u015brodowiskach, wi\u0119c koty s\u0105 bardzo nara\u017cone na kontakt z nim w pewnym momencie swojego \u017cycia.<br \/>\nTa pocz\u0105tkowa infekcja jest zwykle \u0142agodna, ale niestety istnieje ryzyko mutacji wirusa i wywo\u0142ania FIP u niekt\u00f3rych kot\u00f3w.<br \/>\nOkres inkubacji tej mutacji mo\u017ce wynosi\u0107 od kilku tygodni do kilku lat, ale koty s\u0105 najbardziej nara\u017cone na rozw\u00f3j klinicznego FIP w ci\u0105gu pierwszych 6 tygodni po pocz\u0105tkowym zaka\u017ceniu wirusem.<br \/>\nEksperymenty wykaza\u0142y, \u017ce zaledwie sze\u015b\u0107 tygodni mo\u017ce wystarczy\u0107, aby u zara\u017conego kota rozwin\u0119\u0142a si\u0119 pe\u0142noobjawowa choroba.<br \/>\nPodczas pocz\u0105tkowej ekspozycji i okres\u00f3w inkubacji nale\u017cy zauwa\u017cy\u0107, \u017ce zara\u017cone koty wydalaj\u0105 niezwykle du\u017c\u0105 ilo\u015b\u0107 cz\u0105stek wirusa, co mo\u017ce szybko doprowadzi\u0107 do zara\u017cenia r\u00f3wnie\u017c innych zwierz\u0105t domowych. <\/p>\n<p>&nbsp;<\/p>\n<h1><strong>Etap FIP: <\/strong>Pierwotna wiremia<\/h1>\n<p>Pierwotna wiremia to etap zaka\u017cenia wirusem zaka\u017anego zapalenia otrzewnej kot\u00f3w (FIP), w kt\u00f3rym uk\u0142ad odporno\u015bciowy kot\u00f3w zaczyna reagowa\u0107 na obcego naje\u017ad\u017ac\u0119.<br \/>\nNa tym etapie we krwi mo\u017cna znale\u017a\u0107 wysoki poziom FCoV.<br \/>\nOznacza to pocz\u0105tek walki mi\u0119dzy organizmem kota a wirusem, a tak\u017ce oznacza, kiedy mutacje staj\u0105 si\u0119 bardziej prawdopodobne z powodu zmniejszonej odporno\u015bci.<br \/>\nKoty z pierwotn\u0105 wiremi\u0105 wykazuj\u0105 wzmo\u017con\u0105 reakcj\u0119 ze strony uk\u0142adu odporno\u015bciowego, kt\u00f3ry stara si\u0119 chroni\u0107 je przed wszelkimi szkodami spowodowanymi przez patogen wnikaj\u0105cy do ich organizmu.<br \/>\nNiekt\u00f3re koty s\u0105 w stanie pozby\u0107 si\u0119 wirusa z organizmu dzi\u0119ki silnej odpowiedzi immunologicznej. <\/p>\n<p>&nbsp;<\/p>\n<h1><strong>Etap FIP: <\/strong><strong>Wt\u00f3rna wiremia<\/strong><\/h1>\n<p>Wt\u00f3rna wiremia odnosi si\u0119 do kolejnego etapu, kt\u00f3ry dotyka koty, kt\u00f3re nie by\u0142y w stanie zwalczy\u0107 wirusa podczas etapu pierwotnego.<br \/>\nNa tym etapie szpik kostny i inne tkanki zosta\u0142y zaatakowane przez wirusa.<br \/>\nWirus mo\u017ce pozostawa\u0107 w stanie pasywnym w szpiku kostnym przez d\u0142u\u017cszy czas.<br \/>\nPoza tym poziom FIPV we krwi zaczyna rosn\u0105\u0107 i ostatecznie osi\u0105ga punkt, w kt\u00f3rym koty nie s\u0105 ju\u017c w stanie utrzyma\u0107 go pod kontrol\u0105.<br \/>\nNiestety, do tego czasu wiele og\u00f3lnoustrojowych proces\u00f3w zapalnych ju\u017c si\u0119 rozpocz\u0119\u0142o, poniewa\u017c FIPV opanowa\u0142 wa\u017cne narz\u0105dy i tkanki.<br \/>\nJak sama nazwa wskazuje, podczas wiremii wt\u00f3rnej wirus zaczyna rozprzestrzenia\u0107 si\u0119 po innych narz\u0105dach, prowadz\u0105c do powa\u017cniejszych objaw\u00f3w, kt\u00f3re mog\u0105 szybko sta\u0107 si\u0119 zagro\u017ceniem dla \u017cycia, je\u015bli nie zostan\u0105 szybko zaadresowane.<br \/>\nNasilenie pierwotnej odpowiedzi immunologicznej lub to, jak dobrze organizm kota jest w stanie kontrolowa\u0107 infekcj\u0119, odgrywa wa\u017cn\u0105 rol\u0119 w okre\u015bleniu, na jakim poziomie wirus zacznie rozprzestrzenia\u0107 si\u0119 poza tylko jeden uk\u0142ad narz\u0105d\u00f3w.<br \/>\nW tym kluczowym okresie koty mog\u0105 do\u015bwiadcza\u0107 uporczywej gor\u0105czki (powy\u017cej 103 \u00b0 F), zmniejszonego apetytu i og\u00f3lnego pogorszenia stanu z powodu s\u0142abn\u0105cego uk\u0142adu odporno\u015bciowego, kt\u00f3ry bardzo stara si\u0119 kontrolowa\u0107 zmutowane wirusy, ale nie mo\u017ce, wi\u0119c musz\u0105 polega\u0107 na planach leczenia z lekami przeciwwirusowymi i innymi lekami.<\/p>\n<p>&nbsp;<\/p>\n<h1><strong>Stadium FIP: <\/strong><strong>Kliniczny FIP<\/strong><\/h1>\n<p>W klinicznym stadium FIP koty nie s\u0105 w stanie powstrzyma\u0107 wirusa.<br \/>\nJest to cz\u0119\u015bciowo spowodowane zmian\u0105 w jednym z bia\u0142ek wyst\u0119puj\u0105cych w niekt\u00f3rych typach FCoV, zwanym FIPV.<br \/>\nFIPV powoduje zapalenie naczy\u0144 krwiono\u015bnych, czyli stan zapalny i obrz\u0119k wok\u00f3\u0142 grupy kom\u00f3rek lub narz\u0105d\u00f3w.<br \/>\nNa tym etapie mo\u017ce r\u00f3wnie\u017c wyst\u0105pi\u0107 nagromadzenie p\u0142ynu w jamach cia\u0142a, prowadz\u0105ce do gromadzenia si\u0119 p\u0142ynu i nadmiernego nacisku na wa\u017cne narz\u0105dy.<br \/>\nKoty z FIP mog\u0105 wykazywa\u0107 objawy, takie jak utrata masy cia\u0142a, gor\u0105czka, odwodnienie, obrz\u0119k brzucha lub g\u0142owy oraz trudno\u015bci w oddychaniu z powodu zatoru w klatce piersiowej.<br \/>\nW tym momencie rozpoczyna si\u0119 niszczenie spowodowane infekcjami wewn\u0105trz wa\u017cnych narz\u0105d\u00f3w, co mo\u017ce prowadzi\u0107 do niewydolno\u015bci narz\u0105d\u00f3w.<br \/>\nZwykle objawia si\u0119 to p\u00f3\u017aniej chorob\u0105 nerek lub uszkodzeniem neurologicznym spowodowanym stanem zapalnym w tkance m\u00f3zgowej.  <\/p>\n<p>&nbsp;<\/p>\n<h1><strong>Etap FIP: <\/strong><strong>Uszkodzenie narz\u0105d\u00f3w <\/strong> <\/h1>\n<p>Jest to ostatni etap FIP, w kt\u00f3rym stan zapalny powoduje ju\u017c uszkodzenie narz\u0105d\u00f3w, a kot wykazuje inne p\u00f3\u017aniejsze problemy.<br \/>\nNiekt\u00f3re z narz\u0105d\u00f3w cz\u0119sto dotkni\u0119tych chorob\u0105 to<br \/>\n<strong>Narz\u0105dy jamy brzusznej:<\/strong> FIP cz\u0119sto powoduje powstawanie ziarniniak\u00f3w (ma\u0142ych guzk\u00f3w tkanki zapalnej) w narz\u0105dach jamy brzusznej, takich jak w\u0105troba, \u015bledziona i nerki.<br \/>\nMo\u017ce to prowadzi\u0107 do dysfunkcji i niewydolno\u015bci tych narz\u0105d\u00f3w.<br \/>\n<strong>Nerki:<\/strong> Nerki mog\u0105 by\u0107 dotkni\u0119te zmianami ziarniniakowymi, prowadz\u0105cymi do niewydolno\u015bci nerek.<br \/>\n<strong>Centralny uk\u0142ad nerwowy (OUN):<\/strong> FIP mo\u017ce powodowa\u0107 objawy neurologiczne, gdy wp\u0142ywa na OUN.<br \/>\nKoty z neurologicznymi objawami FIP mog\u0105 wykazywa\u0107 zmiany zachowania, drgawki i trudno\u015bci z chodzeniem.<br \/>\n<strong>Oczy<\/strong>: Zaj\u0119cie oczu jest powszechne w FIP, prowadz\u0105c do stanu zapalnego, zm\u0119tnienia, a czasem \u015blepoty.<br \/>\nJest to znane jako oczny lub suchy FIP.<br \/>\n<strong>Uk\u0142ad sercowo-naczyniowy:<\/strong> W niekt\u00f3rych przypadkach FIP mo\u017ce wp\u0142ywa\u0107 na serce i naczynia krwiono\u015bne, prowadz\u0105c do problem\u00f3w sercowo-naczyniowych.<br \/>\nCi\u0105g\u0142e pogarszanie si\u0119 stanu kota ostatecznie prowadzi do parali\u017cu i \u015bmierci.<\/p>\n<p>&nbsp;<\/p>\n<p>&nbsp;<\/p>\n<h1><strong>Objawy oparte na etapach FIP<\/strong><\/h1>\n<h2><strong>Objawy we wczesnych stadiach FIP<\/strong><strong> <\/strong><\/h2>\n<p>Koty mog\u0105 wykazywa\u0107 wczesne niespecyficzne objawy, takie jak zmiany zachowania, utrata masy cia\u0142a i utrata apetytu, a tak\u017ce zmienna gor\u0105czka.<\/p>\n<p><strong> <\/strong><\/p>\n<p><strong>Objawy niespecyficzne<\/strong><\/p>\n<p>FIP ma szeroki zakres niespecyficznych objaw\u00f3w, kt\u00f3re mo\u017cna \u0142atwo pomyli\u0107 z innymi chorobami.<br \/>\nTe pocz\u0105tkowe objawy s\u0105 zwykle niejasne i obejmuj\u0105 apati\u0119, letarg, zmniejszony apetyt, utrat\u0119 masy cia\u0142a i zmienn\u0105 gor\u0105czk\u0119.<br \/>\nW niekt\u00f3rych przypadkach koty wykazuj\u0105 zmiany w zachowaniu towarzysz\u0105ce tym objawom fizycznym.<br \/>\nWa\u017cne jest, aby zwraca\u0107 uwag\u0119 na drobne zmiany w re\u017cimie zdrowotnym kota, takie jak zwi\u0119kszony lub zmniejszony poziom energii, poniewa\u017c mog\u0105 to by\u0107 pierwsze oznaki FIP.<br \/>\nPomimo tego, \u017ce jest tak powszechny u kot\u00f3w, jego subtelna przyczyna sprawia, \u017ce jest trudny do wykrycia na pocz\u0105tkowych etapach, chyba \u017ce uwa\u017cnie obserwujesz dodatkowe objawy, takie jak anoreksja lub pica (stan, w kt\u00f3rym jedz\u0105 rzeczy, kt\u00f3rych nie powinny), kt\u00f3re s\u0105 cz\u0119sto obserwowane podczas infekcji FIP.<br \/>\nWahania gor\u0105czki mog\u0105 r\u00f3wnie\u017c oznacza\u0107, \u017ce z kotem jest co\u015b nie tak, dlatego nale\u017cy zwraca\u0107 uwag\u0119 na wszelkie powa\u017cne zmiany temperatury podczas okresowych kontroli w ci\u0105gu dnia, takie jak udokumentowana gor\u0105czka trwaj\u0105ca ponad 24 godziny pomimo leczenia przez weterynarza. <\/p>\n<p>&nbsp;<\/p>\n<p><strong>Biegunka<\/strong><\/p>\n<p>Kiedy koronawirus kot\u00f3w (FCoV) po raz pierwszy dostanie si\u0119 do organizmu kota, infekuje jelito cienkie, czasami powoduj\u0105c biegunk\u0119.<br \/>\nWirus jest wydalany z ka\u0142em ju\u017c po dw\u00f3ch dniach od zaka\u017cenia, a nast\u0119pnie przez kilka tygodni do miesi\u0119cy.<br \/>\nZ jelita wirus przedostaje si\u0119 do krwiobiegu, powoduj\u0105c FIP u niekt\u00f3rych pechowych kot\u00f3w, ale wi\u0119kszo\u015b\u0107 kot\u00f3w wytwarza skuteczn\u0105 odpowied\u017a immunologiczn\u0105 i pozbywa si\u0119 wirusa &#8211; prowadz\u0105c ca\u0142kowicie zdrowe i normalne \u017cycie.<br \/>\nPocz\u0105tkowe zaka\u017cenie FCoV w ka\u017cdym wieku, nie tylko u koci\u0105t, mo\u017ce powodowa\u0107 biegunk\u0119, a jej nasilenie mo\u017ce waha\u0107 si\u0119 od \u0142agodnego, przez przewlek\u0142e, do ci\u0119\u017ckiego i zagra\u017caj\u0105cego \u017cyciu.<br \/>\nWirus pocz\u0105tkowo uszkadza wy\u015bci\u00f3\u0142k\u0119 jelita cienkiego.<br \/>\nNiestety, u niekt\u00f3rych kot\u00f3w FCoV mo\u017ce do\u015b\u0107 powa\u017cnie uszkodzi\u0107 jelito cienkie, prowadz\u0105c do trwa\u0142ej tendencji do wymiot\u00f3w lub biegunki oraz tak zwanego &#8222;zespo\u0142u z\u0142ego wch\u0142aniania&#8221;, w kt\u00f3rym dotkni\u0119ty nim kot nie jest w stanie czerpa\u0107 korzy\u015bci ze sk\u0142adnik\u00f3w od\u017cywczych, kt\u00f3re zjad\u0142, wi\u0119c nie przybiera odpowiednio na wadze i nie rozwija si\u0119.  <\/p>\n<p>&nbsp;<\/p>\n<p><strong>Zmiany w zachowaniu<\/strong><\/p>\n<p>U kot\u00f3w zara\u017conych FIP w\u0142a\u015bciciele mog\u0105 najpierw zauwa\u017cy\u0107 mniej oczywiste objawy, takie jak zmniejszona aktywno\u015b\u0107, apatia i brak apetytu.<br \/>\nKot mo\u017ce sta\u0107 si\u0119 znacznie mniej interaktywny ni\u017c wcze\u015bniej, wol\u0105c przebywa\u0107 w odosobnionych miejscach lub spa\u0107 przez ca\u0142y dzie\u0144.<br \/>\nMo\u017ce r\u00f3wnie\u017c zacz\u0105\u0107 unika\u0107 interakcji z innymi zwierz\u0119tami lub lud\u017ami.<br \/>\nPica to kolejna zmiana zachowania zwi\u0105zana z wirusem &#8211; gdy zwierz\u0119 zaczyna je\u015b\u0107 produkty nieb\u0119d\u0105ce po\u017cywieniem, mo\u017ce to by\u0107 oznak\u0105 FIP.<br \/>\nOpr\u00f3cz anoreksji (ca\u0142kowitej utraty apetytu) mo\u017cna zaobserwowa\u0107, \u017ce kot ma trudno\u015bci z samodzielnym karmieniem lub wykazuje brak zainteresowania jedzeniem po jego zaoferowaniu &#8211; oba te objawy mog\u0105 wskazywa\u0107, \u017ce co\u015b jest nie tak. <\/p>\n<p>&nbsp;<\/p>\n<p><strong>Utrata masy cia\u0142a i utrata apetytu<\/strong><\/p>\n<p>Utrata masy cia\u0142a i utrata apetytu to dwa z najwcze\u015bniejszych objaw\u00f3w FIP.<br \/>\nKiedy koty zara\u017caj\u0105 si\u0119 po raz pierwszy, mog\u0105 nie wykazywa\u0107 \u017cadnych objaw\u00f3w a\u017c do tygodni lub miesi\u0119cy p\u00f3\u017aniej.<br \/>\nJednak powolna utrata masy cia\u0142a i zmniejszony apetyt mog\u0105 wskazywa\u0107, \u017ce co\u015b jest nie tak.<br \/>\nUtrata masy cia\u0142a u kot\u00f3w jest zwykle subtelna, ale nie powinna pozosta\u0107 niezauwa\u017cona przez ich w\u0142a\u015bcicieli &#8211; nag\u0142y spadek masy cia\u0142a o 15-20% w ci\u0105gu zaledwie kilku dni mo\u017ce oznacza\u0107 obecno\u015b\u0107 FIP.<br \/>\nPodobnie, zmniejszony apetyt, nawet przy podawaniu korzystnej karmy, mo\u017ce wskazywa\u0107 na pocz\u0105tek choroby.<br \/>\nTego typu zesp\u00f3\u0142 objaw\u00f3w mo\u017ce wskazywa\u0107 na niewydolno\u015b\u0107 narz\u0105d\u00f3w spowodowan\u0105 przez FIP lub inne powa\u017cne schorzenia, takie jak przewlek\u0142a choroba nerek, kt\u00f3ra nieleczona mo\u017ce szybko post\u0119powa\u0107 i zagra\u017ca\u0107 \u017cyciu kot\u00f3w, je\u015bli nie zostanie wcze\u015bnie wykryta.<br \/>\nWielu w\u0142a\u015bcicieli kot\u00f3w zg\u0142osi\u0142o zaobserwowanie dramatycznych zmian w poziomie energii i aktywno\u015bci zwi\u0105zanych z tymi objawami, co dodatkowo podkre\u015bla ich znaczenie w diagnozowaniu i podejmowaniu decyzji dotycz\u0105cych leczenia zar\u00f3wno przez lekarzy weterynarii, jak i w\u0142a\u015bcicieli zwierz\u0105t.  <\/p>\n<p>&nbsp;<\/p>\n<p><strong>Zmienna gor\u0105czka<\/strong><\/p>\n<p>Wahania gor\u0105czki u kot\u00f3w s\u0105 zwykle definiowane jako naprzemienne epizody wysokiej i niskiej temperatury.<br \/>\nJest to jeden z najwcze\u015bniejszych objaw\u00f3w klinicznych zwi\u0105zanych z FIP.<br \/>\nTen rodzaj gor\u0105czki mo\u017ce zmienia\u0107 si\u0119 codziennie, oscyluj\u0105c mi\u0119dzy normaln\u0105 temperatur\u0105 cia\u0142a a niebezpiecznie wysokimi temperaturami.<br \/>\nPoniewa\u017c mo\u017ce si\u0119 to zdarzy\u0107 nagle, wa\u017cne jest, aby w\u0142a\u015bciciele kot\u00f3w regularnie monitorowali temperatur\u0119 swojego zwierzaka, poniewa\u017c wszelkie nag\u0142e zmiany mog\u0105 by\u0107 oznak\u0105 FIP lub innego powa\u017cnego problemu zdrowotnego.<br \/>\n\u0141atwo jest pomyli\u0107 zmienn\u0105 gor\u0105czk\u0119 z utrzymuj\u0105c\u0105 si\u0119 wysok\u0105 gor\u0105czk\u0105, kt\u00f3r\u0105 koty mog\u0105 mie\u0107, gdy s\u0105 chore, ale s\u0105 to dwie zupe\u0142nie r\u00f3\u017cne choroby wymagaj\u0105ce r\u00f3\u017cnych form leczenia. <\/p>\n<p>&nbsp;<\/p>\n<h2><strong>Objawy w zaawansowanych stadiach FIP<\/strong><\/h2>\n<p>&nbsp;<\/p>\n<p>Objawy mog\u0105 przej\u015b\u0107 do powa\u017cniejszych skutk\u00f3w, takich jak niewydolno\u015b\u0107 narz\u0105d\u00f3w i gromadzenie si\u0119 p\u0142yn\u00f3w.<br \/>\nCzytaj dalej, aby dowiedzie\u0107 si\u0119 wi\u0119cej! <\/p>\n<p><strong>Niewydolno\u015b\u0107 narz\u0105d\u00f3w<\/strong><\/p>\n<p>Niewydolno\u015b\u0107 narz\u0105d\u00f3w jest jedn\u0105 z najpowa\u017cniejszych konsekwencji zwi\u0105zanych z FIP.<br \/>\nMo\u017ce ona dotyczy\u0107 r\u00f3\u017cnych narz\u0105d\u00f3w, takich jak nerki, w\u0105troba i wiele innych.<br \/>\nW najbardziej zaawansowanym stadium mo\u017ce doj\u015b\u0107 do dysfunkcji lub niewydolno\u015bci narz\u0105d\u00f3w.<br \/>\nUszkodzenie narz\u0105d\u00f3w mo\u017ce powodowa\u0107 wiele r\u00f3\u017cnych objaw\u00f3w, kt\u00f3re r\u00f3\u017cni\u0105 si\u0119 w zale\u017cno\u015bci od konkretnych miejsc w organizmie.<br \/>\nNieleczona zbyt d\u0142ugo stanowi ogromne obci\u0105\u017cenie dla og\u00f3lnego stanu zdrowia fizycznego chorego zwierz\u0119cia, a\u017c w ko\u0144cu przeradza si\u0119 w katastrofaln\u0105 chorob\u0119 lub prowadzi do \u015bmierci, je\u015bli nie zostanie odpowiednio wcze\u015bnie wykryta i odpowiednio leczona. <\/p>\n<p>&nbsp;<\/p>\n<p><strong>Utrzymuj\u0105ca si\u0119 wysoka gor\u0105czka<\/strong><\/p>\n<p>Nieustaj\u0105ca gor\u0105czka jest cz\u0119stym objawem klinicznym zwi\u0105zanym z zaawansowanymi stadiami zaka\u017anego zapalenia otrzewnej kot\u00f3w (FIP).<br \/>\nGor\u0105czka mo\u017ce osi\u0105ga\u0107 temperatur\u0119 od 102\u00b0F do 105\u00b0F i utrzymywa\u0107 si\u0119 przez tygodnie lub miesi\u0105ce.<br \/>\nWa\u017cne jest wczesne postawienie diagnozy, poniewa\u017c pomaga to wykluczy\u0107 inne choroby i rozpocz\u0105\u0107 leczenie.<br \/>\nGor\u0105czka jest spowodowana stanem zapalnym wynikaj\u0105cym z rozleg\u0142ej infekcji, kt\u00f3rej mog\u0105 towarzyszy\u0107 takie objawy, jak letarg, obrz\u0119k brzucha, utrata apetytu, utrata masy cia\u0142a i \u017c\u00f3\u0142taczka.<br \/>\nJe\u015bli gor\u0105czka utrzymuje si\u0119 pomimo antybiotykoterapii lub lek\u00f3w przeciwzapalnych, mo\u017ce to wskazywa\u0107 na FIP.<br \/>\nWysoka temperatura cz\u0119sto normalizuje si\u0119 po rozpocz\u0119ciu w\u0142a\u015bciwego leczenia. <\/p>\n<p>&nbsp;<\/p>\n<p><strong>Akumulacja p\u0142yn\u00f3w<\/strong><\/p>\n<p>Gromadzenie si\u0119 p\u0142yn\u00f3w jest kluczowym objawem FIP u kot\u00f3w i mo\u017ce wyst\u0119powa\u0107 w r\u00f3\u017cnych obszarach cia\u0142a.<br \/>\nW klatce piersiowej p\u0142yn gromadzi si\u0119 wok\u00f3\u0142 serca i p\u0142uc, co prowadzi do ograniczenia ruch\u00f3w i trudno\u015bci w oddychaniu.<br \/>\nDodatkowo, w\u0119z\u0142y ch\u0142onne mog\u0105 sta\u0107 si\u0119 obrz\u0119kni\u0119te z powodu zablokowania spowodowanego nadmiernym tworzeniem si\u0119 bogatych w bia\u0142ko kom\u00f3rek p\u0142ynnych zwanych wysi\u0119kami op\u0142ucnowymi.<br \/>\nP\u0142yn mo\u017ce r\u00f3wnie\u017c gromadzi\u0107 si\u0119 w innych narz\u0105dach, takich jak brzuch lub moszna, powoduj\u0105c obrz\u0119k tych obszar\u00f3w i b\u00f3l u kota.<br \/>\nCo wi\u0119cej, oczy kota mog\u0105 wykazywa\u0107 objawy nagromadzenia p\u0142ynu wewn\u0105trz nich, w tym zmiany zabarwienia lub zm\u0119tnienia, zgrubienie rog\u00f3wki (obrz\u0119k rog\u00f3wki), hipopion (bia\u0142a piana w tylnej cz\u0119\u015bci oka) lub odwarstwienie siatk\u00f3wki z powodu wzrostu ci\u015bnienia wewn\u0105trzga\u0142kowego spowodowanego zaka\u017ceniem FIP. <\/p>\n<p>&nbsp;<\/p>\n<p><strong>Problemy z oczami<\/strong><\/p>\n<p>Problemy z oczami s\u0105 cz\u0119stym objawem FIP.<br \/>\nU kot\u00f3w z FIP mog\u0105 wyst\u0105pi\u0107 zmiany oczne charakteryzuj\u0105ce si\u0119 pyogranulomatycznym zapaleniem przedniego odcinka b\u0142ony naczyniowej oka.<br \/>\nObjawy mog\u0105 obejmowa\u0107 stan zapalny ga\u0142ki ocznej, mru\u017cenie oczu, obrz\u0119k trzeciej powieki i powi\u0119kszone oczy, kt\u00f3re mog\u0105 upo\u015bledza\u0107 widzenie, a nawet prowadzi\u0107 do \u015blepoty, je\u015bli nie s\u0105 leczone.<br \/>\nZwierz\u0119ta do\u015bwiadczaj\u0105ce tego typu objaw\u00f3w ocznych mog\u0105 wykazywa\u0107 zwi\u0119kszon\u0105 produkcj\u0119 \u0142ez, a tak\u017ce krwawienie z oka z powodu owrzodzenia spowodowanego infekcj\u0105.<br \/>\nDodatkowo, objawy neurologiczne zwi\u0105zane z FIP mog\u0105 wp\u0142ywa\u0107 na uk\u0142ad nerwowy &#8211; w tym na wzrok i problemy z oczami, takie jak zw\u0119\u017cone \u017arenice, kt\u00f3re nie reaguj\u0105 odpowiednio na zmiany \u015bwiat\u0142a.<br \/>\nWreszcie, w niekt\u00f3rych przypadkach mokrego wysi\u0119kowego FIP zaobserwowano wzrost ci\u015bnienia wewn\u0105trzga\u0142kowego wraz z pogrubieniem rog\u00f3wki, co prowadzi do potencjalnej utraty wzroku w miar\u0119 up\u0142ywu czasu, je\u015bli nie jest odpowiednio lub szybko leczone.<\/p>\n","protected":false},"excerpt":{"rendered":"<p>Istniej\u0105 cztery odr\u0119bne etapy FIP zwi\u0105zane z zaka\u017ceniem tym wirusem: pocz\u0105tkowa ekspozycja i inkubacja, pierwotna wiremia, wt\u00f3rna wiremia i kliniczny FIP. &nbsp; Etap FIP: pocz\u0105tkowa ekspozycja i inkubacja Koronawirus kot\u00f3w (FCoV) jest obecny w wielu \u015brodowiskach, wi\u0119c koty s\u0105 bardzo nara\u017cone na kontakt z nim w pewnym momencie swojego \u017cycia. Ta pocz\u0105tkowa infekcja jest zwykle [&hellip;]<\/p>\n","protected":false},"author":1,"featured_media":16836,"parent":0,"menu_order":0,"comment_status":"closed","ping_status":"closed","template":"","meta":{"_glsr_average":0,"_glsr_ranking":0,"_glsr_reviews":0,"footnotes":""},"categories":[681],"tags":[],"_links":{"self":[{"href":"https:\/\/fipmed.co\/pl\/wp-json\/wp\/v2\/pages\/17126"}],"collection":[{"href":"https:\/\/fipmed.co\/pl\/wp-json\/wp\/v2\/pages"}],"about":[{"href":"https:\/\/fipmed.co\/pl\/wp-json\/wp\/v2\/types\/page"}],"author":[{"embeddable":true,"href":"https:\/\/fipmed.co\/pl\/wp-json\/wp\/v2\/users\/1"}],"replies":[{"embeddable":true,"href":"https:\/\/fipmed.co\/pl\/wp-json\/wp\/v2\/comments?post=17126"}],"version-history":[{"count":0,"href":"https:\/\/fipmed.co\/pl\/wp-json\/wp\/v2\/pages\/17126\/revisions"}],"wp:featuredmedia":[{"embeddable":true,"href":"https:\/\/fipmed.co\/pl\/wp-json\/wp\/v2\/media\/16836"}],"wp:attachment":[{"href":"https:\/\/fipmed.co\/pl\/wp-json\/wp\/v2\/media?parent=17126"}],"wp:term":[{"taxonomy":"category","embeddable":true,"href":"https:\/\/fipmed.co\/pl\/wp-json\/wp\/v2\/categories?post=17126"},{"taxonomy":"post_tag","embeddable":true,"href":"https:\/\/fipmed.co\/pl\/wp-json\/wp\/v2\/tags?post=17126"}],"curies":[{"name":"wp","href":"https:\/\/api.w.org\/{rel}","templated":true}]}}