{"id":17146,"date":"2024-03-25T07:31:47","date_gmt":"2024-03-25T07:31:47","guid":{"rendered":"https:\/\/fipmed.co\/9-powszechne-choroby-wspolistniejace-fip\/"},"modified":"2024-03-25T07:31:47","modified_gmt":"2024-03-25T07:31:47","slug":"9-powszechne-choroby-wspolistniejace-fip","status":"publish","type":"page","link":"https:\/\/fipmed.co\/pl\/9-powszechne-choroby-wspolistniejace-fip\/","title":{"rendered":"9 Powszechne choroby wsp\u00f3\u0142istniej\u0105ce FIP"},"content":{"rendered":"<h2>Dlaczego FIP cz\u0119sto wyst\u0119puje z innymi chorobami?<\/h2>\n<p>Koty z chorobami innymi ni\u017c FIP s\u0105 cz\u0119sto przypadkowo dodatnie w kierunku przeciwcia\u0142 FCoV lub wirusa. Oto 9 typowych chor\u00f3b wsp\u00f3\u0142istniej\u0105cych FIP.<\/p>\n<p>FIP mo\u017ce by\u0107 wynikiem os\u0142abienia uk\u0142adu odporno\u015bciowego przez istniej\u0105ce wcze\u015bniej schorzenia, mutacj\u0119 wirusa lub pocz\u0105tkow\u0105 chorob\u0119 powoduj\u0105c\u0105 dalsze komplikacje.<\/p>\n<h3>Stan istniej\u0105cy wcze\u015bniej<\/h3>\n<p>Istniej\u0105ce wcze\u015bniej schorzenia mog\u0105 sprawi\u0107, \u017ce koty b\u0119d\u0105 bardziej podatne na FIP &#8211; wp\u0142ywaj\u0105c na ich og\u00f3lny stan zdrowia i jako\u015b\u0107 \u017cycia. Wynika to z faktu, \u017ce inne choroby lub os\u0142abiony uk\u0142ad odporno\u015bciowy mog\u0105 by\u0107 przyczyn\u0105 mutacji wirusa, kt\u00f3ra powoduje FIP.<\/p>\n<p>Istniej\u0105ce wcze\u015bniej schorzenia nie zawsze musz\u0105 by\u0107 oczywiste, cho\u0107 niekt\u00f3re typowe objawy mog\u0105 obejmowa\u0107 gor\u0105czk\u0119, utrat\u0119 masy cia\u0142a, letarg, anoreksj\u0119 i odwodnienie &#8211; wszystkie z nich s\u0105 wska\u017anikami infekcji bakteryjnych.<\/p>\n<p>Je\u015bli zostanie to wcze\u015bnie zauwa\u017cone, antybiotyki lub dodatkowe od\u017cywianie mog\u0105 pom\u00f3c z\u0142agodzi\u0107 wszelkie dalsze szkody wynikaj\u0105ce z ju\u017c os\u0142abionego stanu kota. Ponadto wa\u017cne jest, aby szczepienia by\u0142y aktualne, poniewa\u017c mo\u017ce to r\u00f3wnie\u017c stanowi\u0107 ochron\u0119 przed potencjalnymi wt\u00f3rnymi zmianami spowodowanymi wcze\u015bniej istniej\u0105cymi chorobami, takimi jak FIP.<\/p>\n<h3>Mutacja wirusa<\/h3>\n<p>Mutacje bia\u0142ka szczytowego wirusa, kt\u00f3re jest g\u0142\u00f3wn\u0105 cz\u0119\u015bci\u0105 koronawirusa kot\u00f3w, mog\u0105 powodowa\u0107 zmiany w sposobie rozprzestrzeniania si\u0119 i replikacji wirusa. Obecno\u015b\u0107 mutacji w tym konkretnym bia\u0142ku zwi\u0119ksza zdolno\u015b\u0107 FIP do zara\u017cania kot\u00f3w, a tak\u017ce zwi\u0119ksza nasilenie choroby.<\/p>\n<p>Dodatkowo, skoki te mog\u0105 zak\u0142\u00f3ca\u0107 inne procesy najcz\u0119\u015bciej zwi\u0105zane z funkcjonowaniem kom\u00f3rek uk\u0142adu odporno\u015bciowego, prowadz\u0105c do nieprawid\u0142owych wynik\u00f3w regularnego rozwoju choroby.<\/p>\n<p>W rezultacie r\u00f3\u017cne choroby wsp\u00f3\u0142istniej\u0105ce zwi\u0105zane z FIP, takie jak zapalenie p\u0142uc, przewlek\u0142a choroba nerek (CKD), wirus bia\u0142aczki kot\u00f3w (FeLV), rak lub choroby autoimmunologiczne mog\u0105 rozwija\u0107 si\u0119 z wi\u0119ksz\u0105 ni\u017c oczekiwano cz\u0119stotliwo\u015bci\u0105 z powodu os\u0142abionej odpowiedzi immunologicznej spowodowanej wspomnianymi mutacjami wirusowymi, kt\u00f3re ju\u017c istniej\u0105 w kom\u00f3rkach.<\/p>\n<h3>Pocz\u0105tkowa choroba spowodowa\u0142a os\u0142abienie uk\u0142adu odporno\u015bciowego<\/h3>\n<p>Gdy u kota wyst\u0119puje infekcja, uk\u0142ad odporno\u015bciowy mo\u017ce by\u0107 os\u0142abiony. Ta os\u0142abiona odporno\u015b\u0107 prowadzi nast\u0119pnie do wy\u017cszego ryzyka rozwoju FIP. Stres \u015brodowiskowy mo\u017ce r\u00f3wnie\u017c os\u0142abia\u0107 uk\u0142ad odporno\u015bciowy i zwi\u0119ksza\u0107 podatno\u015b\u0107 na infekcje FIPV.<\/p>\n<p>W szczeg\u00f3lno\u015bci koty z infekcj\u0105 FeLV (wirus bia\u0142aczki kot\u00f3w) s\u0105 bardziej podatne na wirusa FIP ni\u017c inne zdrowe koty, poniewa\u017c ich os\u0142abiony uk\u0142ad odporno\u015bciowy nie jest w stanie skutecznie zwalcza\u0107 nowych wirus\u00f3w.<\/p>\n<p>M\u0142ode koty i te, kt\u00f3re maj\u0105 ju\u017c obni\u017con\u0105 odporno\u015b\u0107, mog\u0105 mie\u0107 trudno\u015bci w zwalczaniu katastrofalnych infekcji wirusowych, takich jak FIPV.<\/p>\n<p>&nbsp;<\/p>\n<h2>Zapalenie p\u0142uc i FIP<\/h2>\n<p>Zapalenie p\u0142uc jest cz\u0119st\u0105 chorob\u0105 wsp\u00f3\u0142istniej\u0105c\u0105 z FIP u kot\u00f3w. Oznacza to, \u017ce je\u015bli kot ma FIP, prawdopodobnie b\u0119dzie mia\u0142 r\u00f3wnie\u017c zapalenie p\u0142uc jako cz\u0119\u015b\u0107 infekcji. Zapalenie p\u0142uc wyst\u0119puje, gdy stan zapalny blokuje drogi oddechowe prowadz\u0105ce do p\u0142uc i mo\u017ce dotkn\u0105\u0107 kota w ka\u017cdym wieku i ka\u017cdej rasy.<\/p>\n<p>U kot\u00f3w z FIP mo\u017ce rozwin\u0105\u0107 si\u0119 zapalenie p\u0142uc, poniewa\u017c cz\u0105steczki wirusa FCoV wywo\u0142uj\u0105 reakcj\u0119 zapaln\u0105, kt\u00f3ra mo\u017ce prowadzi\u0107 do trudno\u015bci w oddychaniu i kaszlu z powodu gromadzenia si\u0119 p\u0142ynu odpowiednio w p\u0142ucach i jamie op\u0142ucnej lub otrzewnej.<\/p>\n<p>Objawy zapalenia p\u0142uc pojawiaj\u0105 si\u0119 zwykle w ci\u0105gu dw\u00f3ch tygodni od nara\u017cenia na koci koronawirus, w tym utrata apetytu, letarg, gor\u0105czka, szybki oddech, przyspieszone t\u0119tno, ci\u0119\u017cki oddech (znany jako duszno\u015b\u0107), utrata masy cia\u0142a i kaszel z krwawym \u015bluzem.<\/p>\n<h2><strong>Posiadanie CKD i FIP<\/strong><\/h2>\n<p>Koty z przewlek\u0142\u0105 chorob\u0105 nerek (CKD) s\u0105 nara\u017cone na zwi\u0119kszone ryzyko rozwoju FIP, potencjalnie \u015bmiertelnej infekcji wirusowej. Badania wykaza\u0142y, \u017ce koty cierpi\u0105ce na niezdiagnozowan\u0105 lub \u017ale leczon\u0105 CKD mog\u0105 by\u0107 bardziej nara\u017cone na zachorowanie na FIP, ze wzgl\u0119du na os\u0142abiony uk\u0142ad odporno\u015bciowy spowodowany wcze\u015bniejsz\u0105 chorob\u0105.<\/p>\n<p>W rzeczywisto\u015bci CKD jest cz\u0119sto demaskowana, gdy FIP pojawia si\u0119 u chorego zwierz\u0119cia &#8211; co wskazuje, \u017ce by\u0142a ju\u017c obecna przed wyst\u0105pieniem objaw\u00f3w FIP. Sugeruje to zwi\u0105zek mi\u0119dzy tymi dwiema chorobami i ich wzajemny negatywny wp\u0142yw.<\/p>\n<p>Na szcz\u0119\u015bcie wczesne zdiagnozowanie CKS i FIP mo\u017ce zapewni\u0107 kotom lepsze wyniki, poniewa\u017c szybkie leczenie obu chor\u00f3b mo\u017ce spowolni\u0107 ich post\u0119p i z\u0142agodzi\u0107 zwi\u0105zane z nimi objawy, takie jak niewydolno\u015b\u0107 nerek lub gor\u0105czka.<\/p>\n<h2>Posiadanie FELV i FIP<\/h2>\n<p>Zaka\u017cenie wirusem bia\u0142aczki kot\u00f3w (FeLV) jest cz\u0119st\u0105 chorob\u0105 wsp\u00f3\u0142istniej\u0105c\u0105 z FIP. Wi\u0119kszo\u015b\u0107 kot\u00f3w, u kt\u00f3rych rozwija si\u0119 FIP, ma wcze\u015bniej istniej\u0105ce schorzenie lub infekcj\u0119, tak\u0105 jak FeLV, co czyni je bardziej podatnymi na wirusy i inne czynniki zaka\u017ane.<\/p>\n<p>Mutacja wirusa mo\u017ce prowadzi\u0107 do zaka\u017ce\u0144 oportunistycznych w os\u0142abionych uk\u0142adach odporno\u015bciowych, powoduj\u0105c rozw\u00f3j choroby. W przypadku zaka\u017cenia wirusem FeLV i FIP u wielu zaka\u017conych kot\u00f3w dochodzi do g\u0142\u0119bokiej panleukopenii &#8211; spadku liczby bia\u0142ych krwinek, co obni\u017ca odporno\u015b\u0107 kota.<\/p>\n<p>Ten rodzaj niedokrwisto\u015bci powoduje drastyczny spadek poziomu p\u0142ytek krwi i zwi\u0119ksza krucho\u015b\u0107 \u017cy\u0142 i t\u0119tnic, prowadz\u0105c do problem\u00f3w z krwawieniem w ca\u0142ym organizmie. Inne stany zwi\u0105zane z FeLV obejmuj\u0105 nowotwory z\u0142o\u015bliwe, immunosupresj\u0119 i zwi\u0119kszon\u0105 wiremi\u0119 u chorych kot\u00f3w, kt\u00f3re s\u0105 czynnikami przyczyniaj\u0105cymi si\u0119 do znacznego pogorszenia ich stanu zdrowia po zdiagnozowaniu FIP.<\/p>\n<h2>Choroba nowotworowa i FIP<\/h2>\n<p>Koty, u kt\u00f3rych rozwinie si\u0119 rak lub koci nowotw\u00f3r, mog\u0105 by\u0107 r\u00f3wnie podatne na inne wsp\u00f3\u0142istniej\u0105ce choroby, takie jak FIP. Chocia\u017c nie ma dowod\u00f3w sugeruj\u0105cych bezpo\u015bredni zwi\u0105zek mi\u0119dzy chorob\u0105 nowotworow\u0105 a FIP u kot\u00f3w, eksperci dostrzegaj\u0105 zwi\u0119kszon\u0105 podatno\u015b\u0107 niekt\u00f3rych kot\u00f3w na raka, kt\u00f3re r\u00f3wnie\u017c choruj\u0105 na FIP.<\/p>\n<p>S\u0142abszy uk\u0142ad odporno\u015bciowy os\u00f3b zara\u017conych kt\u00f3r\u0105kolwiek z tych chor\u00f3b jest prawdopodobnie czynnikiem przyczyniaj\u0105cym si\u0119 do wyst\u0105pienia obu chor\u00f3b jednocze\u015bnie.<\/p>\n<p>Objawy mog\u0105 si\u0119 nieco nak\u0142ada\u0107 w zale\u017cno\u015bci od konkretnych typ\u00f3w nowotwor\u00f3w i szczepu wirusa zaanga\u017cowanego w FIP, takie jak przewlek\u0142a utrata masy cia\u0142a \/ przyrost masy cia\u0142a, letarg, og\u00f3lnie s\u0142abe zdrowie, nawracaj\u0105ce epizody gor\u0105czki lub problemy z oddychaniem s\u0105 obserwowane u kot\u00f3w dotkni\u0119tych obiema chorobami jednocze\u015bnie.<\/p>\n<p>Ze wzgl\u0119du na fakt, \u017ce te dwie choroby maj\u0105 pewne wsp\u00f3lne wska\u017aniki, ostateczna diagnoza zwykle wymaga pe\u0142nego badania panelu krwi, co pozwala lekarzom weterynarii na lepsz\u0105 analiz\u0119 charakteru i zakresu infekcji.<\/p>\n<h2>Choroby autoimmunologiczne i FIP<\/h2>\n<p>W\u0142a\u015bciciele kot\u00f3w musz\u0105 by\u0107 \u015bwiadomi potencjalnych czynnik\u00f3w ryzyka zwi\u0105zanych z FIP, z kt\u00f3rych jednym mog\u0105 by\u0107 choroby autoimmunologiczne. Choroby autoimmunologiczne wyst\u0119puj\u0105 u kot\u00f3w, gdy przeciwcia\u0142a organizmu atakuj\u0105 w\u0142asne tkanki i narz\u0105dy zamiast obcych substancji, takich jak bakterie i wirusy.<\/p>\n<p>Ten os\u0142abiony stan uk\u0142adu odporno\u015bciowego sprawia, \u017ce jest on bardziej podatny na infekcje, takie jak FIP. Co wi\u0119cej, istniej\u0105ce wcze\u015bniej schorzenia autoimmunologiczne mog\u0105 tworzy\u0107 \u015brodowisko dla mutacji koronawirus\u00f3w, kt\u00f3re pocz\u0105tkowo s\u0105 nieszkodliwe, ale mog\u0105 przekszta\u0142ci\u0107 si\u0119 w FIP, powoduj\u0105c uszkodzenie kom\u00f3rek w wa\u017cnych narz\u0105dach.<\/p>\n<p>Ze wzgl\u0119du na to, \u017ce jest to choroba przenoszona drog\u0105 powietrzn\u0105, nawet zdrowe koty bez \u017cadnych wcze\u015bniejszych schorze\u0144 mog\u0105 nadal by\u0107 zagro\u017cone, je\u015bli zosta\u0142y nara\u017cone na kontakt z zaka\u017conym kotem \u0142api\u0105cym nos lub kichaj\u0105cym w ich pobli\u017cu.<\/p>\n<h2>Infekcja bakteryjna i FIP<\/h2>\n<p>W\u0142a\u015bciciele kot\u00f3w powinni mie\u0107 \u015bwiadomo\u015b\u0107, \u017ce infekcje bakteryjne mog\u0105 odgrywa\u0107 rol\u0119 w rozwoju i progresji FIP.<\/p>\n<p>Ponadto, nieleczona infekcja bakteryjna mo\u017ce jeszcze bardziej os\u0142abi\u0107 uk\u0142ad odporno\u015bciowy kota, prowadz\u0105c do szybszego zapadni\u0119cia na FIP, je\u015bli jest ni\u0105 zara\u017cony<\/p>\n<h2>Posiadanie FHV i FIP<\/h2>\n<p>Gdy kot jest zara\u017cony zar\u00f3wno herpeswirusem kot\u00f3w (FHV), jak i FIP, mo\u017ce to by\u0107 szczeg\u00f3lnie ci\u0119\u017cki przypadek. FHV os\u0142abia zdolno\u015b\u0107 organizmu do zwalczania innych chor\u00f3b, pozostawiaj\u0105c koty bardziej podatne na zachorowanie na inne infekcje, takie jak FIP.<\/p>\n<p>Ponadto objawy choroby mog\u0105 post\u0119powa\u0107 szybciej z powodu os\u0142abienia uk\u0142adu odporno\u015bciowego. Dzieje si\u0119 tak, poniewa\u017c w zale\u017cno\u015bci od szczepu wybranego przez mutacj\u0119 genu, je\u015bli dwa czynniki, takie jak FHV i FIP w tym przypadku, s\u0105 obecne jednocze\u015bnie, jednocze\u015bnie przyczyniaj\u0105 si\u0119 do stanu zapalnego i powoduj\u0105 dodatkowe szkodliwe bezpo\u015brednie skutki w\u0142asnych cykli replikacji wewn\u0105trz kom\u00f3rek.<\/p>\n<h2>Posiadanie FIV i FIP<\/h2>\n<p>Posiadanie zar\u00f3wno FIV (Feline Immunodeficiency Virus), jak i FIP mo\u017ce znacznie zwi\u0119kszy\u0107 ryzyko dla zdrowia kot\u00f3w, poniewa\u017c istnieje szansa na podw\u00f3jn\u0105 infekcj\u0119.<\/p>\n<p>Zwi\u0119ksza to niestety ryzyko powa\u017cnych powik\u0142a\u0144, takich jak niewydolno\u015b\u0107 narz\u0105d\u00f3w, utrata masy cia\u0142a, a nawet \u015bmier\u0107. Z tego powodu wa\u017cne jest, aby w\u0142a\u015bciciele kot\u00f3w poddawali swoje zwierz\u0119ta testom, je\u015bli podejrzewaj\u0105 kt\u00f3r\u0105kolwiek z tych chor\u00f3b.<\/p>\n<p>G\u0142\u00f3wnym problemem zwi\u0105zanym z wyst\u0119powaniem zar\u00f3wno FIV, jak i FPV u kot\u00f3w jest znaczne os\u0142abienie uk\u0142adu odporno\u015bciowego zwierz\u0119cia, co czyni je bardziej podatnym na choroby lub infekcje wywo\u0142ane przez bakterie lub wirusy.<\/p>\n<p>Gdy koty s\u0105 zara\u017cone dwoma chorobami jednocze\u015bnie, mo\u017ce to zaostrzy\u0107 objawy, a tak\u017ce skomplikowa\u0107 opcje leczenia. W niekt\u00f3rych przypadkach kot mo\u017ce pocz\u0105tkowo wykazywa\u0107 objawy tylko jednej choroby &#8211; ale p\u00f3\u017aniej mo\u017ce rozwin\u0105\u0107 obie razem z powodu os\u0142abionej odporno\u015bci &#8211; dlatego kluczowe jest obserwowanie wczesnych objaw\u00f3w ostrzegawczych, takich jak gor\u0105czka, zm\u0119czenie i zwi\u0119kszona cz\u0119sto\u015b\u0107 oddech\u00f3w.<\/p>\n<h2>Wyst\u0119powanie FIP w czasie ci\u0105\u017cy<\/h2>\n<p>FIP w czasie ci\u0105\u017cy jest szczeg\u00f3lnie niepokoj\u0105cy dla kotki i jej koci\u0105t. FIP mo\u017ce wyst\u0105pi\u0107 u niewielkiej liczby kotek w ci\u0105\u017cy, prowadz\u0105c do powa\u017cnej \u015bmiertelno\u015bci zar\u00f3wno w\u015br\u00f3d matki, jak i miotu nienarodzonych koci\u0105t.<\/p>\n<p>Choroba ta szybko post\u0119puje z niewielkimi szansami na wyzdrowienie, poniewa\u017c koty zara\u017cone tym wirusem cierpi\u0105 z powodu gromadzenia si\u0119 p\u0142yn\u00f3w w jamach cia\u0142a, bezruchu jelit, niewydolno\u015bci nerek, uszkodzenia w\u0105troby lub zapalenia innych narz\u0105d\u00f3w.<\/p>\n<p>Co gorsza, nawet je\u015bli p\u0142\u00f3d nadal \u017cyje na p\u00f3\u017aniejszych etapach ci\u0105\u017cy, gdy jego matka zachoruje na FIP, mo\u017ce on umrze\u0107 z powodu braku odpowiedniego od\u017cywiania spowodowanego os\u0142abionym stanem matki.<\/p>\n<p>Bior\u0105c pod uwag\u0119, jak krytyczna mo\u017ce by\u0107 infekcja FIP w czasie ci\u0105\u017cy zar\u00f3wno dla matki, jak i dotkni\u0119tych ni\u0105 dzieci, w\u0142a\u015bciciele powinni szybko szuka\u0107 pomocy medycznej, je\u015bli zauwa\u017c\u0105 jakiekolwiek objawy zwi\u0105zane z t\u0105 chorob\u0105, gdy ich kotka jest w ci\u0105\u017cy.<\/p>\n","protected":false},"excerpt":{"rendered":"<p>Dlaczego FIP cz\u0119sto wyst\u0119puje z innymi chorobami? Koty z chorobami innymi ni\u017c FIP s\u0105 cz\u0119sto przypadkowo dodatnie w kierunku przeciwcia\u0142 FCoV lub wirusa. Oto 9 typowych chor\u00f3b wsp\u00f3\u0142istniej\u0105cych FIP. FIP mo\u017ce by\u0107 wynikiem os\u0142abienia uk\u0142adu odporno\u015bciowego przez istniej\u0105ce wcze\u015bniej schorzenia, mutacj\u0119 wirusa lub pocz\u0105tkow\u0105 chorob\u0119 powoduj\u0105c\u0105 dalsze komplikacje. Stan istniej\u0105cy wcze\u015bniej Istniej\u0105ce wcze\u015bniej schorzenia mog\u0105 [&hellip;]<\/p>\n","protected":false},"author":1,"featured_media":16880,"parent":0,"menu_order":0,"comment_status":"closed","ping_status":"closed","template":"","meta":{"_glsr_average":0,"_glsr_ranking":0,"_glsr_reviews":0,"footnotes":""},"categories":[681],"tags":[],"_links":{"self":[{"href":"https:\/\/fipmed.co\/pl\/wp-json\/wp\/v2\/pages\/17146"}],"collection":[{"href":"https:\/\/fipmed.co\/pl\/wp-json\/wp\/v2\/pages"}],"about":[{"href":"https:\/\/fipmed.co\/pl\/wp-json\/wp\/v2\/types\/page"}],"author":[{"embeddable":true,"href":"https:\/\/fipmed.co\/pl\/wp-json\/wp\/v2\/users\/1"}],"replies":[{"embeddable":true,"href":"https:\/\/fipmed.co\/pl\/wp-json\/wp\/v2\/comments?post=17146"}],"version-history":[{"count":0,"href":"https:\/\/fipmed.co\/pl\/wp-json\/wp\/v2\/pages\/17146\/revisions"}],"wp:featuredmedia":[{"embeddable":true,"href":"https:\/\/fipmed.co\/pl\/wp-json\/wp\/v2\/media\/16880"}],"wp:attachment":[{"href":"https:\/\/fipmed.co\/pl\/wp-json\/wp\/v2\/media?parent=17146"}],"wp:term":[{"taxonomy":"category","embeddable":true,"href":"https:\/\/fipmed.co\/pl\/wp-json\/wp\/v2\/categories?post=17146"},{"taxonomy":"post_tag","embeddable":true,"href":"https:\/\/fipmed.co\/pl\/wp-json\/wp\/v2\/tags?post=17146"}],"curies":[{"name":"wp","href":"https:\/\/api.w.org\/{rel}","templated":true}]}}