{"id":17157,"date":"2024-03-25T07:24:09","date_gmt":"2024-03-25T07:24:09","guid":{"rendered":"https:\/\/fipmed.co\/wszystko-o-nawrotach-fip-zapobieganie-przyczyny-i-leczenie\/"},"modified":"2024-03-25T07:24:09","modified_gmt":"2024-03-25T07:24:09","slug":"wszystko-o-nawrotach-fip-zapobieganie-przyczyny-i-leczenie","status":"publish","type":"page","link":"https:\/\/fipmed.co\/pl\/wszystko-o-nawrotach-fip-zapobieganie-przyczyny-i-leczenie\/","title":{"rendered":"Wszystko o nawrotach FIP: Zapobieganie, przyczyny i leczenie"},"content":{"rendered":"<p>&nbsp;<\/p>\n<h2>Dlaczego dochodzi do nawrotu FIP?<\/h2>\n<p>FIP jest wywo\u0142ywany przez wirusa, wi\u0119c choroba mo\u017ce pozosta\u0107 utajona (nieaktywna) w organizmie zaka\u017conego kota przez pewien czas po wst\u0119pnym leczeniu. Nawr\u00f3t FIP mo\u017ce wyst\u0105pi\u0107 nawet kilka miesi\u0119cy lub tygodni po zako\u0144czeniu leczenia, je\u015bli dojdzie do reaktywacji wirusa.<\/p>\n<p>Ponadto stwierdzono, \u017ce nawroty s\u0105 cz\u0119stsze u kot\u00f3w z neurologicznymi objawami FIP w por\u00f3wnaniu z innymi postaciami choroby, co czyni je szczeg\u00f3lnie podatnymi na ten problem.<\/p>\n<p>W ugruntowanych przypadkach obejmuj\u0105cych infekcje oczu, m\u00f3zgu i kr\u0119gos\u0142upa, minimalny cykl leczenia trwaj\u0105cy 12 tygodni mo\u017ce by\u0107 konieczny do pe\u0142nego ust\u0105pienia i wyzdrowienia z FIP.<\/p>\n<h2>Jak zapobiega\u0107 nawrotom FIP podczas leczenia GS441524?<\/h2>\n<h3>Nie stosowa\u0107 lek\u00f3w immunosupresyjnych<\/h3>\n<p>Leki immunosupresyjne s\u0105 zwykle przepisywane w celu zmniejszenia uszkodze\u0144 spowodowanych stanem zapalnym podczas leczenia zaka\u017anego zapalenia otrzewnej kot\u00f3w (FIP) w pocz\u0105tkowym okresie.<\/p>\n<p>Leki immunosupresyjne mog\u0105 zak\u0142\u00f3ca\u0107 zdolno\u015b\u0107 organizmu do powrotu do zdrowia po FIP, poniewa\u017c os\u0142abiaj\u0105 naturalne systemy obronne poprzez zmniejszenie stanu zapalnego i t\u0142umienie odporno\u015bci. Mo\u017ce to prowadzi\u0107 do zwi\u0119kszonego ryzyka nawrotu lub dalszych powik\u0142a\u0144, takich jak infekcja.<\/p>\n<h3>Kontynuowa\u0107 leczenie przez co najmniej 84 dni<\/h3>\n<p>Zalecenie leczenia kot\u00f3w z nawrotem FIPGS441524 przez 84 dni jest poparte badaniami wykazuj\u0105cymi, \u017ce zwi\u0119ksza to skuteczno\u015b\u0107 leczenia. Spo\u015br\u00f3d 393 pacjent\u00f3w, 90% osi\u0105gn\u0119\u0142o pomy\u015blny przebieg podczas podawania GS441524 przez 12 tygodni, a 11,4% przed\u0142u\u017cy\u0142o leczenie powy\u017cej 84 dni, uzyskuj\u0105c jeszcze lepsze wyniki.<\/p>\n<p>To jeszcze bardziej wzmacnia znaczenie uko\u0144czenia pe\u0142nej zalecanej dawki w celu optymalizacji wska\u017anik\u00f3w sukcesu.<\/p>\n<p>Zbyt niskie dawki GS441524 zwi\u0119kszaj\u0105 ryzyko nawrotu, a tak\u017ce oporno\u015bci na lek, co mo\u017ce ostatecznie skutkowa\u0107 nieskutecznym leczeniem Twojego kociego towarzysza.<\/p>\n<h3>Zapewnienie odpowiedniego nawodnienia i wsparcia \u017cywieniowego<\/h3>\n<p>Niezb\u0119dne jest zapewnienie odpowiedniego nawodnienia i wsparcia \u017cywieniowego podczas leczenia nawrotu FIP. Nawodnienie jest niezwykle wa\u017cne podczas leczenia kot\u00f3w z FIP, poniewa\u017c pomaga utrzyma\u0107 normalne funkcjonowanie narz\u0105d\u00f3w i wspiera odpowied\u017a uk\u0142adu odporno\u015bciowego na wirusa.<\/p>\n<p>Co wi\u0119cej, mo\u017ce pom\u00f3c zmniejszy\u0107 niekt\u00f3re problemy z krzepni\u0119ciem krwi zwi\u0105zane z t\u0105 chorob\u0105. Tymczasem prawid\u0142owe od\u017cywianie odgrywa istotn\u0105 rol\u0119 we wspieraniu leczenia i powrotu do zdrowia.<\/p>\n<p>Odpowiednie spo\u017cycie bia\u0142ka jest wymagane do budowy mi\u0119\u015bni dotkni\u0119tych infekcj\u0105 i przywr\u00f3cenia utraconego poziomu energii z powodu os\u0142abienia lub skutk\u00f3w ubocznych lek\u00f3w, podczas gdy niekt\u00f3re suplementy diety mog\u0105 pom\u00f3c w dalszym zwi\u0119kszaniu odporno\u015bci kota w walce z wirusem.<\/p>\n<h2>Jak leczy\u0107 nawr\u00f3t, je\u015bli wyst\u0105pi?<\/h2>\n<h3>Zwi\u0119kszenie dawki GS441524<\/h3>\n<p>Je\u015bli po zako\u0144czeniu leczenia FIP u kot\u00f3w wyst\u0105pi nawr\u00f3t choroby, konieczne jest zwi\u0119kszenie dawki GS441524 o 50%. Wy\u017csza dawka mo\u017ce mie\u0107 wi\u0119ksz\u0105 skuteczno\u015b\u0107 w leczeniu nawrot\u00f3w FIP.<\/p>\n<p>Je\u015bli u kota rozwin\u0119\u0142a si\u0119 wysoka oporno\u015b\u0107 na GS441524, mo\u017cna po\u0142\u0105czy\u0107 leczenie z GC376. Jednak w przypadku nawrot\u00f3w, szanse na prze\u017cycie kota s\u0105 zazwyczaj niewielkie.<\/p>\n","protected":false},"excerpt":{"rendered":"<p>&nbsp; Dlaczego dochodzi do nawrotu FIP? FIP jest wywo\u0142ywany przez wirusa, wi\u0119c choroba mo\u017ce pozosta\u0107 utajona (nieaktywna) w organizmie zaka\u017conego kota przez pewien czas po wst\u0119pnym leczeniu. Nawr\u00f3t FIP mo\u017ce wyst\u0105pi\u0107 nawet kilka miesi\u0119cy lub tygodni po zako\u0144czeniu leczenia, je\u015bli dojdzie do reaktywacji wirusa. Ponadto stwierdzono, \u017ce nawroty s\u0105 cz\u0119stsze u kot\u00f3w z neurologicznymi objawami [&hellip;]<\/p>\n","protected":false},"author":1,"featured_media":16866,"parent":0,"menu_order":0,"comment_status":"closed","ping_status":"closed","template":"","meta":{"_glsr_average":0,"_glsr_ranking":0,"_glsr_reviews":0,"footnotes":""},"categories":[681],"tags":[],"_links":{"self":[{"href":"https:\/\/fipmed.co\/pl\/wp-json\/wp\/v2\/pages\/17157"}],"collection":[{"href":"https:\/\/fipmed.co\/pl\/wp-json\/wp\/v2\/pages"}],"about":[{"href":"https:\/\/fipmed.co\/pl\/wp-json\/wp\/v2\/types\/page"}],"author":[{"embeddable":true,"href":"https:\/\/fipmed.co\/pl\/wp-json\/wp\/v2\/users\/1"}],"replies":[{"embeddable":true,"href":"https:\/\/fipmed.co\/pl\/wp-json\/wp\/v2\/comments?post=17157"}],"version-history":[{"count":0,"href":"https:\/\/fipmed.co\/pl\/wp-json\/wp\/v2\/pages\/17157\/revisions"}],"wp:featuredmedia":[{"embeddable":true,"href":"https:\/\/fipmed.co\/pl\/wp-json\/wp\/v2\/media\/16866"}],"wp:attachment":[{"href":"https:\/\/fipmed.co\/pl\/wp-json\/wp\/v2\/media?parent=17157"}],"wp:term":[{"taxonomy":"category","embeddable":true,"href":"https:\/\/fipmed.co\/pl\/wp-json\/wp\/v2\/categories?post=17157"},{"taxonomy":"post_tag","embeddable":true,"href":"https:\/\/fipmed.co\/pl\/wp-json\/wp\/v2\/tags?post=17157"}],"curies":[{"name":"wp","href":"https:\/\/api.w.org\/{rel}","templated":true}]}}