{"id":17168,"date":"2024-03-25T05:50:49","date_gmt":"2024-03-25T05:50:49","guid":{"rendered":"https:\/\/fipmed.co\/czynniki-ryzyka-zakaznego-zapalenia-otrzewnej-u-kotow\/"},"modified":"2024-03-25T05:50:49","modified_gmt":"2024-03-25T05:50:49","slug":"czynniki-ryzyka-zakaznego-zapalenia-otrzewnej-u-kotow","status":"publish","type":"page","link":"https:\/\/fipmed.co\/pl\/czynniki-ryzyka-zakaznego-zapalenia-otrzewnej-u-kotow\/","title":{"rendered":"Zaka\u017ane zapalenie otrzewnej kot\u00f3w: Czynniki ryzyka FIP"},"content":{"rendered":"<p><strong>Jakie s\u0105 czynniki ryzyka FIP?<\/strong><\/p>\n<p>Niekt\u00f3re koty s\u0105 bardziej podatne na FIP ni\u017c inne, mimo \u017ce odpowiedzialny za to koronawirus wyst\u0119puje wsz\u0119dzie. Poni\u017cej przedstawiono niekt\u00f3re z czynnik\u00f3w ryzyka, kt\u00f3re zwi\u0119kszaj\u0105 ryzyko zachorowania kota na FIP.<\/p>\n<p>&nbsp;<\/p>\n<p><strong>Wiek<\/strong><\/p>\n<p>50% kot\u00f3w, u kt\u00f3rych rozwija si\u0119 FIP, ma mniej ni\u017c 2 lata, wi\u0119c prawdopodobnie zosta\u0142y zara\u017cone jako koci\u0119ta, gdy ich uk\u0142ad odporno\u015bciowy by\u0142 zbyt m\u0142ody, aby poradzi\u0107 sobie z infekcj\u0105 FCoV.<\/p>\n<p>M\u0142odsze koty i koty starsze cz\u0119sto maj\u0105 niedojrza\u0142y lub os\u0142abiony uk\u0142ad odporno\u015bciowy, co mo\u017ce zwi\u0119ksza\u0107 ryzyko rozwoju FIP. M\u0142ode koci\u0119ta mog\u0142y by\u0107 r\u00f3wnie\u017c nara\u017cone na kontakt z wirusem, gdy przebywa\u0142y w hodowlach lub schroniskach.<\/p>\n<p>&nbsp;<\/p>\n<p><strong>Rasa jako czynnik ryzyka FIP<\/strong><\/p>\n<p>Niekt\u00f3re rasy, takie jak koty rasowe lub pochodz\u0105ce z hodowli, mog\u0105 by\u0107 bardziej nara\u017cone na FIP. Koty perskie i pokrewne rasy wydaj\u0105 si\u0119 by\u0107 bardziej podatne. Istniej\u0105 dowody sugeruj\u0105ce, \u017ce koty perskie s\u0105 nosicielami &#8222;alleli predysponuj\u0105cych&#8221; do tej choroby, co czyni je podatnymi na kontakt z wirusem wywo\u0142uj\u0105cym FIP.<\/p>\n<p>Koty pochodz\u0105ce z hodowli lub linii czystorasowych mog\u0105 by\u0107 szczeg\u00f3lnie podatne na rozw\u00f3j FIP. Abisy\u0144czyki, bengale, birmany, himalajczyki, ragdolle i reksy s\u0105 znacznie bardziej nara\u017cone na t\u0119 chorob\u0119 ni\u017c inne koty.<\/p>\n<p>Inne rasy kot\u00f3w, w tym birma\u0144skie, egzotyczne kr\u00f3tkow\u0142ose, manksy, persy i rosyjskie niebieskie s\u0105 r\u00f3wnie\u017c bardziej podatne na FIP ze wzgl\u0119du na genetyk\u0119 i ich zwi\u0119kszon\u0105 ekspozycj\u0119 w programach hodowlanych.<\/p>\n<p>Uwa\u017ca si\u0119, \u017ce pewne czynniki genetyczne zwi\u0105zane z kotami perskimi (i ich rasami pokrewnymi) sprawiaj\u0105, \u017ce s\u0105 one nieco mniej zdolne ni\u017c inne gatunki kot\u00f3w do zwalczania wirusa wywo\u0142uj\u0105cego FIP, co czyni je bardziej podatnymi na infekcje w przypadku kontaktu z nim.<\/p>\n<p>&nbsp;<\/p>\n<p><strong>Zat\u0142oczone warunki \u017cycia<\/strong><strong> <\/strong><\/p>\n<p>Koty \u017cyj\u0105ce w zat\u0142oczonych lub stresuj\u0105cych \u015brodowiskach, takich jak gospodarstwa domowe z wieloma kotami lub schroniska, mog\u0105 by\u0107 bardziej nara\u017cone na kontakt z kocim koronawirusem, co mo\u017ce zwi\u0119ksza\u0107 prawdopodobie\u0144stwo rozwoju FIP.<\/p>\n<p>Niekt\u00f3re czynniki ryzyka FIP zwi\u0105zane z \u017cyciem w zat\u0142oczonych warunkach obejmuj\u0105 bliskie s\u0105siedztwo z innymi kotami, wsp\u00f3lne zasoby (takie jak naczynia z jedzeniem, kuwety i legowiska) oraz os\u0142abiony uk\u0142ad odporno\u015bciowy z powodu stresu.<\/p>\n<p>Kontakt z innymi kotami jest wa\u017cnym czynnikiem przenoszenia choroby, poniewa\u017c zara\u017cone koty wydalaj\u0105 wirusa ze \u015blin\u0105 lub ka\u0142em. Bliski kontakt mi\u0119dzy kotami pozwala na \u0142atwiejsze rozprzestrzenianie si\u0119 wirusa.<\/p>\n<p>W gospodarstwach domowych z wieloma kotami i schroniskach wa\u017cne jest, aby zmniejszy\u0107 ryzyko przeniesienia choroby poprzez promowanie dobrych praktyk higienicznych, takich jak dezynfekcja powierzchni za pomoc\u0105 domowych \u015brodk\u00f3w czyszcz\u0105cych i regularne mycie r\u0105k mi\u0119dzy g\u0142askaniem r\u00f3\u017cnych kot\u00f3w.<\/p>\n<p>Wa\u017cne jest r\u00f3wnie\u017c zach\u0119canie kot\u00f3w do zdrowych zachowa\u0144, w tym zapewnienie im wystarczaj\u0105cej przestrzeni, aby nie walczy\u0142y o terytorium. W razie potrzeby stosuj \u015brodki zwalczania szkodnik\u00f3w, takie jak zapobieganie pch\u0142om, i oferuj urozmaicenia, takie jak zabawki \/ jad\u0142odajnie \/ wie\u017ce wspinaczkowe itp.<\/p>\n<p>Upewnij si\u0119, \u017ce koty s\u0105 karmione po r\u00f3wno, bez konieczno\u015bci &#8222;walki&#8221; o jedzenie i zapewnij im wygodne miejsca do odpoczynku.<\/p>\n<p>&nbsp;<\/p>\n<p><strong>Genetyka<\/strong><\/p>\n<p>Niekt\u00f3re koty mog\u0105 mie\u0107 predyspozycje genetyczne, kt\u00f3re czyni\u0105 je bardziej podatnymi na rozw\u00f3j FIP. Mo\u017ce to by\u0107 zwi\u0105zane z ich uk\u0142adem odporno\u015bciowym lub zdolno\u015bci\u0105 do zwalczania koronawirusa kot\u00f3w.<\/p>\n<p>Modyfikacja genetyczna kota mo\u017ce sprawi\u0107, \u017ce b\u0119dzie on bardziej podatny na infekcje, albo poprzez niezdolno\u015b\u0107 do rozpoznawania i zwalczania atakuj\u0105cych cz\u0105stek wirusa, albo poprzez zmniejszenie odporno\u015bci b\u0142on kom\u00f3rkowych na wirusa.<\/p>\n<p>Mog\u0105 r\u00f3wnie\u017c sprawi\u0107, \u017ce niekt\u00f3re kom\u00f3rki u kot\u00f3w b\u0119d\u0105 podatne na odpowied\u017a immunologiczn\u0105, kt\u00f3ra wywo\u0142a stan zapalny prowadz\u0105cy do dalszego uszkodzenia tkanek. Dodatkowo, niekt\u00f3re koty mog\u0105 nie by\u0107 w stanie kontrolowa\u0107 replikacji niebezpiecznego szczepu koronawirusa kot\u00f3w zwi\u0105zanego z FIP, co zwi\u0119ksza ich podatno\u015b\u0107 na rozw\u00f3j tej choroby.<\/p>\n<p>&nbsp;<\/p>\n<p><strong>Stres<\/strong><\/p>\n<p>Stres negatywnie wp\u0142ywa na uk\u0142ad odporno\u015bciowy kot\u00f3w, zmniejszaj\u0105c ich zdolno\u015b\u0107 do zwalczania infekcji. Koty mog\u0105 by\u0107 zestresowane, gdy do\u015bwiadczaj\u0105 znacz\u0105cych zmian w swoim otoczeniu lub rutynie, takich jak przeprowadzka lub zapoznanie si\u0119 z nowym zwierzakiem.<\/p>\n<p>Kiedy kot jest nara\u017cony na stresory, jego cia\u0142o uwalnia hormony, kt\u00f3re hamuj\u0105 produkcj\u0119 i funkcjonowanie niekt\u00f3rych kom\u00f3rek odporno\u015bciowych. Powoduje to, \u017ce og\u00f3lna wydajno\u015b\u0107 uk\u0142adu odporno\u015bciowego kota spada, czyni\u0105c go bardziej podatnym nie tylko na FIP, ale tak\u017ce na inne choroby, takie jak te wywo\u0142ywane przez paso\u017cyty i bakterie.<\/p>\n<p>U wi\u0119kszo\u015bci kot\u00f3w, u kt\u00f3rych rozwin\u0105\u0142 si\u0119 FIP, stres wyst\u0105pi\u0142 kilka tygodni lub miesi\u0119cy przed wyst\u0105pieniem FIP.<\/p>\n<p>W zwi\u0105zku z tym zapewnienie zwierz\u0119tom urozmaiconych zaj\u0119\u0107 \u015brodowiskowych i zminimalizowanie potencjalnych \u017ar\u00f3de\u0142 stresu mo\u017ce pom\u00f3c zmniejszy\u0107 ich podatno\u015b\u0107 na t\u0119 chorob\u0119.<\/p>\n<p>&nbsp;<\/p>\n<p><strong>Stan uk\u0142adu odporno\u015bciowego<\/strong><strong> <\/strong><\/p>\n<p>Koty z upo\u015bledzonym uk\u0142adem odporno\u015bciowym, takie jak te z wirusem bia\u0142aczki kot\u00f3w (FeLV) lub wirusem niedoboru odporno\u015bci kot\u00f3w (FIV), s\u0105 bardziej nara\u017cone na rozw\u00f3j FIP.<\/p>\n<p>FeLV i FIV to infekcje wirusowe, kt\u00f3re atakuj\u0105 uk\u0142ad odporno\u015bciowy kot\u00f3w. W rezultacie koty z os\u0142abionym uk\u0142adem odporno\u015bciowym z powodu wirusa cz\u0119sto maj\u0105 trudno\u015bci w zwalczaniu innych chor\u00f3b, w tym FIP.<\/p>\n<p>Koty z chorobami podstawowymi, takimi jak FeLV lub FIV, mog\u0105 by\u0107 mniej zdolne do skutecznej odpowiedzi na zaka\u017cenie koronawirusem, gdy s\u0105 na nie nara\u017cone, i bardziej nara\u017cone na rozw\u00f3j choroby.<\/p>\n<p>Najlepszym sposobem dla rodzic\u00f3w zwierz\u0105t domowych na zminimalizowanie ryzyka zachorowania kota na FIP jest znajomo\u015b\u0107 historii jego zdrowia. Regularne wizyty u weterynarza powinny obejmowa\u0107 dok\u0142adne kontrole og\u00f3lnego stanu zdrowia zwierz\u0119cia, w tym testy na obecno\u015b\u0107 tych wirus\u00f3w, aby mo\u017cna by\u0142o wcze\u015bnie wykry\u0107 wszelkie objawy i w razie potrzeby zapewni\u0107 kotu odpowiedni\u0105 opiek\u0119 i leczenie.<\/p>\n","protected":false},"excerpt":{"rendered":"<p>Jakie s\u0105 czynniki ryzyka FIP? Niekt\u00f3re koty s\u0105 bardziej podatne na FIP ni\u017c inne, mimo \u017ce odpowiedzialny za to koronawirus wyst\u0119puje wsz\u0119dzie. Poni\u017cej przedstawiono niekt\u00f3re z czynnik\u00f3w ryzyka, kt\u00f3re zwi\u0119kszaj\u0105 ryzyko zachorowania kota na FIP. &nbsp; Wiek 50% kot\u00f3w, u kt\u00f3rych rozwija si\u0119 FIP, ma mniej ni\u017c 2 lata, wi\u0119c prawdopodobnie zosta\u0142y zara\u017cone jako koci\u0119ta, [&hellip;]<\/p>\n","protected":false},"author":1,"featured_media":16823,"parent":0,"menu_order":0,"comment_status":"closed","ping_status":"closed","template":"","meta":{"_glsr_average":0,"_glsr_ranking":0,"_glsr_reviews":0,"footnotes":""},"categories":[681],"tags":[],"_links":{"self":[{"href":"https:\/\/fipmed.co\/pl\/wp-json\/wp\/v2\/pages\/17168"}],"collection":[{"href":"https:\/\/fipmed.co\/pl\/wp-json\/wp\/v2\/pages"}],"about":[{"href":"https:\/\/fipmed.co\/pl\/wp-json\/wp\/v2\/types\/page"}],"author":[{"embeddable":true,"href":"https:\/\/fipmed.co\/pl\/wp-json\/wp\/v2\/users\/1"}],"replies":[{"embeddable":true,"href":"https:\/\/fipmed.co\/pl\/wp-json\/wp\/v2\/comments?post=17168"}],"version-history":[{"count":0,"href":"https:\/\/fipmed.co\/pl\/wp-json\/wp\/v2\/pages\/17168\/revisions"}],"wp:featuredmedia":[{"embeddable":true,"href":"https:\/\/fipmed.co\/pl\/wp-json\/wp\/v2\/media\/16823"}],"wp:attachment":[{"href":"https:\/\/fipmed.co\/pl\/wp-json\/wp\/v2\/media?parent=17168"}],"wp:term":[{"taxonomy":"category","embeddable":true,"href":"https:\/\/fipmed.co\/pl\/wp-json\/wp\/v2\/categories?post=17168"},{"taxonomy":"post_tag","embeddable":true,"href":"https:\/\/fipmed.co\/pl\/wp-json\/wp\/v2\/tags?post=17168"}],"curies":[{"name":"wp","href":"https:\/\/api.w.org\/{rel}","templated":true}]}}