{"id":22124,"date":"2022-11-25T09:19:05","date_gmt":"2022-11-25T09:19:05","guid":{"rendered":"https:\/\/fipmed.co\/polityka-prywatnosci\/"},"modified":"2024-07-24T09:30:10","modified_gmt":"2024-07-24T09:30:10","slug":"polityka-prywatnosci","status":"publish","type":"page","link":"https:\/\/fipmed.co\/pl\/polityka-prywatnosci\/","title":{"rendered":"Polityka prywatno\u015bci"},"content":{"rendered":"\t\t<div data-elementor-type=\"wp-page\" data-elementor-id=\"22124\" class=\"elementor elementor-22124 elementor-3\">\n\t\t\t\t\t\t<section class=\"elementor-section elementor-top-section elementor-element elementor-element-8b2513f elementor-section-boxed elementor-section-height-default elementor-section-height-default\" data-id=\"8b2513f\" data-element_type=\"section\">\n\t\t\t\t\t\t<div class=\"elementor-container elementor-column-gap-default\">\n\t\t\t\t\t<div class=\"elementor-column elementor-col-100 elementor-top-column elementor-element elementor-element-cb4fbe6\" data-id=\"cb4fbe6\" data-element_type=\"column\">\n\t\t\t<div class=\"elementor-widget-wrap elementor-element-populated\">\n\t\t\t\t\t\t<div class=\"elementor-element elementor-element-4603e09 elementor-widget elementor-widget-text-editor\" data-id=\"4603e09\" data-element_type=\"widget\" data-widget_type=\"text-editor.default\">\n\t\t\t\t<div class=\"elementor-widget-container\">\n\t\t\t\t\t\t\t\t\t<p class=\"p1\"><span class=\"s1\">Prywatno\u015b\u0107 danych ma du\u017ce znaczenie dla FipMed.co i chcemy by\u0107 otwarci i przejrzy\u015bci w sposobie, w jaki przetwarzamy Twoje dane osobowe.<br \/>\nJeste\u015bmy zobowi\u0105zani do ochrony prywatno\u015bci i bezpiecze\u0144stwa naszych klient\u00f3w i odwiedzaj\u0105cych witryn\u0119. <span class=\"Apple-converted-space\">  <\/span>W zwi\u0105zku z tym posiadamy polityk\u0119 okre\u015blaj\u0105c\u0105 cel gromadzenia danych osobowych, a tak\u017ce spos\u00f3b ich przetwarzania i ochrony.<span class=\"Apple-converted-space\">  <\/span>U\u017cytkownik b\u0119dzie mia\u0142 r\u00f3wnie\u017c mo\u017cliwo\u015b\u0107 monitorowania procesu gromadzenia danych i zarz\u0105dzania poziomem komunikacji z nami.<\/span><\/p>\n<p class=\"p1\">\n<p class=\"p1\"><span class=\"s1\">&#8211; Dane u\u017cytkownika b\u0119d\u0105 wykorzystywane wy\u0142\u0105cznie w celu poprawy jako\u015bci naszych us\u0142ug i jego do\u015bwiadcze\u0144 z nami.<\/span><\/p>\n<p class=\"p1\"><span class=\"s1\">&#8211; Ochrona danych u\u017cytkownika przed nieautoryzowanym dost\u0119pem jest naszym priorytetem numer jeden, co obejmuje zapobieganie nieautoryzowanemu dost\u0119powi, edycji lub udost\u0119pnianiu danych.<\/span><\/p>\n<p class=\"p1\"><span class=\"s1\">&#8211; Zobowi\u0105zujemy si\u0119 do przekazywania wszystkich niezb\u0119dnych informacji w najbardziej przejrzysty i zwi\u0119z\u0142y spos\u00f3b<\/span><\/p>\n<p class=\"p1\"><span class=\"s1\">&#8211; U\u017cytkownik ma mo\u017cliwo\u015b\u0107 decydowania o tym, co i w jaki spos\u00f3b b\u0119dzie od nas otrzymywa\u0107<\/span><\/p>\n<p class=\"p1\"><span class=\"s1\">&#8211; Wszystkie dane osobowe, je\u015bli nie s\u0105 niezb\u0119dne do naszej analizy, zostan\u0105 usuni\u0119te, aby zapobiec przechowywaniu nadmiarowych informacji w naszym systemie.<\/span><\/p>\n<\/p>\n<h3 class=\"p1\"><span class=\"s1\">Podstawa prawna przetwarzania<\/span><\/h3>\n<p class=\"p1\"><span class=\"s1\">B\u0119dziemy przetwarza\u0107 dane osobowe u\u017cytkownika z nast\u0119puj\u0105cych powod\u00f3w:<\/span><\/p>\n<p class=\"p1\"><span class=\"s1\">&#8211; Wykonanie um\u00f3w, kt\u00f3rych stron\u0105 jest u\u017cytkownik<\/span><\/p>\n<p class=\"p1\"><span class=\"s1\">&#8211; Przestrzeganie naszych zobowi\u0105za\u0144 prawnych<\/span><\/p>\n<p class=\"p1\"><span class=\"s1\">&#8211; Marketing i inne uzasadnione interesy<\/span><\/p>\n<p class=\"p2\">\n<h3 class=\"p1\"><span class=\"s1\">Uzasadnione interesy<\/span><\/h3>\n<p class=\"p1\"><span class=\"s1\">Obejmuj\u0105 one nast\u0119puj\u0105ce elementy:  <\/span><\/p>\n<p class=\"p1\"><span class=\"s1\">&#8211; Gromadzenie danych osobowych w celu zapewnienia jak najlepszej obs\u0142ugi klienta.<\/span><\/p>\n<p class=\"p1\"><span class=\"s1\">&#8211; Wymagania operacyjne niezb\u0119dne dla proces\u00f3w wewn\u0119trznych<\/span><\/p>\n<p class=\"p1\"><span class=\"s1\">&#8211; Spe\u0142nianie wymaga\u0144 u\u017cytkownika dotycz\u0105cych naszych us\u0142ug i produkt\u00f3w<\/span><\/p>\n<p class=\"p1\"><span class=\"s1\">&#8211; Zapobieganie oszustwom<\/span><\/p>\n<p class=\"p1\"><span class=\"s1\">&#8211; Wy\u0142\u0105cznie na potrzeby naszego wewn\u0119trznego marketingu, bada\u0144 i rozwoju produkt\u00f3w.<\/span><\/p>\n<p class=\"p2\">\n<h3 class=\"p1\"><span class=\"s1\">  W jaki spos\u00f3b zbieramy informacje o u\u017cytkowniku  <\/span><\/h3>\n<p class=\"p1\"><span class=\"s1\">&#8211; Poprzez zakupy online (podczas sk\u0142adania zam\u00f3wienia)  <\/span><\/p>\n<p class=\"p1\"><span class=\"s1\">&#8211; Marketing bezpo\u015bredni (po zapisaniu si\u0119 do newslettera)<\/span><\/p>\n<p class=\"p1\"><span class=\"s1\">&#8211; Podczas rejestracji konta FipMed.co<\/span><\/p>\n<p class=\"p1\"><span class=\"s1\">&#8211; Poprzez komunikacj\u0119 za po\u015brednictwem naszego dzia\u0142u obs\u0142ugi klienta<\/span><\/p>\n<p class=\"p1\"><span class=\"s1\">&#8211; Informacje o u\u017cytkowniku mog\u0105 by\u0107 r\u00f3wnie\u017c gromadzone automatycznie podczas wizyt na naszej stronie internetowej, w tym informacje o urz\u0105dzeniach i przegl\u0105daniu.<br \/>\nInformacje te s\u0105 gromadzone za pomoc\u0105 plik\u00f3w cookie i podobnych technologii.   <\/span><\/p>\n<p class=\"p2\">\n<h3 class=\"p1\"><span class=\"s1\">Dlaczego wykorzystujemy dane osobowe u\u017cytkownika?<\/span><\/h3>\n<p class=\"p1\"><span class=\"s1\">&#8211; Przetwarzanie i dostarczanie zakup\u00f3w<\/span><\/p>\n<p class=\"p1\"><span class=\"s1\">&#8211; Przyjmowanie p\u0142atno\u015bci i dokonywanie zwrot\u00f3w<\/span><\/p>\n<p class=\"p1\"><span class=\"s1\">&#8211; Wysy\u0142anie u\u017cytkownikowi wiadomo\u015bci serwisowych za po\u015brednictwem wiadomo\u015bci SMS, e-mail lub w inny spos\u00f3b<\/span><\/p>\n<p class=\"p1\"><span class=\"s1\">&#8211; \u015awiadczenie us\u0142ug obs\u0142ugi klienta i wsparcia, obs\u0142uga zwrot\u00f3w, roszczenia gwarancyjne<\/span><\/p>\n<p class=\"p1\"><span class=\"s1\">&#8211; Wszystkie formy wykrywania oszustw i zapobiegania im<\/span><\/p>\n<p class=\"p1\"><span class=\"s1\">&#8211; Bezpiecze\u0144stwo i ochrona naszej witryny<\/span><\/p>\n<p class=\"p1\"><span class=\"s1\">&#8211; Wy\u015bwietlanie naszych reklam podczas przegl\u0105dania stron internetowych<\/span><\/p>\n<p class=\"p1\"><span class=\"s1\">&#8211; Dostarczanie u\u017cytkownikowi informacji o naszych produktach i us\u0142ugach, promocjach, rabatach i nowo\u015bciach dotycz\u0105cych jego preferencji i \u017cycze\u0144.<\/span><\/p>\n<p class=\"p1\"><span class=\"s1\">&#8211; Ulepszanie naszej strony internetowej<\/span><\/p>\n<p class=\"p2\">\n<h3 class=\"p1\"><span class=\"s1\">Jakie rodzaje danych gromadzimy<\/span><\/h3>\n<p class=\"p1\"><span class=\"s1\">&#8211; Dane identyfikacyjne i kontaktowe (adres e-mail, imi\u0119, nazwisko, adres, telefon)<\/span><\/p>\n<p class=\"p1\"><span class=\"s1\">&#8211; Informacje finansowe i transakcyjne (dane kart kredytowych, szczeg\u00f3\u0142y dotycz\u0105ce p\u0142atno\u015bci dostarczanych przez zewn\u0119trzne podmioty przetwarzaj\u0105ce p\u0142atno\u015bci)<\/span><\/p>\n<p class=\"p1\"><span class=\"s1\">&#8211; Informacje profilowe (imi\u0119, nazwisko, adres e-mail, has\u0142o i dodatkowe nieobowi\u0105zkowe informacje o u\u017cytkowniku: p\u0142e\u0107, strefa czasowa, data urodzenia)<\/span><\/p>\n<p class=\"p1\"><span class=\"s1\">&#8211; Informacje techniczne (adres protoko\u0142u internetowego (IP), dane logowania, informacje o przegl\u0105darce, strefa czasowa, j\u0119zyk, typy i wersje wtyczek przegl\u0105darki, system operacyjny i inne technologie na urz\u0105dzeniach u\u017cywanych do uzyskiwania dost\u0119pu do strony internetowej FipMed.co lub aplikacji mobilnej)<\/span><\/p>\n<p class=\"p1\"><span class=\"s1\">&#8211; Informacje marketingowe i komunikacyjne (adres e-mail, imi\u0119, nazwisko, p\u0142e\u0107, strefa czasowa, region, kraj, data zakupu, adres IP, data zam\u00f3wienia, zakupiony produkt, \u017ar\u00f3d\u0142o subskrypcji, j\u0119zyk, identyfikator zam\u00f3wienia, identyfikator u\u017cytkownika, data subskrypcji, data ostatniej zmiany)<\/span><\/p>\n<p class=\"p2\">\n<h3 class=\"p1\"><span class=\"s1\">Jak d\u0142ugo przechowujemy dane osobowe u\u017cytkownika<\/span><\/h3>\n<p class=\"p1\"><span class=\"s1\">B\u0119dziemy przechowywa\u0107 dane u\u017cytkownika przez okres posiadania przez niego konta lub tak d\u0142ugo, jak b\u0119dzie to konieczne do \u015bwiadczenia us\u0142ug na rzecz u\u017cytkownika, w tym gwarancji na produkt trwaj\u0105cej do 10 lat, lub (w przypadku jakiegokolwiek kontaktu u\u017cytkownika z naszym zespo\u0142em obs\u0142ugi klienta) tak d\u0142ugo, jak b\u0119dzie to konieczne do zapewnienia raportowania zwi\u0105zanego z pomoc\u0105 techniczn\u0105 i analizy trend\u00f3w.<\/span><\/p>\n<p class=\"p1\"><span class=\"s1\">Mo\u017cemy przechowywa\u0107 niekt\u00f3re informacje o u\u017cytkowniku, je\u015bli jest to wymagane przez prawo, nawet po zamkni\u0119ciu konta u\u017cytkownika i zaprzestaniu \u015bwiadczenia na jego rzecz jakichkolwiek us\u0142ug.<\/span><\/p>\n<p class=\"p1\"><span class=\"s1\">Dane wykorzystywane do marketingu bezpo\u015bredniego b\u0119d\u0105 przechowywane do momentu, gdy u\u017cytkownik zrezygnuje z subskrypcji lub stanie si\u0119 nieaktywny przez ponad rok.<\/span><\/p>\n<p class=\"p2\">\n<p class=\"p1\"><span class=\"s1\">Nie sprzedajemy i nie b\u0119dziemy sprzedawa\u0107 \u017cadnych danych osobowych u\u017cytkownika stronom trzecim &#8211; w tym imienia i nazwiska, adresu, adresu e-mail ani informacji o karcie kredytowej.<span class=\"Apple-converted-space\">  <\/span>Chcemy zdoby\u0107 i utrzyma\u0107 Twoje zaufanie i wierzymy, \u017ce jest to absolutnie niezb\u0119dne, aby to osi\u0105gn\u0105\u0107.<\/span><\/p>\n<p class=\"p1\"><span class=\"s1\">Udost\u0119pniamy jednak dane u\u017cytkownika nast\u0119puj\u0105cym kategoriom firm jako niezb\u0119dny element mo\u017cliwo\u015bci \u015bwiadczenia naszych us\u0142ug na rzecz u\u017cytkownika, jak okre\u015blono w niniejszym o\u015bwiadczeniu:<\/span><\/p>\n<p class=\"p1\"><span class=\"s1\">&#8211; Sp\u00f3\u0142ki powi\u0105zane i podmioty przetwarzaj\u0105ce dane w oparciu o realizacj\u0119 umowy zakupu lub w celu realizacji wewn\u0119trznych proces\u00f3w i procedur<\/span><\/p>\n<p class=\"p1\"><span class=\"s1\">&#8211; Firmy wydaj\u0105ce karty kredytowe, dostawcy us\u0142ug p\u0142atniczych w celu przetwarzania p\u0142atno\u015bci oraz banki, na podstawie zam\u00f3wienia u\u017cytkownika, w celu realizacji umowy kupna-sprzeda\u017cy.<\/span><\/p>\n<p class=\"p1\"><span class=\"s1\">&#8211; Przewo\u017anicy dostarczaj\u0105cy zam\u00f3wienie lub us\u0142ugi  <\/span><\/p>\n<p class=\"p1\"><span class=\"s1\">&#8211; Inni dostawcy us\u0142ug i strony trzecie zaanga\u017cowane w przetwarzanie danych<\/span><\/p>\n<p class=\"p1\"><span class=\"s1\">&#8211; strony trzecie, takie jak organy \u015bcigania, inne agencje rz\u0105dowe i powi\u0105zane strony, je\u015bli jest to wymagane przez prawo<\/span><\/p>\n<\/p>\n<p class=\"p1\"><span class=\"s1\">Mo\u017cemy dostarcza\u0107 stronom trzecim zagregowane, ale zanonimizowane informacje i analizy dotycz\u0105ce naszych klient\u00f3w, a zanim to zrobimy, upewnimy si\u0119, \u017ce nie identyfikuj\u0105 one u\u017cytkownika.<\/span><\/p>\n<p class=\"p2\">\n<p class=\"p2\">\n<h3 class=\"p1\"><span class=\"s1\">Jakie s\u0105 Twoje prawa<\/span><\/h3>\n<p class=\"p1\"><span class=\"s1\">&#8211; Prawo dost\u0119pu do przechowywanych przez nas danych osobowych u\u017cytkownika.<span class=\"Apple-converted-space\">  <\/span>U\u017cytkownik ma prawo w dowolnym momencie za\u017c\u0105da\u0107 informacji na temat przechowywanych przez nas jego danych osobowych.<br \/>\nGdy u\u017cytkownik skontaktuje si\u0119 z nami, przeka\u017cemy mu jego dane osobowe za po\u015brednictwem poczty elektronicznej. <\/span><\/p>\n<p class=\"p1\"><span class=\"s1\">&#8211; Prawo do przenoszenia.<span class=\"Apple-converted-space\">  <\/span>U\u017cytkownik ma prawo do otrzymania kopii swoich danych w ustrukturyzowanym, powszechnie u\u017cywanym i nadaj\u0105cym si\u0119 do odczytu maszynowego formacie, przekazanej u\u017cytkownikowi lub innej stronie.<span class=\"Apple-converted-space\">  <\/span>Obejmuje to wy\u0142\u0105cznie dane osobowe przekazane nam przez u\u017cytkownika.<span class=\"Apple-converted-space\">  <\/span>U\u017cytkownik ma r\u00f3wnie\u017c prawo za\u017c\u0105da\u0107, aby\u015bmy przekazali lub przenie\u015bli elementy jego danych do niego lub do innego us\u0142ugodawcy.<\/span><\/p>\n<p class=\"p1\"><span class=\"s1\">&#8211; Prawo do sprostowania danych.<span class=\"Apple-converted-space\">  <\/span>U\u017cytkownik ma prawo za\u017c\u0105da\u0107 sprostowania swoich danych osobowych, je\u015bli s\u0105 one nieprawid\u0142owe, w tym prawo do uzupe\u0142nienia niekompletnych danych osobowych.<\/span><\/p>\n<p class=\"p1\"><span class=\"s1\">&#8211; Prawo do usuni\u0119cia danych.<span class=\"Apple-converted-space\">  <\/span>U\u017cytkownik ma prawo za\u017c\u0105da\u0107 od nas usuni\u0119cia, zaprzestania przetwarzania lub gromadzenia jakichkolwiek danych osobowych w dowolnym momencie<\/span><\/p>\n<p class=\"p1\"><span class=\"s1\">&#8211; Prawo do wniesienia sprzeciwu wobec przetwarzania danych osobowych opartego na uzasadnionym interesie.<span class=\"Apple-converted-space\">  <\/span>Na \u017c\u0105danie u\u017cytkownika FipMed.co nie b\u0119dzie kontynuowa\u0107 przetwarzania jego danych osobowych, chyba \u017ce wyka\u017cemy uzasadnion\u0105 podstaw\u0119 do innego dzia\u0142ania, kt\u00f3ra jest nadrz\u0119dna wobec jego interes\u00f3w i praw, lub z powodu zobowi\u0105za\u0144 prawnych lub roszcze\u0144.<\/span><\/p>\n<p class=\"p1\"><span class=\"s1\">&#8211; Prawo do sprzeciwu wobec marketingu bezpo\u015bredniego.<span class=\"Apple-converted-space\">  <\/span>U\u017cytkownik ma prawo sprzeciwi\u0107 si\u0119 marketingowi bezpo\u015bredniemu, w tym analizie profilowania do cel\u00f3w marketingu bezpo\u015bredniego.<\/span><\/p>\n<p class=\"p1\"><span class=\"s1\">Og\u00f3lnie rzecz bior\u0105c, jako nasz klient lub odwiedzaj\u0105cy witryn\u0119 masz prawo do pe\u0142nych informacji dotycz\u0105cych gromadzenia i przetwarzania Twoich danych osobowych.<span class=\"Apple-converted-space\">  <\/span>Je\u015bli chcesz skorzysta\u0107 ze swoich praw, potrzebujesz pomocy, masz skarg\u0119 lub masz jakiekolwiek pytania, skontaktuj si\u0119 z nami.<\/span><\/p>\n<p class=\"p2\">\n<h3 class=\"p1\"><span class=\"s1\">Informacje o plikach cookie<\/span><\/h3>\n<p class=\"p1\"><span class=\"s1\">Pliki cookie to ma\u0142e pliki tekstowe wysy\u0142ane ze strony internetowej i przechowywane w przegl\u0105darce internetowej u\u017cytkownika podczas przegl\u0105dania strony internetowej.<span class=\"Apple-converted-space\">  <\/span>Gdy u\u017cytkownik przegl\u0105da t\u0119 sam\u0105 witryn\u0119 w przysz\u0142o\u015bci, dane przechowywane w pliku cookie mog\u0105 zosta\u0107 pobrane przez witryn\u0119 w celu powiadomienia witryny o poprzedniej aktywno\u015bci u\u017cytkownika, a tym samym odr\u00f3\u017cnienia u\u017cytkownika od innych os\u00f3b korzystaj\u0105cych z witryny.<\/span><\/p>\n<p class=\"p2\">\n<p class=\"p1\"><span class=\"s1\">U\u017cywamy plik\u00f3w cookie, aby pom\u00f3c u\u017cytkownikowi w sprawnym poruszaniu si\u0119 po naszej witrynie i wykonywaniu okre\u015blonych funkcji, w tym analizy ruchu w witrynie.<br \/>\nPliki cookie mog\u0105 r\u00f3wnie\u017c rozpoznawa\u0107 u\u017cytkownika przy nast\u0119pnym logowaniu i oferowa\u0107 mu tre\u015bci dostosowane do jego preferencji i zainteresowa\u0144. <\/span><\/p>\n<p class=\"p1\"><span class=\"s1\">Mo\u017cemy przechowywa\u0107 pliki cookie na urz\u0105dzeniu u\u017cytkownika, je\u015bli s\u0105 one absolutnie niezb\u0119dne do dzia\u0142ania tej witryny.<br \/>\nW przypadku wszystkich innych rodzaj\u00f3w plik\u00f3w cookie potrzebujemy zgody u\u017cytkownika.<br \/>\nTa strona wykorzystuje r\u00f3\u017cne rodzaje plik\u00f3w cookie.<br \/>\nNiekt\u00f3re pliki cookie s\u0105 umieszczane przez us\u0142ugi stron trzecich, kt\u00f3re pojawiaj\u0105 si\u0119 na naszych stronach.<br \/>\nU\u017cytkownik mo\u017ce w dowolnym momencie zmieni\u0107 lub wycofa\u0107 swoj\u0105 zgod\u0119 w *Cookie Manager na naszej stronie internetowej.    <\/span><\/p>\n<p class=\"p2\">\n<p class=\"p1\"><span class=\"s1\">Rodzaje plik\u00f3w cookie, kt\u00f3rych u\u017cywamy:<\/span><\/p>\n<p class=\"p1\"><span class=\"s1\">&#8211; Niezb\u0119dne pliki cookie pomagaj\u0105 w korzystaniu z witryny internetowej, umo\u017cliwiaj\u0105c podstawowe funkcje, takie jak nawigacja po stronie i dost\u0119p do bezpiecznych obszar\u00f3w witryny.<br \/>\nWitryna nie mo\u017ce dzia\u0142a\u0107 prawid\u0142owo bez tych plik\u00f3w cookie. <\/span><\/p>\n<p class=\"p1\"><span class=\"s1\">&#8211; Preferencyjne pliki cookie umo\u017cliwiaj\u0105 witrynie zapami\u0119tanie informacji, kt\u00f3re zmieniaj\u0105 spos\u00f3b zachowania lub wygl\u0105d witryny, takich jak preferowany j\u0119zyk lub region, w kt\u00f3rym si\u0119 znajdujesz.<\/span><\/p>\n<p class=\"p1\"><span class=\"s1\">&#8211; Statystyczne pliki cookie pomagaj\u0105 w\u0142a\u015bcicielom witryn zrozumie\u0107, w jaki spos\u00f3b odwiedzaj\u0105cy wchodz\u0105 w interakcje z witrynami, gromadz\u0105c i raportuj\u0105c informacje anonimowo.<\/span><\/p>\n<p class=\"p1\"><span class=\"s1\">&#8211; Marketingowe pliki cookie s\u0142u\u017c\u0105 do \u015bledzenia odwiedzaj\u0105cych na stronach internetowych.<br \/>\nCelem jest wy\u015bwietlanie reklam, kt\u00f3re s\u0105 odpowiednie i anga\u017cuj\u0105ce dla poszczeg\u00f3lnych u\u017cytkownik\u00f3w, a tym samym bardziej warto\u015bciowe dla wydawc\u00f3w i zewn\u0119trznych reklamodawc\u00f3w. <\/span><\/p>\n\t\t\t\t\t\t\t\t<\/div>\n\t\t\t\t<\/div>\n\t\t\t\t\t<\/div>\n\t\t<\/div>\n\t\t\t\t\t<\/div>\n\t\t<\/section>\n\t\t\t\t<\/div>\n\t\t","protected":false},"excerpt":{"rendered":"<p>Prywatno\u015b\u0107 danych ma du\u017ce znaczenie dla FipMed.co i chcemy by\u0107 otwarci i przejrzy\u015bci w sposobie, w jaki przetwarzamy Twoje dane osobowe. Jeste\u015bmy zobowi\u0105zani do ochrony prywatno\u015bci i bezpiecze\u0144stwa naszych klient\u00f3w i odwiedzaj\u0105cych witryn\u0119. W zwi\u0105zku z tym posiadamy polityk\u0119 okre\u015blaj\u0105c\u0105 cel gromadzenia danych osobowych, a tak\u017ce spos\u00f3b ich przetwarzania i ochrony. U\u017cytkownik b\u0119dzie mia\u0142 r\u00f3wnie\u017c [&hellip;]<\/p>\n","protected":false},"author":1,"featured_media":0,"parent":0,"menu_order":0,"comment_status":"closed","ping_status":"open","template":"","meta":{"_glsr_average":0,"_glsr_ranking":0,"_glsr_reviews":0,"footnotes":""},"categories":[],"tags":[],"_links":{"self":[{"href":"https:\/\/fipmed.co\/pl\/wp-json\/wp\/v2\/pages\/22124"}],"collection":[{"href":"https:\/\/fipmed.co\/pl\/wp-json\/wp\/v2\/pages"}],"about":[{"href":"https:\/\/fipmed.co\/pl\/wp-json\/wp\/v2\/types\/page"}],"author":[{"embeddable":true,"href":"https:\/\/fipmed.co\/pl\/wp-json\/wp\/v2\/users\/1"}],"replies":[{"embeddable":true,"href":"https:\/\/fipmed.co\/pl\/wp-json\/wp\/v2\/comments?post=22124"}],"version-history":[{"count":1,"href":"https:\/\/fipmed.co\/pl\/wp-json\/wp\/v2\/pages\/22124\/revisions"}],"predecessor-version":[{"id":22126,"href":"https:\/\/fipmed.co\/pl\/wp-json\/wp\/v2\/pages\/22124\/revisions\/22126"}],"wp:attachment":[{"href":"https:\/\/fipmed.co\/pl\/wp-json\/wp\/v2\/media?parent=22124"}],"wp:term":[{"taxonomy":"category","embeddable":true,"href":"https:\/\/fipmed.co\/pl\/wp-json\/wp\/v2\/categories?post=22124"},{"taxonomy":"post_tag","embeddable":true,"href":"https:\/\/fipmed.co\/pl\/wp-json\/wp\/v2\/tags?post=22124"}],"curies":[{"name":"wp","href":"https:\/\/api.w.org\/{rel}","templated":true}]}}