{"id":13283,"date":"2022-11-30T16:29:57","date_gmt":"2022-11-30T16:29:57","guid":{"rendered":"https:\/\/fipmed.co\/product\/3x-injection-vial-20mg-ml\/"},"modified":"2024-11-29T22:18:56","modified_gmt":"2024-11-29T22:18:56","slug":"6x-injection-vial-20mg-ml","status":"publish","type":"product","link":"https:\/\/fipmed.co\/pl\/produkt\/6x-injection-vial-20mg-ml\/","title":{"rendered":"6x Fipmed Injection 7ml fiolka 20mg\/ml"},"content":{"rendered":"<p class=\"p1\"><span class=\"s1\">FipMed GS-441524 Injection jest skutecznym lekiem na zaka\u017ane zapalenie otrzewnej kot\u00f3w (FIP). <\/span><span class=\"s1\">Ka\u017cda fiolka FipMed Injection 20 mg\/ml zawiera 7 ml.<\/span><\/p>\n<p class=\"p1\"><span class=\"s1\"><strong>St\u0119\u017cenie:<span class=\"Apple-converted-space\"> <\/span><\/strong>20mg\/ml<\/span><\/p>\n<p class=\"p1\"><span class=\"s1\"><strong>Obj\u0119to\u015b\u0107:<\/strong><span class=\"Apple-converted-space\"> <\/span>7 ml na fiolk\u0119<\/span><\/p>\n<p class=\"p1\"><span class=\"s1\"><strong>Ilo\u015b\u0107:<\/strong><span class=\"Apple-converted-space\"><strong> <\/strong> 6x<\/span> fiolek<\/span><\/p>\n<p>&nbsp;<\/p>\n<p class=\"p1\"><strong><span class=\"s1\">Zalecane dawkowanie:<\/span><\/strong><\/p>\n<p class=\"p1\"><span class=\"s1\">10mg\/kg masy cia\u0142a kota<\/span><\/p>\n<p>&nbsp;<\/p>\n<p class=\"p1\"><span class=\"s1\"><strong>Metoda leczenia:<\/strong> <\/span><\/p>\n<p class=\"p1\"><span class=\"s1\">1 wstrzykni\u0119cie dziennie, 7 dni w tygodniu.<\/span><\/p>\n<p class=\"p1\"><span class=\"s1\">D\u0142ugo\u015b\u0107 leczenia: co najmniej 4 tygodnie (zalecane), a nast\u0119pnie tabletki lub kontynuacja wstrzykni\u0119\u0107 do 12 tygodni.<\/span><\/p>\n","protected":false},"excerpt":{"rendered":"<p class=\"p1\"><span class=\"s1\">FipMed GS-441524 Injection jest skutecznym lekiem na zaka\u017ane zapalenie otrzewnej kot\u00f3w (FIP). <\/span><span class=\"s1\">Ka\u017cda fiolka FipMed Injection 20 mg\/ml zawiera 7 ml.<\/span><\/p>\n<p class=\"p1\"><span class=\"s1\"><strong>St\u0119\u017cenie:<span class=\"Apple-converted-space\"> <\/span><\/strong>20mg\/ml<\/span><\/p>\n<p class=\"p1\"><span class=\"s1\"><strong>Obj\u0119to\u015b\u0107:<\/strong><span class=\"Apple-converted-space\"> <\/span>7 ml na fiolk\u0119<\/span><\/p>\n<p class=\"p1\"><span class=\"s1\"><strong>Ilo\u015b\u0107:<\/strong><span class=\"Apple-converted-space\"><strong> <\/strong> 6x<\/span> fiolek<\/span><\/p>\n<p>&nbsp;<\/p>\n<p class=\"p1\"><strong><span class=\"s1\">Zalecane dawkowanie:<\/span><\/strong><\/p>\n<p class=\"p1\"><span class=\"s1\">10mg\/kg masy cia\u0142a kota<\/span><\/p>\n<p class=\"p1\"><span class=\"s1\"><strong>Metoda leczenia:<\/strong> <\/span><\/p>\n<p class=\"p1\"><span class=\"s1\">1 wstrzykni\u0119cie dziennie, 7 dni w tygodniu.<\/span><\/p>\n<p class=\"p1\"><span class=\"s1\">D\u0142ugo\u015b\u0107 leczenia: minimum 4 tygodnie (zalecane), a nast\u0119pnie tabletki lub kontynuacja wstrzykiwania.<\/span><\/p>\n","protected":false},"featured_media":25150,"template":"","meta":{"_glsr_average":0,"_glsr_ranking":0,"_glsr_reviews":0},"product_cat":[442],"product_tag":[],"_links":{"self":[{"href":"https:\/\/fipmed.co\/pl\/wp-json\/wp\/v2\/product\/13283"}],"collection":[{"href":"https:\/\/fipmed.co\/pl\/wp-json\/wp\/v2\/product"}],"about":[{"href":"https:\/\/fipmed.co\/pl\/wp-json\/wp\/v2\/types\/product"}],"wp:featuredmedia":[{"embeddable":true,"href":"https:\/\/fipmed.co\/pl\/wp-json\/wp\/v2\/media\/25150"}],"wp:attachment":[{"href":"https:\/\/fipmed.co\/pl\/wp-json\/wp\/v2\/media?parent=13283"}],"wp:term":[{"taxonomy":"product_cat","embeddable":true,"href":"https:\/\/fipmed.co\/pl\/wp-json\/wp\/v2\/product_cat?post=13283"},{"taxonomy":"product_tag","embeddable":true,"href":"https:\/\/fipmed.co\/pl\/wp-json\/wp\/v2\/product_tag?post=13283"}],"curies":[{"name":"wp","href":"https:\/\/api.w.org\/{rel}","templated":true}]}}