{"id":13287,"date":"2023-10-27T10:08:43","date_gmt":"2023-10-27T10:08:43","guid":{"rendered":"https:\/\/fipmed.co\/product\/9x-strips-fipmed-tablets-40mg-x-10-days-for-cats-weighing-4kg\/"},"modified":"2025-11-15T12:25:19","modified_gmt":"2025-11-15T12:25:19","slug":"9x-paski-fipmed-tabletki-40mg-x-10-dni-dla-kotow-o-wadze-4kg","status":"publish","type":"product","link":"https:\/\/fipmed.co\/pl\/produkt\/9x-paski-fipmed-tabletki-40mg-x-10-dni-dla-kotow-o-wadze-4kg\/","title":{"rendered":"Nowo\u015b\u0107: 9 pask\u00f3w FipMed Tablets x 10 dni (dla kot\u00f3w o masie cia\u0142a 4 kg)"},"content":{"rendered":"<p class=\"p1\"><span class=\"s1\">Tabletki FipMed GS-441524 s\u0105 skutecznym lekiem na zaka\u017ane zapalenie otrzewnej kot\u00f3w (FIP).<\/span><\/p>\n<p class=\"p1\"><span class=\"s1\">Ka\u017cda tabletka FipMed dla kota o wadze 4 kg zawiera 60 mg GS-441524.<span class=\"Apple-converted-space\"> Karma przeznaczona jest dla kot\u00f3w wa\u017c\u0105cych nie wi\u0119cej ni\u017c 4 kg.<\/span><\/span><\/p>\n<p>GS-441524 jest stabilny metabolicznie. Jednak wch\u0142oni\u0119ta ilo\u015b\u0107 nie zostanie w pe\u0142ni zmetabolizowana po trawieniu. Szacowana metabolizowana ilo\u015b\u0107 jest wystarczaj\u0105ca zar\u00f3wno dla mokrego, jak i suchego FIP. Nale\u017cy podwoi\u0107 dawk\u0119 w przypadku FIP ocznego i FIP neurologicznego. Nale\u017cy przyjmowa\u0107 dwie tabletki zamiast jednej.<\/p>\n<p>&nbsp;<\/p>\n<p class=\"p1\"><span class=\"s1\">Tabletki i dawkowanie FIPMed zosta\u0142y opracowane na podstawie zalece\u0144 dr Nielsa Pedersena:<\/span><\/p>\n<p><strong>Dawkowanie FIP na mokro \/ sucho dla tabletek:<\/strong><\/p>\n<p>Rzeczywista zawarto\u015b\u0107 tabletki GS441524: 15mg\/kg<\/p>\n<p>Po 60% utracie w wyniku trawienia i metabolizmu*: 6mg\/kg<\/p>\n<p><strong>Dawkowanie oczne \/ neurologiczne FIP dla tabletek:<\/strong><\/p>\n<p>Rzeczywista zawarto\u015b\u0107 tabletki GS441524: 30mg\/kg<\/p>\n<p>Po 60% utracie w wyniku trawienia i metabolizmu*: 12mg\/kg<\/p>\n<p>&nbsp;<\/p>\n<p>* Stwierdzono r\u00f3wnie\u017c, \u017ce podawanie doustne zapewnia st\u0119\u017cenie we krwi, ale z pewnym op\u00f3\u017anieniem i tylko na poziomie oko\u0142o 40% szczytowych poziom\u00f3w podsk\u00f3rnych i do\u017cylnych. GS-441424 jest wch\u0142aniany z jelita z oko\u0142o 50% skuteczno\u015bci\u0105 po podaniu podsk\u00f3rnym lub do\u017cylnym. Bior\u0105c pod uwag\u0119 ograniczenia wch\u0142aniania doustnego GS-441524, mo\u017cna oczekiwa\u0107, \u017ce dawka doustna b\u0119dzie oko\u0142o dwa razy wi\u0119ksza ni\u017c w przypadku zastrzyk\u00f3w. (Niels Pedersen NC, 2018).<\/p>\n<p><a href=\"https:\/\/www.vetmed.ucdavis.edu\/sites\/g\/files\/dgvnsk4586\/files\/inline-files\/Use%20of%20oral%20GS-441524%20for%20FIP%20treatmemt_0.pdf\" rel=\"nofollow noopener\" target=\"_blank\">https:\/\/www.vetmed.ucdavis.edu\/sites\/g\/files\/dgvnsk4586\/files\/inline-files\/Use%20of%20oral%20GS-441524%20for%20FIP%20treatmemt_0.pdf<\/a><\/p>\n<p class=\"p1\">\n<p class=\"p1\"><span class=\"s1\">Ka\u017cdy pasek zawiera 10 tabletek doustnych (10 dni leczenia).<\/span><\/p>\n<p>&nbsp;<\/p>\n","protected":false},"excerpt":{"rendered":"<p class=\"p1\"><span class=\"s1\">Tabletki FipMed GS-441524 s\u0105 skutecznym lekiem na zaka\u017ane zapalenie otrzewnej kot\u00f3w (FIP).<\/span><\/p>\n<p class=\"p1\"><span class=\"s1\">Ka\u017cda tabletka FipMed dla kota o wadze 4 kg zawiera 60 mg GS-441524. <\/span><\/p>\n<p>GS-441524 jest stabilny metabolicznie. Jednak wch\u0142oni\u0119ta ilo\u015b\u0107 nie zostanie w pe\u0142ni zmetabolizowana po trawieniu. Szacowana metabolizowana ilo\u015b\u0107 jest wystarczaj\u0105ca zar\u00f3wno dla mokrego, jak i suchego FIP. Nale\u017cy podwoi\u0107 dawk\u0119 w przypadku FIP ocznego i FIP neurologicznego. Nale\u017cy przyjmowa\u0107 dwie tabletki zamiast jednej.<\/p>\n<p class=\"p1\"><span class=\"s1\">Karma przeznaczona jest dla kot\u00f3w wa\u017c\u0105cych nie wi\u0119cej ni\u017c 4 kg.<\/span><\/p>\n<p class=\"p1\"><span class=\"s1\">Ka\u017cdy pasek zawiera 10 tabletek doustnych (10 dni leczenia).<\/span><\/p>\n","protected":false},"featured_media":25311,"template":"","meta":{"_glsr_average":4.9,"_glsr_ranking":4.8130434782609,"_glsr_reviews":151},"product_cat":[440],"product_tag":[],"_links":{"self":[{"href":"https:\/\/fipmed.co\/pl\/wp-json\/wp\/v2\/product\/13287"}],"collection":[{"href":"https:\/\/fipmed.co\/pl\/wp-json\/wp\/v2\/product"}],"about":[{"href":"https:\/\/fipmed.co\/pl\/wp-json\/wp\/v2\/types\/product"}],"wp:featuredmedia":[{"embeddable":true,"href":"https:\/\/fipmed.co\/pl\/wp-json\/wp\/v2\/media\/25311"}],"wp:attachment":[{"href":"https:\/\/fipmed.co\/pl\/wp-json\/wp\/v2\/media?parent=13287"}],"wp:term":[{"taxonomy":"product_cat","embeddable":true,"href":"https:\/\/fipmed.co\/pl\/wp-json\/wp\/v2\/product_cat?post=13287"},{"taxonomy":"product_tag","embeddable":true,"href":"https:\/\/fipmed.co\/pl\/wp-json\/wp\/v2\/product_tag?post=13287"}],"curies":[{"name":"wp","href":"https:\/\/api.w.org\/{rel}","templated":true}]}}