{"id":14037,"date":"2023-08-07T13:23:51","date_gmt":"2023-08-07T13:23:51","guid":{"rendered":"https:\/\/fipmed.co\/product\/vet-use-50x-strips-fipmed-tablets-40mg-x-10-days-for-cats-weighing-4kg\/"},"modified":"2024-05-21T11:44:11","modified_gmt":"2024-05-21T11:44:11","slug":"vet-use-50x-strips-fipmed-tablets-40mg-x-10-days-for-cats-weighing-4kg","status":"publish","type":"product","link":"https:\/\/fipmed.co\/pl\/produkt\/vet-use-50x-strips-fipmed-tablets-40mg-x-10-days-for-cats-weighing-4kg\/","title":{"rendered":"WSKAZANIA WETERYNARYJNE: 50x paski FipMed Tablets x 10 dni (dla kot\u00f3w o masie cia\u0142a 4 kg)"},"content":{"rendered":"<p class=\"p1\"><span class=\"s1\">Tabletki FipMed GS-441524 s\u0105 skutecznym lekiem na zaka\u017ane zapalenie otrzewnej kot\u00f3w (FIP).<\/span><\/p>\n<p class=\"p1\"><span class=\"s1\">Ka\u017cda tabletka FipMed dla kota o wadze 4 kg zawiera 60 mg GS-441524. Karma przeznaczona jest dla kot\u00f3w wa\u017c\u0105cych nie wi\u0119cej ni\u017c 4 kg.<\/span><\/p>\n<p class=\"p1\"><span class=\"s1\">GS-441524 jest stabilny metabolicznie. Jednak wch\u0142oni\u0119ta ilo\u015b\u0107 nie zostanie w pe\u0142ni zmetabolizowana po trawieniu. Szacowana metabolizowana ilo\u015b\u0107 jest wystarczaj\u0105ca zar\u00f3wno dla mokrego, jak i suchego FIP. Nale\u017cy podwoi\u0107 dawk\u0119 w przypadku FIP ocznego i FIP neurologicznego. Nale\u017cy przyjmowa\u0107 dwie tabletki zamiast jednej.<\/span><\/p>\n<p class=\"p1\"><span class=\"s1\">Ka\u017cdy pasek zawiera 10 tabletek doustnych (10 dni leczenia).<\/span><\/p>\n<p>Ilo\u015b\u0107: 50x Paski<\/p>\n","protected":false},"excerpt":{"rendered":"<p class=\"p1\"><span class=\"s1\">Tabletki FipMed GS-441524 s\u0105 skutecznym lekiem na zaka\u017ane zapalenie otrzewnej kot\u00f3w (FIP).<\/span><\/p>\n<p class=\"p1\"><span class=\"s1\">Ka\u017cda tabletka FipMed dla kota o wadze 4 kg zawiera 60 mg GS-441524. Karma przeznaczona jest dla kot\u00f3w wa\u017c\u0105cych nie wi\u0119cej ni\u017c 4 kg.<\/span><\/p>\n<p class=\"p1\"><span class=\"s1\">GS-441524 jest stabilny metabolicznie. Jednak wch\u0142oni\u0119ta ilo\u015b\u0107 nie zostanie w pe\u0142ni zmetabolizowana po trawieniu. Szacowana metabolizowana ilo\u015b\u0107 jest wystarczaj\u0105ca zar\u00f3wno dla mokrego, jak i suchego FIP. Nale\u017cy podwoi\u0107 dawk\u0119 w przypadku FIP ocznego i FIP neurologicznego. Nale\u017cy przyjmowa\u0107 dwie tabletki zamiast jednej.<\/span><\/p>\n<p class=\"p1\"><span class=\"s1\">Ka\u017cdy pasek zawiera 10 tabletek doustnych (10 dni leczenia).<\/span><\/p>\n<p>Ilo\u015b\u0107: 50x Paski<\/p>\n","protected":false},"featured_media":20138,"template":"","meta":{"_glsr_average":0,"_glsr_ranking":0,"_glsr_reviews":0},"product_cat":[691],"product_tag":[],"_links":{"self":[{"href":"https:\/\/fipmed.co\/pl\/wp-json\/wp\/v2\/product\/14037"}],"collection":[{"href":"https:\/\/fipmed.co\/pl\/wp-json\/wp\/v2\/product"}],"about":[{"href":"https:\/\/fipmed.co\/pl\/wp-json\/wp\/v2\/types\/product"}],"wp:featuredmedia":[{"embeddable":true,"href":"https:\/\/fipmed.co\/pl\/wp-json\/wp\/v2\/media\/20138"}],"wp:attachment":[{"href":"https:\/\/fipmed.co\/pl\/wp-json\/wp\/v2\/media?parent=14037"}],"wp:term":[{"taxonomy":"product_cat","embeddable":true,"href":"https:\/\/fipmed.co\/pl\/wp-json\/wp\/v2\/product_cat?post=14037"},{"taxonomy":"product_tag","embeddable":true,"href":"https:\/\/fipmed.co\/pl\/wp-json\/wp\/v2\/product_tag?post=14037"}],"curies":[{"name":"wp","href":"https:\/\/api.w.org\/{rel}","templated":true}]}}