{"id":14039,"date":"2023-08-07T13:16:45","date_gmt":"2023-08-07T13:16:45","guid":{"rendered":"https:\/\/fipmed.co\/product\/vet-use-50x-strips-fipmed-tablets-30mg-x-10-days-for-cats-weighing-3kg\/"},"modified":"2023-08-07T13:16:45","modified_gmt":"2023-08-07T13:16:45","slug":"vet-use-50x-strips-fipmed-tablets-30mg-x-10-days-for-cats-weighing-3kg","status":"publish","type":"product","link":"https:\/\/fipmed.co\/pl\/produkt\/vet-use-50x-strips-fipmed-tablets-30mg-x-10-days-for-cats-weighing-3kg\/","title":{"rendered":"WSKAZANIA WETERYNARYJNE: 50x Paski FipMed Tabletki 30mg x 10 dni (dla kot\u00f3w o wadze 3kg)"},"content":{"rendered":"<p class=\"p1\"><span class=\"s1\">Tabletki FipMed GS-441524 s\u0105 skutecznym lekiem na zaka\u017ane zapalenie otrzewnej kot\u00f3w (FIP).<\/span><\/p>\n<p class=\"p1\"><span class=\"s1\">Ka\u017cda tabletka FipMed 30 mg zawiera 30 mg GS-441524. <\/span><\/p>\n<p class=\"p1\"><span class=\"s1\">Przeznaczona dla kot\u00f3w wa\u017c\u0105cych nie wi\u0119cej ni\u017c 3 kg.<\/span><\/p>\n<p class=\"p1\"><span class=\"s1\">Ka\u017cdy pasek zawiera 10 tabletek doustnych (na 10 dni leczenia).<\/span><\/p>\n<p>Ilo\u015b\u0107: 50x paski<\/p>\n","protected":false},"excerpt":{"rendered":"<p class=\"p1\"><span class=\"s1\">Tabletki FipMed GS-441524 s\u0105 skutecznym lekiem na zaka\u017ane zapalenie otrzewnej kot\u00f3w (FIP).<\/span><\/p>\n<p class=\"p1\"><span class=\"s1\">Ka\u017cda tabletka FipMed 30 mg zawiera 30 mg GS-441524. <\/span><\/p>\n<p class=\"p1\"><span class=\"s1\">Przeznaczona dla kot\u00f3w wa\u017c\u0105cych nie wi\u0119cej ni\u017c 3 kg.<\/span><\/p>\n<p class=\"p1\"><span class=\"s1\">Ka\u017cdy pasek zawiera 10 tabletek doustnych (na 10 dni leczenia).<\/span><\/p>\n<p>Ilo\u015b\u0107: 50x paski<\/p>\n","protected":false},"featured_media":20121,"template":"","meta":{"_glsr_average":0,"_glsr_ranking":0,"_glsr_reviews":0},"product_cat":[691],"product_tag":[],"_links":{"self":[{"href":"https:\/\/fipmed.co\/pl\/wp-json\/wp\/v2\/product\/14039"}],"collection":[{"href":"https:\/\/fipmed.co\/pl\/wp-json\/wp\/v2\/product"}],"about":[{"href":"https:\/\/fipmed.co\/pl\/wp-json\/wp\/v2\/types\/product"}],"wp:featuredmedia":[{"embeddable":true,"href":"https:\/\/fipmed.co\/pl\/wp-json\/wp\/v2\/media\/20121"}],"wp:attachment":[{"href":"https:\/\/fipmed.co\/pl\/wp-json\/wp\/v2\/media?parent=14039"}],"wp:term":[{"taxonomy":"product_cat","embeddable":true,"href":"https:\/\/fipmed.co\/pl\/wp-json\/wp\/v2\/product_cat?post=14039"},{"taxonomy":"product_tag","embeddable":true,"href":"https:\/\/fipmed.co\/pl\/wp-json\/wp\/v2\/product_tag?post=14039"}],"curies":[{"name":"wp","href":"https:\/\/api.w.org\/{rel}","templated":true}]}}