{"id":23828,"date":"2024-06-05T06:26:32","date_gmt":"2024-06-05T06:26:32","guid":{"rendered":"https:\/\/fipmed.co\/product\/6x-strips-fipmed-tabletki-x-10-dni-dla-kotow-o-masie-ciala-5-kg\/"},"modified":"2024-06-05T06:26:32","modified_gmt":"2024-06-05T06:26:32","slug":"6x-strips-fipmed-tabletki-x-10-dni-dla-kotow-o-masie-ciala-5-kg","status":"publish","type":"product","link":"https:\/\/fipmed.co\/pl\/produkt\/6x-strips-fipmed-tabletki-x-10-dni-dla-kotow-o-masie-ciala-5-kg\/","title":{"rendered":"6x Strips FipMed tabletki x 10 dni (dla kot\u00f3w o masie cia\u0142a 5 kg)"},"content":{"rendered":"<p class=\"p1\"><span class=\"s1\">Tabletki FipMed GS-441524 s\u0105 skutecznym lekiem na zaka\u017ane zapalenie otrzewnej kot\u00f3w (FIP).<\/span><\/p>\n<p class=\"p1\"><span class=\"s1\">Ka\u017cda tabletka FipMed dla kota o wadze 5 kg zawiera 75 mg GS-441524.<br \/>\nPreparat jest przeznaczony dla kot\u00f3w wa\u017c\u0105cych nie wi\u0119cej ni\u017c 5 kg. <\/span><\/p>\n<p class=\"p1\"><span class=\"s1\">GS-441524 jest stabilny metabolicznie.<br \/>\nJednak wch\u0142oni\u0119ta ilo\u015b\u0107 nie zostanie w pe\u0142ni zmetabolizowana po strawieniu.<br \/>\nSzacowana metabolizowana ilo\u015b\u0107 jest wystarczaj\u0105ca zar\u00f3wno dla mokrego, jak i suchego FIP.<br \/>\nNale\u017cy podwoi\u0107 dawk\u0119 w przypadku ocznego FIP i neurologicznego FIP.<br \/>\nNale\u017cy przyjmowa\u0107 dwie tabletki zamiast jednej.    <\/span><\/p>\n<p>&nbsp;<\/p>\n<p class=\"p1\"><span class=\"s1\">Tabletki i dawkowanie FIPMed zosta\u0142y opracowane na podstawie zalece\u0144 dr Nielsa Pedersena. <\/span><\/p>\n<p>&nbsp;<\/p>\n<p><strong>Dawkowanie FIP na mokro \/ sucho dla tabletek:<\/strong><\/p>\n<p>Tabletka Rzeczywista zawarto\u015b\u0107 GS441524: 15mg\/kg Po 60% utracie w wyniku trawienia i metabolizmu*: 6mg\/kg<\/p>\n<p><strong>Dawkowanie oczne \/ neurologiczne FIP dla tabletek:<\/strong><\/p>\n<p>Tabletka Rzeczywista zawarto\u015b\u0107 GS441524: 30mg\/kg Po 60% utracie w wyniku trawienia i metabolizmu*: 12mg\/kg<\/p>\n<p>&nbsp;<\/p>\n<p>* Stwierdzono r\u00f3wnie\u017c, \u017ce podawanie doustne zapewnia poziomy we krwi, ale nieco op\u00f3\u017anione i tylko na poziomie oko\u0142o 40% szczytowych poziom\u00f3w dr\u00f3g podsk\u00f3rnych i do\u017cylnych. GS-441424 jest wch\u0142aniany z jelita z oko\u0142o 50% skuteczno\u015bci\u0105 w por\u00f3wnaniu z podaniem podsk\u00f3rnym lub do\u017cylnym. Bior\u0105c pod uwag\u0119 ograniczenia wch\u0142aniania doustnego GS-441524, mo\u017cna oczekiwa\u0107, \u017ce dawka doustna b\u0119dzie oko\u0142o dwa razy wi\u0119ksza ni\u017c w przypadku zastrzyk\u00f3w. (Niels Pedersen NC, 2018).   <\/p>\n<p><a href=\"https:\/\/www.vetmed.ucdavis.edu\/sites\/g\/files\/dgvnsk4586\/files\/inline-files\/Use%20of%20oral%20GS-441524%20for%20FIP%20treatmemt_0.pdf\" rel=\"nofollow noopener\" target=\"_blank\">https:\/\/www.vetmed.ucdavis.edu\/sites\/g\/files\/dgvnsk4586\/files\/inline-files\/Use%20of%20oral%20GS-441524%20for%20FIP%20treatmemt_0.pdf<\/a><\/p>\n<p>&nbsp;<\/p>\n<p class=\"p1\"><span class=\"s1\">Ka\u017cdy pasek zawiera 10 tabletek doustnych (10 dni leczenia).<\/span><\/p>\n","protected":false},"excerpt":{"rendered":"<p class=\"p1\"><span class=\"s1\">Tabletki FipMed GS-441524 s\u0105 skutecznym lekiem na zaka\u017ane zapalenie otrzewnej kot\u00f3w (FIP).<\/span><\/p>\n<p class=\"p1\"><span class=\"s1\">Ka\u017cda tabletka FipMed dla kota o wadze 5 kg zawiera 75 mg GS-441524.<br \/>\nPreparat jest przeznaczony dla kot\u00f3w wa\u017c\u0105cych nie wi\u0119cej ni\u017c 5 kg. <\/span><\/p>\n<p class=\"p1\"><span class=\"s1\">GS-441524 jest stabilny metabolicznie.<br \/>\nJednak wch\u0142oni\u0119ta ilo\u015b\u0107 nie zostanie w pe\u0142ni zmetabolizowana po strawieniu.<br \/>\nSzacowana metabolizowana ilo\u015b\u0107 jest wystarczaj\u0105ca zar\u00f3wno dla mokrego, jak i suchego FIP.<br \/>\nNale\u017cy podwoi\u0107 dawk\u0119 w przypadku ocznego FIP i neurologicznego FIP.<br \/>\nNale\u017cy przyjmowa\u0107 dwie tabletki zamiast jednej.    <\/span><\/p>\n","protected":false},"featured_media":25334,"template":"","meta":{"_glsr_average":0,"_glsr_ranking":0,"_glsr_reviews":0},"product_cat":[440],"product_tag":[],"_links":{"self":[{"href":"https:\/\/fipmed.co\/pl\/wp-json\/wp\/v2\/product\/23828"}],"collection":[{"href":"https:\/\/fipmed.co\/pl\/wp-json\/wp\/v2\/product"}],"about":[{"href":"https:\/\/fipmed.co\/pl\/wp-json\/wp\/v2\/types\/product"}],"wp:featuredmedia":[{"embeddable":true,"href":"https:\/\/fipmed.co\/pl\/wp-json\/wp\/v2\/media\/25334"}],"wp:attachment":[{"href":"https:\/\/fipmed.co\/pl\/wp-json\/wp\/v2\/media?parent=23828"}],"wp:term":[{"taxonomy":"product_cat","embeddable":true,"href":"https:\/\/fipmed.co\/pl\/wp-json\/wp\/v2\/product_cat?post=23828"},{"taxonomy":"product_tag","embeddable":true,"href":"https:\/\/fipmed.co\/pl\/wp-json\/wp\/v2\/product_tag?post=23828"}],"curies":[{"name":"wp","href":"https:\/\/api.w.org\/{rel}","templated":true}]}}