{"id":23964,"date":"2023-09-18T08:36:12","date_gmt":"2023-09-18T08:36:12","guid":{"rendered":"https:\/\/fipmed.co\/product\/1x-fipmed-injection-7ml-fiolka-20mg-slash-ml\/"},"modified":"2024-11-29T22:19:00","modified_gmt":"2024-11-29T22:19:00","slug":"1x-fipmed-injection-7ml-fiolka-20mg-slash-ml","status":"publish","type":"product","link":"https:\/\/fipmed.co\/pl\/produkt\/1x-fipmed-injection-7ml-fiolka-20mg-slash-ml\/","title":{"rendered":"1x Fipmed Injection 7ml fiolka 20mg\/ml"},"content":{"rendered":"<p class=\"p1\"><span class=\"s1\">FipMed GS-441524 Injection jest skutecznym lekiem na zaka\u017ane zapalenie otrzewnej kot\u00f3w (FIP). <\/span><span class=\"s1\">Ka\u017cda fiolka FipMed Injection 20 mg\/ml zawiera 7 ml.<\/span><\/p>\n<p class=\"p1\"><span class=\"s1\"><strong>St\u0119\u017cenie:<span class=\"Apple-converted-space\"> <\/span><\/strong>20mg\/ml<\/span><\/p>\n<p class=\"p1\"><span class=\"s1\"><strong>Obj\u0119to\u015b\u0107:<\/strong><span class=\"Apple-converted-space\"> <\/span>7 ml na fiolk\u0119<\/span><\/p>\n<p class=\"p1\"><span class=\"s1\"><strong>Ilo\u015b\u0107:<\/strong><span class=\"Apple-converted-space\"><strong> <\/strong> 1x<\/span> fiolki<\/span><\/p>\n<p>&nbsp;<\/p>\n<p class=\"p1\"><strong><span class=\"s1\">Zalecane dawkowanie:<\/span><\/strong><\/p>\n<p class=\"p1\"><span class=\"s1\">Mokry FIP 6mg\/kg masy cia\u0142a kota<\/span><\/p>\n<p class=\"p1\"><span class=\"s1\">Suchy FIP 8mg\/kg masy cia\u0142a kota<\/span><\/p>\n<p class=\"p1\"><span class=\"s1\">FIP oczny 10mg\/kg masy cia\u0142a kota<\/span><\/p>\n<p class=\"p1\"><span class=\"s1\">Neurologiczne 10mg\/kg masy cia\u0142a kota<\/span><\/p>\n<p>&nbsp;<\/p>\n<p class=\"p1\"><span class=\"s1\"><strong>Metoda leczenia:<\/strong> <\/span><\/p>\n<p class=\"p1\"><span class=\"s1\">1 wstrzykni\u0119cie dziennie, 7 dni w tygodniu.<\/span><\/p>\n<p class=\"p1\"><span class=\"s1\">D\u0142ugo\u015b\u0107 leczenia: minimum 4 tygodnie (zalecane), a nast\u0119pnie tabletki lub kontynuacja wstrzykiwania.<\/span><\/p>\n","protected":false},"excerpt":{"rendered":"<p class=\"p1\"><span class=\"s1\">FipMed GS-441524 Injection jest skutecznym lekiem na zaka\u017ane zapalenie otrzewnej kot\u00f3w (FIP). <\/span><span class=\"s1\">Ka\u017cda fiolka FipMed Injection 20 mg\/ml zawiera 7 ml.<\/span><\/p>\n<p class=\"p1\"><span class=\"s1\"><strong>St\u0119\u017cenie:<span class=\"Apple-converted-space\"> <\/span><\/strong>20mg\/ml<\/span><\/p>\n<p class=\"p1\"><span class=\"s1\"><strong>Obj\u0119to\u015b\u0107:<\/strong><span class=\"Apple-converted-space\"> <\/span>7 ml na fiolk\u0119<\/span><\/p>\n<p class=\"p1\"><span class=\"s1\"><strong>Ilo\u015b\u0107:<\/strong><span class=\"Apple-converted-space\"><strong> <\/strong> 1x<\/span> fiolki<\/span><\/p>\n<p>&nbsp;<\/p>\n<p class=\"p1\"><strong><span class=\"s1\">Zalecane dawkowanie:<\/span><\/strong><\/p>\n<p class=\"p1\"><span class=\"s1\">Mokry FIP 6mg\/kg masy cia\u0142a kota<\/span><\/p>\n<p class=\"p1\"><span class=\"s1\">Suchy FIP 8mg\/kg masy cia\u0142a kota<\/span><\/p>\n<p class=\"p1\"><span class=\"s1\">FIP oczny 10mg\/kg masy cia\u0142a kota<\/span><\/p>\n<p class=\"p1\"><span class=\"s1\">Neurologiczne 10mg\/kg masy cia\u0142a kota<\/span><\/p>\n<p class=\"p1\"><span class=\"s1\"><strong>Metoda leczenia:<\/strong> <\/span><\/p>\n<p class=\"p1\"><span class=\"s1\">1 wstrzykni\u0119cie dziennie, 7 dni w tygodniu.<\/span><\/p>\n<p class=\"p1\"><span class=\"s1\">D\u0142ugo\u015b\u0107 leczenia: minimum 4 tygodnie (zalecane), a nast\u0119pnie tabletki lub kontynuacja wstrzykiwania.<\/span><\/p>\n","protected":false},"featured_media":13284,"template":"","meta":{"_glsr_average":0,"_glsr_ranking":0,"_glsr_reviews":0},"product_cat":[442],"product_tag":[],"_links":{"self":[{"href":"https:\/\/fipmed.co\/pl\/wp-json\/wp\/v2\/product\/23964"}],"collection":[{"href":"https:\/\/fipmed.co\/pl\/wp-json\/wp\/v2\/product"}],"about":[{"href":"https:\/\/fipmed.co\/pl\/wp-json\/wp\/v2\/types\/product"}],"wp:featuredmedia":[{"embeddable":true,"href":"https:\/\/fipmed.co\/pl\/wp-json\/wp\/v2\/media\/13284"}],"wp:attachment":[{"href":"https:\/\/fipmed.co\/pl\/wp-json\/wp\/v2\/media?parent=23964"}],"wp:term":[{"taxonomy":"product_cat","embeddable":true,"href":"https:\/\/fipmed.co\/pl\/wp-json\/wp\/v2\/product_cat?post=23964"},{"taxonomy":"product_tag","embeddable":true,"href":"https:\/\/fipmed.co\/pl\/wp-json\/wp\/v2\/product_tag?post=23964"}],"curies":[{"name":"wp","href":"https:\/\/api.w.org\/{rel}","templated":true}]}}