{"id":24284,"date":"2023-11-27T06:45:29","date_gmt":"2023-11-27T06:45:29","guid":{"rendered":"https:\/\/fipmed.co\/product\/ebook-kompletna-mapa-drogowa-do-pokonania-fip-od-diagnozy-do-wyzdrowienia\/"},"modified":"2024-11-22T11:51:36","modified_gmt":"2024-11-22T11:51:36","slug":"ebook-kompletna-mapa-drogowa-do-pokonania-fip-od-diagnozy-do-wyzdrowienia","status":"publish","type":"product","link":"https:\/\/fipmed.co\/pl\/produkt\/ebook-kompletna-mapa-drogowa-do-pokonania-fip-od-diagnozy-do-wyzdrowienia\/","title":{"rendered":"Kompletna mapa drogowa do pokonania FIP: od diagnozy do wyzdrowienia EBOOK"},"content":{"rendered":"<p><span class=\"s1\">154-stronicowy kompleksowy przewodnik po FIP, od diagnozy po powr\u00f3t do zdrowia. Wszystko, co musisz wiedzie\u0107 o FIP, jest tutaj. <\/span><\/p>\n<p>&nbsp;<\/p>\n<p><strong>Spis tre\u015bci:<\/strong><\/p>\n<p>&nbsp;<\/p>\n<p><strong>CO TO JEST FIP?<\/strong><\/p>\n<p>Jak rozwija si\u0119 FIP?<\/p>\n<p>&nbsp;<\/p>\n<p><strong>KORONAWIRUSY KOT\u00d3W<\/strong><\/p>\n<p>Wirus FCov<br \/>\nFECV<br \/>\nFIPV<\/p>\n<p>&nbsp;<\/p>\n<p><strong>JAK PRZENOSZONE S\u0104 WIRUSY?<\/strong><\/p>\n<p>Kontakt bezpo\u015bredni<br \/>\nKontakt po\u015bredni<br \/>\nDroga fekalno-ustna<br \/>\nKropelki oddechowe<br \/>\nZaka\u017cenie ci\u0119\u017carnej kotki<\/p>\n<p>&nbsp;<\/p>\n<p><strong>FIP<\/strong> <strong>RYZYKO<\/strong> <strong>CZYNNIKI<\/strong><\/p>\n<p>Wiek<br \/>\nRasa<br \/>\nZat\u0142oczone warunki \u017cycia<br \/>\nGenetyka<br \/>\nStres<br \/>\nStan uk\u0142adu odporno\u015bciowego<\/p>\n<p>&nbsp;<\/p>\n<p><strong>JAKIE S\u0104 TESTY NA OBECNO\u015a\u0106 FIP U KOT\u00d3W?<\/strong><\/p>\n<p>Badanie przeciwcia\u0142 Badanie krwi Odczyty bada\u0144 krwi wskazuj\u0105ce na FIP Badanie wysi\u0119ku Rivalta Zdj\u0119cia rentgenowskie Ultrasonografia Biopsja i cytologia Badanie ka\u0142u<\/p>\n<p>&nbsp;<\/p>\n<p><strong>13 CHOR\u00d3B, KT\u00d3RE MO\u017bNA POMYLI\u0106 Z FIP<\/strong><\/p>\n<p>Toksoplazmoza<br \/>\nFELV<br \/>\nFIV<br \/>\nFPV<br \/>\nChoroba zapalna jelit<br \/>\nRak<br \/>\nHemotroficzna mykoplazmoza kot\u00f3w<br \/>\nCh\u0142oniak<br \/>\nProblemy z sercem<br \/>\nZapalenie w\u0105troby<br \/>\nBakteryjne zapalenie otrzewnej<br \/>\nBakteryjne zapalenie op\u0142ucnej<br \/>\nKryptokokoza<\/p>\n<p>&nbsp;<\/p>\n<p><strong>WYZWANIA I OGRANICZENIA ZWI\u0104ZANE Z DIAGNOSTYK\u0104<\/strong><\/p>\n<p>Co zrobi\u0107, je\u015bli nie mo\u017cna zdiagnozowa\u0107?<\/p>\n<p>10 czynnik\u00f3w i parametr\u00f3w okre\u015blaj\u0105cych, co nale\u017cy leczy\u0107<\/p>\n<p>&nbsp;<\/p>\n<p><strong>POWSZECHNE CHOROBY WSP\u00d3\u0141ISTNIEJ\u0104CE<\/strong><\/p>\n<p>Dlaczego FIP cz\u0119sto wyst\u0119puje z innymi chorobami?<\/p>\n<p>Zapalenie p\u0142uc CKD<\/p>\n<p>FELV<br \/>\nRak<br \/>\nChoroby autoimmunologiczne i FIP<br \/>\nInfekcja bakteryjna i FIP<br \/>\nFHV<br \/>\nFIV<br \/>\nFIP podczas ci\u0105\u017cy<\/p>\n<p>&nbsp;<\/p>\n<p><strong>RODZAJE FIP<\/strong><\/p>\n<p>Wysi\u0119kowe lub mokre FIP Niesi\u0119kowe lub suche FIP<\/p>\n<p>FIP oka<br \/>\nNeurologiczny FIP<\/p>\n<p>&nbsp;<\/p>\n<p><strong>ETAPY FIP<\/strong><\/p>\n<p>Pocz\u0105tkowa ekspozycja i inkubacja Pierwotna wiremia Wt\u00f3rna wiremia Kliniczne uszkodzenie narz\u0105d\u00f3w FIP<\/p>\n<p>&nbsp;<\/p>\n<p><strong>OBJAWY OPARTE NA STADIACH ZAAWANSOWANIA FIP<\/strong><\/p>\n<p>Wczesne objawy FIP<br \/>\nObjawy zaawansowanego FIP<\/p>\n<p>&nbsp;<\/p>\n<p><strong>OBJAWY W ZALE\u017bNO\u015aCI OD RODZAJU FIP<\/strong><\/p>\n<p>Objawy kliniczne suchego FIP bez odchyle\u0144 Objawy kliniczne mokrego FIP z odchyle\u0144 Objawy kliniczne ocznego FIP Objawy kliniczne neurologicznego FIP<\/p>\n<p>&nbsp;<\/p>\n<p><strong>10 WA\u017bNYCH RZECZY, KT\u00d3RE NALE\u017bY ZROBI\u0106, JE\u015aLI U KOTA ZDIAGNOZOWANO FIP<\/strong><\/p>\n<p>Przygotuj si\u0119 i wyposa\u017c si\u0119 w te elementy Zasi\u0119gnij porady eksperta weterynaryjnego Rozpocznij leczenie GS441524 Leczenie objaw\u00f3w i \u0142agodzenie b\u00f3lu Nawodnienie i gospodarka p\u0142ynami Wsparcie \u017cywieniowe &#8211; dieta i suplementy Stw\u00f3rz komfortowe i czyste \u015brodowisko Wdra\u017caj rygorystyczne \u015brodki higieny Stosuj protoko\u0142y izolacji w przypadku gospodarstw domowych z wieloma kotami Monitoruj stan swojego kota Ogranicz kontakt z innymi kotami<\/p>\n<p>&nbsp;<\/p>\n<p><strong>PROTOK\u00d3\u0141 LECZENIA FIPMED<\/strong><\/p>\n<p>Jak ustali\u0107 dawk\u0119 dla kota Uwzgl\u0119dnienie dostosowania Czas trwania leczenia R\u00f3\u017cnica mi\u0119dzy zastrzykami a tabletkami<\/p>\n<p>GS-441524 Zastrzyki FIP<\/p>\n<p>FIP tabletki doustne GS-441524<\/p>\n<p>Leczenie skojarzone<\/p>\n<p>&nbsp;<\/p>\n<p><strong>JAK PODAWA\u0106 GS441524<\/strong><\/p>\n<p>Zastrzyki podsk\u00f3rne GS441524 W\u0142a\u015bciwe przechowywanie fiolek ze wstrzykni\u0119ciami Strzykawki i ig\u0142y Tabela rozstawu igie\u0142 Przygotowanie strzykawki Przewodnik krok po kroku dotycz\u0105cy podawania zastrzyk\u00f3w Odle\u017cyny po zastrzykach Jak podawa\u0107 tabletki lub pigu\u0142ki<\/p>\n<p>&nbsp;<\/p>\n<p><strong>MONITOROWANIE POST\u0118P\u00d3W LECZENIA<\/strong><\/p>\n<p>Leczenie FIP i okres obserwacji Co nale\u017cy monitorowa\u0107? Co zrobi\u0107, je\u015bli stan kota nie poprawia si\u0119 Mo\u017cliwe przyczyny<\/p>\n<p>&nbsp;<\/p>\n<p><strong>CZEGO UNIKA\u0106 PODCZAS LECZENIA<\/strong><\/p>\n<p>Leki immunosupresyjne Antybiotyki Leki, kt\u00f3re mog\u0105 wp\u0142ywa\u0107 na o\u015brodkowy uk\u0142ad nerwowy Leki przeciwb\u00f3lowe Lizyna<\/p>\n<p>&nbsp;<\/p>\n<p><strong>POMOCNE RZECZY PODCZAS LECZENIA<\/strong><\/p>\n<p>Zarz\u0105dzanie wysi\u0119kiem<br \/>\nOpieka wspomagaj\u0105ca zapewniaj\u0105ca kotu wi\u0119kszy komfort<br \/>\nPrzeciwdzia\u0142anie wt\u00f3rnym infekcjom<\/p>\n<p>&nbsp;<\/p>\n<p><strong>INNE LEKI LUB PROCEDURY PODCZAS LECZENIA FIP<\/strong><\/p>\n<p>Odrobaczanie Leczenie pche\u0142 i kleszczy Kastracja Szczepienia Obni\u017cenie gor\u0105czki<\/p>\n<p>&nbsp;<\/p>\n<p><strong>FIP RELAPSE<\/strong><\/p>\n<p>Dlaczego wyst\u0119puje nawr\u00f3t FIP? Jak zapobiega\u0107 nawrotom FIP? Jak leczy\u0107 nawr\u00f3t choroby, je\u015bli wyst\u0105pi?<\/p>\n","protected":false},"excerpt":{"rendered":"<p class=\"p1\"><span class=\"s1\">154-stronicowy kompleksowy przewodnik po FIP, od diagnozy po powr\u00f3t do zdrowia. Wszystko, co musisz wiedzie\u0107 o FIP, jest tutaj. <\/span><\/p>\n","protected":false},"featured_media":24609,"template":"","meta":{"_glsr_average":0,"_glsr_ranking":0,"_glsr_reviews":0},"product_cat":[1102],"product_tag":[1123,1104],"_links":{"self":[{"href":"https:\/\/fipmed.co\/pl\/wp-json\/wp\/v2\/product\/24284"}],"collection":[{"href":"https:\/\/fipmed.co\/pl\/wp-json\/wp\/v2\/product"}],"about":[{"href":"https:\/\/fipmed.co\/pl\/wp-json\/wp\/v2\/types\/product"}],"wp:featuredmedia":[{"embeddable":true,"href":"https:\/\/fipmed.co\/pl\/wp-json\/wp\/v2\/media\/24609"}],"wp:attachment":[{"href":"https:\/\/fipmed.co\/pl\/wp-json\/wp\/v2\/media?parent=24284"}],"wp:term":[{"taxonomy":"product_cat","embeddable":true,"href":"https:\/\/fipmed.co\/pl\/wp-json\/wp\/v2\/product_cat?post=24284"},{"taxonomy":"product_tag","embeddable":true,"href":"https:\/\/fipmed.co\/pl\/wp-json\/wp\/v2\/product_tag?post=24284"}],"curies":[{"name":"wp","href":"https:\/\/api.w.org\/{rel}","templated":true}]}}