{"id":27518,"date":"2024-12-19T13:16:01","date_gmt":"2024-12-19T13:16:01","guid":{"rendered":"https:\/\/fipmed.co\/product\/1x-bottle-fipmed-eidd2801-30x-capsules-for-4kg-cats\/"},"modified":"2024-12-19T13:16:01","modified_gmt":"2024-12-19T13:16:01","slug":"1x-bottle-fipmed-eidd2801-30x-capsules-for-4kg-cats","status":"publish","type":"product","link":"https:\/\/fipmed.co\/pl\/produkt\/1x-bottle-fipmed-eidd2801-30x-capsules-for-4kg-cats\/","title":{"rendered":"FIPMed EIDD2801 30x kapsu\u0142ki (4kg koty) Wysoka toksyczno\u015b\u0107. Tylko dla kot\u00f3w odpornych na GS441525."},"content":{"rendered":"<p>Oferujemy kapsu\u0142ki FIPMed EIDD2801 dla kot\u00f3w, u kt\u00f3rych rozwin\u0119\u0142a si\u0119 oporno\u015b\u0107 na GS441524 i lek ten przesta\u0142 dzia\u0142a\u0107. W takim przypadku EIDD2801 mo\u017ce by\u0107 ostatni\u0105 desk\u0105 ratunku. Molnupirawir (EIDD-2801) wykazuje wysok\u0105 toksyczno\u015b\u0107, co czyni go nieodpowiednim do d\u0142ugotrwa\u0142ego stosowania wymaganego w leczeniu FIP. D\u0142ugotrwa\u0142e stosowanie mo\u017ce prowadzi\u0107 do mutacji RNA, zwi\u0119kszaj\u0105c ryzyko raka. <\/p>\n<p>Molnupirawir jest odpowiedni tylko do kr\u00f3tkotrwa\u0142ych terapii, takich jak COVID-19, gdzie 5-dniowy kurs nie jest wystarczaj\u0105co d\u0142ugi, aby wywo\u0142a\u0107 szkodliwe skutki mutagenne.<\/p>\n<p><strong>Koty z FIP leczone Molnupiravirem lub EIDD2801 mog\u0105 mie\u0107 zwi\u0119kszone ryzyko zachorowania na raka w ci\u0105gu 3 lat. Nie zaleca si\u0119 leczenia FIP lekiem EIDD2801, szczeg\u00f3lnie u m\u0142odych kot\u00f3w. <\/strong><\/p>\n<p>Jest to jedynie alternatywa, je\u015bli kot nie reaguje ju\u017c na GS441524.<\/p>\n<p>Dlaczego leczenie FIP musi trwa\u0107 84 dni? Wirus FIPV pozostaje w organizmie kota do 90 dni. Leki przeciwwirusowe, takie jak GS-441524, Molnupiravir i GC376, hamuj\u0105 replikacj\u0119 wirusa, a nie zabijaj\u0105 go bezpo\u015brednio, wi\u0119c musimy poczeka\u0107, a\u017c wirus umrze naturalnie. Obecnie na rynku nie ma leku, kt\u00f3ry skutecznie zabija\u0142by wirusa, aby skr\u00f3ci\u0107 czas leczenia.   <\/p>\n<p>&#8211; Wskaz\u00f3wki: 1 kapsu\u0142ka dziennie &#8211; Ka\u017cda kapsu\u0142ka zawiera 100 mg molnupirawiru (EIDD2801) dla kot\u00f3w o masie cia\u0142a 5 kg &#8211; Ka\u017cda butelka zawiera 30 kapsu\u0142ek<\/p>\n<p><strong>Jak wykry\u0107 EIDD2801 sprzedawany jako GS441524?<\/strong><\/p>\n<p><span style=\"font-size: 12pt;\">&#8211; Je\u015bli cena jest znacznie ni\u017csza w por\u00f3wnaniu do standard\u00f3w bran\u017cowych dla GS441524<\/span><\/p>\n<p><span style=\"font-size: 12pt;\">&#8211; Je\u015bli jest sprzedawany w postaci kapsu\u0142ek. \u017baden producent nie produkuje GS-441524 w postaci kapsu\u0142ek. Ale ca\u0142a terapia EIDD2801 jest produkowana w postaci kapsu\u0142ek.  <\/span><\/p>\n<p><span style=\"font-size: 12pt;\">&#8211; Je\u015bli dawkowanie lub czas trwania leczenia r\u00f3\u017cni\u0105 si\u0119 od zalece\u0144 dr Nielsa Pedersena<\/span><\/p>\n","protected":false},"excerpt":{"rendered":"<p>Oferujemy kapsu\u0142ki FIPMed EIDD2801 dla kot\u00f3w, u kt\u00f3rych rozwin\u0119\u0142a si\u0119 oporno\u015b\u0107 na GS441524 i lek ten przesta\u0142 dzia\u0142a\u0107. W takim przypadku EIDD2801 mo\u017ce by\u0107 ostatni\u0105 desk\u0105 ratunku. Molnupirawir (EIDD-2801) wykazuje wysok\u0105 toksyczno\u015b\u0107, co czyni go nieodpowiednim do d\u0142ugotrwa\u0142ego stosowania wymaganego w leczeniu FIP. D\u0142ugotrwa\u0142e stosowanie mo\u017ce prowadzi\u0107 do mutacji RNA, zwi\u0119kszaj\u0105c ryzyko raka. <\/p>\n<p>Molnupirawir jest odpowiedni tylko do kr\u00f3tkotrwa\u0142ych terapii, takich jak COVID-19, gdzie 5-dniowy kurs nie jest wystarczaj\u0105co d\u0142ugi, aby wywo\u0142a\u0107 szkodliwe skutki mutagenne.<\/p>\n<p>Koty z FIP leczone Molnupiravirem lub EIDD2801 mog\u0105 mie\u0107 zwi\u0119kszone ryzyko zachorowania na raka w ci\u0105gu 3 lat. Nie zaleca si\u0119 leczenia FIP lekiem EIDD2801, szczeg\u00f3lnie u m\u0142odych kot\u00f3w. <\/p>\n<p>Jest to jedynie alternatywa, je\u015bli kot nie reaguje ju\u017c na GS441524.<\/p>\n<p>Dlaczego leczenie FIP musi trwa\u0107 84 dni? Wirus FIPV pozostaje w organizmie kota do 90 dni. Leki przeciwwirusowe, takie jak GS-441524, Molnupiravir i GC376, hamuj\u0105 replikacj\u0119 wirusa, a nie zabijaj\u0105 go bezpo\u015brednio, wi\u0119c musimy poczeka\u0107, a\u017c wirus umrze naturalnie. Obecnie na rynku nie ma leku, kt\u00f3ry skutecznie zabija\u0142by wirusa, aby skr\u00f3ci\u0107 czas leczenia. &#8211; Wskaz\u00f3wki: 1 kapsu\u0142ka dziennie &#8211; Ka\u017cda kapsu\u0142ka zawiera 60 mg molnupirawiru (EIDD2801) dla kot\u00f3w o masie cia\u0142a 3 kg &#8211; Ka\u017cda butelka zawiera 30 kapsu\u0142ek   <\/p>\n","protected":false},"featured_media":26987,"template":"","meta":{"_glsr_average":0,"_glsr_ranking":0,"_glsr_reviews":0},"product_cat":[1145],"product_tag":[],"_links":{"self":[{"href":"https:\/\/fipmed.co\/pl\/wp-json\/wp\/v2\/product\/27518"}],"collection":[{"href":"https:\/\/fipmed.co\/pl\/wp-json\/wp\/v2\/product"}],"about":[{"href":"https:\/\/fipmed.co\/pl\/wp-json\/wp\/v2\/types\/product"}],"wp:featuredmedia":[{"embeddable":true,"href":"https:\/\/fipmed.co\/pl\/wp-json\/wp\/v2\/media\/26987"}],"wp:attachment":[{"href":"https:\/\/fipmed.co\/pl\/wp-json\/wp\/v2\/media?parent=27518"}],"wp:term":[{"taxonomy":"product_cat","embeddable":true,"href":"https:\/\/fipmed.co\/pl\/wp-json\/wp\/v2\/product_cat?post=27518"},{"taxonomy":"product_tag","embeddable":true,"href":"https:\/\/fipmed.co\/pl\/wp-json\/wp\/v2\/product_tag?post=27518"}],"curies":[{"name":"wp","href":"https:\/\/api.w.org\/{rel}","templated":true}]}}