{"id":14452,"date":"2023-11-20T03:02:35","date_gmt":"2023-11-20T03:02:35","guid":{"rendered":"https:\/\/fipmed.co\/fipmed-cancellation-policy\/"},"modified":"2026-04-29T08:26:04","modified_gmt":"2026-04-29T08:26:04","slug":"fipmed-cancellation-policy","status":"publish","type":"page","link":"https:\/\/fipmed.co\/pt-br\/fipmed-cancellation-policy\/","title":{"rendered":"Pol\u00edtica de cancelamento da FIPMed"},"content":{"rendered":"\t\t<div data-elementor-type=\"wp-page\" data-elementor-id=\"14452\" class=\"elementor elementor-14452 elementor-14413\">\n\t\t\t\t\t\t<section class=\"elementor-section elementor-top-section elementor-element elementor-element-c3897a7 elementor-section-boxed elementor-section-height-default elementor-section-height-default\" data-id=\"c3897a7\" data-element_type=\"section\">\n\t\t\t\t\t\t<div class=\"elementor-container elementor-column-gap-default\">\n\t\t\t\t\t<div class=\"elementor-column elementor-col-100 elementor-top-column elementor-element elementor-element-32e3bf0\" data-id=\"32e3bf0\" data-element_type=\"column\">\n\t\t\t<div class=\"elementor-widget-wrap elementor-element-populated\">\n\t\t\t\t\t\t<div class=\"elementor-element elementor-element-c7b81b6 elementor-widget elementor-widget-text-editor\" data-id=\"c7b81b6\" data-element_type=\"widget\" data-widget_type=\"text-editor.default\">\n\t\t\t\t<div class=\"elementor-widget-container\">\n\t\t\t\t\t\t\t\t\t<p>Nossa equipe se esfor\u00e7a ao m\u00e1ximo para garantir que seu pedido seja enviado o mais r\u00e1pido poss\u00edvel. Isso se deve \u00e0 natureza sens\u00edvel ao tempo de todos os nossos produtos e nos esfor\u00e7amos para que todos os nossos clientes recebam a entrega o mais r\u00e1pido poss\u00edvel. <\/p><p>Portanto, qualquer cancelamento ap\u00f3s o pedido interrompe gravemente nosso processo.<\/p><p><b>Portanto, os clientes<\/b>n\u00e3o t\u00eam direito a solicitar o cancelamento ap\u00f3s a coloca\u00e7\u00e3o do pedido. Os clientes n\u00e3o ter\u00e3o direito a nenhum tipo de processo de cancelamento de pedido, e n\u00f3s entregaremos os produtos e atenderemos ao pedido. Tamb\u00e9m n\u00e3o haver\u00e1 reembolso se um endere\u00e7o incompleto for fornecido ou se nossa entrega for prejudicada devido a qualquer informa\u00e7\u00e3o incompleta necess\u00e1ria.    <\/p><p>Ao fazer um pedido conosco, voc\u00ea reconhece que leu, entendeu e concordou com nossa pol\u00edtica de cancelamento.<\/p><p>Se voc\u00ea tiver alguma d\u00favida ou preocupa\u00e7\u00e3o em rela\u00e7\u00e3o \u00e0 nossa pol\u00edtica de taxa de cancelamento, n\u00e3o hesite em entrar em contato com nossa equipe de suporte ao cliente para obter assist\u00eancia.<\/p><p>Obrigado por escolher o Fipmed.co. Agradecemos a sua compreens\u00e3o e coopera\u00e7\u00e3o. Tudo de bom para voc\u00ea em sua jornada de luta contra a PIF.    <\/p>\t\t\t\t\t\t\t\t<\/div>\n\t\t\t\t<\/div>\n\t\t\t\t\t<\/div>\n\t\t<\/div>\n\t\t\t\t\t<\/div>\n\t\t<\/section>\n\t\t\t\t<\/div>\n\t\t","protected":false},"excerpt":{"rendered":"<p>Nossa equipe se esfor\u00e7a ao m\u00e1ximo para garantir que seu pedido seja enviado o mais r\u00e1pido poss\u00edvel. Isso se deve \u00e0 natureza sens\u00edvel ao tempo de todos os nossos produtos e nos esfor\u00e7amos para que todos os nossos clientes recebam a entrega o mais r\u00e1pido poss\u00edvel. Portanto, qualquer cancelamento ap\u00f3s o pedido interrompe gravemente nosso [&hellip;]<\/p>\n","protected":false},"author":1,"featured_media":0,"parent":0,"menu_order":0,"comment_status":"closed","ping_status":"closed","template":"","meta":{"_glsr_average":0,"_glsr_ranking":0,"_glsr_reviews":0,"footnotes":""},"categories":[],"tags":[],"_links":{"self":[{"href":"https:\/\/fipmed.co\/pt-br\/wp-json\/wp\/v2\/pages\/14452"}],"collection":[{"href":"https:\/\/fipmed.co\/pt-br\/wp-json\/wp\/v2\/pages"}],"about":[{"href":"https:\/\/fipmed.co\/pt-br\/wp-json\/wp\/v2\/types\/page"}],"author":[{"embeddable":true,"href":"https:\/\/fipmed.co\/pt-br\/wp-json\/wp\/v2\/users\/1"}],"replies":[{"embeddable":true,"href":"https:\/\/fipmed.co\/pt-br\/wp-json\/wp\/v2\/comments?post=14452"}],"version-history":[{"count":2,"href":"https:\/\/fipmed.co\/pt-br\/wp-json\/wp\/v2\/pages\/14452\/revisions"}],"predecessor-version":[{"id":31756,"href":"https:\/\/fipmed.co\/pt-br\/wp-json\/wp\/v2\/pages\/14452\/revisions\/31756"}],"wp:attachment":[{"href":"https:\/\/fipmed.co\/pt-br\/wp-json\/wp\/v2\/media?parent=14452"}],"wp:term":[{"taxonomy":"category","embeddable":true,"href":"https:\/\/fipmed.co\/pt-br\/wp-json\/wp\/v2\/categories?post=14452"},{"taxonomy":"post_tag","embeddable":true,"href":"https:\/\/fipmed.co\/pt-br\/wp-json\/wp\/v2\/tags?post=14452"}],"curies":[{"name":"wp","href":"https:\/\/api.w.org\/{rel}","templated":true}]}}