{"id":15315,"date":"2022-12-02T08:05:01","date_gmt":"2022-12-02T08:05:01","guid":{"rendered":"https:\/\/fipmed.co\/cat-fip-treatment-medical-advancement-for-fip-saves-cats\/"},"modified":"2024-05-02T03:41:45","modified_gmt":"2024-05-02T03:41:45","slug":"tratamento-da-pif-em-gatos-o-avanco-medico-para-a-pif-salva-os-gatos","status":"publish","type":"page","link":"https:\/\/fipmed.co\/pt-br\/tratamento-da-pif-em-gatos-o-avanco-medico-para-a-pif-salva-os-gatos\/","title":{"rendered":"Tratamento da PIF em gatos: O avan\u00e7o m\u00e9dico para a PIF salva os gatos"},"content":{"rendered":"<p>J\u00e1 existe um tratamento comprovado para a PIF em gatos. No entanto, devido \u00e0 falta de motiva\u00e7\u00e3o financeira, n\u00e3o existe atualmente nenhum medicamento oficialmente aprovado para a PIF em gatos. A terapia de suporte pode aliviar o desconforto mas n\u00e3o aumenta as taxas de sobreviv\u00eancia, como os medicamentos anti-inflamat\u00f3rios e a drenagem de fluidos do t\u00f3rax e do abd\u00f3men. A eutan\u00e1sia foi a melhor op\u00e7\u00e3o no passado, dada a r\u00e1pida e elevada taxa de mortalidade da doen\u00e7a, mas atualmente o tratamento pode ser efectuado com uma elevada taxa de sucesso.<\/p>\n<p>Existem alguns medicamentos experimentais que est\u00e3o a ser investigados neste momento, incluindo GS441524, GC376, CL-Pro e Remdesivir. Atualmente, estes medicamentos n\u00e3o est\u00e3o legalmente acess\u00edveis para uso cl\u00ednico em gatos.<\/p>\n<h2><\/h2>\n<p><strong>ANTIVIRAIS (inibidores da protease, inibidores da polimerase, an\u00e1logos de nucle\u00f3sidos)<\/strong><\/p>\n<p>Os \u00fanicos tratamentos que atualmente d\u00e3o esperan\u00e7a aos gatos com PIF s\u00e3o o GS441524, que \u00e9 um an\u00e1logo de nucle\u00f3sido, e o GC376, um inibidor da protease.<\/p>\n<p>O GS441524 continua a ser a melhor op\u00e7\u00e3o para o tratamento da PIF devido \u00e0s suas taxas de reca\u00edda mais baixas em compara\u00e7\u00e3o com o GC376. A sua a\u00e7\u00e3o \u00e9 tamb\u00e9m mais r\u00e1pida do que a do Remdesivir. De facto, o Remdesivir \u00e9 um pr\u00e9-cursor do GS441524, pelo que \u00e9 necess\u00e1rio um passo adicional para que o Remdesivir seja convertido em GS441524 para que este funcione.<\/p>\n<p>&nbsp;<\/p>\n<p><strong>GS-441524<\/strong><\/p>\n<p>Foram apresentadas provas de que este medicamento funciona bem em numerosas situa\u00e7\u00f5es. Consegui-lo tem sido dif\u00edcil. O remdesivir, tal como referido anteriormente, \u00e9 o prot\u00eddeo ou pr\u00f3-f\u00e1rmaco que o organismo transforma posteriormente em GS-441524. A administra\u00e7\u00e3o do medicamento na sua forma de prot\u00eddeo ou pr\u00f3-f\u00e1rmaco ajuda a introduzi-lo nas c\u00e9lulas do sistema imunit\u00e1rio que cont\u00eam coronav\u00edrus imunossupressores. Em alguns testes de medicamentos em gatos, o GS-441524 foi administrado na sua formula\u00e7\u00e3o original, n\u00e3o tendo sido observadas taxas de cura da PIF.<\/p>\n<p>&nbsp;<\/p>\n<p>O GS441524 continua a ser a nossa melhor op\u00e7\u00e3o de tratamento atualmente. No entanto, devido ao elevado custo e \u00e0 falta de acesso a esta medica\u00e7\u00e3o, os donos de gatos devem ser mais pressionados para evitar que o seu gato apanhe a doen\u00e7a em primeiro lugar.<\/p>\n<p>&nbsp;<\/p>\n<p><strong>GC376<\/strong><\/p>\n<p>O GC376 pode ser considerado como um medicamento antiv\u00edrico de largo espetro que inibe a <sup>Mpro<\/sup> de v\u00e1rios v\u00edrus, incluindo os coronav\u00edrus como o FCoV, o v\u00edrus da diarreia epid\u00e9mica porcina (PEDV), o SARS-CoV, o MERS-CoV, o SARS-CoV-2, o coronav\u00edrus do fur\u00e3o e da marta. O GC376 \u00e9 o pr\u00f3-f\u00e1rmaco do GC373, outro inibidor da protease \u00e0 base de dipept\u00eddeos.<\/p>\n<p>O tratamento da PIF em gatos com GC376 foi associado a efeitos secund\u00e1rios, tais como picadas transit\u00f3rias nos locais de inje\u00e7\u00e3o, fibrose subcut\u00e2nea, perda de pelo e erup\u00e7\u00e3o anormal dos dentes permanentes em gatos jovens<span class=\"anchor-text\">[4<\/span>]. Por conseguinte, s\u00e3o necess\u00e1rios mais estudos para avaliar os poss\u00edveis efeitos secund\u00e1rios associados \u00e0 utiliza\u00e7\u00e3o do GC376 em modelos animais, antes da sua utiliza\u00e7\u00e3o em ensaios cl\u00ednicos.<\/p>\n<p>O GC376 impede a replica\u00e7\u00e3o do v\u00edrus FCoV atrav\u00e9s de um mecanismo diferente. No entanto, a taxa de reca\u00edda em gatos tratados com GC376 \u00e9 significativamente mais elevada do que com GS441524. O GC376 destaca-se quando os gatos desenvolvem uma resist\u00eancia ao GS441524, especialmente em casos de reca\u00edda. Nesse caso, \u00e9 aconselh\u00e1vel utilizar o GC376.<\/p>\n<p>Existem tamb\u00e9m estudos de investiga\u00e7\u00e3o que demonstram que uma combina\u00e7\u00e3o de GS441524 e GC376 produz melhores resultados e tamb\u00e9m permitiu uma dura\u00e7\u00e3o mais curta de 6 semanas de tratamento em vez das habituais 12 semanas.<\/p>\n<p>&nbsp;<\/p>\n<p class=\"p1\"><b>Interfer\u00e3o felino<\/b><\/p>\n<p>O interfer\u00e3o \u00e9 o que o organismo produz naturalmente em resposta a uma infe\u00e7\u00e3o por um v\u00edrus. Existem dois tipos de interfer\u00f5es dispon\u00edveis para os veterin\u00e1rios: o interfer\u00e3o \u00f3mega felino (Virbagen Omega,\u00ae fabricado pela Virbac em Fran\u00e7a) e o interfer\u00e3o alfa humano, que tem algumas marcas. \u00c9 prefer\u00edvel utilizar o interfer\u00e3o felino, porque os interfer\u00f5es s\u00e3o espec\u00edficos da esp\u00e9cie: funcionam melhor na esp\u00e9cie de origem.<\/p>\n<p>O interfer\u00e3o-omega \u00e9 uma inje\u00e7\u00e3o comercializada para gatos com PIF. Um pequeno estudo inicial mostrou resultados promissores e, por isso, durante um breve per\u00edodo, tornou-se parte do tratamento padr\u00e3o. Foi um dos primeiros tratamentos dispon\u00edveis para a PIF, no entanto, a taxa de sucesso era baixa.<\/p>\n<p>Um estudo maior, em dupla oculta\u00e7\u00e3o e controlado por placebo, n\u00e3o encontrou qualquer benef\u00edcio para o interfer\u00e3o. O assunto deveria ter ficado por aqui, mas o medicamento continua a estar dispon\u00edvel e as pessoas continuam a divulgar o documento anterior sem refer\u00eancia ao posterior.<\/p>\n<p>&nbsp;<\/p>\n<p><strong>CORTICOSTER\u00d3IDES (APENAS PARA PALIATIVOS)<\/strong><\/p>\n<p class=\"p1\"><span class=\"s1\">Durante o in\u00edcio da doen\u00e7a, pode ser necess\u00e1ria medica\u00e7\u00e3o de suporte (sintom\u00e1tica) para manter os gatos vivos o tempo suficiente para que os antivirais entrem em a\u00e7\u00e3o. Os anti-inflamat\u00f3rios s\u00e3o frequentemente inclu\u00eddos nos medicamentos (corticoster\u00f3ides, AINE). \u00c9 prefer\u00edvel evitar a utiliza\u00e7\u00e3o excessiva destes medicamentos, exceto a curto prazo e apenas se houver uma justifica\u00e7\u00e3o convincente para o fazer, especialmente em gatos extremamente doentes nos primeiros dias.<\/span><\/p>\n<p class=\"p1\"><span class=\"s1\">O principal objetivo do tratamento da PIF \u00e9 impedir a replica\u00e7\u00e3o viral nos macr\u00f3fagos, o que interromper\u00e1 instantaneamente a produ\u00e7\u00e3o das v\u00e1rias citocinas inflamat\u00f3rias e imunossupressoras que produzem os sintomas da PIF. Enquanto certos medicamentos, como os corticoster\u00f3ides (prednisolona) e os AINEs (meloxicam), podem reduzir as citocinas inflamat\u00f3rias, o GS-441524 bloqueia totalmente estas citocinas prejudiciais. Em 24-48 horas, FipMed induzir\u00e1 melhorias significativas na temperatura, atividade, fome e outros sintomas. Esta melhoria ser\u00e1 significativamente maior do que qualquer outro medicamento pode proporcionar. Por conseguinte, a menos que haja uma raz\u00e3o imperiosa para continuar a utilizar outros medicamentos, estes devem ser interrompidos logo que se verifique uma melhoria not\u00f3ria e consistente dos sintomas da PIF.<\/span><\/p>\n<p class=\"p1\"><span class=\"s1\">Para al\u00e9m de mascarar os sintomas relacionados com a PIF, os ester\u00f3ides podem interferir com a distribui\u00e7\u00e3o do GS-441524 atrav\u00e9s da barreira hemato-encef\u00e1lica. V\u00e1rios estudos demonstraram que os ester\u00f3ides podem reduzir a permeabilidade atrav\u00e9s da barreira hemato-encef\u00e1lica. Nos gatos, a diminui\u00e7\u00e3o da permeabilidade pode reduzir a efic\u00e1cia do GS-441524 e aumentar a probabilidade de reca\u00edda.<\/span><\/p>\n<p>&nbsp;<\/p>\n<p class=\"p1\"><span class=\"s1\"><b>GS 441524 Seguran\u00e7a como tratamento FIP<\/b><\/span><\/p>\n<p class=\"p1\"><span class=\"s1\">O GS-441524 demonstrou ser uma op\u00e7\u00e3o de tratamento segura e eficaz. O medicamento foi originalmente desenvolvido como um tratamento antiviral para humanos, mas desde ent\u00e3o tem sido reorientado para uso felino.<span class=\"Apple-converted-space\"> <\/span><\/span><\/p>\n<p class=\"p1\"><span class=\"s1\">V\u00e1rios estudos demonstraram que o medicamento n\u00e3o causa efeitos adversos ou toxicidade significativos quando administrado de acordo com as instru\u00e7\u00f5es.<\/span><\/p>\n<p class=\"p1\"><span class=\"s1\">Alguns gatos podem sofrer efeitos secund\u00e1rios ligeiros, como n\u00e1useas ou letargia, durante o tratamento. Normalmente, estes sintomas desaparecem rapidamente e n\u00e3o requerem a interven\u00e7\u00e3o de um veterin\u00e1rio.<span class=\"Apple-converted-space\"> <\/span><\/span><\/p>\n<p>&nbsp;<\/p>\n","protected":false},"excerpt":{"rendered":"<p>J\u00e1 existe um tratamento comprovado para a PIF em gatos. No entanto, devido \u00e0 falta de motiva\u00e7\u00e3o financeira, n\u00e3o existe atualmente nenhum medicamento oficialmente aprovado para a PIF em gatos. A terapia de suporte pode aliviar o desconforto mas n\u00e3o aumenta as taxas de sobreviv\u00eancia, como os medicamentos anti-inflamat\u00f3rios e a drenagem de fluidos do [&hellip;]<\/p>\n","protected":false},"author":11,"featured_media":2398,"parent":0,"menu_order":0,"comment_status":"closed","ping_status":"closed","template":"","meta":{"_glsr_average":0,"_glsr_ranking":0,"_glsr_reviews":0,"footnotes":""},"categories":[639],"tags":[501,449],"_links":{"self":[{"href":"https:\/\/fipmed.co\/pt-br\/wp-json\/wp\/v2\/pages\/15315"}],"collection":[{"href":"https:\/\/fipmed.co\/pt-br\/wp-json\/wp\/v2\/pages"}],"about":[{"href":"https:\/\/fipmed.co\/pt-br\/wp-json\/wp\/v2\/types\/page"}],"author":[{"embeddable":true,"href":"https:\/\/fipmed.co\/pt-br\/wp-json\/wp\/v2\/users\/11"}],"replies":[{"embeddable":true,"href":"https:\/\/fipmed.co\/pt-br\/wp-json\/wp\/v2\/comments?post=15315"}],"version-history":[{"count":0,"href":"https:\/\/fipmed.co\/pt-br\/wp-json\/wp\/v2\/pages\/15315\/revisions"}],"wp:featuredmedia":[{"embeddable":true,"href":"https:\/\/fipmed.co\/pt-br\/wp-json\/wp\/v2\/media\/2398"}],"wp:attachment":[{"href":"https:\/\/fipmed.co\/pt-br\/wp-json\/wp\/v2\/media?parent=15315"}],"wp:term":[{"taxonomy":"category","embeddable":true,"href":"https:\/\/fipmed.co\/pt-br\/wp-json\/wp\/v2\/categories?post=15315"},{"taxonomy":"post_tag","embeddable":true,"href":"https:\/\/fipmed.co\/pt-br\/wp-json\/wp\/v2\/tags?post=15315"}],"curies":[{"name":"wp","href":"https:\/\/api.w.org\/{rel}","templated":true}]}}