{"id":15329,"date":"2022-12-02T07:59:53","date_gmt":"2022-12-02T07:59:53","guid":{"rendered":"https:\/\/fipmed.co\/cat-fip-10-things-to-do-once-your-feline-is-diagnosed-as-a-fip-cat\/"},"modified":"2024-05-02T12:24:05","modified_gmt":"2024-05-02T12:24:05","slug":"pif-em-gatos-10-coisas-a-fazer-imediatamente-apos-o-diagnostico-de-pif-no-seu-felino","status":"publish","type":"page","link":"https:\/\/fipmed.co\/pt-br\/pif-em-gatos-10-coisas-a-fazer-imediatamente-apos-o-diagnostico-de-pif-no-seu-felino\/","title":{"rendered":"PIF em gatos: 10 coisas a fazer imediatamente ap\u00f3s o diagn\u00f3stico de PIF no seu felino"},"content":{"rendered":"<p>Pode ser enervante se acabou de descobrir que o seu gato tem PIF. Se \u00e9 esse o seu caso, n\u00f3s compreendemos, mas estamos aqui para o ajudar. Se o seu gato foi diagnosticado com PIF felina, eis 10 coisas que pode fazer.<\/p>\n<h2>1. Procurar aconselhamento veterin\u00e1rio especializado em Cat FIP<\/h2>\n<p>Para os donos de gatos, o diagn\u00f3stico de PIF pode ser uma perspetiva assustadora. Embora esta doen\u00e7a seja complexa e grave, uma interven\u00e7\u00e3o atempada e cuidados especializados podem fazer toda a diferen\u00e7a para o bem-estar do seu animal de estima\u00e7\u00e3o.<\/p>\n<p>O seu veterin\u00e1rio poder\u00e1 inform\u00e1-lo sobre a melhor forma de garantir que o seu gato tem as melhores hip\u00f3teses de sobreviver. Mesmo com um tratamento adequado, h\u00e1 muitas coisas que pode fazer para melhorar as hip\u00f3teses de sobreviv\u00eancia do seu gato.<\/p>\n<p>Alguns gatos n\u00e3o ter\u00e3o problemas em ir para casa consigo, enquanto os casos mais graves poder\u00e3o ter de ser hospitalizados para receberem melhores cuidados m\u00e9dicos.<\/p>\n<h2>2. Iniciar o tratamento com GS441524<\/h2>\n<p>O tratamento da Peritonite Infecciosa Felina (PIF) com GS441524 \u00e9 o primeiro passo para ajudar os gatos a sobreviver. GS441524, \u00e9 um <a href=\"\/de?page_id=887\" target=\"_blank\" rel=\"noopener\">tratamento antiviral oral para a PIF <\/a> que se revelou altamente eficaz e notavelmente seguro para gatos que lutam contra esta doen\u00e7a grave.<\/p>\n<p>Quando iniciado atempadamente e seguindo as instru\u00e7\u00f5es do m\u00e9dico, o <a href=\"\/de?page_id=6163\" target=\"_blank\" rel=\"noopener\">GS 441524<\/a> pode salvar vidas; os estudos revelam uma taxa de sucesso de 90%.<\/p>\n<p>Os potenciais efeitos adversos s\u00e3o relativamente baixos, mas incluem altera\u00e7\u00f5es do apetite, da prefer\u00eancia alimentar e do comportamento, bem como epis\u00f3dios tempor\u00e1rios de diarreia ou v\u00f3mitos durante os primeiros dias de administra\u00e7\u00e3o &#8211; todos facilmente control\u00e1veis sob a supervis\u00e3o atenta de um veterin\u00e1rio.<\/p>\n<p>O tratamento priorit\u00e1rio com corticoster\u00f3ides auto-inject\u00e1veis deve acompanhar o in\u00edcio da terapia oral a longo prazo em casos graves, mantendo um apoio sintom\u00e1tico \u00f3timo, como o fornecimento de apoio nutricional e protocolos de higiene cuidadosos, o que ajudar\u00e1 significativamente a recupera\u00e7\u00e3o do seu gato.<\/p>\n<h2>3. Gerir os sintomas e aliviar a dor do gato com PIF<\/h2>\n<p>Quando um felino \u00e9 diagnosticado com PIF, \u00e9 importante tomar medidas imediatas para gerir os seus sintomas e aliviar a sua dor. A PIF \u00e9 uma doen\u00e7a complexa que pode causar desconforto aos gatos, pelo que a gest\u00e3o dos sintomas para gerir a doen\u00e7a cr\u00f3nica \u00e9 essencial.<\/p>\n<p>A utiliza\u00e7\u00e3o de analg\u00e9sicos \u00e9 por vezes necess\u00e1ria se o seu gato parecer desconfort\u00e1vel e com dores. Os antibi\u00f3ticos tamb\u00e9m podem ajudar com alguma infe\u00e7\u00e3o bacteriana que possa ser causada pela doen\u00e7a FIP. Em alguns casos, quando o <a href=\"\/de?page_id=903\" target=\"_blank\" rel=\"noopener\"> gato tem uma PIF avan\u00e7ada<\/a>, podem ser necess\u00e1rios ester\u00f3ides para reduzir a inflama\u00e7\u00e3o no in\u00edcio. No entanto, os ester\u00f3ides t\u00eam de ser imediatamente suspensos quando o gato estabilizar, uma vez que interferem com o tratamento antiviral da PIF.<\/p>\n<h2>4. Hidrata\u00e7\u00e3o com fluidos subcut\u00e2neos<\/h2>\n<p>A Peritonite Infecciosa Felina (PIF) \u00e9 uma doen\u00e7a grave e frequentemente fatal. Como parte do plano de tratamento, pode ser recomendada a administra\u00e7\u00e3o de fluidos subcut\u00e2neos para ajudar a gerir a condi\u00e7\u00e3o de um gato com PIF.<\/p>\n<p>Isto implica o fornecimento de fluidos sob a pele para uma absor\u00e7\u00e3o lenta na corrente sangu\u00ednea e no corpo, de modo a garantir n\u00edveis de hidrata\u00e7\u00e3o adequados e melhorar a sa\u00fade geral. A fluidoterapia caseira pode ser ben\u00e9fica, uma vez que ajuda os gatos com condi\u00e7\u00f5es m\u00e9dicas que requerem fluidos suplementares &#8211; como a PIF felina &#8211; a manterem-se hidratados sem terem de ir frequentemente ao veterin\u00e1rio para tratamentos intravenosos.<\/p>\n<p>As administra\u00e7\u00f5es subcut\u00e2neas de fluidos (SQFs) devem ser administradas de forma cont\u00ednua; no entanto, existem algumas directrizes sobre a frequ\u00eancia com que devem ocorrer. A maioria dos gatos necessita de SQF de rotina entre uma vez por semana e diariamente, dependendo do seu estado de sa\u00fade geral, do n\u00edvel atual de desidrata\u00e7\u00e3o e de outros factores determinados pelo seu veterin\u00e1rio ou pela equipa de cuidados veterin\u00e1rios.<\/p>\n<p>Para determinar se os SQF s\u00e3o ou n\u00e3o necess\u00e1rios e com que frequ\u00eancia devem ser realizados, discuta este assunto diretamente com o seu veterin\u00e1rio para uma orienta\u00e7\u00e3o adequada antes de iniciar as sess\u00f5es de tratamento em casa.<\/p>\n<p>Se for feita corretamente, utilizando agulhas e equipamento esterilizados, de acordo com as instru\u00e7\u00f5es do seu veterin\u00e1rio, a administra\u00e7\u00e3o de SQFs em casa pode proporcionar o al\u00edvio necess\u00e1rio, evitando o stress desnecess\u00e1rio durante os check-ups regulares no consult\u00f3rio do veterin\u00e1rio devido a doen\u00e7as ocasionais como a <a href=\"\/de?page_id=6094\" target=\"_blank\" rel=\"noopener\">PIF em gatos<\/a> e gatinhos.<\/p>\n<p>&nbsp;<\/p>\n<h2>5. Apoio nutricional para a PIF felina<\/h2>\n<p>O <a href=\"\/de?page_id=893\" target=\"_blank\" rel=\"noopener\">apoio nutricional<\/a> \u00e9 uma parte essencial do controlo da PIF nos gatos. Os nutrientes desempenham um papel vital no apoio \u00e0 sua sa\u00fade geral e ajudam a combater o v\u00edrus que causa a doen\u00e7a.<\/p>\n<p>No que diz respeito \u00e0 PIF felina, existem necessidades alimentares espec\u00edficas que devem ser tidas em conta para o bem-estar do seu gato. De facto, alguns gatos desenvolveram a PIF devido a uma m\u00e1 alimenta\u00e7\u00e3o que contribui para um sistema imunit\u00e1rio fraco.<\/p>\n<p>O sistema imunit\u00e1rio desempenha um papel importante no controlo e combate \u00e0 infe\u00e7\u00e3o causada pela PIF, pelo que uma nutri\u00e7\u00e3o adequada \u00e9 fundamental para promover uma sa\u00fade \u00f3ptima e minimizar a recorr\u00eancia ou surtos desta doen\u00e7a complexa.<\/p>\n<p>Mude a dieta do seu gato para uma dieta de carne crua, bem como fornecer caldo de osso para mais l\u00edquido. Pode tamb\u00e9m tomar um suplemento com estas vitaminas:<\/p>\n<p><strong>\u00c1cidos gordos \u00f3mega 3:<\/strong> Os \u00e1cidos gordos \u00f3mega 3, que s\u00e3o comuns nos suplementos de \u00f3leo de peixe, podem ajudar a reduzir a inflama\u00e7\u00e3o e melhorar a sa\u00fade geral do seu gato. Podem ajudar nos problemas relacionados com a PIF, como a acumula\u00e7\u00e3o de fluidos e a inflama\u00e7\u00e3o.<\/p>\n<p><strong>Antioxidantes<\/strong>: como as vitaminas C e E, podem ajudar a reduzir o stress oxidativo e a apoiar o sistema imunit\u00e1rio. O seu veterin\u00e1rio pode aconselh\u00e1-lo sobre a melhor dose para o seu gato.<\/p>\n<p><strong>Probi\u00f3ticos:<\/strong> Os probi\u00f3ticos podem ajudar a sa\u00fade gastrointestinal e o sistema imunol\u00f3gico do seu gato. Como a PIF pode ter um impacto no trato digestivo, os probi\u00f3ticos podem ser \u00fateis.<\/p>\n<p><strong>Apoio ao sistema imunit\u00e1rio:<\/strong> Em coopera\u00e7\u00e3o com o seu veterin\u00e1rio, considere suplementos para o sistema imunit\u00e1rio, como beta-glucanos ou imunomoduladores.<\/p>\n<p><strong>Vitaminas B:<\/strong> As vitaminas B, especialmente a B-12, s\u00e3o ben\u00e9ficas para a sa\u00fade e o bem-estar geral. Em casos raros, pode ser aconselhado um suplemento de vitaminas do complexo B.<\/p>\n<p><strong>EVITAR L-Lisina:<\/strong> A lisina \u00e9 um amino\u00e1cido que pode ajudar nos sintomas respirat\u00f3rios superiores causados pela PIF, mas pode n\u00e3o tratar diretamente a doen\u00e7a. Al\u00e9m disso, impede o <a href=\"\/de?page_id=895\" target=\"_blank\" rel=\"noopener\">tratamento da PIF<\/a>.<\/p>\n<p>&nbsp;<\/p>\n<h2>6. Criar um ambiente confort\u00e1vel e limpo<\/h2>\n<p>Criar e manter um ambiente confort\u00e1vel e limpo para os gatos com PIF \u00e9 essencial para a sua sa\u00fade geral. Um espa\u00e7o de vida limpo pode ajudar a reduzir os sintomas de desconforto causados pela inflama\u00e7\u00e3o e a diminuir a gravidade da imunossupress\u00e3o associada \u00e0 PIF.<\/p>\n<p>Uma forma de os donos de gatos criarem este tipo de ambiente \u00e9 manter as caixas de areia, os bebedouros e os pratos de comida livres de detritos ou sujidade que possam causar mais stress no sistema imunit\u00e1rio enfraquecido do gato.<\/p>\n<p>Al\u00e9m disso, \u00e9 importante evitar a sobrelota\u00e7\u00e3o da casa, uma vez que esta pode contribuir para mais infec\u00e7\u00f5es nos gatos. Isto poderia aumentar ainda mais o risco de desenvolver PIF felina ou exacerbar as doen\u00e7as existentes, como os problemas gastrointestinais ligados \u00e0 infe\u00e7\u00e3o pelo coronav\u00edrus.<\/p>\n<p>&nbsp;<\/p>\n<h2>7. Aplicar medidas de higiene rigorosas<\/h2>\n<p>Quando um gato \u00e9 diagnosticado com PIF, os donos devem agir rapidamente <a href=\"\/de?page_id=891\" target=\"_blank\" rel=\"noopener\">para proteger os outros gatos<\/a> e evitar a propaga\u00e7\u00e3o da doen\u00e7a. \u00c9 essencial p\u00f4r em pr\u00e1tica medidas de higiene rigorosas, incluindo o isolamento do <a href=\"\/de?page_id=899\" target=\"_blank\" rel=\"noopener\">gato infetado<\/a>, a limpeza e desinfe\u00e7\u00e3o do ambiente, a minimiza\u00e7\u00e3o do contacto entre gatos e a lavagem das m\u00e3os ap\u00f3s o manuseamento de um animal infetado.<\/p>\n<p>O objetivo da aplica\u00e7\u00e3o destes protocolos \u00e9 duplo: em primeiro lugar, reduz o risco ao impedir a transmiss\u00e3o da PIF dentro ou fora do agregado familiar. Em segundo lugar, ajuda a criar um ambiente confort\u00e1vel para os gatos afectados, reduzindo tamb\u00e9m qualquer desconforto que possam sentir devido a sintomas f\u00edsicos, como febres ou problemas digestivos.<\/p>\n<p>Todas as superf\u00edcies das casas devem ser limpas regularmente com desinfectantes aprovados por profissionais m\u00e9dicos veterin\u00e1rios durante pelo menos 10 minutos por dia para reduzir a contamina\u00e7\u00e3o bacteriana causada por got\u00edculas em aerossol produzidas quando os gatos tossem ou espirram.<\/p>\n<p>Al\u00e9m disso, uma boa higiene das m\u00e3os &#8211; lavagem completa das m\u00e3os realizada imediatamente ap\u00f3s o contacto com um animal infetado &#8211; diminui significativamente o risco de transmiss\u00e3o de pessoa para pessoa.<\/p>\n<p>Os donos de gatos s\u00e3o aconselhados n\u00e3o s\u00f3 a usar luvas quando necess\u00e1rio, mas tamb\u00e9m a assegurar pr\u00e1ticas regulares de lavagem de roupa que ajudem a limitar a exposi\u00e7\u00e3o. Ao levar a s\u00e9rio cada passo durante as fases de diagn\u00f3stico e implementa\u00e7\u00e3o preconizadas pelos especialistas, os pais dos animais de companhia far\u00e3o tudo o que estiver ao seu alcance para melhorar a qualidade de vida dos animais que vivem com esta doen\u00e7a.<\/p>\n<p>&nbsp;<\/p>\n<h2>8. Aplicar protocolos de isolamento do FIP para agregados familiares com v\u00e1rios gatos<\/h2>\n<p>Quando um <a href=\"\/de?page_id=870\" target=\"_blank\" rel=\"noopener\">gato \u00e9 diagnosticado com Peritonite Infecciosa Felina <\/a> (PIF) num agregado familiar com v\u00e1rios gatos, isolar o gato afetado pela PIF dos outros gatos \u00e9 fundamental para evitar a propaga\u00e7\u00e3o e proteger os outros gatos. Embora seja dif\u00edcil evitar completamente que o seu animal de estima\u00e7\u00e3o interaja com outros felinos, existem medidas que podem ser tomadas para reduzir significativamente o risco de infe\u00e7\u00e3o.<\/p>\n<p>A PIF propaga-se principalmente atrav\u00e9s do contacto com fezes infectadas em caixas de areia partilhadas ou em superf\u00edcies. Quando os gatos se aproximam ou brincam \u00e0 bruta, podem potencialmente transmitir doen\u00e7as como a PIF, pelo que a redu\u00e7\u00e3o destas actividades deve ser uma prioridade m\u00e1xima para os propriet\u00e1rios cujos gatos tenham sido diagnosticados.<\/p>\n<p>\u00c9 importante ter tamb\u00e9m em aten\u00e7\u00e3o as tigelas e as camas partilhadas e evitar o contacto direto entre v\u00e1rios gatos sempre que poss\u00edvel. O v\u00edrus da febre aftosa propaga-se a partir da mat\u00e9ria fecal, pelo que o ideal \u00e9 ter caixotes de lixo separados para cada gato. De vez em quando, crie brinquedos divertidos, t\u00e1buas de arranhar e esconderijos especificamente para o seu pr\u00f3prio gato, para que ele n\u00e3o fique com ci\u00fames do que pertence aos outros.<\/p>\n<p>Al\u00e9m disso, se poss\u00edvel, aloje cada animal separadamente &#8211; mant\u00ea-los em divis\u00f5es diferentes da casa n\u00e3o s\u00f3 reduz o stress como tamb\u00e9m mant\u00e9m as doen\u00e7as afastadas! A implementa\u00e7\u00e3o de protocolos de isolamento adequados ajuda a diminuir o risco de transmiss\u00e3o do coronav\u00edrus felino a gatos n\u00e3o vacinados ou imunocomprometidos com PIF.<\/p>\n<p>Inclui tamb\u00e9m o corte de \u00e1reas exteriores partilhadas, encontros com tigelas de comida e roupas que possam espalhar germes atrav\u00e9s da saliva, pelo, etc. Deve tamb\u00e9m considerar recomendar que todos os gatos saud\u00e1veis que vivem no mesmo agregado familiar recebam vacinas contra doen\u00e7as virais do complexo FIV\/FeLV, como a PIF, pelo menos duas vezes por ano.<\/p>\n<p>Se notar quaisquer sinais de doen\u00e7a infecciosa ou se os resultados dos testes derem positivo para FeLV, mantenha estes animais afastados da sua \u00e1rea de quarentena &#8211; n\u00e3o s\u00f3 estes v\u00edrus podem provocar doen\u00e7as graves, como a exposi\u00e7\u00e3o cont\u00ednua pode introduzir novas infec\u00e7\u00f5es num ambiente isolado, o que pode agravar o estado do seu animal mais rapidamente antes do in\u00edcio do tratamento.<\/p>\n<p>&nbsp;<\/p>\n<h2>9. Monitorize o estado do seu gato<\/h2>\n<p>\u00c9 muito importante monitorizar de perto o estado do seu gato e procurar cuidados veterin\u00e1rios imediatos se lhe for diagnosticada PIF. Os sintomas da PIF felina podem variar significativamente de um caso para outro e quaisquer altera\u00e7\u00f5es no comportamento ou na sa\u00fade do seu gato devem ser imediatamente discutidas com profissionais experientes, como um veterin\u00e1rio.<\/p>\n<p>Os controlos veterin\u00e1rios regulares s\u00e3o fundamentais para o diagn\u00f3stico e tratamento precoces do v\u00edrus; isto permite estrat\u00e9gias de gest\u00e3o eficazes, o al\u00edvio dos sintomas e o prolongamento da vida do seu animal de estima\u00e7\u00e3o.<\/p>\n<p>Se tiver um agregado familiar com v\u00e1rios gatos dentro de casa, onde estes possam entrar em contacto uns com os outros, recomenda-se a aplica\u00e7\u00e3o de protocolos de isolamento at\u00e9 que a progress\u00e3o da doen\u00e7a do gato infetado possa ser monitorizada por um veterin\u00e1rio profissional.<\/p>\n<p>Os sinais de alerta incluem perda dr\u00e1stica de peso, fadiga extrema\/letargia, picos de febre, confus\u00e3o ou desorienta\u00e7\u00e3o &#8211; todos eles requerem aten\u00e7\u00e3o m\u00e9dica urgente&#8230;<\/p>\n<h2>10. Limitar a exposi\u00e7\u00e3o a outros gatos<\/h2>\n<p>Por \u00faltimo, o acesso ao exterior tamb\u00e9m deve ser limitado, uma vez que os animais selvagens podem ser portadores de doen\u00e7as que podem p\u00f4r em risco o seu gatinho positivo para PIF. Proteg\u00ea-lo contra esses casos, evitando quaisquer \u00e1reas depiladas no exterior onde essas aves e criaturas possam vaguear facilmente, reduziria grandemente as hip\u00f3teses de apanhar qualquer outra coisa extra para al\u00e9m do diagn\u00f3stico existente.<\/p>\n<p>A redu\u00e7\u00e3o da intera\u00e7\u00e3o f\u00edsica, principal respons\u00e1vel pelas taxas de transmiss\u00e3o, ajudar\u00e1 a garantir a m\u00e1xima seguran\u00e7a na tomada das precau\u00e7\u00f5es necess\u00e1rias ao lidar com a gest\u00e3o da Peritonite Infecciosa Felina (PIF).<\/p>\n<p>A ado\u00e7\u00e3o de medidas de seguran\u00e7a simples, tais como prestar muita aten\u00e7\u00e3o \u00e0s medidas de higiene pessoal e estar atento \u00e0 exposi\u00e7\u00e3o a ambientes contaminados, proporcionar\u00e1 uma prote\u00e7\u00e3o importante contra a potencial propaga\u00e7\u00e3o do coronav\u00edrus associada a circunst\u00e2ncias semelhantes, especialmente no caso de agregados familiares com v\u00e1rios gatos, de forma mais dr\u00e1stica &#8211; uma pr\u00e1tica indispens\u00e1vel puramente apoiada pela investiga\u00e7\u00e3o m\u00e9dica, uma e outra vez sem falhas, particularmente no contexto desta doen\u00e7a espec\u00edfica.<\/p>\n","protected":false},"excerpt":{"rendered":"<p>Pode ser enervante se acabou de descobrir que o seu gato tem PIF. Se \u00e9 esse o seu caso, n\u00f3s compreendemos, mas estamos aqui para o ajudar. Se o seu gato foi diagnosticado com PIF felina, eis 10 coisas que pode fazer. 1. Procurar aconselhamento veterin\u00e1rio especializado em Cat FIP Para os donos de gatos, [&hellip;]<\/p>\n","protected":false},"author":11,"featured_media":2341,"parent":0,"menu_order":0,"comment_status":"closed","ping_status":"closed","template":"","meta":{"_glsr_average":0,"_glsr_ranking":0,"_glsr_reviews":0,"footnotes":""},"categories":[639],"tags":[449,450],"_links":{"self":[{"href":"https:\/\/fipmed.co\/pt-br\/wp-json\/wp\/v2\/pages\/15329"}],"collection":[{"href":"https:\/\/fipmed.co\/pt-br\/wp-json\/wp\/v2\/pages"}],"about":[{"href":"https:\/\/fipmed.co\/pt-br\/wp-json\/wp\/v2\/types\/page"}],"author":[{"embeddable":true,"href":"https:\/\/fipmed.co\/pt-br\/wp-json\/wp\/v2\/users\/11"}],"replies":[{"embeddable":true,"href":"https:\/\/fipmed.co\/pt-br\/wp-json\/wp\/v2\/comments?post=15329"}],"version-history":[{"count":0,"href":"https:\/\/fipmed.co\/pt-br\/wp-json\/wp\/v2\/pages\/15329\/revisions"}],"wp:featuredmedia":[{"embeddable":true,"href":"https:\/\/fipmed.co\/pt-br\/wp-json\/wp\/v2\/media\/2341"}],"wp:attachment":[{"href":"https:\/\/fipmed.co\/pt-br\/wp-json\/wp\/v2\/media?parent=15329"}],"wp:term":[{"taxonomy":"category","embeddable":true,"href":"https:\/\/fipmed.co\/pt-br\/wp-json\/wp\/v2\/categories?post=15329"},{"taxonomy":"post_tag","embeddable":true,"href":"https:\/\/fipmed.co\/pt-br\/wp-json\/wp\/v2\/tags?post=15329"}],"curies":[{"name":"wp","href":"https:\/\/api.w.org\/{rel}","templated":true}]}}