{"id":15357,"date":"2022-12-02T07:30:30","date_gmt":"2022-12-02T07:30:30","guid":{"rendered":"https:\/\/fipmed.co\/fip-treatments-injections-vs-pills\/"},"modified":"2024-05-02T08:17:38","modified_gmt":"2024-05-02T08:17:38","slug":"tratamentos-para-a-pif-injeccoes-de-pif-vs-comprimidos-ou-pilulas-de-pif","status":"publish","type":"page","link":"https:\/\/fipmed.co\/pt-br\/tratamentos-para-a-pif-injeccoes-de-pif-vs-comprimidos-ou-pilulas-de-pif\/","title":{"rendered":"Tratamentos para a PIF: Injec\u00e7\u00f5es de PIF vs comprimidos ou p\u00edlulas de PIF"},"content":{"rendered":"<p>Pode haver duas alternativas ao selecionar a medica\u00e7\u00e3o antiviral GS-441524 para o tratamento da PIF: injec\u00e7\u00f5es subcut\u00e2neas ou c\u00e1psulas ou comprimidos orais. Como escolher ent\u00e3o a mais adequada para o seu gato? Neste post, discutiremos as vantagens e desvantagens de cada m\u00e9todo de tratamento, bem como quando e como tomar a melhor decis\u00e3o para o tratamento da PIF do seu gato.<\/p>\n<p>Normalmente, os medicamentos orais apresentam-se sob a forma de comprimidos. Este tipo de GS \u00e9 tomado por via oral. Os donos de <a href=\"\/?page_id=895\" target=\"_blank\" rel=\"noopener\">gatos podem agora escolher facilmente<\/a> a melhor forma de tratamento para o seu gato, uma vez que existem mais op\u00e7\u00f5es acess\u00edveis. As diferen\u00e7as entre estas 2 formula\u00e7\u00f5es GS-441524 ser\u00e3o abordadas neste artigo, juntamente com conselhos sobre como escolher a melhor para o tratamento da PIF do seu gato.<\/p>\n<h2><strong>Tratamentos FIP por inje\u00e7\u00e3o<\/strong><\/h2>\n<p>Comecemos por discutir a vers\u00e3o de inje\u00e7\u00e3o l\u00edquida do GS-441524. Esta forma particular de GS \u00e9 trat\u00e1vel. Os diferentes fluidos GS-441524 t\u00eam propriedades diferentes. A t\u00e9cnica de fabrico e a qualidade qu\u00edmica utilizada pelo produtor t\u00eam um impacto significativo na qualidade. O facto de os pre\u00e7os diferirem significativamente entre marcas s\u00f3 contribui para aumentar a incerteza.<\/p>\n<p>A forma injet\u00e1vel de GS441524 apresenta-se em v\u00e1rias concentra\u00e7\u00f5es. As concentra\u00e7\u00f5es mais populares atualmente dispon\u00edveis s\u00e3o 20 mg e 30 mg. A melhor forma de administrar GS-441524 \u00e9 atrav\u00e9s de tratamento injet\u00e1vel. As injec\u00e7\u00f5es subcut\u00e2neas das injec\u00e7\u00f5es GS441524 tratam imediatamente a corrente sangu\u00ednea do seu gato com um medicamento antiviral. Os m\u00e9dicos podem administrar uma dose espec\u00edfica atrav\u00e9s de injec\u00e7\u00f5es com base nos sintomas e no <a href=\"\/?page_id=885\" target=\"_blank\" rel=\"noopener\">peso corporal do seu gato<\/a>.<\/p>\n<p>Os gatos tratados com injec\u00e7\u00f5es apresentam frequentemente altera\u00e7\u00f5es \u00f3bvias em apenas um a quatro dias. Por conseguinte, <a href=\"\/?page_id=899\" target=\"_blank\" rel=\"noopener\">para os gatos que apresentam sintomas <\/a> graves de PIF, as injec\u00e7\u00f5es s\u00e3o o \u00fanico meio de tratamento adequado e eficaz. Cada tratamento da PIF deve come\u00e7ar com uma inje\u00e7\u00e3o. Continue a administrar as injec\u00e7\u00f5es at\u00e9 que o estado do seu gato estabilize e s\u00f3 quando ele estiver a comer e a eliminar corretamente \u00e9 que deve pensar em passar para a medica\u00e7\u00e3o oral.<\/p>\n<h2><strong>Tratamentos orais para a PIF (comprimidos ou p\u00edlulas)<\/strong><\/h2>\n<p>Em compara\u00e7\u00e3o com as agulhas, o tratamento oral \u00e9 uma t\u00e9cnica mais r\u00e1pida e mais simples para tratar a PIF. Os donos de gatos podem administrar medica\u00e7\u00e3o oral em casa, evitando visitas di\u00e1rias a cl\u00ednicas e as despesas com injec\u00e7\u00f5es. Os comprimidos e as c\u00e1psulas est\u00e3o dispon\u00edveis para medica\u00e7\u00e3o oral. Devido \u00e0 textura suave e ao facto de a c\u00e1psula n\u00e3o ter sabor, os gatos podem geralmente engolir c\u00e1psulas mais facilmente do que comprimidos. Em geral, aconselhamos a utiliza\u00e7\u00e3o de c\u00e1psulas ou comprimidos orais nas \u00faltimas fases do tratamento, quando o seu gato j\u00e1 n\u00e3o est\u00e1 em perigo, ou seja, quando come e vai \u00e0 casa de banho regularmente e j\u00e1 n\u00e3o tem febres intermitentes.<\/p>\n<p>Vamos agora discutir os inconvenientes da terapia oral. A principal diferen\u00e7a entre os tratamentos orais e inject\u00e1veis \u00e9 o seu ritmo de a\u00e7\u00e3o. O medicamento antiviral utilizado na terap\u00eautica oral, GS-441524, tem de passar por todo o trato digestivo antes de entrar na corrente sangu\u00ednea.<\/p>\n<p>A incapacidade de controlar a dosagem \u00e9 a segunda desvantagem principal do tratamento oral. N\u00e3o podemos prever a quantidade de GS-441524 que ser\u00e1 absorvida pelo trato digestivo do seu gato, raz\u00e3o pela qual. O seu gato pode absorver apenas uma percentagem da medica\u00e7\u00e3o antiviral fornecida pelas c\u00e1psulas orais, dependendo do estado do seu sistema digestivo e da sua sa\u00fade geral. O ritmo de absor\u00e7\u00e3o da GS ser\u00e1 afetado pelo enfraquecimento do est\u00f4mago, dos rins e do f\u00edgado que ocorre nos gatos com peritonite infecciosa felina (PIF).<\/p>\n<p>Em compara\u00e7\u00e3o com as agulhas, os comprimidos e as p\u00edlulas orais s\u00e3o uma forma de tratamento mais arriscada. S\u00f3 ap\u00f3s 30 dias de terapia por inje\u00e7\u00e3o ou ap\u00f3s o estado do seu gato ter estabilizado \u00e9 que sugerimos o tratamento oral.<\/p>\n<h2><strong>Uma precau\u00e7\u00e3o para as c\u00e1psulas<\/strong><\/h2>\n<p>Na ind\u00fastria de medicamentos FIP, h\u00e1 certos formatos que s\u00e3o predominantemente utilizados. Por exemplo, o GS441524 est\u00e1 predominantemente dispon\u00edvel na forma de comprimidos e o EIDD2801 est\u00e1 dispon\u00edvel na forma de c\u00e1psulas. Por isso, tem cuidado com os vendedores que vendem GS441524 em formato de c\u00e1psula. Al\u00e9m disso, a dosagem de GS441524 para medica\u00e7\u00e3o oral \u00e9 normalizada para 15 mg por kg e para o dobro da dose para os tipos Ocular e Neurol\u00f3gico. N\u00e3o excedas esta dosagem, uma vez que uma dosagem mais elevada em medicamentos orais compromete a capacidade de absor\u00e7\u00e3o.<\/p>\n<h2><strong>Uma compara\u00e7\u00e3o entre tratamento por inje\u00e7\u00e3o e tratamento oral  <\/strong><\/h2>\n<p>Segue-se um quadro que mostra as diferen\u00e7as entre as injec\u00e7\u00f5es e a <a href=\"\/?page_id=887\" target=\"_blank\" rel=\"noopener\">administra\u00e7\u00e3o oral do tratamento para a PIF.<\/a><\/p>\n<p><img data-opt-id=1214015753  fetchpriority=\"high\" decoding=\"async\" class=\"alignnone size-full wp-image-888\" src=\"https:\/\/ml9txs9ouv9q.i.optimole.com\/w:auto\/h:auto\/q:mauto\/f:best\/https:\/\/fipmed.co\/wp-content\/uploads\/2022\/12\/233.png\" alt=\"\" width=\"811\" height=\"719\" srcset=\"https:\/\/ml9txs9ouv9q.i.optimole.com\/w:811\/h:719\/q:mauto\/f:best\/https:\/\/fipmed.co\/wp-content\/uploads\/2022\/12\/233.png 811w, https:\/\/ml9txs9ouv9q.i.optimole.com\/w:300\/h:266\/q:mauto\/f:best\/https:\/\/fipmed.co\/wp-content\/uploads\/2022\/12\/233.png 300w, https:\/\/ml9txs9ouv9q.i.optimole.com\/w:768\/h:681\/q:mauto\/f:best\/https:\/\/fipmed.co\/wp-content\/uploads\/2022\/12\/233.png 768w, https:\/\/ml9txs9ouv9q.i.optimole.com\/w:600\/h:532\/q:mauto\/f:best\/https:\/\/fipmed.co\/wp-content\/uploads\/2022\/12\/233.png 600w\" sizes=\"(max-width: 640px) 100vw, 640px\" \/><\/p>\n<h2><strong>Que m\u00e9todo devo escolher para o meu gato?<\/strong><\/h2>\n<p>Recomenda-se que o tratamento da PIF comece com injec\u00e7\u00f5es, de acordo com a nossa recomenda\u00e7\u00e3o. Podes fazer a transi\u00e7\u00e3o para comprimidos orais assim que a condi\u00e7\u00e3o do teu gato estabilizar, se as injec\u00e7\u00f5es recorrentes causarem dor aguda ou irrita\u00e7\u00f5es cut\u00e2neas graves. Ap\u00f3s 30 dias de tratamento injet\u00e1vel, a mudan\u00e7a para medica\u00e7\u00e3o oral \u00e9 normalmente segura. Esta \u00e9 a t\u00e9cnica mais fi\u00e1vel para garantir que \u00e9 administrada uma quantidade suficiente de GS-441524 durante o tratamento da PIF e reduzir o risco de reinfe\u00e7\u00e3o no futuro.<\/p>\n<h2><strong>Factores que influenciam a administra\u00e7\u00e3o oral ou injet\u00e1vel<\/strong><\/h2>\n<p>Os gatos que est\u00e3o atualmente a vomitar\/regurgitar e a ter diarreia s\u00e3o geralmente considerados maus candidatos ao GS-441524 oral. Consequentemente, os gatos que sofrem de doen\u00e7as gastrointestinais graves come\u00e7am frequentemente a tomar injec\u00e7\u00f5es, pelo menos at\u00e9 os problemas estarem resolvidos. A maioria das pessoas, particularmente no passado, come\u00e7ou com GS-441524 injet\u00e1vel. A forma injet\u00e1vel \u00e9 menos dispendiosa e a dosagem \u00e9 controlada com maior precis\u00e3o. A absor\u00e7\u00e3o subcut\u00e2nea de GS-441524 \u00e9 tamb\u00e9m mais fi\u00e1vel do que a absor\u00e7\u00e3o oral, o que \u00e9 frequentemente um fator cr\u00edtico no tratamento inicial de gatos gravemente doentes e inst\u00e1veis no in\u00edcio.<\/p>\n<p>O facto de um gato continuar a injetar GS-441524 depende da capacidade do dono para administrar as injec\u00e7\u00f5es de forma eficiente, da vontade do gato de se habituar \u00e0 dor da inje\u00e7\u00e3o e da ocorr\u00eancia de feridas no local da inje\u00e7\u00e3o. Nestes casos, a medica\u00e7\u00e3o oral \u00e9 muitas vezes um al\u00edvio bem-vindo tanto para o dono como para o paciente felino.<\/p>\n<h2><strong>Compara\u00e7\u00e3o do sucesso do tratamento com GS-441524 injet\u00e1vel versus oral  <\/strong><\/h2>\n<p>A taxa de sucesso com o GS-441524 oral assemelha-se agora \u00e0 das vers\u00f5es inject\u00e1veis, assumindo que as dosagens s\u00e3o <a href=\"\/?page_id=23\" target=\"_blank\" rel=\"noopener\">cuidadosamente calculadas e que a dosagem <\/a> \u00e9 realizada de forma eficaz. No entanto, foram comunicadas varia\u00e7\u00f5es nas reac\u00e7\u00f5es entre as formas oral e injet\u00e1vel de GS-441524. Apenas alguns gatos sofreram reca\u00eddas ap\u00f3s a mudan\u00e7a de injec\u00e7\u00f5es para GS-441524 oral ou n\u00e3o responderam bem ao tratamento inicial. Em alternativa, a doen\u00e7a que n\u00e3o estava a responder bem \u00e0s injec\u00e7\u00f5es foi tratada transferindo os gatos para GS-441524 oral numa dosagem equivalente.<\/p>\n<p>\u00c9 dif\u00edcil atribuir estas disparidades acentuadas em resposta \u00e0 forma de medica\u00e7\u00e3o porque o GS-441524, quer por via oral quer por via subcut\u00e2nea, entra na corrente sangu\u00ednea antes de atingir os tecidos. \u00c9 mais prov\u00e1vel que as marcas de GS-441524 inject\u00e1veis ou orais utilizadas antes desta mudan\u00e7a fossem inferiores. Em muitos casos, a mudan\u00e7a para uma marca oral ou injet\u00e1vel diferente resultou numa melhoria imediata da rea\u00e7\u00e3o.<\/p>\n<p>Uma vez que o v\u00edrus desenvolveu v\u00e1rios graus de resist\u00eancia \u00e0 medica\u00e7\u00e3o, pensava-se que apenas a forma injet\u00e1vel do GS-441524 poderia atingir os n\u00edveis extraordinariamente elevados no sangue e no l\u00edquido cefalorraquidiano necess\u00e1rios para tratar eficazmente a doen\u00e7a neurol\u00f3gica. No entanto, os gatos com PIF neurol\u00f3gica responderam bem ao <a href=\"https:\/\/fipmed.co\/\" target=\"_blank\" rel=\"noopener\">Fipmed<\/a>. Al\u00e9m disso, alguns gatos que n\u00e3o estavam a responder a uma dosagem excecionalmente elevada do injet\u00e1vel <a href=\"\/?page_id=6163\" target=\"_blank\" rel=\"noopener\">GS-441524<\/a> foram tamb\u00e9m inclu\u00eddos neste estudo. Um regime exclusivamente oral est\u00e1 a curar um n\u00famero crescente de animais com PIF neurol\u00f3gica. Isto \u00e9 o resultado de uma maior experi\u00eancia na utiliza\u00e7\u00e3o de <a href=\"https:\/\/fipmed.co\/fip-treatment\/\" target=\"_blank\" rel=\"noopener\">tratamento oral para a PIF<\/a> em casos dif\u00edceis ou, mais provavelmente, da melhoria da qualidade da formula\u00e7\u00e3o oral.<\/p>\n<h2><strong>Como administrar as injec\u00e7\u00f5es de GS?<\/strong><\/h2>\n<p>Subcut\u00e2neo, por vezes conhecido como &#8220;sub-cu&#8221;, \u00e9 um termo que designa a administra\u00e7\u00e3o de injec\u00e7\u00f5es diretamente sob a pele. Todos os dias, durante pelo menos 12 semanas, as injec\u00e7\u00f5es devem ser administradas praticamente \u00e0 mesma hora, de 24 em 24 horas. O m\u00fasculo do gato N\u00c3O deve ser perfurado com a agulha. Quando o GS \u00e9 injetado, arde, mas assim que a inje\u00e7\u00e3o termina, o desconforto p\u00e1ra. Os nossos utilizadores produziram uma s\u00e9rie de filmes \u00fateis que demonstram como se injectam, e h\u00e1 muitos mais no YouTube. \u00c9 prefer\u00edvel que o seu veterin\u00e1rio administre as primeiras uma ou duas injec\u00e7\u00f5es e lhe mostre como as administrar. Pode ser necess\u00e1ria uma visita di\u00e1ria ao veterin\u00e1rio para os gatos que s\u00e3o mais dif\u00edceis de conter para as injec\u00e7\u00f5es.<\/p>\n<h2>Conclus\u00e3o<\/h2>\n<p>Como tal, os donos de gatos devem come\u00e7ar sempre por utilizar o m\u00e9todo de inje\u00e7\u00e3o como tratamento da PIF para os seus gatos e passar a tomar comprimidos ap\u00f3s cerca de 30 dias, dependendo do estado do seu gato. Tomar a medica\u00e7\u00e3o atrav\u00e9s de injec\u00e7\u00f5es ou por via oral tem os seus pr\u00f3s e contras e cabe aos veterin\u00e1rios e aos donos dos gatos escolher a melhor solu\u00e7\u00e3o das duas para fornecer aos gatos afectados pela PIF.<\/p>\n","protected":false},"excerpt":{"rendered":"<p>Pode haver duas alternativas ao selecionar a medica\u00e7\u00e3o antiviral GS-441524 para o tratamento da PIF: injec\u00e7\u00f5es subcut\u00e2neas ou c\u00e1psulas ou comprimidos orais. Como escolher ent\u00e3o a mais adequada para o seu gato? Neste post, discutiremos as vantagens e desvantagens de cada m\u00e9todo de tratamento, bem como quando e como tomar a melhor decis\u00e3o para o [&hellip;]<\/p>\n","protected":false},"author":11,"featured_media":2265,"parent":0,"menu_order":0,"comment_status":"closed","ping_status":"closed","template":"","meta":{"_glsr_average":0,"_glsr_ranking":0,"_glsr_reviews":0,"footnotes":""},"categories":[639],"tags":[501,449],"_links":{"self":[{"href":"https:\/\/fipmed.co\/pt-br\/wp-json\/wp\/v2\/pages\/15357"}],"collection":[{"href":"https:\/\/fipmed.co\/pt-br\/wp-json\/wp\/v2\/pages"}],"about":[{"href":"https:\/\/fipmed.co\/pt-br\/wp-json\/wp\/v2\/types\/page"}],"author":[{"embeddable":true,"href":"https:\/\/fipmed.co\/pt-br\/wp-json\/wp\/v2\/users\/11"}],"replies":[{"embeddable":true,"href":"https:\/\/fipmed.co\/pt-br\/wp-json\/wp\/v2\/comments?post=15357"}],"version-history":[{"count":0,"href":"https:\/\/fipmed.co\/pt-br\/wp-json\/wp\/v2\/pages\/15357\/revisions"}],"wp:featuredmedia":[{"embeddable":true,"href":"https:\/\/fipmed.co\/pt-br\/wp-json\/wp\/v2\/media\/2265"}],"wp:attachment":[{"href":"https:\/\/fipmed.co\/pt-br\/wp-json\/wp\/v2\/media?parent=15357"}],"wp:term":[{"taxonomy":"category","embeddable":true,"href":"https:\/\/fipmed.co\/pt-br\/wp-json\/wp\/v2\/categories?post=15357"},{"taxonomy":"post_tag","embeddable":true,"href":"https:\/\/fipmed.co\/pt-br\/wp-json\/wp\/v2\/tags?post=15357"}],"curies":[{"name":"wp","href":"https:\/\/api.w.org\/{rel}","templated":true}]}}